{"id":28669,"date":"2017-09-11T13:58:41","date_gmt":"2017-09-11T17:58:41","guid":{"rendered":"https:\/\/signumexport.com\/porownanie-3-ogloszen\/"},"modified":"2025-10-02T14:40:03","modified_gmt":"2025-10-02T18:40:03","slug":"porownanie-3-ogloszen","status":"publish","type":"page","link":"https:\/\/signumexport.com\/pl\/porownanie-3-ogloszen\/","title":{"rendered":"Por\u00f3wnanie 3 og\u0142osze\u0144"},"content":{"rendered":"<div class=\"wpb-content-wrapper\"><p>[vc_row][vc_column]<div class='row total_3'><div class='col-lg-4'>\r\n    <div class=\"comparison-container margin-bottom-25\">\r\n        <div class=\"comparison-header\"><span>Tabele cenowe<\/span>\r\n          <strong><\/strong>\r\n\t\t\t\t<\/div>\r\n        <div class=\"comparison-img\">\r\n\t\t\t\t\t<img decoding=\"async\" src=\"\" alt=\"\" class=\"no_border\">\r\n\t\t\t\t<\/div>\r\n        <div class=\"car-detail clearfix\">\r\n            <div class=\"table-responsive\">\r\n              <table class=\"table comparison\">\r\n                  <tbody>\r\n\t\t\t\t\t\t\t\t\t\t<tr><td>Marka: <\/td><td>Brak<\/td><\/tr><tr><td>Model: <\/td><td>Brak<\/td><\/tr><tr><td>Typ nadwozia: <\/td><td>Brak<\/td><\/tr><tr><td>Rok: <\/td><td>Brak<\/td><\/tr><tr><td>Cena: <\/td><td>Brak<\/td><\/tr><tr><td>Przebieg: <\/td><td>Brak<\/td><\/tr><tr><td>Kolor zewn\u0119trzny: <\/td><td>Brak<\/td><\/tr><tr><td>Kolor wn\u0119trza: <\/td><td>Brak<\/td><\/tr><tr><td>Skrzynia bieg\u00f3w: <\/td><td>Brak<\/td><\/tr><tr><td>Zu\u017cycie paliwa: <\/td><td>Brak<\/td><\/tr><tr><td>Stan: <\/td><td>Brak<\/td><\/tr><tr><td>Lokalizacja: <\/td><td>Brak<\/td><\/tr><tr><td>Nap\u0119d: <\/td><td>Brak<\/td><\/tr><tr><td>Silnik: <\/td><td>Brak<\/td><\/tr><tr><td>MPG: <\/td><td>Brak<\/td><\/tr><tr><td>Numer magazynowy: <\/td><td>Brak<\/td><\/tr><tr><td>Numer VIN: <\/td><td>Brak<\/td><\/tr>\t                  <tr>\r\n\t                      <td>OPTIONS:<\/td>\r\n\t                      <td><\/td>\r\n\t                  <\/tr>\r\n                  <\/tbody>\r\n              <\/table>\r\n            <\/div>\r\n            <div class=\"option-tick-list clearfix\">\r\n                <div class=\"container\">\r\n                    <div class=\"row\">\r\n\t\t\t\t\t\t\t\t\t\t\t<ul class='empty'><li>No options yet<\/li><\/ul>                    <\/div>\r\n                <\/div>\r\n            <\/div>\r\n            <div class=\"comparison-footer margin-top-25 padding-top-20 padding-bottom-15\">\r\n                <a href=\"https:\/\/signumexport.com\/pl\/tabele-cenowe\/\" class=\"button-link\">View Listing<\/a>\r\n            <\/div>\r\n        <\/div>\r\n    <\/div>\r\n<\/div><div class='col-lg-4'>\r\n    <div class=\"comparison-container margin-bottom-25\">\r\n        <div class=\"comparison-header\"><span>Strona z paskiem bocznym<\/span>\r\n          <strong><\/strong>\r\n\t\t\t\t<\/div>\r\n        <div class=\"comparison-img\">\r\n\t\t\t\t\t<img decoding=\"async\" src=\"\" alt=\"\" class=\"no_border\">\r\n\t\t\t\t<\/div>\r\n        <div class=\"car-detail clearfix\">\r\n            <div class=\"table-responsive\">\r\n              <table class=\"table comparison\">\r\n                  <tbody>\r\n\t\t\t\t\t\t\t\t\t\t<tr><td>Marka: <\/td><td>Brak<\/td><\/tr><tr><td>Model: <\/td><td>Brak<\/td><\/tr><tr><td>Typ nadwozia: <\/td><td>Brak<\/td><\/tr><tr><td>Rok: <\/td><td>Brak<\/td><\/tr><tr><td>Cena: <\/td><td>Brak<\/td><\/tr><tr><td>Przebieg: <\/td><td>Brak<\/td><\/tr><tr><td>Kolor zewn\u0119trzny: <\/td><td>Brak<\/td><\/tr><tr><td>Kolor wn\u0119trza: <\/td><td>Brak<\/td><\/tr><tr><td>Skrzynia bieg\u00f3w: <\/td><td>Brak<\/td><\/tr><tr><td>Zu\u017cycie paliwa: <\/td><td>Brak<\/td><\/tr><tr><td>Stan: <\/td><td>Brak<\/td><\/tr><tr><td>Lokalizacja: <\/td><td>Brak<\/td><\/tr><tr><td>Nap\u0119d: <\/td><td>Brak<\/td><\/tr><tr><td>Silnik: <\/td><td>Brak<\/td><\/tr><tr><td>MPG: <\/td><td>Brak<\/td><\/tr><tr><td>Numer magazynowy: <\/td><td>Brak<\/td><\/tr><tr><td>Numer VIN: <\/td><td>Brak<\/td><\/tr>\t                  <tr>\r\n\t                      <td>OPTIONS:<\/td>\r\n\t                      <td><\/td>\r\n\t                  <\/tr>\r\n                  <\/tbody>\r\n              <\/table>\r\n            <\/div>\r\n            <div class=\"option-tick-list clearfix\">\r\n                <div class=\"container\">\r\n                    <div class=\"row\">\r\n\t\t\t\t\t\t\t\t\t\t\t<ul class='empty'><li>No options yet<\/li><\/ul>                    <\/div>\r\n                <\/div>\r\n            <\/div>\r\n            <div class=\"comparison-footer margin-top-25 padding-top-20 padding-bottom-15\">\r\n                <a href=\"https:\/\/signumexport.com\/pl\/strona-z-paskiem-bocznym\/\" class=\"button-link\">View Listing<\/a>\r\n            <\/div>\r\n        <\/div>\r\n    <\/div>\r\n<\/div><div class='col-lg-4'>\r\n    <div class=\"comparison-container margin-bottom-25\">\r\n        <div class=\"comparison-header\"><span>Strona o pe\u0142nej szeroko\u015bci<\/span>\r\n          <strong><\/strong>\r\n\t\t\t\t<\/div>\r\n        <div class=\"comparison-img\">\r\n\t\t\t\t\t<img decoding=\"async\" src=\"\" alt=\"\" class=\"no_border\">\r\n\t\t\t\t<\/div>\r\n        <div class=\"car-detail clearfix\">\r\n            <div class=\"table-responsive\">\r\n              <table class=\"table comparison\">\r\n                  <tbody>\r\n\t\t\t\t\t\t\t\t\t\t<tr><td>Marka: <\/td><td>Brak<\/td><\/tr><tr><td>Model: <\/td><td>Brak<\/td><\/tr><tr><td>Typ nadwozia: <\/td><td>Brak<\/td><\/tr><tr><td>Rok: <\/td><td>Brak<\/td><\/tr><tr><td>Cena: <\/td><td>Brak<\/td><\/tr><tr><td>Przebieg: <\/td><td>Brak<\/td><\/tr><tr><td>Kolor zewn\u0119trzny: <\/td><td>Brak<\/td><\/tr><tr><td>Kolor wn\u0119trza: <\/td><td>Brak<\/td><\/tr><tr><td>Skrzynia bieg\u00f3w: <\/td><td>Brak<\/td><\/tr><tr><td>Zu\u017cycie paliwa: <\/td><td>Brak<\/td><\/tr><tr><td>Stan: <\/td><td>Brak<\/td><\/tr><tr><td>Lokalizacja: <\/td><td>Brak<\/td><\/tr><tr><td>Nap\u0119d: <\/td><td>Brak<\/td><\/tr><tr><td>Silnik: <\/td><td>Brak<\/td><\/tr><tr><td>MPG: <\/td><td>Brak<\/td><\/tr><tr><td>Numer magazynowy: <\/td><td>Brak<\/td><\/tr><tr><td>Numer VIN: <\/td><td>Brak<\/td><\/tr>\t                  <tr>\r\n\t                      <td>OPTIONS:<\/td>\r\n\t                      <td><\/td>\r\n\t                  <\/tr>\r\n                  <\/tbody>\r\n              <\/table>\r\n            <\/div>\r\n            <div class=\"option-tick-list clearfix\">\r\n                <div class=\"container\">\r\n                    <div class=\"row\">\r\n\t\t\t\t\t\t\t\t\t\t\t<ul class='empty'><li>No options yet<\/li><\/ul>                    <\/div>\r\n                <\/div>\r\n            <\/div>\r\n            <div class=\"comparison-footer margin-top-25 padding-top-20 padding-bottom-15\">\r\n                <a href=\"https:\/\/signumexport.com\/pl\/strona-o-pelnej-szerokosci\/\" class=\"button-link\">View Listing<\/a>\r\n            <\/div>\r\n        <\/div>\r\n    <\/div>\r\n<\/div><\/div>[\/vc_column][\/vc_row]<\/p>\n<\/div>","protected":false},"excerpt":{"rendered":"<p>[vc_row][vc_column][\/vc_column][\/vc_row]<\/p>\n","protected":false},"author":1,"featured_media":0,"parent":0,"menu_order":0,"comment_status":"closed","ping_status":"closed","template":"","meta":{"footnotes":""},"class_list":["post-28669","page","type-page","status-publish","hentry"],"_links":{"self":[{"href":"https:\/\/signumexport.com\/pl\/wp-json\/wp\/v2\/pages\/28669","targetHints":{"allow":["GET"]}}],"collection":[{"href":"https:\/\/signumexport.com\/pl\/wp-json\/wp\/v2\/pages"}],"about":[{"href":"https:\/\/signumexport.com\/pl\/wp-json\/wp\/v2\/types\/page"}],"author":[{"embeddable":true,"href":"https:\/\/signumexport.com\/pl\/wp-json\/wp\/v2\/users\/1"}],"replies":[{"embeddable":true,"href":"https:\/\/signumexport.com\/pl\/wp-json\/wp\/v2\/comments?post=28669"}],"version-history":[{"count":1,"href":"https:\/\/signumexport.com\/pl\/wp-json\/wp\/v2\/pages\/28669\/revisions"}],"predecessor-version":[{"id":28671,"href":"https:\/\/signumexport.com\/pl\/wp-json\/wp\/v2\/pages\/28669\/revisions\/28671"}],"wp:attachment":[{"href":"https:\/\/signumexport.com\/pl\/wp-json\/wp\/v2\/media?parent=28669"}],"curies":[{"name":"wp","href":"https:\/\/api.w.org\/{rel}","templated":true}]}}