{"id":28423,"date":"2025-08-14T18:37:50","date_gmt":"2025-08-14T22:37:50","guid":{"rendered":"https:\/\/signumexport.com\/e-konsygnacja\/"},"modified":"2025-10-02T14:39:47","modified_gmt":"2025-10-02T18:39:47","slug":"e-konsygnacja","status":"publish","type":"page","link":"https:\/\/signumexport.com\/pl\/e-konsygnacja\/","title":{"rendered":"E-konsygnacja"},"content":{"rendered":"<div class=\"wpb-content-wrapper\"><p>[vc_row][vc_column][vc_column_text css=&#8221;&#8221;]<\/p>\n<div class=\"wp-block-group\">\n\r\n<div class=\"wp-block-spacer wp-container-content-6388d5dc\" style=\"height: 100px; width: 0px;\" aria-hidden=\"true\">\u00a0<\/div>\r\n<main class=\"wp-block-group\"><div class=\"wp-block-group__inner-container is-layout-constrained wp-block-group-is-layout-constrained\"><\/div><\/main>\r\n<div class=\"wp-block-columns is-layout-flex wp-container-core-columns-is-layout-dd1945ad wp-block-columns-is-layout-flex\" style=\"padding-top: 28px; padding-bottom: 12px;\"><!-- Left: Headline + sub + CTAs -->\r\n\r\n\r\n<div class=\"wp-block-column is-layout-flow wp-block-column-is-layout-flow\">&#13;\n<h1 class=\"wp-block-heading\" style=\"margin-bottom: 8px;\">Tw\u00f3j Dzia\u0142 Eksportu \u2014<br\/>Bez Dodatkowych Koszt\u00f3w<\/h1>&#13;\n\r\n\r\n&#13;\n<p style=\"margin-bottom: 18px;\">Wystaw swoje pojazdy raz, sprzedawaj je na ca\u0142ym \u015bwiecie. Signum Group LLC zajmie si\u0119 reszt\u0105. <\/p>&#13;\n\r\n\r\n\r\n<div class=\"wp-block-buttons is-content-justification-left is-layout-flex wp-container-core-buttons-is-layout-05fd0fc5 wp-block-buttons-is-layout-flex\">&#13;\n<div class=\"wp-block-button\" style=\"border-radius: 6px;\"><a class=\"wp-block-button__link has-vivid-red-background-color has-background wp-element-button\" style=\"font-weight: bold; padding: 12px 20px 12px 20px;\" href=\"\/contact\">Do\u0142\u0105cz do e-konsygnacji<\/a><\/div>&#13;\n\r\n\r\n&#13;\n<div class=\"wp-block-button is-style-outline is-style-outline--1\" style=\"border-radius: 6px;\"><a class=\"wp-block-button__link wp-element-button\" style=\"padding: 12px 20px 12px 20px;\" href=\"https:\/\/signumexport.com\/pl\/inwentarz\/\">Przegl\u0105daj oferty<\/a><\/div>&#13;\n<\/div>\r\n<\/div>\r\n<br \/><!-- Right: Concept card -->\r\n\r\n\r\n<div class=\"wp-block-column is-layout-flow wp-block-column-is-layout-flow\" style=\"border-color: #e5e7eb; border-width: 1px; border-radius: 12px; padding: 20px 22px 20px 22px;\">&#13;\n<h3 class=\"wp-block-heading\" style=\"margin-bottom: 10px;\">E-konsygnacja \u2014 pe\u0142na koncepcja<\/h3>&#13;\n\r\n<p><strong>E stands for &#8222;Electronic&#8221; &amp; &#8222;Export&#8221;.<\/strong> Consignment refers to vehicles from our selected licensed US Dealers and Partners who have appointed Signum Group LLC as their dedicated export facilitator.&#13;\n\r\n<p>We represent, market, and sell their inventory to international buyers, managing the entire export process end-to-end \u2014 from marketing to delivery.\r\n<\/div>\r\n<\/div>\r\n\r\n\r\n\r\n<div class=\"wp-block-spacer\" style=\"height: 18px;\" aria-hidden=\"true\">\u00a0<\/div>\r\n\r\n\r\n&#13;\n<h2 class=\"wp-block-heading has-text-align-center\" style=\"margin-bottom: 14px;\">Grupa docelowa<\/h2>&#13;\n\r\n\r\n\r\n<div class=\"wp-block-columns is-layout-flex wp-container-core-columns-is-layout-e7634e34 wp-block-columns-is-layout-flex\"><!-- Card 1 -->\r\n\r\n\r\n<div class=\"wp-block-column is-layout-flow wp-block-column-is-layout-flow\" style=\"border-color: #e5e7eb; border-width: 1px; border-radius: 12px; padding: 18px 22px 18px 22px;\">&#13;\n<h4 class=\"wp-block-heading\">Partnerzy dealerscy w USA<\/h4>&#13;\n\r\n<p>Licensed, established dealers seeking global reach without creating an in-house export department.\r\n<\/div>\r\n<br \/><!-- Card 2 -->\r\n\r\n\r\n<div class=\"wp-block-column is-layout-flow wp-block-column-is-layout-flow\" style=\"border-color: #e5e7eb; border-width: 1px; border-radius: 12px; padding: 18px 22px 18px 22px;\">&#13;\n<h4 class=\"wp-block-heading\">Klienci prywatni na ca\u0142ym \u015bwiecie<\/h4>&#13;\n\r\n<p>Individuals seeking to purchase high-value U.S. vehicles with trust, transparency, and complete export handling.\r\n<\/div>\r\n<br \/><!-- Card 3 -->\r\n\r\n\r\n<div class=\"wp-block-column is-layout-flow wp-block-column-is-layout-flow\" style=\"border-color: #e5e7eb; border-width: 1px; border-radius: 12px; padding: 18px 22px 18px 22px;\">&#13;\n<h4 class=\"wp-block-heading\">Kupcy profesjonalni<\/h4>&#13;\n\r\n<p>Established automotive businesses looking for reliable, compliant, export-ready sourcing.\r\n<\/div>\r\n<\/div>\r\n\r\n\r\n\r\n<div class=\"wp-block-spacer\" style=\"height: 28px;\" aria-hidden=\"true\">\u00a0<\/div>\r\n\r\n\r\n&#13;\n<h2 class=\"wp-block-heading has-text-align-center\" style=\"margin-bottom: 14px;\">Propozycja warto\u015bci<\/h2>&#13;\n\r\n\r\n\r\n<div class=\"wp-block-columns is-layout-flex wp-container-core-columns-is-layout-8f6a528b wp-block-columns-is-layout-flex\"><!-- Dealers -->\r\n\r\n\r\n<div class=\"wp-block-column is-layout-flow wp-block-column-is-layout-flow\">&#13;\n<h3 class=\"wp-block-heading\">Dla dealer\u00f3w z USA<\/h3>&#13;\n\r\n\r\n&#13;\n<ul class=\"wp-block-list\">&#13;\n<li><strong>Globalna ekspozycja<\/strong> \u2014 dotarcie do zweryfikowanych nabywc\u00f3w na ca\u0142ym \u015bwiecie poprzez sie\u0107 marketingow\u0105 i obecno\u015b\u0107 rynkow\u0105 Signum.<\/li>&#13;\n<li><strong>Zero problem\u00f3w z eksportem<\/strong> \u2014 zarz\u0105dzamy zgodno\u015bci\u0105, logistyk\u0105 i dokumentacj\u0105.<\/li>&#13;\n<li><strong>Szybsza rotacja zapas\u00f3w<\/strong> \u2014 sprzedawaj pojazdy szybciej, w tym te, kt\u00f3re wolno schodz\u0105 lokalnie.<\/li>&#13;\n<li><strong>Ochrona marki<\/strong> \u2014 profesjonalna reprezentacja na arenie mi\u0119dzynarodowej.<\/li>&#13;\n<li><strong>Zwi\u0119kszenie przychod\u00f3w<\/strong> \u2014 dost\u0119p do nowych, premium-p\u0142ac\u0105cych segment\u00f3w mi\u0119dzynarodowych.<\/li>&#13;\n<\/ul>&#13;\n<\/div>\r\n<br \/><!-- Buyers -->\r\n\r\n\r\n<div class=\"wp-block-column is-layout-flow wp-block-column-is-layout-flow\">&#13;\n<h3 class=\"wp-block-heading\">Dla kupuj\u0105cych mi\u0119dzynarodowych<\/h3>&#13;\n\r\n\r\n&#13;\n<ul class=\"wp-block-list\">&#13;\n<li><strong>Sprawdzone zapasy<\/strong> \u2014 pochodz\u0105ce od licencjonowanych, renomowanych dealer\u00f3w z USA.<\/li>&#13;\n<li><strong>Pe\u0142na przejrzysto\u015b\u0107<\/strong> \u2014 inspekcje, raporty historii i kompletna dokumentacja przed zakupem.<\/li>&#13;\n<li><strong>Bezpieczne transakcje<\/strong> \u2014 ochrona escrow i jasne warunki umowy.<\/li>&#13;\n<li><strong>Kompleksowe rozwi\u0105zanie eksportowe<\/strong> \u2014 wsparcie w zakresie c\u0142a, wysy\u0142ki, ubezpieczenia i homologacji, je\u015bli wymagane.<\/li>&#13;\n<li><strong>Wsparcie wieloj\u0119zyczne<\/strong> \u2014 angielski, francuski, perski, rosyjski i ukrai\u0144ski.<\/li>&#13;\n<\/ul>&#13;\n<\/div>\r\n<\/div>\r\n\r\n\r\n\r\n<div class=\"wp-block-spacer\" style=\"height: 34px;\" aria-hidden=\"true\">\u00a0<\/div>\r\n\r\n\r\n&#13;\n<h2 class=\"wp-block-heading has-text-align-center\" style=\"margin-bottom: 18px;\">Przebieg procesu \u2014 6 krok\u00f3w<\/h2>&#13;\n\r\n\r\n\r\n<div class=\"wp-block-group\"><div class=\"wp-block-group__inner-container is-layout-constrained wp-block-group-is-layout-constrained\"><!-- Step 1 -->\r\n\r\n\r\n<div class=\"wp-block-group\" style=\"border-color: #e5e7eb; border-width: 1px; border-radius: 10px; padding: 16px 20px 16px 20px;\"><div class=\"wp-block-group__inner-container is-layout-constrained wp-container-core-group-is-layout-5fc5b802 wp-block-group-is-layout-constrained\">&#13;\n<h4 class=\"wp-block-heading\">Do\u0142\u0105czenie dealera<\/h4>&#13;\n\r\n<p>Sign E-Consignment agreement, verify compliance.\r\n<\/div><\/div>\r\n<br \/><!-- Step 2 -->\r\n\r\n\r\n<div class=\"wp-block-group\" style=\"border-color: #e5e7eb; border-width: 1px; border-radius: 10px; padding: 16px 20px 16px 20px;\"><div class=\"wp-block-group__inner-container is-layout-constrained wp-container-core-group-is-layout-5fc5b802 wp-block-group-is-layout-constrained\">&#13;\n<h4 class=\"wp-block-heading\">Przyj\u0119cie i wystawienie pojazdu<\/h4>&#13;\n\r\n<p>Integrate dealer inventory (AutoTrader feed, CSV, XML, or manual upload).\r\n<\/div><\/div>\r\n<br \/><!-- Step 3 -->\r\n\r\n\r\n<div class=\"wp-block-group\" style=\"border-color: #e5e7eb; border-width: 1px; border-radius: 10px; padding: 16px 20px 16px 20px;\"><div class=\"wp-block-group__inner-container is-layout-constrained wp-container-core-group-is-layout-5fc5b802 wp-block-group-is-layout-constrained\">&#13;\n<h4 class=\"wp-block-heading\">Marketing mi\u0119dzynarodowy<\/h4>&#13;\n\r\n<p>Promote vehicles via Signum Group platforms and global channels.\r\n<\/div><\/div>\r\n<br \/><!-- Step 4 -->\r\n\r\n\r\n<div class=\"wp-block-group\" style=\"border-color: #e5e7eb; border-width: 1px; border-radius: 10px; padding: 16px 20px 16px 20px;\"><div class=\"wp-block-group__inner-container is-layout-constrained wp-container-core-group-is-layout-5fc5b802 wp-block-group-is-layout-constrained\">&#13;\n<h4 class=\"wp-block-heading\">Kwalifikacja kupuj\u0105cego<\/h4>&#13;\n\r\n<p>Vet inquiries, confirm authenticity and financial capacity.\r\n<\/div><\/div>\r\n<br \/><!-- Step 5 -->\r\n\r\n\r\n<div class=\"wp-block-group\" style=\"border-color: #e5e7eb; border-width: 1px; border-radius: 10px; padding: 16px 20px 16px 20px;\"><div class=\"wp-block-group__inner-container is-layout-constrained wp-container-core-group-is-layout-5fc5b802 wp-block-group-is-layout-constrained\">&#13;\n<h4 class=\"wp-block-heading\">Zgodno\u015b\u0107 i logistyka<\/h4>&#13;\n\r\n<p>Prepare export docs, secure shipping, arrange insurance and homologation if required.\r\n<\/div><\/div>\r\n<br \/><!-- Step 6 -->\r\n\r\n\r\n<div class=\"wp-block-group\" style=\"border-color: #e5e7eb; border-width: 1px; border-radius: 10px; padding: 16px 20px 16px 20px;\"><div class=\"wp-block-group__inner-container is-layout-constrained wp-container-core-group-is-layout-5fc5b802 wp-block-group-is-layout-constrained\">&#13;\n<h4 class=\"wp-block-heading\">Dostawa i rozliczenie<\/h4>&#13;\n\r\n<p>Release escrow funds; coordinate delivery to buyer\u2019s location.\r\n<\/div><\/div>\r\n<\/div><\/div>\r\n\r\n\r\n\r\n<div class=\"wp-block-spacer\" style=\"height: 100px;\" aria-hidden=\"true\">\u00a0<\/div>\r\n\r\n\r\n\r\n<div class=\"wp-block-group has-background\" style=\"background-color: #f7f9fb; padding: 30px 20px 30px 20px;\"><div class=\"wp-block-group__inner-container is-layout-constrained wp-container-core-group-is-layout-fe85669d wp-block-group-is-layout-constrained\"><!-- Title -->\r\n\r\n&#13;\n<h2 class=\"wp-block-heading has-text-align-center\" style=\"margin-bottom: 14px;\">Od dealera w USA do globalnego kupuj\u0105cego \u2014 p\u0142ynnie<\/h2>&#13;\n<br \/><!-- Icons Row -->\r\n\r\n\r\n<div class=\"wp-block-columns is-layout-flex wp-container-core-columns-is-layout-0a89a818 wp-block-columns-is-layout-flex\"><!-- 1 -->\r\n\r\n\r\n<div class=\"wp-block-column is-vertically-aligned-top is-layout-flow wp-block-column-is-layout-flow\" style=\"text-align: center;\"><br\/><span style=\"display: inline-flex; align-items: center; justify-content: center; width: 72px; height: 72px; border-radius: 50%; background: #fff; box-shadow: 0 4px 16px rgba(0,0,0,.06);\"><br\/><i class=\"fas fa-handshake\" style=\"font-size: 28px; color: #567c9b;\"><\/i><br\/><\/span><br\/>\r\n\r\n&#13;\n<p class=\"has-small-font-size\" style=\"margin-top: 8px;\"><strong>Powitanie dealera<\/strong><\/p>&#13;\n<\/div>\r\n<br \/><!-- 2 -->\r\n\r\n\r\n<div class=\"wp-block-column is-vertically-aligned-top is-layout-flow wp-block-column-is-layout-flow\" style=\"text-align: center;\"><br\/><span style=\"display: inline-flex; align-items: center; justify-content: center; width: 72px; height: 72px; border-radius: 50%; background: #fff; box-shadow: 0 4px 16px rgba(0,0,0,.06);\"><br\/><i class=\"fas fa-cloud-upload-alt\" style=\"font-size: 28px; color: #567c9b;\"><\/i><br\/><\/span><br\/>\r\n\r\n&#13;\n<p class=\"has-small-font-size\" style=\"margin-top: 8px;\"><strong>Za\u0142adowanie ofert<\/strong><\/p>&#13;\n<\/div>\r\n<br \/><!-- 3 -->\r\n\r\n\r\n<div class=\"wp-block-column is-vertically-aligned-top is-layout-flow wp-block-column-is-layout-flow\" style=\"text-align: center;\"><br\/><span style=\"display: inline-flex; align-items: center; justify-content: center; width: 72px; height: 72px; border-radius: 50%; background: #fff; box-shadow: 0 4px 16px rgba(0,0,0,.06);\"><br\/><i class=\"fas fa-globe\" style=\"font-size: 28px; color: #567c9b;\"><\/i><br\/><\/span><br\/>\r\n\r\n&#13;\n<p class=\"has-small-font-size\" style=\"margin-top: 8px;\"><strong>Marketing globalny<\/strong><\/p>&#13;\n<\/div>\r\n<br \/><!-- 4 -->\r\n\r\n\r\n<div class=\"wp-block-column is-vertically-aligned-top is-layout-flow wp-block-column-is-layout-flow\" style=\"text-align: center;\"><br\/><span style=\"display: inline-flex; align-items: center; justify-content: center; width: 72px; height: 72px; border-radius: 50%; background: #fff; box-shadow: 0 4px 16px rgba(0,0,0,.06);\"><br\/><i class=\"fas fa-check-circle\" style=\"font-size: 28px; color: #567c9b;\"><\/i><br\/><\/span><br\/>\r\n\r\n&#13;\n<p class=\"has-small-font-size\" style=\"margin-top: 8px;\"><strong>Zgodno\u015b\u0107<\/strong><\/p>&#13;\n<\/div>\r\n<br \/><!-- 5 -->\r\n\r\n\r\n<div class=\"wp-block-column is-vertically-aligned-top is-layout-flow wp-block-column-is-layout-flow\" style=\"text-align: center;\"><br\/><span style=\"display: inline-flex; align-items: center; justify-content: center; width: 72px; height: 72px; border-radius: 50%; background: #fff; box-shadow: 0 4px 16px rgba(0,0,0,.06);\"><br\/><i class=\"fas fa-ship\" style=\"font-size: 28px; color: #567c9b;\"><\/i><br\/><\/span><br\/>\r\n\r\n&#13;\n<p class=\"has-small-font-size\" style=\"margin-top: 8px;\"><strong>Bezpieczna wysy\u0142ka<\/strong><\/p>&#13;\n<\/div>\r\n<br \/><!-- 6 -->\r\n\r\n\r\n<div class=\"wp-block-column is-vertically-aligned-top is-layout-flow wp-block-column-is-layout-flow\" style=\"text-align: center;\"><br\/><span style=\"display: inline-flex; align-items: center; justify-content: center; width: 72px; height: 72px; border-radius: 50%; background: #fff; box-shadow: 0 4px 16px rgba(0,0,0,.06);\"><br\/><i class=\"fas fa-box\" style=\"font-size: 28px; color: #567c9b;\"><\/i><br\/><\/span><br\/>\r\n\r\n&#13;\n<p class=\"has-small-font-size\" style=\"margin-top: 8px;\"><strong>Dostawa<\/strong><\/p>&#13;\n<\/div>\r\n<\/div>\r\n<\/div><\/div>\r\n\r\n\r\n\r\n<div class=\"wp-block-spacer\" style=\"height: 50px;\" aria-hidden=\"true\">\u00a0<\/div>\r\n\r\n\r\n\r\n<div class=\"wp-block-columns\">\r\n<div class=\"wp-block-column\" style=\"border-color: #e5e7eb; border-width: 1px; border-radius: 12px; padding: 10px;\">\r\n<figure class=\"wp-block-image size-large\"><\/figure>\r\n<\/div>\r\n<\/div>\n<p><!-- \/wp:post-content --><\/p>\n<p><!-- wp:spacer {\"height\":\"36px\"} --><\/p>\n<div class=\"wp-block-spacer\" style=\"height: 36px;\" aria-hidden=\"true\"> <\/div>\n<p><!-- \/wp:spacer --><\/p>\n<p><!-- wp:heading {\"textAlign\":\"center\",\"style\":{\"spacing\":{\"margin\":{\"bottom\":\"14px\"}}}} --><\/p>\n<h2 class=\"wp-block-heading has-text-align-center\" style=\"margin-bottom: 14px;\">Przewagi konkurencyjne<\/h2>\n<p><!-- \/wp:heading --><\/p>\n<p><!-- wp:columns {\"style\":{\"spacing\":{\"blockGap\":{\"top\":\"22px\",\"left\":\"22px\"}}}} --><\/p>\n<div class=\"wp-block-columns\"><!-- wp:column {\"style\":{\"border\":{\"radius\":\"12px\",\"color\":\"#e5e7eb\",\"width\":\"1px\"},\"spacing\":{\"padding\":{\"top\":\"18px\",\"right\":\"20px\",\"bottom\":\"18px\",\"left\":\"20px\"}}}} --><\/p>\n<div class=\"wp-block-column\" style=\"border-color: #e5e7eb; border-width: 1px; border-radius: 12px; padding: 18px 20px 18px 20px;\"><!-- wp:heading {\"level\":4} --><\/p>\n<h4 class=\"wp-block-heading\">Wy\u0142\u0105czne skupienie na eksporcie<\/h4>\n<p><!-- \/wp:heading --><\/p>\n<p><!-- wp:paragraph -->W przeciwie\u0144stwie do og\u00f3lnych marketplace&#8217;\u00f3w, specjalizujemy si\u0119 w mi\u0119dzynarodowej sprzeda\u017cy samochod\u00f3w.<\/p>\n<p><!-- \/wp:paragraph --><\/div>\n<p><!-- \/wp:column --><\/p>\n<p><!-- wp:column {\"style\":{\"border\":{\"radius\":\"12px\",\"color\":\"#e5e7eb\",\"width\":\"1px\"},\"spacing\":{\"padding\":{\"top\":\"18px\",\"right\":\"20px\",\"bottom\":\"18px\",\"left\":\"20px\"}}}} --><\/p>\n<div class=\"wp-block-column\" style=\"border-color: #e5e7eb; border-width: 1px; border-radius: 12px; padding: 18px 20px 18px 20px;\"><!-- wp:heading {\"level\":4} --><\/p>\n<h4 class=\"wp-block-heading\">Podw\u00f3jne do\u015bwiadczenie<\/h4>\n<p><!-- \/wp:heading --><\/p>\n<p><!-- wp:paragraph -->34 lata do\u015bwiadczenia zar\u00f3wno w imporcie, jak i eksporcie, zapewniaj\u0105ce niezr\u00f3wnany wgl\u0105d operacyjny.<\/p>\n<p><!-- \/wp:paragraph --><\/div>\n<p><!-- \/wp:column --><\/p>\n<p><!-- wp:column {\"style\":{\"border\":{\"radius\":\"12px\",\"color\":\"#e5e7eb\",\"width\":\"1px\"},\"spacing\":{\"padding\":{\"top\":\"18px\",\"right\":\"20px\",\"bottom\":\"18px\",\"left\":\"20px\"}}}} --><\/p>\n<div class=\"wp-block-column\" style=\"border-color: #e5e7eb; border-width: 1px; border-radius: 12px; padding: 18px 20px 18px 20px;\"><!-- wp:heading {\"level\":4} --><\/p>\n<h4 class=\"wp-block-heading\">Negocjacje wieloj\u0119zyczne<\/h4>\n<p><!-- \/wp:heading --><\/p>\n<p><!-- wp:paragraph -->Efektywna komunikacja ponad barierami kulturowymi i j\u0119zykowymi.<\/p>\n<p><!-- \/wp:paragraph --><\/div>\n<p><!-- \/wp:column --><\/div>\n<p><!-- \/wp:columns --><\/p>\n<p><!-- wp:columns {\"style\":{\"spacing\":{\"blockGap\":{\"top\":\"22px\",\"left\":\"22px\"}}}} --><\/p>\n<div class=\"wp-block-columns\"><!-- wp:column {\"style\":{\"border\":{\"radius\":\"12px\",\"color\":\"#e5e7eb\",\"width\":\"1px\"},\"spacing\":{\"padding\":{\"top\":\"18px\",\"right\":\"20px\",\"bottom\":\"18px\",\"left\":\"20px\"}}}} --><\/p>\n<div class=\"wp-block-column\" style=\"border-color: #e5e7eb; border-width: 1px; border-radius: 12px; padding: 18px 20px 18px 20px;\"><!-- wp:heading {\"level\":4} --><\/p>\n<h4 class=\"wp-block-heading\">Bieg\u0142o\u015b\u0107 w zgodno\u015bci<\/h4>\n<p><!-- \/wp:heading --><\/p>\n<p><!-- wp:paragraph -->Unikanie op\u00f3\u017anie\u0144, kar i zaj\u0119\u0107 przesy\u0142ek.<\/p>\n<p><!-- \/wp:paragraph --><\/div>\n<p><!-- \/wp:column --><\/p>\n<p><!-- wp:column {\"style\":{\"border\":{\"radius\":\"12px\",\"color\":\"#e5e7eb\",\"width\":\"1px\"},\"spacing\":{\"padding\":{\"top\":\"18px\",\"right\":\"20px\",\"bottom\":\"18px\",\"left\":\"20px\"}}}} --><\/p>\n<div class=\"wp-block-column\" style=\"border-color: #e5e7eb; border-width: 1px; border-radius: 12px; padding: 18px 20px 18px 20px;\"><!-- wp:heading {\"level\":4} --><\/p>\n<h4 class=\"wp-block-heading\">Kompleksowa obs\u0142uga<\/h4>\n<p><!-- \/wp:heading --><\/p>\n<p><!-- wp:paragraph -->Pozyskiwanie, negocjacje, zgodno\u015b\u0107, wysy\u0142ka, wsparcie posprzeda\u017cowe \u2014 wszystko pod jednym dachem.<\/p>\n<p><!-- \/wp:paragraph --><\/div>\n<p><!-- \/wp:column --><\/p>\n<p><!-- wp:column {\"style\":{\"border\":{\"radius\":\"12px\",\"color\":\"#e5e7eb\",\"width\":\"1px\"},\"spacing\":{\"padding\":{\"top\":\"18px\",\"right\":\"20px\",\"bottom\":\"18px\",\"left\":\"20px\"}}}} --><\/p>\n<div class=\"wp-block-column\" style=\"border-color: #e5e7eb; border-width: 1px; border-radius: 12px; padding: 18px 20px 18px 20px;\"><!-- wp:heading {\"level\":4} --><\/p>\n<h4 class=\"wp-block-heading\">Zaufanie i bezpiecze\u0144stwo<\/h4>\n<p><!-- \/wp:heading --><\/p>\n<p><!-- wp:paragraph -->Zweryfikowani partnerzy, bezpieczne transakcje i profesjonalna reprezentacja.<\/p>\n<p><!-- \/wp:paragraph --><\/div>\n<p><!-- \/wp:column --><\/div>\n<p><!-- \/wp:columns --><\/p>\n<p><!-- wp:spacer {\"height\":\"36px\"} --><\/p>\n<div class=\"wp-block-spacer\" style=\"height: 36px;\" aria-hidden=\"true\"> <\/div>\n<p><!-- \/wp:spacer --><\/p>\n<p><!-- wp:columns {\"style\":{\"spacing\":{\"blockGap\":{\"top\":\"24px\",\"left\":\"24px\"}}}} --><\/p>\n<div class=\"wp-block-columns\"><!-- CTA left --><\/p>\n<p><!-- wp:column {\"style\":{\"border\":{\"radius\":\"12px\",\"color\":\"#e5e7eb\",\"width\":\"1px\"},\"spacing\":{\"padding\":{\"top\":\"22px\",\"right\":\"24px\",\"bottom\":\"22px\",\"left\":\"24px\"}}}} --><\/p>\n<div class=\"wp-block-column\" style=\"border-color: #e5e7eb; border-width: 1px; border-radius: 12px; padding: 22px 24px 22px 24px;\"><!-- wp:heading {\"level\":3} --><\/p>\n<h3 class=\"wp-block-heading\">Gotowy na rozszerzenie zasi\u0119gu?<\/h3>\n<p><!-- \/wp:heading --><\/p>\n<p><!-- wp:paragraph -->Do\u0142\u0105cz do naszej sieci zaufanych partner\u00f3w dealerskich z USA i zacznij sprzedawa\u0107 globalnie przy minimalnym wysi\u0142ku.<\/p>\n<p><!-- \/wp:paragraph --><\/p>\n<p><!-- wp:buttons {\"layout\":{\"type\":\"flex\",\"justifyContent\":\"left\"}} --><\/p>\n<div class=\"wp-block-buttons\"><!-- wp:button {\"backgroundColor\":\"vivid-red\",\"style\":{\"border\":{\"radius\":\"6px\"},\"spacing\":{\"padding\":{\"top\":\"12px\",\"right\":\"20px\",\"bottom\":\"12px\",\"left\":\"20px\"}}}} --><\/p>\n<div class=\"wp-block-button\" style=\"border-radius: 6px;\"><a class=\"wp-block-button__link has-vivid-red-background-color has-background wp-element-button\" style=\"padding: 12px 20px 12px 20px;\" href=\"\/contact\">Do\u0142\u0105cz do e-konsygnacji<\/a><\/div>\n<p><!-- \/wp:button --><\/div>\n<p><!-- \/wp:buttons --><\/div>\n<p><!-- \/wp:column --><br \/><!-- CTA right --><\/p>\n<p><!-- wp:column {\"style\":{\"border\":{\"radius\":\"12px\",\"color\":\"#e5e7eb\",\"width\":\"1px\"},\"spacing\":{\"padding\":{\"top\":\"22px\",\"right\":\"24px\",\"bottom\":\"22px\",\"left\":\"24px\"}}}} --><\/p>\n<div class=\"wp-block-column\" style=\"border-color: #e5e7eb; border-width: 1px; border-radius: 12px; padding: 22px 24px 22px 24px;\"><!-- wp:heading {\"level\":3} --><\/p>\n<h3 class=\"wp-block-heading\">Szukasz pojazd\u00f3w gotowych do eksportu?<\/h3>\n<p><!-- \/wp:heading --><\/p>\n<p><!-- wp:paragraph -->Przegl\u0105daj nasz\u0105 selekcj\u0119 sprawdzonych pojazd\u00f3w od licencjonowanych dealer\u00f3w z USA z pe\u0142n\u0105 obs\u0142ug\u0105 eksportow\u0105.<\/p>\n<p><!-- \/wp:paragraph --><\/p>\n<p><!-- wp:buttons {\"layout\":{\"type\":\"flex\",\"justifyContent\":\"left\"}} --><\/p>\n<div class=\"wp-block-buttons\"><!-- wp:button {\"className\":\"is-style-fill\",\"backgroundColor\":\"vivid-red\",\"style\":{\"border\":{\"radius\":\"6px\"},\"spacing\":{\"padding\":{\"top\":\"12px\",\"right\":\"20px\",\"bottom\":\"12px\",\"left\":\"20px\"}}}} --><\/p>\n<div class=\"wp-block-button is-style-fill\" style=\"border-radius: 6px;\"><a class=\"wp-block-button__link has-vivid-red-background-color has-background wp-element-button\" style=\"padding: 12px 20px 12px 20px;\" href=\"https:\/\/signumexport.com\/pl\/inwentarz\/\">Przegl\u0105daj oferty<\/a><\/div>\n<p><!-- \/wp:button --><\/div>\n<p><!-- \/wp:buttons --><\/div>\n<p><!-- \/wp:column --><\/div>\n<p><!-- \/wp:columns --><br \/><!-- \/wp:group --><\/div>\n<p><!-- \/wp:group --><\/p>\n<p>&nbsp;<\/p>\n<p><!-- wp:spacer --><\/p>\n<div class=\"wp-block-spacer\" style=\"height: 100px;\" aria-hidden=\"true\"> <\/div>\n<p><!-- \/wp:spacer --><\/p>\n<p>&nbsp;<\/p>\n<p>[\/vc_column_text][\/vc_column][\/vc_row]<\/p>\n<\/div>","protected":false},"excerpt":{"rendered":"<p>[vc_row][vc_column][vc_column_text css=&#8221;&#8221;]<\/p>\n<p> \u00a0 &#13; Tw\u00f3j Dzia\u0142 Eksportu \u2014<br \/>Bez Dodatkowych Koszt\u00f3w&#13; &#13; <\/p>\n<p style=\"margin-bottom: 18px;\">Wystaw swoje pojazdy raz, sprzedawaj je na ca\u0142ym \u015bwiecie. Signum Group LLC zajmie si\u0119 reszt\u0105. <\/p>\n<p>&#13; &#13; Do\u0142\u0105cz do e-konsygnacji&#13; &#13; Przegl\u0105daj oferty&#13; <br \/> &#13; E-konsygnacja \u2014 pe\u0142na koncepcja&#13; <\/p>\n<p><strong>E stands for &#8222;Electronic&#8221; &amp; &#8222;Export&#8221;.<\/strong> Consignment refers to vehicles from our selected licensed US Dealers and Partners who have appointed Signum Group LLC as their dedicated export facilitator.&#13; <\/p>\n<p>We represent, market, and sell their inventory to international buyers, managing the entire export process end-to-end \u2014 from marketing to delivery. \u00a0 &#13; Grupa docelowa&#13; &#13; Partnerzy dealerscy w USA&#13; <\/p>\n<p>Licensed, established dealers seeking global reach without creating an in-house export department. <br \/> &#13; Klienci prywatni na ca\u0142ym \u015bwiecie&#13; <\/p>\n<p>Individuals seeking to purchase high-value U.S. vehicles with trust, transparency, and complete export handling. <br \/> &#13; Kupcy profesjonalni&#13; <\/p>\n<p>Established automotive businesses looking for reliable, compliant, export-ready sourcing. \u00a0 &#13; Propozycja warto\u015bci&#13; &#13; [&#8230;]<\/p>\n","protected":false},"author":1,"featured_media":0,"parent":0,"menu_order":0,"comment_status":"closed","ping_status":"closed","template":"","meta":{"footnotes":""},"class_list":["post-28423","page","type-page","status-publish","hentry"],"_links":{"self":[{"href":"https:\/\/signumexport.com\/pl\/wp-json\/wp\/v2\/pages\/28423","targetHints":{"allow":["GET"]}}],"collection":[{"href":"https:\/\/signumexport.com\/pl\/wp-json\/wp\/v2\/pages"}],"about":[{"href":"https:\/\/signumexport.com\/pl\/wp-json\/wp\/v2\/types\/page"}],"author":[{"embeddable":true,"href":"https:\/\/signumexport.com\/pl\/wp-json\/wp\/v2\/users\/1"}],"replies":[{"embeddable":true,"href":"https:\/\/signumexport.com\/pl\/wp-json\/wp\/v2\/comments?post=28423"}],"version-history":[{"count":1,"href":"https:\/\/signumexport.com\/pl\/wp-json\/wp\/v2\/pages\/28423\/revisions"}],"predecessor-version":[{"id":28429,"href":"https:\/\/signumexport.com\/pl\/wp-json\/wp\/v2\/pages\/28423\/revisions\/28429"}],"wp:attachment":[{"href":"https:\/\/signumexport.com\/pl\/wp-json\/wp\/v2\/media?parent=28423"}],"curies":[{"name":"wp","href":"https:\/\/api.w.org\/{rel}","templated":true}]}}