{"id":26994,"date":"2017-09-11T10:42:20","date_gmt":"2017-09-11T14:42:20","guid":{"rendered":"https:\/\/signumexport.com\/nasz-zespol\/"},"modified":"2025-10-02T12:47:31","modified_gmt":"2025-10-02T16:47:31","slug":"nasz-zespol","status":"publish","type":"page","link":"https:\/\/signumexport.com\/pl\/nasz-zespol\/","title":{"rendered":"Nasz zesp\u00f3\u0142"},"content":{"rendered":"<div class=\"wpb-content-wrapper\"><p>[vc_row css=&#8221;.vc_custom_1410358708453{margin-bottom: 10px !important;}&#8221;][vc_column][vc_column_text css=&#8221;.vc_custom_1727887938351{margin-bottom: 0px !important;}&#8221;]<\/p>\n<h3>POZNAJ NASZ ZESP\u00d3\u0141<\/h3>\n<p>[\/vc_column_text][\/vc_column][\/vc_row][vc_row css=&#8221;.vc_custom_1410359107639{margin-bottom: 70px !important;}&#8221;][vc_column width=&#8221;1\/3&#8243;]<div class=\"team hoverimg \"  itemscope itemtype=\"http:\/\/schema.org\/Person\"> <a href=\"https:\/\/signumexport.com\/wp-content\/uploads\/2025\/07\/IMG_3986.jpg\" class=\"fancybox\"> <img loading=\"lazy\" decoding=\"async\" src=\"https:\/\/signumexport.com\/wp-content\/uploads\/2025\/07\/IMG_3986.jpg\" class=\"aligncenter no_border\" alt=\"Karim Nabizada\" width=\"1024\" height=\"1024\" itemprop=\"image\" \/> <\/a><div class=\"name_post\"><h4 itemprop=\"name\">Karim Nabizada<\/h4><p itemprop=\"jobTitle\">Chief Executive Officer \/ CEO<\/p><\/div><div class=\"about_team\"><p>Nasz za\u0142o\u017cyciel stworzy\u0142 mark\u0119 Signum Group w 1991 roku. Maj\u0105c 16 lat do\u015bwiadczenia w imporcie do UE i 18 lat w eksporcie do USA, wnosi podw\u00f3jn\u0105 ekspertyz\u0119 do Signum Group. Z ponad trzema dekadami w bran\u017cy motoryzacyjnej, Karim posiada niezr\u00f3wnan\u0105 wiedz\u0119 zar\u00f3wno o rynkach europejskich, jak i ameryka\u0144skich, zapewniaj\u0105c p\u0142ynne transakcje dla klient\u00f3w na ca\u0142ym \u015bwiecie.  <\/p><ul><li><i class=\"fa fa-phone\"><\/i><span itemprop=\"telephone\">941-882-8008<\/span><\/li><li><i class=\"fa fa-mobile\"><\/i><span itemprop=\"telephone\">941-882-8008<\/span><\/li><li><i class=\"fa fa-envelope-o\"><\/i><a href='mailto:karim.nabizada@signumexport.com' itemprop=\"email\">karim.nabizada@signumexport.com<\/a><\/li><\/ul><\/div><div class=\"social_team pull-left\"><ul class=\"social\"><li class='margin-bottom-none'><a href=\"#\" class=\"facebook \"><\/a><\/li>\n<li class='margin-bottom-none'><a href=\"#\" class=\"twitter \"><\/a><\/li>\n<li class='margin-bottom-none'><a href=\"#\" class=\"linkedin \"><\/a><\/li>\n<li class='margin-bottom-none'><a href=\"#\" class=\"flickr \"><\/a><\/li>\n<li class='margin-bottom-none'><a href=\"#\" class=\"google \"><\/a><\/li>\n<\/ul><\/div><div class=\"clearfix\"><\/div><\/div>[\/vc_column][vc_column width=&#8221;1\/3&#8243;]<div class=\"team hoverimg \"  itemscope itemtype=\"http:\/\/schema.org\/Person\"> <a href=\"https:\/\/signumexport.com\/wp-content\/uploads\/2025\/07\/IMG_3961.jpg\" class=\"fancybox\"> <img loading=\"lazy\" decoding=\"async\" src=\"https:\/\/signumexport.com\/wp-content\/uploads\/2025\/07\/IMG_3961.jpg\" class=\"aligncenter no_border\" alt=\"Veronica Nabizada\" width=\"1024\" height=\"1024\" itemprop=\"image\" \/> <\/a><div class=\"name_post\"><h4 itemprop=\"name\">Veronica Nabizada<\/h4><p itemprop=\"jobTitle\">Chief Financial Officer \/ CFO<\/p><\/div><div class=\"about_team\"><p>Veronica zarz\u0105dza wszystkimi aspektami transakcji finansowych i dokumentacji z niezr\u00f3wnan\u0105 szybko\u015bci\u0105 i dok\u0142adno\u015bci\u0105. Jej dba\u0142o\u015b\u0107 o szczeg\u00f3\u0142y i nieust\u0119pliwy zapa\u0142 sprawiaj\u0105, \u017ce nawet najbardziej skomplikowana dokumentacja jest obs\u0142ugiwana szybko i bezb\u0142\u0119dnie. Znana z tego, \u017ce jest zawsze dwa kroki do przodu, aktywnie popycha wszystkie strony do przodu, aby proces przebiega\u0142 sprawnie i zgodnie z harmonogramem.  <\/p><ul><li><i class=\"fa fa-phone\"><\/i><span itemprop=\"telephone\">941-882-8008<\/span><\/li><li><i class=\"fa fa-mobile\"><\/i><span itemprop=\"telephone\">941-882-8008<\/span><\/li><li><i class=\"fa fa-envelope-o\"><\/i><a href='mailto:veronica.nabizada@signumexport.com' itemprop=\"email\">veronica.nabizada@signumexport.com<\/a><\/li><\/ul><\/div><div class=\"social_team pull-left\"><ul class=\"social\"><li class='margin-bottom-none'><a href=\"#\" class=\"facebook \"><\/a><\/li>\n<li class='margin-bottom-none'><a href=\"#\" class=\"twitter \"><\/a><\/li>\n<li class='margin-bottom-none'><a href=\"#\" class=\"linkedin \"><\/a><\/li>\n<\/ul><\/div><div class=\"clearfix\"><\/div><\/div>[\/vc_column][vc_column width=&#8221;1\/3&#8243;]<div class=\"team hoverimg \"  itemscope itemtype=\"http:\/\/schema.org\/Person\"> <a href=\"https:\/\/signumexport.com\/wp-content\/uploads\/2025\/07\/IMG_4103.jpg\" class=\"fancybox\"> <img loading=\"lazy\" decoding=\"async\" src=\"https:\/\/signumexport.com\/wp-content\/uploads\/2025\/07\/IMG_4103.jpg\" class=\"aligncenter no_border\" alt=\"Fabio Nabizada\" width=\"1024\" height=\"1024\" itemprop=\"image\" \/> <\/a><div class=\"name_post\"><h4 itemprop=\"name\">Fabio Nabizada<\/h4><p itemprop=\"jobTitle\">Team Professional Race &amp; Aircraft Pilot<\/p><\/div><div class=\"about_team\"><p>Fabio wnosi niezr\u00f3wnan\u0105 koncentracj\u0119 i umiej\u0119tno\u015bci do \u015brodowisk wymagaj\u0105cych wysokiej pr\u0119dko\u015bci i precyzji. Jego \u017cyciowa pasja do sport\u00f3w motorowych i lotnictwa nap\u0119dza niezwyk\u0142\u0105 dok\u0142adno\u015b\u0107, szybkie podejmowanie decyzji i techniczn\u0105 bieg\u0142o\u015b\u0107 znacznie wykraczaj\u0105c\u0105 poza jego wiek. Niezale\u017cnie od tego, czy pilotuje pojazdy czy samoloty, bezb\u0142\u0119dnie wykonuje skomplikowane manewry, co czyni go nieocenionym cz\u0142onkiem zespo\u0142u Signum Group.  <\/p><ul><li><i class=\"fa fa-phone\"><\/i><span itemprop=\"telephone\">941-882-8008<\/span><\/li><li><i class=\"fa fa-mobile\"><\/i><span itemprop=\"telephone\">941-882-8008<\/span><\/li><li><i class=\"fa fa-envelope-o\"><\/i><a href='mailto:fabio.nabizada@signumexport.com' itemprop=\"email\">fabio.nabizada@signumexport.com<\/a><\/li><\/ul><\/div><div class=\"social_team pull-left\"><ul class=\"social\"><li class='margin-bottom-none'><a href=\"#\" class=\"facebook \"><\/a><\/li>\n<li class='margin-bottom-none'><a href=\"#\" class=\"twitter \"><\/a><\/li>\n<li class='margin-bottom-none'><a href=\"#\" class=\"linkedin \"><\/a><\/li>\n<li class='margin-bottom-none'><a href=\"#\" class=\"google \"><\/a><\/li>\n<\/ul><\/div><div class=\"clearfix\"><\/div><\/div>[\/vc_column][\/vc_row][vc_row css=&#8221;.vc_custom_1410359107639{margin-bottom: 70px !important;}&#8221;][vc_column width=&#8221;1\/3&#8243;]<div class=\"team hoverimg \"  itemscope itemtype=\"http:\/\/schema.org\/Person\"> <a href=\"https:\/\/signumexport.com\/wp-content\/uploads\/2025\/08\/Jamie-Smith-2-e1755549311570.jpg\" class=\"fancybox\"> <img loading=\"lazy\" decoding=\"async\" src=\"https:\/\/signumexport.com\/wp-content\/uploads\/2025\/08\/Jamie-Smith-2-e1755549311570.jpg\" class=\"aligncenter no_border\" alt=\"Jamie Smith\" width=\"1024\" height=\"1024\" itemprop=\"image\" \/> <\/a><div class=\"name_post\"><h4 itemprop=\"name\">Jamie Smith<\/h4><p itemprop=\"jobTitle\">Acquisition Specialist<\/p><\/div><div class=\"about_team\"><p>Nasz ekspert od pozyskiwania pojazd\u00f3w z sieci\u0105 kontakt\u00f3w obejmuj\u0105c\u0105 Ameryk\u0119 P\u00f3\u0142nocn\u0105 i Europ\u0119. Jamie specjalizuje si\u0119 w lokalizowaniu rzadkich i poszukiwanych modeli, negocjowaniu najlepszych warunk\u00f3w oraz weryfikacji historii i stanu pojazdu przed zakupem. <\/p><ul><li><i class=\"fa fa-phone\"><\/i><span itemprop=\"telephone\">941-882-8008<\/span><\/li><li><i class=\"fa fa-mobile\"><\/i><span itemprop=\"telephone\">941-882-8008<\/span><\/li><li><i class=\"fa fa-envelope-o\"><\/i><a href='mailto:jamie.smith@signumexport.com' itemprop=\"email\">jamie.smith@signumexport.com<\/a><\/li><\/ul><\/div><div class=\"social_team pull-left\"><ul class=\"social\"><li class='margin-bottom-none'><a href=\"#\" class=\"facebook \"><\/a><\/li>\n<li class='margin-bottom-none'><a href=\"#\" class=\"twitter \"><\/a><\/li>\n<li class='margin-bottom-none'><a href=\"#\" class=\"linkedin \"><\/a><\/li>\n<li class='margin-bottom-none'><a href=\"#\" class=\"flickr \"><\/a><\/li>\n<li class='margin-bottom-none'><a href=\"#\" class=\"google \"><\/a><\/li>\n<\/ul><\/div><div class=\"clearfix\"><\/div><\/div>[\/vc_column][vc_column width=&#8221;1\/3&#8243;]<div class=\"team hoverimg \"  itemscope itemtype=\"http:\/\/schema.org\/Person\"> <a href=\"https:\/\/signumexport.com\/wp-content\/uploads\/2025\/08\/Maria-Bennett-2-e1755550090776.jpg\" class=\"fancybox\"> <img loading=\"lazy\" decoding=\"async\" src=\"https:\/\/signumexport.com\/wp-content\/uploads\/2025\/08\/Maria-Bennett-2-e1755550090776.jpg\" class=\"aligncenter no_border\" alt=\"Maria Bennett\" width=\"1024\" height=\"1024\" itemprop=\"image\" \/> <\/a><div class=\"name_post\"><h4 itemprop=\"name\">Maria Bennett<\/h4><p itemprop=\"jobTitle\">Logistics Coordinator<\/p><\/div><div class=\"about_team\"><p>Maria nadzoruje wszystkie aspekty globalnej wysy\u0142ki i odprawy celnej. Maria dba o to, aby ka\u017cdy pojazd p\u0142ynnie przemieszcza\u0142 si\u0119 od zakupu do dostawy, zajmuj\u0105c si\u0119 dokumentacj\u0105, zgodno\u015bci\u0105 z przepisami i koordynacj\u0105 z nasz\u0105 sieci\u0105 partner\u00f3w transportowych. <\/p><ul><li><i class=\"fa fa-phone\"><\/i><span itemprop=\"telephone\">941-882-8008<\/span><\/li><li><i class=\"fa fa-mobile\"><\/i><span itemprop=\"telephone\">941-882-8008<\/span><\/li><li><i class=\"fa fa-envelope-o\"><\/i><a href='mailto:maria.bennett@signumexport.com' itemprop=\"email\">maria.bennett@signumexport.com<\/a><\/li><\/ul><\/div><div class=\"social_team pull-left\"><ul class=\"social\"><li class='margin-bottom-none'><a href=\"#\" class=\"facebook \"><\/a><\/li>\n<li class='margin-bottom-none'><a href=\"#\" class=\"twitter \"><\/a><\/li>\n<li class='margin-bottom-none'><a href=\"#\" class=\"linkedin \"><\/a><\/li>\n<\/ul><\/div><div class=\"clearfix\"><\/div><\/div>[\/vc_column][vc_column width=&#8221;1\/3&#8243;]<div class=\"team hoverimg \"  itemscope itemtype=\"http:\/\/schema.org\/Person\"> <a href=\"https:\/\/signumexport.com\/wp-content\/uploads\/2025\/08\/Thomas-Leclerc-2-e1755550642565.jpg\" class=\"fancybox\"> <img loading=\"lazy\" decoding=\"async\" src=\"https:\/\/signumexport.com\/wp-content\/uploads\/2025\/08\/Thomas-Leclerc-2-e1755550642565.jpg\" class=\"aligncenter no_border\" alt=\"Thomas Leclerc\" width=\"1024\" height=\"1024\" itemprop=\"image\" \/> <\/a><div class=\"name_post\"><h4 itemprop=\"name\">Thomas Leclerc<\/h4><p itemprop=\"jobTitle\">Client Support<\/p><\/div><div class=\"about_team\"><p>Tw\u00f3j dedykowany punkt kontaktowy w ca\u0142ym procesie eksportu. Thomas zapewnia regularne aktualizacje, odpowiada na pytania w wielu j\u0119zykach i dba o to, aby ka\u017cdy klient otrzyma\u0142 spersonalizowan\u0105 uwag\u0119 od wst\u0119pnego zapytania do ko\u0144cowej dostawy. <\/p><ul><li><i class=\"fa fa-phone\"><\/i><span itemprop=\"telephone\">941-882-8008<\/span><\/li><li><i class=\"fa fa-mobile\"><\/i><span itemprop=\"telephone\">941-882-8008<\/span><\/li><li><i class=\"fa fa-envelope-o\"><\/i><a href='mailto:thomas.leclerc@signumexport.com' itemprop=\"email\">thomas.leclerc@signumexport.com<\/a><\/li><\/ul><\/div><div class=\"social_team pull-left\"><ul class=\"social\"><li class='margin-bottom-none'><a href=\"#\" class=\"facebook \"><\/a><\/li>\n<li class='margin-bottom-none'><a href=\"#\" class=\"twitter \"><\/a><\/li>\n<li class='margin-bottom-none'><a href=\"#\" class=\"linkedin \"><\/a><\/li>\n<li class='margin-bottom-none'><a href=\"#\" class=\"google \"><\/a><\/li>\n<\/ul><\/div><div class=\"clearfix\"><\/div><\/div>[\/vc_column][\/vc_row][vc_row el_class=&#8221;fullwidth_element bottom_element&#8221;][vc_column]<div class='contact google_map_init ' data-longitude='-82.55' data-latitude='27.34' data-zoom='11' data-map-type='hybrid' style='height: 390px;' data-style='[{\"featureType\":\"landscape\",\"elementType\":\"labels\",\"stylers\":[{\"visibility\":\"off\"}]},{\"featureType\":\"transit\",\"elementType\":\"labels\",\"stylers\":[{\"visibility\":\"off\"}]},{\"featureType\":\"poi\",\"elementType\":\"labels\",\"stylers\":[{\"visibility\":\"off\"}]},{\"featureType\":\"water\",\"elementType\":\"labels\",\"stylers\":[{\"visibility\":\"off\"}]},{\"featureType\":\"road\",\"elementType\":\"labels.icon\",\"stylers\":[{\"visibility\":\"off\"}]},{\"stylers\":[{\"hue\":\"#F0F0F0\"},{\"saturation\":-100},{\"gamma\":2.15},{\"lightness\":12}]},{\"featureType\":\"road\",\"elementType\":\"labels.text.fill\",\"stylers\":[{\"visibility\":\"on\"},{\"lightness\":24}]},{\"featureType\":\"road\",\"elementType\":\"geometry\",\"stylers\":[{\"lightness\":57}]}]' data-scroll='true' data-directions_button='true' data-directions_text='Get Directions'><\/div>[\/vc_column][\/vc_row]<\/p>\n<\/div>","protected":false},"excerpt":{"rendered":"<p>[vc_row css=&#8221;.vc_custom_1410358708453{margin-bottom: 10px !important;}&#8221;][vc_column][vc_column_text css=&#8221;.vc_custom_1727887938351{margin-bottom: 0px !important;}&#8221;]<\/p>\n<p> POZNAJ NASZ ZESP\u00d3\u0141 <\/p>\n<p>[\/vc_column_text][\/vc_column][\/vc_row][vc_row css=&#8221;.vc_custom_1410359107639{margin-bottom: 70px !important;}&#8221;][vc_column width=&#8221;1\/3&#8243;][\/vc_column][vc_column width=&#8221;1\/3&#8243;][\/vc_column][vc_column width=&#8221;1\/3&#8243;][\/vc_column][\/vc_row][vc_row css=&#8221;.vc_custom_1410359107639{margin-bottom: 70px !important;}&#8221;][vc_column width=&#8221;1\/3&#8243;][\/vc_column][vc_column width=&#8221;1\/3&#8243;][\/vc_column][vc_column width=&#8221;1\/3&#8243;][\/vc_column][\/vc_row][vc_row el_class=&#8221;fullwidth_element bottom_element&#8221;][vc_column][\/vc_column][\/vc_row]<\/p>\n","protected":false},"author":1,"featured_media":0,"parent":0,"menu_order":0,"comment_status":"closed","ping_status":"closed","template":"","meta":{"footnotes":""},"class_list":["post-26994","page","type-page","status-publish","hentry"],"_links":{"self":[{"href":"https:\/\/signumexport.com\/pl\/wp-json\/wp\/v2\/pages\/26994","targetHints":{"allow":["GET"]}}],"collection":[{"href":"https:\/\/signumexport.com\/pl\/wp-json\/wp\/v2\/pages"}],"about":[{"href":"https:\/\/signumexport.com\/pl\/wp-json\/wp\/v2\/types\/page"}],"author":[{"embeddable":true,"href":"https:\/\/signumexport.com\/pl\/wp-json\/wp\/v2\/users\/1"}],"replies":[{"embeddable":true,"href":"https:\/\/signumexport.com\/pl\/wp-json\/wp\/v2\/comments?post=26994"}],"version-history":[{"count":1,"href":"https:\/\/signumexport.com\/pl\/wp-json\/wp\/v2\/pages\/26994\/revisions"}],"predecessor-version":[{"id":27009,"href":"https:\/\/signumexport.com\/pl\/wp-json\/wp\/v2\/pages\/26994\/revisions\/27009"}],"wp:attachment":[{"href":"https:\/\/signumexport.com\/pl\/wp-json\/wp\/v2\/media?parent=26994"}],"curies":[{"name":"wp","href":"https:\/\/api.w.org\/{rel}","templated":true}]}}