{"id":26809,"date":"2025-08-14T20:03:29","date_gmt":"2025-08-15T00:03:29","guid":{"rendered":"https:\/\/signumexport.com\/4-export-com\/"},"modified":"2025-10-02T12:46:11","modified_gmt":"2025-10-02T16:46:11","slug":"4-export-com","status":"publish","type":"page","link":"https:\/\/signumexport.com\/pl\/4-export-com\/","title":{"rendered":"4-export.com"},"content":{"rendered":"<main class=\"wp-block-group\"><div class=\"wp-block-group__inner-container is-layout-constrained wp-block-group-is-layout-constrained\"><!-- =========================\r\n       HERO \/ INTRO\r\n  ========================== -->\r\n\r\n&#13;\n<h2 class=\"wp-block-heading has-text-align-center\" style=\"margin-bottom: 10px; text-align: center;\"><strong><span style=\"color: #c7081b;\">4-export.com \u2014 sfederowany rynek eksportowy<\/span><\/strong><\/h2>&#13;\n\r\n\r\n&#13;\n<p class=\"has-text-align-center\" style=\"margin-bottom: 28px;\">Ujednolicony portal, kt\u00f3ry rejestruje licencjonowanych dealer\u00f3w z USA, generuje mini-strony, importuje \u017ar\u00f3d\u0142a danych inwentarza (CSV\/XML\/AutoTrader) i \u0142\u0105czy z wykwalifikowanymi mi\u0119dzynarodowymi nabywcami.<\/p>&#13;\n\r\n\r\n\r\n<div class=\"wp-block-columns is-layout-flex wp-container-core-columns-is-layout-8f6a528b wp-block-columns-is-layout-flex\"><!-- LEFT: Dealer \u2192 Buyer Flow -->\r\n\r\n\r\n<div class=\"wp-block-column is-layout-flow wp-block-column-is-layout-flow\" style=\"border-color: #e5e7eb; border-width: 1px; border-radius: 10px; padding: 22px 24px 22px 24px;\">&#13;\n<h3 class=\"wp-block-heading\">Przep\u0142yw dealer \u2192 nabywca<\/h3>&#13;\n\r\n\r\n\r\n<div class=\"wp-block-group\"><div class=\"wp-block-group__inner-container is-layout-constrained wp-block-group-is-layout-constrained\">&#13;\n<p><strong>Rejestracja<\/strong><br\/>Wype\u0142nij rejestracj\u0119 i weryfikacj\u0119 dealera<\/p>&#13;\n\r\n\r\n&#13;\n<p><strong>Mini-Strona<\/strong><br\/>Otrzymaj sw\u00f3j markowy portal eksportowy<\/p>&#13;\n\r\n\r\n&#13;\n<p><strong>Wst\u0119pna kontrola zgodno\u015bci<\/strong><br\/>Sprawd\u017a kwalifikowalno\u015b\u0107 eksportow\u0105 inwentarza<\/p>&#13;\n\r\n\r\n&#13;\n<p><strong>Globalna promocja<\/strong><br\/>Twoje pojazdy promowane w\u015br\u00f3d wykwalifikowanych nabywc\u00f3w na ca\u0142ym \u015bwiecie<\/p>&#13;\n\r\n\r\n&#13;\n<p><strong>E-Konsygnacja<\/strong><br\/>Zajmujemy si\u0119 ca\u0142ym procesem eksportu<\/p>&#13;\n\r\n\r\n&#13;\n<p><strong>Dostawa<\/strong><br\/>Pojazd dostarczony, p\u0142atno\u015b\u0107 zrealizowana<\/p>&#13;\n<\/div><\/div>\r\n\r\n\r\n\r\n<div class=\"wp-block-spacer\" style=\"height: 12px;\" aria-hidden=\"true\">\u00a0<\/div>\r\n\r\n\r\n&#13;\n<p style=\"font-weight: bold; margin-bottom: 10px;\">Stos technologiczny<\/p>&#13;\n<!-- Chips as outline buttons -->\r\n\r\n\r\n<div class=\"wp-block-buttons is-content-justification-left is-layout-flex wp-container-core-buttons-is-layout-e88f6746 wp-block-buttons-is-layout-flex\">&#13;\n<div class=\"wp-block-button is-style-outline is-style-outline--1\" style=\"border-radius: 999px;\"><a class=\"wp-block-button__link wp-element-button\">WordPress multisite<\/a><\/div>&#13;\n\r\n\r\n&#13;\n<div class=\"wp-block-button is-style-outline is-style-outline--2\" style=\"border-radius: 999px;\"><a class=\"wp-block-button__link wp-element-button\">React\/Next.js<\/a><\/div>&#13;\n\r\n\r\n&#13;\n<div class=\"wp-block-button is-style-outline is-style-outline--3\" style=\"border-radius: 999px;\"><a class=\"wp-block-button__link wp-element-button\">Node\/express<\/a><\/div>&#13;\n\r\n\r\n&#13;\n<div class=\"wp-block-button is-style-outline is-style-outline--4\" style=\"border-radius: 999px;\"><a class=\"wp-block-button__link wp-element-button\">PostgreSQL<\/a><\/div>&#13;\n\r\n\r\n&#13;\n<div class=\"wp-block-button is-style-outline is-style-outline--5\" style=\"border-radius: 999px;\"><a class=\"wp-block-button__link wp-element-button\">Stripe<\/a><\/div>&#13;\n\r\n\r\n&#13;\n<div class=\"wp-block-button is-style-outline is-style-outline--6\" style=\"border-radius: 999px;\"><a class=\"wp-block-button__link wp-element-button\">Escrow.com<\/a><\/div>&#13;\n\r\n\r\n&#13;\n<div class=\"wp-block-button is-style-outline is-style-outline--7\" style=\"border-radius: 999px;\"><a class=\"wp-block-button__link wp-element-button\">AWS\/vercel<\/a><\/div>&#13;\n\r\n\r\n&#13;\n<div class=\"wp-block-button is-style-outline is-style-outline--8\" style=\"border-radius: 999px;\"><a class=\"wp-block-button__link wp-element-button\">\u0179r\u00f3d\u0142a danych CSV\/XML<\/a><\/div>&#13;\n<\/div>\r\n<\/div>\r\n<!-- RIGHT: Benefits for Dealers -->\r\n\r\n\r\n<div class=\"wp-block-column is-layout-flow wp-block-column-is-layout-flow\" style=\"border-color: #e5e7eb; border-width: 1px; border-radius: 10px; padding: 22px 24px 22px 24px;\">&#13;\n<h3 class=\"wp-block-heading\">Korzy\u015bci dla dealer\u00f3w<\/h3>&#13;\n\r\n\r\n&#13;\n<ul class=\"wp-block-list\">&#13;\n<li>Gotowe rozwi\u0105zanie eksportowe bez inwestycji w IT<\/li>&#13;\n<li>Zautomatyzowane \u017ar\u00f3d\u0142a danych inwentarza z istniej\u0105cych system\u00f3w<\/li>&#13;\n<li>Markowa mini-strona prezentuj\u0105ca tw\u00f3j inwentarz eksportowy<\/li>&#13;\n<li>Dost\u0119p do zweryfikowanych mi\u0119dzynarodowych nabywc\u00f3w<\/li>&#13;\n<li>Pe\u0142na obs\u0142uga zgodno\u015bci eksportowej<\/li>&#13;\n<li>Bezpieczne przetwarzanie p\u0142atno\u015bci z terminowym rozliczeniem<\/li>&#13;\n<\/ul>&#13;\n<\/div>\r\n<\/div>\r\n<!-- Benefits for Buyers -->\r\n\r\n\r\n<div class=\"wp-block-spacer\" style=\"height: 24px;\" aria-hidden=\"true\">\u00a0<\/div>\r\n\r\n\r\n\r\n<div class=\"wp-block-group\" style=\"border-color: #e5e7eb; border-width: 1px; border-radius: 10px; padding: 22px 24px 22px 24px;\"><div class=\"wp-block-group__inner-container is-layout-constrained wp-container-core-group-is-layout-b1895ab0 wp-block-group-is-layout-constrained\">&#13;\n<h3 class=\"wp-block-heading\">Korzy\u015bci dla nabywc\u00f3w<\/h3>&#13;\n\r\n\r\n&#13;\n<ul class=\"wp-block-list\">&#13;\n<li>Jeden portal dla inwentarza eksportowego dealer\u00f3w z USA<\/li>&#13;\n<li>Zweryfikowane pojazdy od licencjonowanych dealer\u00f3w<\/li>&#13;\n<li>Przejrzyste ceny i koszty wysy\u0142ki<\/li>&#13;\n<li>Bezpieczne opcje p\u0142atno\u015bci escrow<\/li>&#13;\n<li>Pe\u0142na dokumentacja eksportowa w zestawie<\/li>&#13;\n<li>Dedykowane wsparcie przez ca\u0142y proces<\/li>&#13;\n<\/ul>&#13;\n<\/div><\/div>\r\n<!-- CTA -->\r\n\r\n\r\n<div class=\"wp-block-spacer\" style=\"height: 26px;\" aria-hidden=\"true\">\u00a0<\/div>\r\n\r\n\r\n\r\n<div class=\"wp-block-buttons is-content-justification-center is-layout-flex wp-container-core-buttons-is-layout-16018d1d wp-block-buttons-is-layout-flex\">&#13;\n<div class=\"wp-block-button\" style=\"border-radius: 8px;\"><a class=\"wp-block-button__link has-vivid-red-background-color has-background wp-element-button\" style=\"font-weight: bold; padding: 14px 26px 14px 26px;\" href=\"\/contact\">Popro\u015b o wycen\u0119 eksportu<\/a><\/div>&#13;\n<\/div>\r\n<!-- =========================\r\n       EXPORT PROCESS\r\n  ========================== -->\r\n\r\n\r\n<div class=\"wp-block-spacer\" style=\"height: 40px;\" aria-hidden=\"true\">\u00a0<\/div>\r\n\r\n\r\n&#13;\n<h2 class=\"wp-block-heading has-text-align-center\" style=\"margin-bottom: 16px;\">Proces eksportu \u2014 od pocz\u0105tku do ko\u0144ca<\/h2>&#13;\n\r\n\r\n\r\n<div class=\"wp-block-columns is-layout-flex wp-container-core-columns-is-layout-8f6a528b wp-block-columns-is-layout-flex\"><!-- LEFT: 14-step -->\r\n\r\n\r\n<div class=\"wp-block-column is-layout-flow wp-block-column-is-layout-flow\" style=\"border-color: #e5e7eb; border-width: 1px; border-radius: 10px; padding: 22px 24px 22px 24px;\">&#13;\n<h3 class=\"wp-block-heading\">Szczeg\u00f3\u0142owy proces 14-etapowy<\/h3>&#13;\n\r\n\r\n&#13;\n<ol class=\"wp-block-list\">&#13;\n<li><strong>Z\u0142\u00f3\u017c zapytanie<\/strong> \u2014 Powiedz nam, czego szukasz<\/li>&#13;\n<li><strong>Globalne wyszukiwanie<\/strong> \u2014 Lokalizujemy pasuj\u0105ce pojazdy<\/li>&#13;\n<li><strong>Negocjacje<\/strong> \u2014 Zajmujemy si\u0119 rozmowami o cenie<\/li>&#13;\n<li><strong>Umowa zakupu<\/strong> \u2014 Finalizacja warunk\u00f3w umowy<\/li>&#13;\n<li><strong>Zaliczka<\/strong> \u2014 Rozpocz\u0119cie bezpiecznej transakcji<\/li>&#13;\n<li><strong>Inspekcja<\/strong> \u2014 Weryfikacja stanu pojazdu<\/li>&#13;\n<li><strong>Transport l\u0105dowy<\/strong> \u2014 Do portu lub lotniska<\/li>&#13;\n<li><strong>P\u0142atno\u015b\u0107 ko\u0144cowa (Escrow)<\/strong> \u2014 Zabezpieczenie \u015brodk\u00f3w na wysy\u0142k\u0119<\/li>&#13;\n<li><strong>Odprawa eksportowa USA<\/strong> \u2014 Przygotowanie ca\u0142ej dokumentacji<\/li>&#13;\n<li><strong>Wysy\u0142ka<\/strong> \u2014 Organizacja kontenera\/Ro-Ro\/transportu lotniczego<\/li>&#13;\n<li><strong>Odprawa celna w miejscu docelowym<\/strong> \u2014 Obs\u0142uga odprawy w miejscu przeznaczenia<\/li>&#13;\n<li><strong>Homologacja<\/strong> \u2014 Modyfikacje zgodno\u015bci z lokalnymi przepisami<\/li>&#13;\n<li><strong>Wsparcie rejestracji<\/strong> \u2014 Pomoc w lokalnej dokumentacji<\/li>&#13;\n<li><strong>Dostawa ko\u0144cowa<\/strong> \u2014 Przekazanie pojazdu<\/li>&#13;\n<\/ol>&#13;\n<\/div>\r\n<!-- RIGHT: Executive Summary -->\r\n\r\n\r\n<div class=\"wp-block-column is-layout-flow wp-block-column-is-layout-flow\" style=\"border-color: #e5e7eb; border-width: 1px; border-radius: 10px; padding: 22px 24px 22px 24px;\">&#13;\n<h3 class=\"wp-block-heading\">Podsumowanie wykonawcze (5 krok\u00f3w)<\/h3>&#13;\n\r\n\r\n&#13;\n<ul class=\"wp-block-list\">&#13;\n<li><strong>Powiedz nam, czego potrzebujesz<\/strong> \u2014 Specyfikacja pojazdu i miejsce docelowe<\/li>&#13;\n<li><strong>Wyszukujemy i weryfikujemy<\/strong> \u2014 Znajd\u017a odpowiedni pojazd i potwierd\u017a jego stan<\/li>&#13;\n<li><strong>Przygotowanie do wysy\u0142ki<\/strong> \u2014 Kompletacja ca\u0142ej dokumentacji eksportowej<\/li>&#13;\n<li><strong>Wysy\u0142ka z pewno\u015bci\u0105<\/strong> \u2014 W pe\u0142ni ubezpieczony transport globalny<\/li>&#13;\n<li><strong>Odbierz i jed\u017a<\/strong> \u2014 Pojazd dostarczony i gotowy do rejestracji<\/li>&#13;\n<\/ul>&#13;\n\r\n\r\n\r\n<div class=\"wp-block-spacer\" style=\"height: 14px;\" aria-hidden=\"true\">\u00a0<\/div>\r\n\r\n\r\n&#13;\n<h3 class=\"wp-block-heading\">Cechy procesu<\/h3>&#13;\n\r\n\r\n&#13;\n<ul class=\"wp-block-list\">&#13;\n<li>Regularne aktualizacje na ka\u017cdym etapie<\/li>&#13;\n<li>Wieloj\u0119zyczne wsparcie przez ca\u0142y proces<\/li>&#13;\n<li>Bezpieczne opcje p\u0142atno\u015bci, w tym escrow<\/li>&#13;\n<li>Dedykowany mened\u017cer konta dla ka\u017cdej transakcji<\/li>&#13;\n<li>Przejrzyste ceny bez ukrytych op\u0142at<\/li>&#13;\n<\/ul>&#13;\n<\/div>\r\n<\/div>\r\n<!-- CTA -->\r\n\r\n\r\n<div class=\"wp-block-spacer\" style=\"height: 26px;\" aria-hidden=\"true\">\u00a0<\/div>\r\n\r\n\r\n\r\n<div class=\"wp-block-buttons is-content-justification-center is-layout-flex wp-container-core-buttons-is-layout-16018d1d wp-block-buttons-is-layout-flex\">&#13;\n<div class=\"wp-block-button\" style=\"border-radius: 8px;\"><a class=\"wp-block-button__link has-vivid-red-background-color has-background wp-element-button\" style=\"font-weight: bold; padding: 14px 26px 14px 26px;\" href=\"\/contact\">Popro\u015b o wycen\u0119 eksportu<\/a><\/div>&#13;\n<\/div>\r\n<!-- =========================\r\n       OUR SERVICES\r\n  ========================== -->\r\n\r\n\r\n<div class=\"wp-block-spacer\" style=\"height: 44px;\" aria-hidden=\"true\">\u00a0<\/div>\r\n\r\n\r\n&#13;\n<h2 class=\"wp-block-heading has-text-align-center\" style=\"margin-bottom: 14px;\">Nasze us\u0142ugi<\/h2>&#13;\n<!-- Grid: 2 columns x 3 rows -->\r\n\r\n\r\n<div class=\"wp-block-columns is-layout-flex wp-container-core-columns-is-layout-019f8f99 wp-block-columns-is-layout-flex\"><!-- left col -->\r\n\r\n\r\n<div class=\"wp-block-column is-layout-flow wp-block-column-is-layout-flow\"><!-- Card -->\r\n\r\n\r\n<div class=\"wp-block-group\" style=\"border-color: #e5e7eb; border-width: 1px; border-radius: 12px; padding: 18px 20px 18px 20px;\"><div class=\"wp-block-group__inner-container is-layout-constrained wp-container-core-group-is-layout-8a554699 wp-block-group-is-layout-constrained\">&#13;\n<h3 class=\"wp-block-heading\">Pozyskiwanie pojazd\u00f3w i negocjacje<\/h3>&#13;\n\r\n\r\n&#13;\n<ul class=\"wp-block-list\">&#13;\n<li>Globalna sie\u0107 do lokalizacji rzadkich i warto\u015bciowych pojazd\u00f3w<\/li>&#13;\n<li>Eksperckie negocjacje w celu uzyskania najlepszych mo\u017cliwych warunk\u00f3w<\/li>&#13;\n<li>Weryfikacja historii i pochodzenia pojazdu<\/li>&#13;\n<li>Niestandardowe wyszukiwania konkretnych marek\/modeli\/funkcji<\/li>&#13;\n<\/ul>&#13;\n<\/div><\/div>\r\n<!-- spacer -->\r\n\r\n\r\n<div class=\"wp-block-spacer\" style=\"height: 20px;\" aria-hidden=\"true\">\u00a0<\/div>\r\n<!-- Card -->\r\n\r\n\r\n<div class=\"wp-block-group\" style=\"border-color: #e5e7eb; border-width: 1px; border-radius: 12px; padding: 18px 20px 18px 20px;\"><div class=\"wp-block-group__inner-container is-layout-constrained wp-container-core-group-is-layout-8a554699 wp-block-group-is-layout-constrained\">&#13;\n<h3 class=\"wp-block-heading\">Dokumentacja i zgodno\u015b\u0107<\/h3>&#13;\n\r\n\r\n&#13;\n<ul class=\"wp-block-list\">&#13;\n<li>Weryfikacja tytu\u0142u w\u0142asno\u015bci i przetwarzanie transferu<\/li>&#13;\n<li>Dokumentacja eksportowa EPA\/DOT zgodnie z wymaganiami<\/li>&#13;\n<li>Zg\u0142oszenie AES dla zgodno\u015bci eksportowej USA<\/li>&#13;\n<li>Konosament i dokumentacja wysy\u0142kowa<\/li>&#13;\n<\/ul>&#13;\n<\/div><\/div>\r\n<!-- spacer -->\r\n\r\n\r\n<div class=\"wp-block-spacer\" style=\"height: 20px;\" aria-hidden=\"true\">\u00a0<\/div>\r\n<!-- Card -->\r\n\r\n\r\n<div class=\"wp-block-group\" style=\"border-color: #e5e7eb; border-width: 1px; border-radius: 12px; padding: 18px 20px 18px 20px;\"><div class=\"wp-block-group__inner-container is-layout-constrained wp-container-core-group-is-layout-8a554699 wp-block-group-is-layout-constrained\">&#13;\n<h3 class=\"wp-block-heading\">C\u0142a i homologacja<\/h3>&#13;\n\r\n\r\n&#13;\n<ul class=\"wp-block-list\">&#13;\n<li>Wymagania importowe kraju docelowego<\/li>&#13;\n<li>Modyfikacje zgodno\u015bci homologacyjnej<\/li>&#13;\n<li>Wsparcie lokalnej rejestracji<\/li>&#13;\n<li>Wskaz\u00f3wki dotycz\u0105ce obliczania ce\u0142 i podatk\u00f3w<\/li>&#13;\n<\/ul>&#13;\n<\/div><\/div>\r\n<\/div>\r\n<!-- right col -->\r\n\r\n\r\n<div class=\"wp-block-column is-layout-flow wp-block-column-is-layout-flow\"><!-- Card -->\r\n\r\n\r\n<div class=\"wp-block-group\" style=\"border-color: #e5e7eb; border-width: 1px; border-radius: 12px; padding: 18px 20px 18px 20px;\"><div class=\"wp-block-group__inner-container is-layout-constrained wp-container-core-group-is-layout-8a554699 wp-block-group-is-layout-constrained\">&#13;\n<h3 class=\"wp-block-heading\">Inspekcje i weryfikacja historii<\/h3>&#13;\n\r\n\r\n&#13;\n<ul class=\"wp-block-list\">&#13;\n<li>Kompleksowe inspekcje przed zakupem<\/li>&#13;\n<li>Weryfikacja historii serwisowej i wypadkowej<\/li>&#13;\n<li>Dost\u0119pne opcje inspekcji przez strony trzecie<\/li>&#13;\n<li>Szczeg\u00f3\u0142owe raporty o stanie z fotografiami<\/li>&#13;\n<\/ul>&#13;\n<\/div><\/div>\r\n<!-- spacer -->\r\n\r\n\r\n<div class=\"wp-block-spacer\" style=\"height: 20px;\" aria-hidden=\"true\">\u00a0<\/div>\r\n<!-- Card -->\r\n\r\n\r\n<div class=\"wp-block-group\" style=\"border-color: #e5e7eb; border-width: 1px; border-radius: 12px; padding: 18px 20px 18px 20px;\"><div class=\"wp-block-group__inner-container is-layout-constrained wp-container-core-group-is-layout-8a554699 wp-block-group-is-layout-constrained\">&#13;\n<h3 class=\"wp-block-heading\">Logistyka i wysy\u0142ka<\/h3>&#13;\n\r\n\r\n&#13;\n<ul class=\"wp-block-list\">&#13;\n<li>Globalne rozwi\u0105zania wysy\u0142kowe od drzwi do drzwi<\/li>&#13;\n<li>Opcje kontenerowe, Ro-Ro i fracht lotniczy<\/li>&#13;\n<li>W pe\u0142ni ubezpieczony transport<\/li>&#13;\n<li>Koordynacja odprawy celnej<\/li>&#13;\n<\/ul>&#13;\n<\/div><\/div>\r\n<!-- spacer -->\r\n\r\n\r\n<div class=\"wp-block-spacer\" style=\"height: 20px;\" aria-hidden=\"true\">\u00a0<\/div>\r\n<!-- Card -->\r\n\r\n\r\n<div class=\"wp-block-group\" style=\"border-color: #e5e7eb; border-width: 1px; border-radius: 12px; padding: 18px 20px 18px 20px;\"><div class=\"wp-block-group__inner-container is-layout-constrained wp-container-core-group-is-layout-8a554699 wp-block-group-is-layout-constrained\">&#13;\n<h3 class=\"wp-block-heading\">VIP i projekty specjalne<\/h3>&#13;\n\r\n\r\n&#13;\n<ul class=\"wp-block-list\">&#13;\n<li>Us\u0142uga white-glove dla transakcji o wysokiej warto\u015bci<\/li>&#13;\n<li>Dyskretna obs\u0142uga zakup\u00f3w celebryt\u00f3w\/kadry kierowniczej<\/li>&#13;\n<li>Ekspertyza w zakresie pojazd\u00f3w klasycznych i kolekcjonerskich<\/li>&#13;\n<li>Koordynacja niestandardowych modyfikacji i budowy<\/li>&#13;\n<\/ul>&#13;\n<\/div><\/div>\r\n<\/div>\r\n<\/div>\r\n<!-- =========================\r\n       COMPLIANCE \/ HOMOLOGATION\r\n  ========================== -->\r\n\r\n\r\n<div class=\"wp-block-spacer\" style=\"height: 44px;\" aria-hidden=\"true\">\u00a0<\/div>\r\n\r\n\r\n&#13;\n<h2 class=\"wp-block-heading has-text-align-center\" style=\"margin-bottom: 16px;\">Zgodno\u015b\u0107 i homologacja \u2014 pewno\u015b\u0107 w projekcie<\/h2>&#13;\n\r\n\r\n\r\n<div class=\"wp-block-columns is-layout-flex wp-container-core-columns-is-layout-019f8f99 wp-block-columns-is-layout-flex\"><!-- Card -->\r\n\r\n\r\n<div class=\"wp-block-column is-layout-flow wp-block-column-is-layout-flow\" style=\"border-color: #e5e7eb; border-width: 1px; border-radius: 12px; padding: 18px 20px 18px 20px;\">&#13;\n<h3 class=\"wp-block-heading\">Przed eksportem<\/h3>&#13;\n\r\n\r\n&#13;\n<ul class=\"wp-block-list\">&#13;\n<li>Weryfikacja tytu\u0142u w\u0142asno\u015bci i sprawdzenie zastaw\u00f3w<\/li>&#13;\n<li>Potwierdzenie kwalifikowalno\u015bci eksportowej<\/li>&#13;\n<li>Dokumentacja EPA\/DOT (je\u015bli dotyczy)<\/li>&#13;\n<li>O\u015bwiadczenia o stanie licznika<\/li>&#13;\n<li>Przetwarzanie pe\u0142nomocnictwa<\/li>&#13;\n<\/ul>&#13;\n<\/div>\r\n<!-- Card -->\r\n\r\n\r\n<div class=\"wp-block-column is-layout-flow wp-block-column-is-layout-flow\" style=\"border-color: #e5e7eb; border-width: 1px; border-radius: 12px; padding: 18px 20px 18px 20px;\">&#13;\n<h3 class=\"wp-block-heading\">C\u0142o<\/h3>&#13;\n\r\n\r\n&#13;\n<ul class=\"wp-block-list\">&#13;\n<li>Zg\u0142oszenie w Automatycznym Systemie Eksportu (AES)<\/li>&#13;\n<li>Odprawa eksportowa CBP<\/li>&#13;\n<li>Koordynacja z brokerem w miejscu docelowym<\/li>&#13;\n<li>Wskaz\u00f3wki dotycz\u0105ce ce\u0142 i podatk\u00f3w<\/li>&#13;\n<li>Pomoc w tymczasowym zabezpieczeniu importowym<\/li>&#13;\n<\/ul>&#13;\n<\/div>\r\n<!-- Card -->\r\n\r\n\r\n<div class=\"wp-block-column is-layout-flow wp-block-column-is-layout-flow\" style=\"border-color: #e5e7eb; border-width: 1px; border-radius: 12px; padding: 18px 20px 18px 20px;\">&#13;\n<h3 class=\"wp-block-heading\">Homologacja<\/h3>&#13;\n\r\n\r\n&#13;\n<ul class=\"wp-block-list\">&#13;\n<li>Modyfikacje zgodno\u015bci przez partner\u00f3w<\/li>&#13;\n<li>Dostosowania o\u015bwietlenia i bezpiecze\u0144stwa<\/li>&#13;\n<li>Testy i certyfikacja emisji<\/li>&#13;\n<li>Wsparcie rejestracji<\/li>&#13;\n<li>Koordynacja homologacji typu<\/li>&#13;\n<\/ul>&#13;\n<\/div>\r\n<\/div>\r\n<!-- Note -->\r\n\r\n\r\n<div class=\"wp-block-spacer\" style=\"height: 10px;\" aria-hidden=\"true\">\u00a0<\/div>\r\n\r\n\r\n&#13;\n<p class=\"has-text-align-center has-text-color\" style=\"color: #555; font-size: 14px;\">Wymagania r\u00f3\u017cni\u0105 si\u0119 w zale\u017cno\u015bci od kraju docelowego. Skontaktuj si\u0119 z nami, aby uzyska\u0107 szczeg\u00f3\u0142owe wskaz\u00f3wki dotycz\u0105ce Twojego rynku docelowego. <\/p>&#13;\n<\/div><\/main><p>&nbsp;<\/p>\n","protected":false},"excerpt":{"rendered":"<p>&#13; <strong>4-export.com \u2014 sfederowany rynek eksportowy<\/strong>&#13; &#13; <\/p>\n<p class=\"has-text-align-center\" style=\"margin-bottom: 28px;\">Ujednolicony portal, kt\u00f3ry rejestruje licencjonowanych dealer\u00f3w z USA, generuje mini-strony, importuje \u017ar\u00f3d\u0142a danych inwentarza (CSV\/XML\/AutoTrader) i \u0142\u0105czy z wykwalifikowanymi mi\u0119dzynarodowymi nabywcami.<\/p>\n<p>&#13; &#13; Przep\u0142yw dealer \u2192 nabywca&#13; &#13; <\/p>\n<p><strong>Rejestracja<\/strong><br \/>Wype\u0142nij rejestracj\u0119 i weryfikacj\u0119 dealera<\/p>\n<p>&#13; &#13; <\/p>\n<p><strong>Mini-Strona<\/strong><br \/>Otrzymaj sw\u00f3j markowy portal eksportowy<\/p>\n<p>&#13; &#13; <\/p>\n<p><strong>Wst\u0119pna kontrola zgodno\u015bci<\/strong><br \/>Sprawd\u017a kwalifikowalno\u015b\u0107 eksportow\u0105 inwentarza<\/p>\n<p>&#13; &#13; <\/p>\n<p><strong>Globalna promocja<\/strong><br \/>Twoje pojazdy promowane w\u015br\u00f3d wykwalifikowanych nabywc\u00f3w na ca\u0142ym \u015bwiecie<\/p>\n<p>&#13; &#13; <\/p>\n<p><strong>E-Konsygnacja<\/strong><br \/>Zajmujemy si\u0119 ca\u0142ym procesem eksportu<\/p>\n<p>&#13; &#13; <\/p>\n<p><strong>Dostawa<\/strong><br \/>Pojazd dostarczony, p\u0142atno\u015b\u0107 zrealizowana<\/p>\n<p>&#13; \u00a0 &#13; <\/p>\n<p style=\"font-weight: bold; margin-bottom: 10px;\">Stos technologiczny<\/p>\n<p>&#13; &#13; WordPress multisite&#13; &#13; React\/Next.js&#13; &#13; Node\/express&#13; &#13; PostgreSQL&#13; &#13; Stripe&#13; &#13; Escrow.com&#13; &#13; AWS\/vercel&#13; &#13; \u0179r\u00f3d\u0142a danych CSV\/XML&#13; &#13; Korzy\u015bci dla dealer\u00f3w&#13; &#13; <\/p>\n<ul class=\"wp-block-list\">&#13; <\/p>\n<li>Gotowe rozwi\u0105zanie eksportowe bez inwestycji w IT<\/li>\n<p>&#13; <\/p>\n<li>Zautomatyzowane \u017ar\u00f3d\u0142a danych inwentarza z istniej\u0105cych system\u00f3w<\/li>\n<p>&#13; <\/p>\n<li>Markowa mini-strona prezentuj\u0105ca tw\u00f3j inwentarz eksportowy<\/li>\n<p>&#13; <\/p>\n<li>Dost\u0119p do zweryfikowanych mi\u0119dzynarodowych nabywc\u00f3w<\/li>\n<p>&#13; <\/p>\n<li>Pe\u0142na obs\u0142uga zgodno\u015bci eksportowej<\/li>\n<p>&#13; <\/p>\n<li>Bezpieczne przetwarzanie p\u0142atno\u015bci z terminowym rozliczeniem<\/li>\n<p>&#13; <\/ul>\n<p>&#13; \u00a0 &#13; Korzy\u015bci dla nabywc\u00f3w&#13; &#13; <\/p>\n<ul class=\"wp-block-list\">&#13; [&#8230;]<\/ul>\n","protected":false},"author":1,"featured_media":0,"parent":0,"menu_order":0,"comment_status":"closed","ping_status":"closed","template":"","meta":{"footnotes":""},"class_list":["post-26809","page","type-page","status-publish","hentry"],"_links":{"self":[{"href":"https:\/\/signumexport.com\/pl\/wp-json\/wp\/v2\/pages\/26809","targetHints":{"allow":["GET"]}}],"collection":[{"href":"https:\/\/signumexport.com\/pl\/wp-json\/wp\/v2\/pages"}],"about":[{"href":"https:\/\/signumexport.com\/pl\/wp-json\/wp\/v2\/types\/page"}],"author":[{"embeddable":true,"href":"https:\/\/signumexport.com\/pl\/wp-json\/wp\/v2\/users\/1"}],"replies":[{"embeddable":true,"href":"https:\/\/signumexport.com\/pl\/wp-json\/wp\/v2\/comments?post=26809"}],"version-history":[{"count":1,"href":"https:\/\/signumexport.com\/pl\/wp-json\/wp\/v2\/pages\/26809\/revisions"}],"predecessor-version":[{"id":26814,"href":"https:\/\/signumexport.com\/pl\/wp-json\/wp\/v2\/pages\/26809\/revisions\/26814"}],"wp:attachment":[{"href":"https:\/\/signumexport.com\/pl\/wp-json\/wp\/v2\/media?parent=26809"}],"curies":[{"name":"wp","href":"https:\/\/api.w.org\/{rel}","templated":true}]}}