{"id":26495,"date":"2017-10-02T20:51:44","date_gmt":"2017-10-03T00:51:44","guid":{"rendered":"https:\/\/signumexport.com\/przykladowa-strona\/"},"modified":"2017-10-02T20:51:44","modified_gmt":"2017-10-03T00:51:44","slug":"przykladowa-strona","status":"publish","type":"page","link":"https:\/\/signumexport.com\/pl\/przykladowa-strona\/","title":{"rendered":"Przyk\u0142adowa strona"},"content":{"rendered":"<p>To jest przyk\u0142adowa strona. R\u00f3\u017cni si\u0119 od wpisu na blogu, poniewa\u017c pozostanie w jednym miejscu i pojawi si\u0119 w nawigacji twojej strony (w wi\u0119kszo\u015bci motyw\u00f3w). Wi\u0119kszo\u015b\u0107 ludzi zaczyna od strony O nas, kt\u00f3ra przedstawia ich potencjalnym odwiedzaj\u0105cym witryn\u0119. Mo\u017ce m\u00f3wi\u0107 co\u015b takiego:   <\/p>\n<blockquote><p>Cze\u015b\u0107! W dzie\u0144 jestem kurierem rowerowym, w nocy aspiruj\u0105cym aktorem, a to jest m\u00f3j blog. Mieszkam w Montrealu, mam wspania\u0142ego psa o imieniu Jack i lubi\u0119 pi\u00f1a colady. (I wpada\u0107 w deszcz.)   <\/p><\/blockquote>\n<p>&#8230;lub co\u015b takiego:<\/p>\n<blockquote><p>Firma XYZ Doohickey zosta\u0142a za\u0142o\u017cona w 1971 roku i od tego czasu dostarcza spo\u0142ecze\u0144stwu wysokiej jako\u015bci gad\u017cety. Z siedzib\u0105 w Gotham City, XYZ zatrudnia ponad 2000 os\u00f3b i robi mn\u00f3stwo niesamowitych rzeczy dla spo\u0142eczno\u015bci Gotham. <\/p><\/blockquote>\n<p>Jako nowy u\u017cytkownik WordPressa, powiniene\u015b przej\u015b\u0107 do <a href=\"http:\/\/demo.themesuite.com\/automotive-wp\/wp-admin\/\">swojego kokpitu<\/a>, \u017ceby usun\u0105\u0107 t\u0119 stron\u0119 i utworzy\u0107 nowe strony dla swojej zawarto\u015bci. Baw si\u0119 dobrze! <\/p>\n","protected":false},"excerpt":{"rendered":"<p>To jest przyk\u0142adowa strona. R\u00f3\u017cni si\u0119 od wpisu na blogu, poniewa\u017c pozostanie w jednym miejscu i pojawi si\u0119 w nawigacji twojej strony (w wi\u0119kszo\u015bci motyw\u00f3w). Wi\u0119kszo\u015b\u0107 ludzi zaczyna od strony O nas, kt\u00f3ra przedstawia ich potencjalnym odwiedzaj\u0105cym witryn\u0119. Mo\u017ce m\u00f3wi\u0107 co\u015b takiego: <\/p>\n<p>Cze\u015b\u0107! W dzie\u0144 jestem kurierem rowerowym, w nocy aspiruj\u0105cym aktorem, a to jest m\u00f3j blog. Mieszkam w Montrealu, mam wspania\u0142ego psa o imieniu Jack i lubi\u0119 pi\u00f1a colady. (I wpada\u0107 w deszcz.) <\/p>\n<p>&#8230;lub co\u015b takiego:<\/p>\n<p>Firma XYZ Doohickey zosta\u0142a za\u0142o\u017cona w 1971 roku i od tego czasu dostarcza spo\u0142ecze\u0144stwu wysokiej jako\u015bci gad\u017cety. Z siedzib\u0105 w Gotham City, XYZ zatrudnia ponad 2000 os\u00f3b i robi mn\u00f3stwo niesamowitych rzeczy dla spo\u0142eczno\u015bci Gotham. <\/p>\n<p>Jako nowy u\u017cytkownik WordPressa, powiniene\u015b przej\u015b\u0107 do swojego kokpitu, \u017ceby usun\u0105\u0107 t\u0119 stron\u0119 i utworzy\u0107 nowe strony dla swojej zawarto\u015bci. Baw si\u0119 dobrze! <\/p>\n","protected":false},"author":1,"featured_media":0,"parent":0,"menu_order":0,"comment_status":"closed","ping_status":"closed","template":"","meta":{"footnotes":""},"class_list":["post-26495","page","type-page","status-publish","hentry"],"_links":{"self":[{"href":"https:\/\/signumexport.com\/pl\/wp-json\/wp\/v2\/pages\/26495","targetHints":{"allow":["GET"]}}],"collection":[{"href":"https:\/\/signumexport.com\/pl\/wp-json\/wp\/v2\/pages"}],"about":[{"href":"https:\/\/signumexport.com\/pl\/wp-json\/wp\/v2\/types\/page"}],"author":[{"embeddable":true,"href":"https:\/\/signumexport.com\/pl\/wp-json\/wp\/v2\/users\/1"}],"replies":[{"embeddable":true,"href":"https:\/\/signumexport.com\/pl\/wp-json\/wp\/v2\/comments?post=26495"}],"version-history":[{"count":0,"href":"https:\/\/signumexport.com\/pl\/wp-json\/wp\/v2\/pages\/26495\/revisions"}],"wp:attachment":[{"href":"https:\/\/signumexport.com\/pl\/wp-json\/wp\/v2\/media?parent=26495"}],"curies":[{"name":"wp","href":"https:\/\/api.w.org\/{rel}","templated":true}]}}