{"id":26449,"date":"2017-09-10T16:47:15","date_gmt":"2017-09-10T20:47:15","guid":{"rendered":"https:\/\/signumexport.com\/faq\/"},"modified":"2025-10-02T12:38:30","modified_gmt":"2025-10-02T16:38:30","slug":"faq","status":"publish","type":"page","link":"https:\/\/signumexport.com\/pl\/faq\/","title":{"rendered":"FAQ"},"content":{"rendered":"<div class=\"wpb-content-wrapper\"><p>[vc_row][vc_column]<div class=\"list_faq clearfix \"><h5>Sort FAQ By:<\/h5><ul><li><a href='#All' data-action='sort'>All<\/a><\/li><li><a href='#Electrical' data-action='sort'>Electrical<\/a><\/li><li><a href='#Engine' data-action='sort'>Engine<\/a><\/li><li><a href='#Mechanical' data-action='sort'>Mechanical<\/a><\/li><li><a href='#Navigation' data-action='sort'>Navigation<\/a><\/li><li><a href='#Sunroof' data-action='sort'>Sunroof<\/a><\/li><li><a href='#Stereo' data-action='sort'>Stereo<\/a><\/li><li><a href='#Wiring' data-action='sort'>Wiring<\/a><\/li><\/ul><\/div><div class=\"accordion_panel margin-top-30\"><div class=\"panel-group description-accordion faq-sort faq margin-bottom-none\" id=\"accordion\"> <!--description--><div class=\"panel panel-default padding-top-20 padding-bottom-15\" data-categories=\"Electrical,Navigational,Wiring\" itemscope itemtype=\"http:\/\/schema.org\/Question\"><div class=\"panel-heading padding-vertical-10 padding-horizontal-15\"><h4 class=\"panel-title padding-left-30\"> <a data-toggle=\"collapse\" data-parent=\"#accordion\" href=\"#collapse_uUmeEtiLmQ\" class=\"collapsed\"><span itemprop=\"text\">Jakie us\u0142ugi oferuje Signum Group?<\/span><\/a> <\/h4><\/div><div id=\"collapse_uUmeEtiLmQ\" class=\"panel-collapse collapse\" style=\"height: 0px;\"><div class=\"panel-body\"> <!--Panel_body--><div class=\"faq_post padding-left-40\"><div class=\"post-entry clearfix margin-top-10\"itemprop=\"suggestedAnswer acceptedAnswer\" itemscope itemtype=\"http:\/\/schema.org\/Answer\"><div itemprop=\"text\">Oferujemy kompleksowe us\u0142ugi w zakresie handlu samochodami, w tym pozyskiwanie pojazd\u00f3w, inspekcje, dokumentacj\u0119 eksportow\u0105, globaln\u0105 wysy\u0142k\u0119, odpraw\u0119 celn\u0105 i wsparcie w homologacji. Dzia\u0142amy zar\u00f3wno jako tradycyjny dealer, jak i specjalista ds. eksportu. <\/div><\/div><\/div><!--Panel_body--> <\/div><\/div><\/div><!--description--> <!--description--><div class=\"panel panel-default padding-top-20 padding-bottom-15\" data-categories=\"Engine,Sunroof,Wiring\" itemscope itemtype=\"http:\/\/schema.org\/Question\"><div class=\"panel-heading padding-vertical-10 padding-horizontal-15\"><h4 class=\"panel-title padding-left-30\"> <a data-toggle=\"collapse\" data-parent=\"#accordion\" href=\"#collapse_rzKOmSMUSZ\" class=\"collapsed\"><span itemprop=\"text\">Jak dzia\u0142a E-Consignment?<\/span><\/a> <\/h4><\/div><div id=\"collapse_rzKOmSMUSZ\" class=\"panel-collapse collapse\" style=\"height: 0px;\"><div class=\"panel-body\"> <!--Panel_body--><div class=\"faq_post padding-left-40\"><div class=\"post-entry clearfix margin-top-10\"itemprop=\"suggestedAnswer acceptedAnswer\" itemscope itemtype=\"http:\/\/schema.org\/Answer\"><div itemprop=\"text\">E-Consignment pozwala dealerom z USA wykorzysta\u0107 nasz\u0105 wiedz\u0119 eksportow\u0105 bez dodatkowych koszt\u00f3w. Wystawiamy Tw\u00f3j inwentarz na rynkach mi\u0119dzynarodowych, weryfikujemy kupuj\u0105cych, zajmujemy si\u0119 ca\u0142\u0105 logistyk\u0105 eksportow\u0105 i zapewniamy bezpieczne transakcje. Otrzymujesz p\u0142atno\u015b\u0107 po pomy\u015blnej dostawie.  <\/div><\/div><\/div><!--Panel_body--> <\/div><\/div><\/div><!--description--> <!--description--><div class=\"panel panel-default padding-top-20 padding-bottom-15\" data-categories=\"Electrical,Mechanical,Wiring\" itemscope itemtype=\"http:\/\/schema.org\/Question\"><div class=\"panel-heading padding-vertical-10 padding-horizontal-15\"><h4 class=\"panel-title padding-left-30\"> <a data-toggle=\"collapse\" data-parent=\"#accordion\" href=\"#collapse_HLQwGzhAPQ\" class=\"in\"><span itemprop=\"text\">Jakimi typami pojazd\u00f3w si\u0119 zajmujecie?<\/span><\/a> <\/h4><\/div><div id=\"collapse_HLQwGzhAPQ\" class=\"panel-collapse in\" style=\"height: auto;\"><div class=\"panel-body\"> <!--Panel_body--><div class=\"faq_post padding-left-40\"><div class=\"post-entry clearfix margin-top-10\"itemprop=\"suggestedAnswer acceptedAnswer\" itemscope itemtype=\"http:\/\/schema.org\/Answer\"><div itemprop=\"text\">Specjalizujemy si\u0119 w pojazdach premium, luksusowych i wysokiej warto\u015bci od g\u0142\u00f3wnych producent\u00f3w. Obejmuje to luksusowe samochody najnowszych modeli, SUV-y, samochody sportowe i wybrane pojazdy klasyczne\/kolekcjonerskie. Na \u017cyczenie mo\u017cemy pozyska\u0107 praktycznie ka\u017cd\u0105 mark\u0119\/model.  <\/div><\/div><\/div><!--Panel_body--> <\/div><\/div><\/div><!--description--> <!--description--><div class=\"panel panel-default padding-top-20 padding-bottom-15\" data-categories=\"Mechanical,Sunroof,Navigational\" itemscope itemtype=\"http:\/\/schema.org\/Question\"><div class=\"panel-heading padding-vertical-10 padding-horizontal-15\"><h4 class=\"panel-title padding-left-30\"> <a data-toggle=\"collapse\" data-parent=\"#accordion\" href=\"#collapse_ZrrDtJvmaz\" class=\"collapsed\"><span itemprop=\"text\">Do jakich kraj\u00f3w eksportujecie?<\/span><\/a> <\/h4><\/div><div id=\"collapse_ZrrDtJvmaz\" class=\"panel-collapse collapse\" style=\"height: 0px;\"><div class=\"panel-body\"> <!--Panel_body--><div class=\"faq_post padding-left-40\"><div class=\"post-entry clearfix margin-top-10\"itemprop=\"suggestedAnswer acceptedAnswer\" itemscope itemtype=\"http:\/\/schema.org\/Answer\"><div itemprop=\"text\">Z powodzeniem eksportowali\u015bmy do ponad 40 kraj\u00f3w na ca\u0142ym \u015bwiecie, ze szczeg\u00f3ln\u0105 wiedz\u0105 w zakresie Europy, Bliskiego Wschodu, Azji \u015arodkowej i Ameryki \u0141aci\u0144skiej. Skontaktuj si\u0119 z nami, aby potwierdzi\u0107 wymagania dla Twojego konkretnego miejsca docelowego. <\/div><\/div><\/div><!--Panel_body--> <\/div><\/div><\/div><!--description--> <!--description--><div class=\"panel panel-default padding-top-20 padding-bottom-15\" data-categories=\"Navigational,Stereo,Sunroof\" itemscope itemtype=\"http:\/\/schema.org\/Question\"><div class=\"panel-heading padding-vertical-10 padding-horizontal-15\"><h4 class=\"panel-title padding-left-30\"> <a data-toggle=\"collapse\" data-parent=\"#accordion\" href=\"#collapse_weoJatIoyC\" class=\"collapsed\"><span itemprop=\"text\">Jakie s\u0105 typowe terminy eksportu?<\/span><\/a> <\/h4><\/div><div id=\"collapse_weoJatIoyC\" class=\"panel-collapse collapse\" style=\"height: 0px;\"><div class=\"panel-body\"> <!--Panel_body--><div class=\"faq_post padding-left-40\"><div class=\"post-entry clearfix margin-top-10\"itemprop=\"suggestedAnswer acceptedAnswer\" itemscope itemtype=\"http:\/\/schema.org\/Answer\"><div itemprop=\"text\">Terminy r\u00f3\u017cni\u0105 si\u0119 w zale\u017cno\u015bci od miejsca docelowego i metody wysy\u0142ki. Og\u00f3lnie rzecz bior\u0105c, nale\u017cy si\u0119 spodziewa\u0107 2-4 tygodni na pozyskanie i przygotowanie, plus czas transportu (1-2 tygodnie w przypadku frachtu lotniczego, 4-8 tygodni w przypadku frachtu morskiego). Niekt\u00f3re miejsca docelowe mog\u0105 wymaga\u0107 dodatkowego czasu na homologacj\u0119.  <\/div><\/div><\/div><!--Panel_body--> <\/div><\/div><\/div><!--description--> <!--description--><div class=\"panel panel-default padding-top-20 padding-bottom-15\" data-categories=\"Engine,Navigational,Stereo\" itemscope itemtype=\"http:\/\/schema.org\/Question\"><div class=\"panel-heading padding-vertical-10 padding-horizontal-15\"><h4 class=\"panel-title padding-left-30\"> <a data-toggle=\"collapse\" data-parent=\"#accordion\" href=\"#collapse_NYzkyzTEuH\" class=\"collapsed\"><span itemprop=\"text\">Jakie metody p\u0142atno\u015bci akceptujecie?<\/span><\/a> <\/h4><\/div><div id=\"collapse_NYzkyzTEuH\" class=\"panel-collapse collapse\" style=\"height: 0px;\"><div class=\"panel-body\"> <!--Panel_body--><div class=\"faq_post padding-left-40\"><div class=\"post-entry clearfix margin-top-10\"itemprop=\"suggestedAnswer acceptedAnswer\" itemscope itemtype=\"http:\/\/schema.org\/Answer\"><div itemprop=\"text\">Oferujemy bezpieczne opcje p\u0142atno\u015bci, w tym przelewy bankowe i us\u0142ugi escrow za po\u015brednictwem Escrow.com. W przypadku transakcji dealerskich mo\u017cemy r\u00f3wnie\u017c obs\u0142ugiwa\u0107 przelewy ACH. Wszystkie transakcje s\u0105 w pe\u0142ni udokumentowane.  <\/div><\/div><\/div><!--Panel_body--> <\/div><\/div><\/div><!--description--> <!--description--><div class=\"panel panel-default padding-top-20 padding-bottom-15\" data-categories=\"Engine,Navigational,Navigational\" itemscope itemtype=\"http:\/\/schema.org\/Question\"><div class=\"panel-heading padding-vertical-10 padding-horizontal-15\"><h4 class=\"panel-title padding-left-30\"> <a data-toggle=\"collapse\" data-parent=\"#accordion\" href=\"#collapse_dIdaAnziwF\" class=\"collapsed\"><span itemprop=\"text\">Jak przeprowadzane s\u0105 inspekcje pojazd\u00f3w?<\/span><\/a> <\/h4><\/div><div id=\"collapse_dIdaAnziwF\" class=\"panel-collapse collapse\" style=\"height: 0px;\"><div class=\"panel-body\"> <!--Panel_body--><div class=\"faq_post padding-left-40\"><div class=\"post-entry clearfix margin-top-10\"itemprop=\"suggestedAnswer acceptedAnswer\" itemscope itemtype=\"http:\/\/schema.org\/Answer\"><div itemprop=\"text\">Przeprowadzamy kompleksowe inspekcje przedsprzeda\u017cowe we w\u0142asnym zakresie lub za po\u015brednictwem zaufanych dostawc\u00f3w zewn\u0119trznych. Przed finalizacj\u0105 transakcji otrzymasz szczeg\u00f3\u0142owe raporty ze zdj\u0119ciami. <\/div><\/div><\/div><!--Panel_body--> <\/div><\/div><\/div><!--description--> <!--description--><div class=\"panel panel-default padding-top-20 padding-bottom-15\" data-categories=\"Electrical,Sunroof,Wiring\" itemscope itemtype=\"http:\/\/schema.org\/Question\"><div class=\"panel-heading padding-vertical-10 padding-horizontal-15\"><h4 class=\"panel-title padding-left-30\"> <a data-toggle=\"collapse\" data-parent=\"#accordion\" href=\"#collapse_eCsCWIWAiq\" class=\"collapsed\"><span itemprop=\"text\">Czym jest homologacja i czy jest wymagana?<\/span><\/a> <\/h4><\/div><div id=\"collapse_eCsCWIWAiq\" class=\"panel-collapse collapse\" style=\"height: 0px;\"><div class=\"panel-body\"> <!--Panel_body--><div class=\"faq_post padding-left-40\"><div class=\"post-entry clearfix margin-top-10\"itemprop=\"suggestedAnswer acceptedAnswer\" itemscope itemtype=\"http:\/\/schema.org\/Answer\"><div itemprop=\"text\">Homologacja to proces modyfikacji pojazdu w celu spe\u0142nienia przepis\u00f3w kraju docelowego. Wymagania r\u00f3\u017cni\u0105 si\u0119 znacznie &#8211; niekt\u00f3re kraje potrzebuj\u0105 minimalnych zmian, podczas gdy inne wymagaj\u0105 znacz\u0105cych modyfikacji. Przeprowadzimy Ci\u0119 przez ten proces.  <\/div><\/div><\/div><!--Panel_body--> <\/div><\/div><\/div><!--description--> <!--description--><div class=\"panel panel-default padding-top-20 padding-bottom-15\" data-categories=\"Mechanical,Engine,Stereo\" itemscope itemtype=\"http:\/\/schema.org\/Question\"><div class=\"panel-heading padding-vertical-10 padding-horizontal-15\"><h4 class=\"panel-title padding-left-30\"> <a data-toggle=\"collapse\" data-parent=\"#accordion\" href=\"#collapse_FOuBVWWUth\" class=\"collapsed\"><span itemprop=\"text\">Jak zajmujecie si\u0119 odpraw\u0105 celn\u0105?<\/span><\/a> <\/h4><\/div><div id=\"collapse_FOuBVWWUth\" class=\"panel-collapse collapse\" style=\"height: 0px;\"><div class=\"panel-body\"> <!--Panel_body--><div class=\"faq_post padding-left-40\"><div class=\"post-entry clearfix margin-top-10\"itemprop=\"suggestedAnswer acceptedAnswer\" itemscope itemtype=\"http:\/\/schema.org\/Answer\"><div itemprop=\"text\">Przygotowujemy ca\u0142\u0105 niezb\u0119dn\u0105 dokumentacj\u0119 eksportow\u0105 w USA i koordynujemy dzia\u0142ania z brokerami celnymi w kraju docelowym, aby zapewni\u0107 sprawn\u0105 odpraw\u0119. Otrzymasz wskaz\u00f3wki dotycz\u0105ce wszelkich ce\u0142 lub podatk\u00f3w p\u0142atnych po przybyciu. <\/div><\/div><\/div><!--Panel_body--> <\/div><\/div><\/div><!--description--> <!--description--><div class=\"panel panel-default padding-top-20 padding-bottom-15\" data-categories=\"Mechanical,Engine,Stereo\" itemscope itemtype=\"http:\/\/schema.org\/Question\"><div class=\"panel-heading padding-vertical-10 padding-horizontal-15\"><h4 class=\"panel-title padding-left-30\"> <a data-toggle=\"collapse\" data-parent=\"#accordion\" href=\"#collapse_UNjxDPXQLx\" class=\"collapsed\"><span itemprop=\"text\">W jakich j\u0119zykach m\u00f3wi Wasz zesp\u00f3\u0142?<\/span><\/a> <\/h4><\/div><div id=\"collapse_UNjxDPXQLx\" class=\"panel-collapse collapse\" style=\"height: 0px;\"><div class=\"panel-body\"> <!--Panel_body--><div class=\"faq_post padding-left-40\"><div class=\"post-entry clearfix margin-top-10\"itemprop=\"suggestedAnswer acceptedAnswer\" itemscope itemtype=\"http:\/\/schema.org\/Answer\"><div itemprop=\"text\">Nasz zesp\u00f3\u0142 biegle pos\u0142uguje si\u0119 j\u0119zykiem angielskim, francuskim, perskim, rosyjskim i ukrai\u0144skim. W razie potrzeby mo\u017cemy zorganizowa\u0107 wsparcie t\u0142umaczeniowe dla innych j\u0119zyk\u00f3w. <\/div><\/div><\/div><!--Panel_body--> <\/div><\/div><\/div><!--description--> <\/div><\/div>[\/vc_column][\/vc_row]<\/p>\n<\/div>","protected":false},"excerpt":{"rendered":"<p>[vc_row][vc_column][\/vc_column][\/vc_row]<\/p>\n","protected":false},"author":1,"featured_media":0,"parent":0,"menu_order":0,"comment_status":"closed","ping_status":"closed","template":"","meta":{"footnotes":""},"class_list":["post-26449","page","type-page","status-publish","hentry"],"_links":{"self":[{"href":"https:\/\/signumexport.com\/pl\/wp-json\/wp\/v2\/pages\/26449","targetHints":{"allow":["GET"]}}],"collection":[{"href":"https:\/\/signumexport.com\/pl\/wp-json\/wp\/v2\/pages"}],"about":[{"href":"https:\/\/signumexport.com\/pl\/wp-json\/wp\/v2\/types\/page"}],"author":[{"embeddable":true,"href":"https:\/\/signumexport.com\/pl\/wp-json\/wp\/v2\/users\/1"}],"replies":[{"embeddable":true,"href":"https:\/\/signumexport.com\/pl\/wp-json\/wp\/v2\/comments?post=26449"}],"version-history":[{"count":1,"href":"https:\/\/signumexport.com\/pl\/wp-json\/wp\/v2\/pages\/26449\/revisions"}],"predecessor-version":[{"id":26457,"href":"https:\/\/signumexport.com\/pl\/wp-json\/wp\/v2\/pages\/26449\/revisions\/26457"}],"wp:attachment":[{"href":"https:\/\/signumexport.com\/pl\/wp-json\/wp\/v2\/media?parent=26449"}],"curies":[{"name":"wp","href":"https:\/\/api.w.org\/{rel}","templated":true}]}}