{"id":26380,"date":"2017-09-10T16:38:27","date_gmt":"2017-09-10T20:38:27","guid":{"rendered":"https:\/\/signumexport.com\/blad-404-plik-nie-zostal-znaleziony\/"},"modified":"2017-09-10T16:38:27","modified_gmt":"2017-09-10T20:38:27","slug":"blad-404-plik-nie-zostal-znaleziony","status":"publish","type":"page","link":"https:\/\/signumexport.com\/pl\/blad-404-plik-nie-zostal-znaleziony\/","title":{"rendered":"B\u0142\u0105d 404: plik nie zosta\u0142 znaleziony."},"content":{"rendered":"","protected":false},"excerpt":{"rendered":"","protected":false},"author":1,"featured_media":0,"parent":0,"menu_order":0,"comment_status":"closed","ping_status":"closed","template":"404.php","meta":{"footnotes":""},"class_list":["post-26380","page","type-page","status-publish","hentry"],"_links":{"self":[{"href":"https:\/\/signumexport.com\/pl\/wp-json\/wp\/v2\/pages\/26380","targetHints":{"allow":["GET"]}}],"collection":[{"href":"https:\/\/signumexport.com\/pl\/wp-json\/wp\/v2\/pages"}],"about":[{"href":"https:\/\/signumexport.com\/pl\/wp-json\/wp\/v2\/types\/page"}],"author":[{"embeddable":true,"href":"https:\/\/signumexport.com\/pl\/wp-json\/wp\/v2\/users\/1"}],"replies":[{"embeddable":true,"href":"https:\/\/signumexport.com\/pl\/wp-json\/wp\/v2\/comments?post=26380"}],"version-history":[{"count":0,"href":"https:\/\/signumexport.com\/pl\/wp-json\/wp\/v2\/pages\/26380\/revisions"}],"wp:attachment":[{"href":"https:\/\/signumexport.com\/pl\/wp-json\/wp\/v2\/media?parent=26380"}],"curies":[{"name":"wp","href":"https:\/\/api.w.org\/{rel}","templated":true}]}}