{"id":26365,"date":"2025-07-29T22:10:33","date_gmt":"2025-07-30T02:10:33","guid":{"rendered":"https:\/\/signumexport.com\/proces-eksportu\/"},"modified":"2025-10-02T12:38:21","modified_gmt":"2025-10-02T16:38:21","slug":"proces-eksportu","status":"publish","type":"page","link":"https:\/\/signumexport.com\/pl\/proces-eksportu\/","title":{"rendered":"Proces eksportu"},"content":{"rendered":"<div class=\"wpb-content-wrapper\"><p>[vc_row el_class=&#8221;margin-bottom-none padding-bottom-10 margin-top-30&#8243;][vc_column css=&#8221;.vc_custom_1753806879340{padding-top: 50px !important;padding-bottom: 50px !important;border-radius: 1px !important;border-color: #DDDDDD !important;}&#8221;][vc_single_image image=&#8221;24651&#8243; img_size=&#8221;full&#8221; alignment=&#8221;right&#8221; css=&#8221;&#8221;][\/vc_column][\/vc_row][vc_row css=&#8221;.vc_custom_1515782941289{margin-bottom: 0px !important;}&#8221; el_class=&#8221;margin-bottom-none&#8221;][vc_column width=&#8221;1\/4&#8243;][\/vc_column][vc_column width=&#8221;1\/2&#8243;][vc_column_text css=&#8221;.vc_custom_1757628352146{margin-bottom: 20px !important;}&#8221;]<\/p>\n<h2 style=\"text-align: center;\"><strong>JAK TO DZIA\u0141A?<\/strong><\/h2>\n<p>[\/vc_column_text][vc_column_text css=&#8221;.vc_custom_1757628462120{margin-bottom: 20px !important;}&#8221;]\u00a0[\/vc_column_text][vc_column_text css=&#8221;&#8221; el_class=&#8221;padding-left-none xs-padding-bottom-40&#8243;]<\/p>\n<h3 style=\"text-align: center;\" data-start=\"794\" data-end=\"816\"><span style=\"color: #993300;\"><strong data-start=\"800\" data-end=\"816\">Proces eksportu krok po kroku<\/strong><\/span><\/h3>\n<p>&nbsp;<\/p>\n<ol data-start=\"467\" data-end=\"1655\">\n<li data-start=\"467\" data-end=\"556\">\n<p data-start=\"470\" data-end=\"556\"><strong data-start=\"470\" data-end=\"501\">Z\u0142\u00f3\u017c zapytanie o pojazd<\/strong><br data-start=\"501\" data-end=\"504\">Skontaktuj si\u0119 z nami i okre\u015bl swoje dok\u0142adne potrzeby i preferencje.<\/p>\n<\/li>\n<li data-start=\"558\" data-end=\"637\">\n<p data-start=\"561\" data-end=\"637\"><strong data-start=\"561\" data-end=\"586\">Rozpocz\u0119cie poszukiwania pojazdu<\/strong><br data-start=\"586\" data-end=\"589\">Znajdujemy najlepiej dopasowany pojazd (lub pojazdy) dla Ciebie.<\/p>\n<\/li>\n<li data-start=\"639\" data-end=\"720\">\n<p data-start=\"642\" data-end=\"720\"><strong data-start=\"642\" data-end=\"669\">Negocjacje i najlepsza oferta<\/strong><br data-start=\"669\" data-end=\"672\">Negocjujemy najni\u017csz\u0105 cen\u0119 w Twoim imieniu.<\/p>\n<\/li>\n<li data-start=\"722\" data-end=\"806\">\n<p data-start=\"725\" data-end=\"806\"><strong data-start=\"725\" data-end=\"754\">Podpisanie umowy zakupu<\/strong><br data-start=\"754\" data-end=\"757\">Przygotowujemy i finalizujemy umow\u0119 zakupu.<\/p>\n<\/li>\n<li data-start=\"808\" data-end=\"891\">\n<p data-start=\"811\" data-end=\"891\"><strong data-start=\"811\" data-end=\"836\">Pierwsza wp\u0142ata (30%)<\/strong><br data-start=\"836\" data-end=\"839\">Wp\u0142acasz 30% zaliczki, aby zarezerwowa\u0107 pojazd.<\/p>\n<\/li>\n<li data-start=\"893\" data-end=\"974\">\n<p data-start=\"896\" data-end=\"974\"><strong data-start=\"896\" data-end=\"918\">Inspekcja pojazdu<\/strong><br data-start=\"918\" data-end=\"921\">Organizujemy szczeg\u00f3\u0142ow\u0105 inspekcj\u0119 przed transportem.<\/p>\n<\/li>\n<li data-start=\"976\" data-end=\"1061\">\n<p data-start=\"979\" data-end=\"1061\"><strong data-start=\"979\" data-end=\"1004\">Transport l\u0105dowy<\/strong><br data-start=\"1004\" data-end=\"1007\">Tw\u00f3j pojazd jest transportowany do miejsca eksportu.<\/p>\n<\/li>\n<li data-start=\"1063\" data-end=\"1139\">\n<p data-start=\"1066\" data-end=\"1139\"><strong data-start=\"1066\" data-end=\"1094\">P\u0142atno\u015b\u0107 ko\u0144cowa przez escrow<\/strong><br data-start=\"1094\" data-end=\"1097\">Bezpiecznie op\u0142acasz pozosta\u0142\u0105 kwot\u0119.<\/p>\n<\/li>\n<li data-start=\"1141\" data-end=\"1225\">\n<p data-start=\"1144\" data-end=\"1225\"><strong data-start=\"1144\" data-end=\"1172\">Odprawa celna eksportowa<\/strong><br data-start=\"1172\" data-end=\"1175\">Zajmujemy si\u0119 dokumentacj\u0105 i formalno\u015bciami celnymi.<\/p>\n<\/li>\n<li data-start=\"1227\" data-end=\"1306\">\n<p data-start=\"1231\" data-end=\"1306\"><strong data-start=\"1231\" data-end=\"1252\">Transport morski<\/strong><br data-start=\"1252\" data-end=\"1255\">Pojazd jest wysy\u0142any drog\u0105 morsk\u0105 lub lotnicz\u0105.<\/p>\n<\/li>\n<li data-start=\"1308\" data-end=\"1394\">\n<p data-start=\"1312\" data-end=\"1394\"><strong data-start=\"1312\" data-end=\"1340\">Odprawa celna importowa<\/strong><br data-start=\"1340\" data-end=\"1343\">Tw\u00f3j pojazd przechodzi odpraw\u0119 celn\u0105 w miejscu docelowym.<\/p>\n<\/li>\n<li data-start=\"1396\" data-end=\"1489\">\n<p data-start=\"1400\" data-end=\"1489\"><strong data-start=\"1400\" data-end=\"1433\">Polecenie partnera homologacyjnego<\/strong><br data-start=\"1433\" data-end=\"1436\">\u0141\u0105czymy Ci\u0119 z zaufanymi ekspertami ds. homologacji.<\/p>\n<\/li>\n<li data-start=\"1491\" data-end=\"1573\">\n<p data-start=\"1495\" data-end=\"1573\"><strong data-start=\"1495\" data-end=\"1519\">Proces homologacji<\/strong><br data-start=\"1519\" data-end=\"1522\">Przeprowadzane s\u0105 modyfikacje i certyfikacje.<\/p>\n<\/li>\n<li data-start=\"1575\" data-end=\"1655\">\n<p data-start=\"1579\" data-end=\"1655\"><strong data-start=\"1579\" data-end=\"1597\">Dostawa ko\u0144cowa<\/strong><br data-start=\"1597\" data-end=\"1600\">Tw\u00f3j pojazd jest dostarczany do miejsca docelowego.<\/p>\n<\/li>\n<\/ol>\n<p>[\/vc_column_text][\/vc_column][vc_column width=&#8221;1\/4&#8243;][\/vc_column][\/vc_row][vc_row el_class=&#8221;margin-bottom-none padding-bottom-10 margin-top-30&#8243;][vc_column css=&#8221;.vc_custom_1753806596455{padding-top: 50px !important;padding-bottom: 50px !important;border-radius: 1px !important;border-color: #DDDDDD !important;}&#8221;][\/vc_column][\/vc_row][vc_row el_class=&#8221;margin-bottom-none margin-top-30&#8243;][vc_column][vc_column_text css=&#8221;.vc_custom_1515783708727{margin-bottom: 30px !important;}&#8221;]<\/p>\n<h3>NASZE WYBRANE MARKI<\/h3>\n<p>[\/vc_column_text]<div class=\"featured-brand \"><div class=\"arrow2 pull-right clearfix slideControls\"><span class=\"next-btn\"><\/span><span class=\"prev-btn\"><\/span><\/div><div class=\"carousel-slider featured_slider\"><div class='slide hoverimg'><a href='#' style='background-image: url(https:\/\/signumexport.com\/wp-content\/uploads\/2024\/10\/Rolls-Royce-Small.png);' data-hoverimg='https:\/\/signumexport.com\/wp-content\/uploads\/2024\/10\/Rolls-Royce-Small.png'><\/a><\/div><div class='slide hoverimg'><a href='#' style='background-image: url(https:\/\/signumexport.com\/wp-content\/uploads\/2024\/10\/Tesla-1-e1727807381777.png);' data-hoverimg='https:\/\/signumexport.com\/wp-content\/uploads\/2024\/10\/Tesla-1-e1727807381777.png'><\/a><\/div><div class='slide hoverimg'><a href='#' style='background-image: url(https:\/\/signumexport.com\/wp-content\/uploads\/2024\/10\/BMW-e1727809752728.png);' data-hoverimg='https:\/\/signumexport.com\/wp-content\/uploads\/2024\/10\/BMW-e1727809752728.png'><\/a><\/div><div class='slide hoverimg'><a href='#' style='background-image: url(https:\/\/signumexport.com\/wp-content\/uploads\/2024\/10\/Audi-2-e1727816199648.png);' data-hoverimg='https:\/\/signumexport.com\/wp-content\/uploads\/2024\/10\/Audi-2-e1727816199648.png'><\/a><\/div><div class='slide hoverimg'><a href='#' style='background-image: url(https:\/\/signumexport.com\/wp-content\/uploads\/2024\/10\/\u0441hevrolet-logo-transparent-background-1-e1728321850823.png);' data-hoverimg='https:\/\/signumexport.com\/wp-content\/uploads\/2024\/10\/\u0441hevrolet-logo-transparent-background-1-e1728321850823.png'><\/a><\/div><div class='slide hoverimg'><a href='#' style='background-image: url(https:\/\/signumexport.com\/wp-content\/uploads\/2024\/10\/Dodge-2-Transparent-Background-e1728298471892.png);' data-hoverimg='https:\/\/signumexport.com\/wp-content\/uploads\/2024\/10\/Dodge-2-Transparent-Background-e1728298471892.png'><\/a><\/div><div class='slide hoverimg'><a href='#' style='background-image: url(https:\/\/signumexport.com\/wp-content\/uploads\/2024\/10\/Mercedes-Small-1.png);' data-hoverimg='https:\/\/signumexport.com\/wp-content\/uploads\/2024\/10\/Mercedes-Small-1.png'><\/a><\/div><div class='slide hoverimg'><a href='#' style='background-image: url(https:\/\/signumexport.com\/wp-content\/uploads\/2024\/10\/GMC-Logo-Transparent-Background-Small-e1728313060237.png);' data-hoverimg='https:\/\/signumexport.com\/wp-content\/uploads\/2024\/10\/GMC-Logo-Transparent-Background-Small-e1728313060237.png'><\/a><\/div><div class='slide hoverimg'><a href='#' style='background-image: url(https:\/\/signumexport.com\/wp-content\/uploads\/2024\/10\/Cadillac-logo-Transparent-Background-e1728304282605.png);' data-hoverimg='https:\/\/signumexport.com\/wp-content\/uploads\/2024\/10\/Cadillac-logo-Transparent-Background-e1728304282605.png'><\/a><\/div><div class='slide hoverimg'><a href='#' style='background-image: url(https:\/\/signumexport.com\/wp-content\/uploads\/2024\/10\/ford-logo-Transparent-background-2-e1728312861585.png);' data-hoverimg='https:\/\/signumexport.com\/wp-content\/uploads\/2024\/10\/ford-logo-Transparent-background-2-e1728312861585.png'><\/a><\/div><div class='slide hoverimg'><a href='#' style='background-image: url(https:\/\/signumexport.com\/wp-content\/uploads\/2024\/10\/Jaguar-logo-Transparent-background-e1728322336134.png);' data-hoverimg='https:\/\/signumexport.com\/wp-content\/uploads\/2024\/10\/Jaguar-logo-Transparent-background-e1728322336134.png'><\/a><\/div><div class='slide hoverimg'><a href='#' style='background-image: url(https:\/\/signumexport.com\/wp-content\/uploads\/2024\/10\/Porsche-Logo-Transparent-background-e1728323105771.png);' data-hoverimg='https:\/\/signumexport.com\/wp-content\/uploads\/2024\/10\/Porsche-Logo-Transparent-background-e1728323105771.png'><\/a><\/div><div class='slide hoverimg'><a href='#' style='background-image: url(https:\/\/signumexport.com\/wp-content\/uploads\/2024\/10\/Viper-Logo-Transparent-Background-e1728324876415.png);' data-hoverimg='https:\/\/signumexport.com\/wp-content\/uploads\/2024\/10\/Viper-Logo-Transparent-Background-e1728324876415.png'><\/a><\/div><div class='slide hoverimg'><a href='#' style='background-image: url(https:\/\/signumexport.com\/wp-content\/uploads\/2024\/10\/Fisker-logo-Transparent-Background-e1728324997453.png);' data-hoverimg='https:\/\/signumexport.com\/wp-content\/uploads\/2024\/10\/Fisker-logo-Transparent-Background-e1728324997453.png'><\/a><\/div><div class='slide hoverimg'><a href='#' style='background-image: url(https:\/\/signumexport.com\/wp-content\/uploads\/2024\/10\/VW-logo-Transparent-Background-e1728325631798.png);' data-hoverimg='https:\/\/signumexport.com\/wp-content\/uploads\/2024\/10\/VW-logo-Transparent-Background-e1728325631798.png'><\/a><\/div><div class='slide hoverimg'><a href='#' style='background-image: url(https:\/\/signumexport.com\/wp-content\/uploads\/2024\/10\/volvo-logo-Transparent-e1728326015445.png);' data-hoverimg='https:\/\/signumexport.com\/wp-content\/uploads\/2024\/10\/volvo-logo-Transparent-e1728326015445.png'><\/a><\/div><div class='slide hoverimg'><a href='#' style='background-image: url(https:\/\/signumexport.com\/wp-content\/uploads\/2024\/10\/Lucid-Transparent-background-e1728326224645.png);' data-hoverimg='https:\/\/signumexport.com\/wp-content\/uploads\/2024\/10\/Lucid-Transparent-background-e1728326224645.png'><\/a><\/div><\/div><\/div>[\/vc_column][\/vc_row]<\/p>\n<\/div>","protected":false},"excerpt":{"rendered":"<p>[vc_row el_class=&#8221;margin-bottom-none padding-bottom-10 margin-top-30&#8243;][vc_column css=&#8221;.vc_custom_1753806879340{padding-top: 50px !important;padding-bottom: 50px !important;border-radius: 1px !important;border-color: #DDDDDD !important;}&#8221;][vc_single_image image=&#8221;24651&#8243; img_size=&#8221;full&#8221; alignment=&#8221;right&#8221; css=&#8221;&#8221;][\/vc_column][\/vc_row][vc_row css=&#8221;.vc_custom_1515782941289{margin-bottom: 0px !important;}&#8221; el_class=&#8221;margin-bottom-none&#8221;][vc_column width=&#8221;1\/4&#8243;][\/vc_column][vc_column width=&#8221;1\/2&#8243;][vc_column_text css=&#8221;.vc_custom_1757628352146{margin-bottom: 20px !important;}&#8221;]<\/p>\n<p> <strong>JAK TO DZIA\u0141A?<\/strong> <\/p>\n<p>[\/vc_column_text][vc_column_text css=&#8221;.vc_custom_1757628462120{margin-bottom: 20px !important;}&#8221;]\u00a0[\/vc_column_text][vc_column_text css=&#8221;&#8221; el_class=&#8221;padding-left-none xs-padding-bottom-40&#8243;]<\/p>\n<p> <strong data-start=\"800\" data-end=\"816\">Proces eksportu krok po kroku<\/strong> <\/p>\n<p>&nbsp;<\/p>\n<ol data-start=\"467\" data-end=\"1655\">\n<li data-start=\"467\" data-end=\"556\">\n<p data-start=\"470\" data-end=\"556\"><strong data-start=\"470\" data-end=\"501\">Z\u0142\u00f3\u017c zapytanie o pojazd<\/strong><br data-start=\"501\" data-end=\"504\"\/>Skontaktuj si\u0119 z nami i okre\u015bl swoje dok\u0142adne potrzeby i preferencje.<\/p>\n<\/li>\n<li data-start=\"558\" data-end=\"637\">\n<p data-start=\"561\" data-end=\"637\"><strong data-start=\"561\" data-end=\"586\">Rozpocz\u0119cie poszukiwania pojazdu<\/strong><br data-start=\"586\" data-end=\"589\"\/>Znajdujemy najlepiej dopasowany pojazd (lub pojazdy) dla Ciebie.<\/p>\n<\/li>\n<li data-start=\"639\" data-end=\"720\">\n<p data-start=\"642\" data-end=\"720\"><strong data-start=\"642\" data-end=\"669\">Negocjacje i najlepsza oferta<\/strong><br data-start=\"669\" data-end=\"672\"\/>Negocjujemy najni\u017csz\u0105 cen\u0119 w Twoim imieniu.<\/p>\n<\/li>\n<li data-start=\"722\" data-end=\"806\">\n<p data-start=\"725\" data-end=\"806\"><strong data-start=\"725\" data-end=\"754\">Podpisanie umowy zakupu<\/strong><br data-start=\"754\" data-end=\"757\"\/>Przygotowujemy i finalizujemy umow\u0119 zakupu.<\/p>\n<\/li>\n<li data-start=\"808\" data-end=\"891\">\n<p data-start=\"811\" data-end=\"891\"><strong data-start=\"811\" data-end=\"836\">Pierwsza wp\u0142ata (30%)<\/strong><br data-start=\"836\" data-end=\"839\"\/>Wp\u0142acasz 30% zaliczki, aby zarezerwowa\u0107 pojazd.<\/p>\n<\/li>\n<li data-start=\"893\" data-end=\"974\">\n<p data-start=\"896\" data-end=\"974\"><strong data-start=\"896\" data-end=\"918\">Inspekcja pojazdu<\/strong><br data-start=\"918\" [...]<\/p>\n<\/li>\n<\/ol>\n","protected":false},"author":1,"featured_media":0,"parent":0,"menu_order":0,"comment_status":"closed","ping_status":"closed","template":"","meta":{"footnotes":""},"class_list":["post-26365","page","type-page","status-publish","hentry"],"_links":{"self":[{"href":"https:\/\/signumexport.com\/pl\/wp-json\/wp\/v2\/pages\/26365","targetHints":{"allow":["GET"]}}],"collection":[{"href":"https:\/\/signumexport.com\/pl\/wp-json\/wp\/v2\/pages"}],"about":[{"href":"https:\/\/signumexport.com\/pl\/wp-json\/wp\/v2\/types\/page"}],"author":[{"embeddable":true,"href":"https:\/\/signumexport.com\/pl\/wp-json\/wp\/v2\/users\/1"}],"replies":[{"embeddable":true,"href":"https:\/\/signumexport.com\/pl\/wp-json\/wp\/v2\/comments?post=26365"}],"version-history":[{"count":4,"href":"https:\/\/signumexport.com\/pl\/wp-json\/wp\/v2\/pages\/26365\/revisions"}],"predecessor-version":[{"id":26377,"href":"https:\/\/signumexport.com\/pl\/wp-json\/wp\/v2\/pages\/26365\/revisions\/26377"}],"wp:attachment":[{"href":"https:\/\/signumexport.com\/pl\/wp-json\/wp\/v2\/media?parent=26365"}],"curies":[{"name":"wp","href":"https:\/\/api.w.org\/{rel}","templated":true}]}}