{"id":4297,"date":"2017-09-11T10:42:20","date_gmt":"2017-09-11T14:42:20","guid":{"rendered":"https:\/\/signumexport.com\/il-nostro-team\/"},"modified":"2025-09-08T15:24:40","modified_gmt":"2025-09-08T19:24:40","slug":"il-nostro-team","status":"publish","type":"page","link":"https:\/\/signumexport.com\/it\/il-nostro-team\/","title":{"rendered":"Il nostro team"},"content":{"rendered":"<div class=\"wpb-content-wrapper\"><p>[vc_row css=&#8221;.vc_custom_1410358708453{margin-bottom: 10px !important;}&#8221;][vc_column][vc_column_text css=&#8221;.vc_custom_1727887938351{margin-bottom: 0px !important;}&#8221;]<\/p>\n<h3>IL NOSTRO TEAM<\/h3>\n<p>[\/vc_column_text][\/vc_column][\/vc_row][vc_row css=&#8221;.vc_custom_1410359107639{margin-bottom: 70px !important;}&#8221;][vc_column width=&#8221;1\/3&#8243;]<div class=\"team hoverimg \"  itemscope itemtype=\"http:\/\/schema.org\/Person\"> <a href=\"https:\/\/signumexport.com\/wp-content\/uploads\/2025\/07\/IMG_3986.jpg\" class=\"fancybox\"> <img loading=\"lazy\" decoding=\"async\" src=\"https:\/\/signumexport.com\/wp-content\/uploads\/2025\/07\/IMG_3986.jpg\" class=\"aligncenter no_border\" alt=\"Karim Nabizada\" width=\"1024\" height=\"1024\" itemprop=\"image\" \/> <\/a><div class=\"name_post\"><h4 itemprop=\"name\">Karim Nabizada<\/h4><p itemprop=\"jobTitle\">Chief Executive Officer \/ CEO<\/p><\/div><div class=\"about_team\"><p>Il nostro fondatore ha creato il marchio Signum Group nel 1991. Forte di 16 anni di esperienza nell&#8217;importazione dalla UE e 18 anni nell&#8217;esportazione dagli Stati Uniti, Karim apporta una doppia competenza a Signum Group. Con oltre tre decenni nel settore automobilistico, Karim offre una conoscenza impareggiabile dei mercati europei e americani, garantendo transazioni senza problemi per i clienti di tutto il mondo.  <\/p><ul><li><i class=\"fa fa-phone\"><\/i><span itemprop=\"telephone\">941-882-8008<\/span><\/li><li><i class=\"fa fa-mobile\"><\/i><span itemprop=\"telephone\">941-882-8008<\/span><\/li><li><i class=\"fa fa-envelope-o\"><\/i><a href='mailto:karim.nabizada@signumexport.com' itemprop=\"email\">karim.nabizada@signumexport.com<\/a><\/li><\/ul><\/div><div class=\"social_team pull-left\"><ul class=\"social\"><li class='margin-bottom-none'><a href=\"#\" class=\"facebook \"><\/a><\/li>\n<li class='margin-bottom-none'><a href=\"#\" class=\"twitter \"><\/a><\/li>\n<li class='margin-bottom-none'><a href=\"#\" class=\"linkedin \"><\/a><\/li>\n<li class='margin-bottom-none'><a href=\"#\" class=\"flickr \"><\/a><\/li>\n<li class='margin-bottom-none'><a href=\"#\" class=\"google \"><\/a><\/li>\n<\/ul><\/div><div class=\"clearfix\"><\/div><\/div>[\/vc_column][vc_column width=&#8221;1\/3&#8243;]<div class=\"team hoverimg \"  itemscope itemtype=\"http:\/\/schema.org\/Person\"> <a href=\"https:\/\/signumexport.com\/wp-content\/uploads\/2025\/07\/IMG_3961.jpg\" class=\"fancybox\"> <img loading=\"lazy\" decoding=\"async\" src=\"https:\/\/signumexport.com\/wp-content\/uploads\/2025\/07\/IMG_3961.jpg\" class=\"aligncenter no_border\" alt=\"Veronica Nabizada\" width=\"1024\" height=\"1024\" itemprop=\"image\" \/> <\/a><div class=\"name_post\"><h4 itemprop=\"name\">Veronica Nabizada<\/h4><p itemprop=\"jobTitle\">Chief Financial Officer \/ CFO<\/p><\/div><div class=\"about_team\"><p>Veronica gestisce tutti gli aspetti delle transazioni finanziarie e della documentazione con velocit\u00e0 e precisione senza pari. La sua mentalit\u00e0 orientata ai dettagli e la sua incessante determinazione assicurano che anche le pratiche burocratiche pi\u00f9 complesse siano gestite rapidamente e senza intoppi. Nota per essere sempre due passi avanti, spinge attivamente tutte le parti a mantenere il processo fluido e nei tempi previsti.  <\/p><ul><li><i class=\"fa fa-phone\"><\/i><span itemprop=\"telephone\">941-882-8008<\/span><\/li><li><i class=\"fa fa-mobile\"><\/i><span itemprop=\"telephone\">941-882-8008<\/span><\/li><li><i class=\"fa fa-envelope-o\"><\/i><a href='mailto:veronica.nabizada@signumexport.com' itemprop=\"email\">veronica.nabizada@signumexport.com<\/a><\/li><\/ul><\/div><div class=\"social_team pull-left\"><ul class=\"social\"><li class='margin-bottom-none'><a href=\"#\" class=\"facebook \"><\/a><\/li>\n<li class='margin-bottom-none'><a href=\"#\" class=\"twitter \"><\/a><\/li>\n<li class='margin-bottom-none'><a href=\"#\" class=\"linkedin \"><\/a><\/li>\n<\/ul><\/div><div class=\"clearfix\"><\/div><\/div>[\/vc_column][vc_column width=&#8221;1\/3&#8243;]<div class=\"team hoverimg \"  itemscope itemtype=\"http:\/\/schema.org\/Person\"> <a href=\"https:\/\/signumexport.com\/wp-content\/uploads\/2025\/07\/IMG_4103.jpg\" class=\"fancybox\"> <img loading=\"lazy\" decoding=\"async\" src=\"https:\/\/signumexport.com\/wp-content\/uploads\/2025\/07\/IMG_4103.jpg\" class=\"aligncenter no_border\" alt=\"Fabio Nabizada\" width=\"1024\" height=\"1024\" itemprop=\"image\" \/> <\/a><div class=\"name_post\"><h4 itemprop=\"name\">Fabio Nabizada<\/h4><p itemprop=\"jobTitle\">Team Professional Race &amp; Aircraft Pilot<\/p><\/div><div class=\"about_team\"><p>Fabio porta una concentrazione e un&#8217;abilit\u00e0 senza pari in ambienti ad alta velocit\u00e0 e precisione. La sua passione per tutta la vita per gli sport motoristici e l&#8217;aviazione alimenta una straordinaria accuratezza, rapidit\u00e0 decisionale e padronanza tecnica ben oltre i suoi anni. Sia che piloti veicoli o aeromobili, esegue manovre complesse in modo impeccabile, rendendolo un membro prezioso del team di Signum Group.  <\/p><ul><li><i class=\"fa fa-phone\"><\/i><span itemprop=\"telephone\">941-882-8008<\/span><\/li><li><i class=\"fa fa-mobile\"><\/i><span itemprop=\"telephone\">941-882-8008<\/span><\/li><li><i class=\"fa fa-envelope-o\"><\/i><a href='mailto:fabio.nabizada@signumexport.com' itemprop=\"email\">fabio.nabizada@signumexport.com<\/a><\/li><\/ul><\/div><div class=\"social_team pull-left\"><ul class=\"social\"><li class='margin-bottom-none'><a href=\"#\" class=\"facebook \"><\/a><\/li>\n<li class='margin-bottom-none'><a href=\"#\" class=\"twitter \"><\/a><\/li>\n<li class='margin-bottom-none'><a href=\"#\" class=\"linkedin \"><\/a><\/li>\n<li class='margin-bottom-none'><a href=\"#\" class=\"google \"><\/a><\/li>\n<\/ul><\/div><div class=\"clearfix\"><\/div><\/div>[\/vc_column][\/vc_row][vc_row css=&#8221;.vc_custom_1410359107639{margin-bottom: 70px !important;}&#8221;][vc_column width=&#8221;1\/3&#8243;]<div class=\"team hoverimg \"  itemscope itemtype=\"http:\/\/schema.org\/Person\"> <a href=\"https:\/\/signumexport.com\/wp-content\/uploads\/2025\/08\/Jamie-Smith-2-e1755549311570.jpg\" class=\"fancybox\"> <img loading=\"lazy\" decoding=\"async\" src=\"https:\/\/signumexport.com\/wp-content\/uploads\/2025\/08\/Jamie-Smith-2-e1755549311570.jpg\" class=\"aligncenter no_border\" alt=\"Jamie Smith\" width=\"1024\" height=\"1024\" itemprop=\"image\" \/> <\/a><div class=\"name_post\"><h4 itemprop=\"name\">Jamie Smith<\/h4><p itemprop=\"jobTitle\">Acquisition Specialist<\/p><\/div><div class=\"about_team\"><p>Il nostro esperto di approvvigionamento di veicoli con una rete che abbraccia il Nord America e l&#8217;Europa. Jamie \u00e8 specializzato nella localizzazione di modelli rari e ad alta richiesta, nella negoziazione dei migliori termini e nella verifica della storia e delle condizioni del veicolo prima dell&#8217;acquisto. <\/p><ul><li><i class=\"fa fa-phone\"><\/i><span itemprop=\"telephone\">941-882-8008<\/span><\/li><li><i class=\"fa fa-mobile\"><\/i><span itemprop=\"telephone\">941-882-8008<\/span><\/li><li><i class=\"fa fa-envelope-o\"><\/i><a href='mailto:jamie.smith@signumexport.com' itemprop=\"email\">jamie.smith@signumexport.com<\/a><\/li><\/ul><\/div><div class=\"social_team pull-left\"><ul class=\"social\"><li class='margin-bottom-none'><a href=\"#\" class=\"facebook \"><\/a><\/li>\n<li class='margin-bottom-none'><a href=\"#\" class=\"twitter \"><\/a><\/li>\n<li class='margin-bottom-none'><a href=\"#\" class=\"linkedin \"><\/a><\/li>\n<li class='margin-bottom-none'><a href=\"#\" class=\"flickr \"><\/a><\/li>\n<li class='margin-bottom-none'><a href=\"#\" class=\"google \"><\/a><\/li>\n<\/ul><\/div><div class=\"clearfix\"><\/div><\/div>[\/vc_column][vc_column width=&#8221;1\/3&#8243;]<div class=\"team hoverimg \"  itemscope itemtype=\"http:\/\/schema.org\/Person\"> <a href=\"https:\/\/signumexport.com\/wp-content\/uploads\/2025\/08\/Maria-Bennett-2-e1755550090776.jpg\" class=\"fancybox\"> <img loading=\"lazy\" decoding=\"async\" src=\"https:\/\/signumexport.com\/wp-content\/uploads\/2025\/08\/Maria-Bennett-2-e1755550090776.jpg\" class=\"aligncenter no_border\" alt=\"Maria Bennett\" width=\"1024\" height=\"1024\" itemprop=\"image\" \/> <\/a><div class=\"name_post\"><h4 itemprop=\"name\">Maria Bennett<\/h4><p itemprop=\"jobTitle\">Logistics Coordinator<\/p><\/div><div class=\"about_team\"><p>Maria supervisiona tutti gli aspetti della spedizione globale e dello sdoganamento. Maria garantisce che ogni veicolo si sposti senza intoppi dall&#8217;acquisto alla consegna, gestendo la documentazione, la conformit\u00e0 e il coordinamento con la nostra rete di partner di trasporto. <\/p><ul><li><i class=\"fa fa-phone\"><\/i><span itemprop=\"telephone\">941-882-8008<\/span><\/li><li><i class=\"fa fa-mobile\"><\/i><span itemprop=\"telephone\">941-882-8008<\/span><\/li><li><i class=\"fa fa-envelope-o\"><\/i><a href='mailto:maria.bennett@signumexport.com' itemprop=\"email\">maria.bennett@signumexport.com<\/a><\/li><\/ul><\/div><div class=\"social_team pull-left\"><ul class=\"social\"><li class='margin-bottom-none'><a href=\"#\" class=\"facebook \"><\/a><\/li>\n<li class='margin-bottom-none'><a href=\"#\" class=\"twitter \"><\/a><\/li>\n<li class='margin-bottom-none'><a href=\"#\" class=\"linkedin \"><\/a><\/li>\n<\/ul><\/div><div class=\"clearfix\"><\/div><\/div>[\/vc_column][vc_column width=&#8221;1\/3&#8243;]<div class=\"team hoverimg \"  itemscope itemtype=\"http:\/\/schema.org\/Person\"> <a href=\"https:\/\/signumexport.com\/wp-content\/uploads\/2025\/08\/Thomas-Leclerc-2-e1755550642565.jpg\" class=\"fancybox\"> <img loading=\"lazy\" decoding=\"async\" src=\"https:\/\/signumexport.com\/wp-content\/uploads\/2025\/08\/Thomas-Leclerc-2-e1755550642565.jpg\" class=\"aligncenter no_border\" alt=\"Thomas Leclerc\" width=\"1024\" height=\"1024\" itemprop=\"image\" \/> <\/a><div class=\"name_post\"><h4 itemprop=\"name\">Thomas Leclerc<\/h4><p itemprop=\"jobTitle\">Client Support<\/p><\/div><div class=\"about_team\"><p>Il tuo punto di contatto dedicato durante l&#8217;intero processo di esportazione. Thomas fornisce aggiornamenti regolari, risponde alle domande in pi\u00f9 lingue e garantisce che ogni cliente riceva un&#8217;attenzione personalizzata dalla richiesta iniziale alla consegna finale. <\/p><ul><li><i class=\"fa fa-phone\"><\/i><span itemprop=\"telephone\">941-882-8008<\/span><\/li><li><i class=\"fa fa-mobile\"><\/i><span itemprop=\"telephone\">941-882-8008<\/span><\/li><li><i class=\"fa fa-envelope-o\"><\/i><a href='mailto:thomas.leclerc@signumexport.com' itemprop=\"email\">thomas.leclerc@signumexport.com<\/a><\/li><\/ul><\/div><div class=\"social_team pull-left\"><ul class=\"social\"><li class='margin-bottom-none'><a href=\"#\" class=\"facebook \"><\/a><\/li>\n<li class='margin-bottom-none'><a href=\"#\" class=\"twitter \"><\/a><\/li>\n<li class='margin-bottom-none'><a href=\"#\" class=\"linkedin \"><\/a><\/li>\n<li class='margin-bottom-none'><a href=\"#\" class=\"google \"><\/a><\/li>\n<\/ul><\/div><div class=\"clearfix\"><\/div><\/div>[\/vc_column][\/vc_row][vc_row el_class=&#8221;fullwidth_element bottom_element&#8221;][vc_column]<div class='contact google_map_init ' data-longitude='-82.55' data-latitude='27.34' data-zoom='11' data-map-type='hybrid' style='height: 390px;' data-style='[{\"featureType\":\"landscape\",\"elementType\":\"labels\",\"stylers\":[{\"visibility\":\"off\"}]},{\"featureType\":\"transit\",\"elementType\":\"labels\",\"stylers\":[{\"visibility\":\"off\"}]},{\"featureType\":\"poi\",\"elementType\":\"labels\",\"stylers\":[{\"visibility\":\"off\"}]},{\"featureType\":\"water\",\"elementType\":\"labels\",\"stylers\":[{\"visibility\":\"off\"}]},{\"featureType\":\"road\",\"elementType\":\"labels.icon\",\"stylers\":[{\"visibility\":\"off\"}]},{\"stylers\":[{\"hue\":\"#F0F0F0\"},{\"saturation\":-100},{\"gamma\":2.15},{\"lightness\":12}]},{\"featureType\":\"road\",\"elementType\":\"labels.text.fill\",\"stylers\":[{\"visibility\":\"on\"},{\"lightness\":24}]},{\"featureType\":\"road\",\"elementType\":\"geometry\",\"stylers\":[{\"lightness\":57}]}]' data-scroll='true' data-directions_button='true' data-directions_text='Get Directions'><\/div>[\/vc_column][\/vc_row]<\/p>\n<\/div>","protected":false},"excerpt":{"rendered":"<p>[vc_row css=&#8221;.vc_custom_1410358708453{margin-bottom: 10px !important;}&#8221;][vc_column][vc_column_text css=&#8221;.vc_custom_1727887938351{margin-bottom: 0px !important;}&#8221;]<\/p>\n<p> IL NOSTRO TEAM <\/p>\n<p>[\/vc_column_text][\/vc_column][\/vc_row][vc_row css=&#8221;.vc_custom_1410359107639{margin-bottom: 70px !important;}&#8221;][vc_column width=&#8221;1\/3&#8243;][\/vc_column][vc_column width=&#8221;1\/3&#8243;][\/vc_column][vc_column width=&#8221;1\/3&#8243;][\/vc_column][\/vc_row][vc_row css=&#8221;.vc_custom_1410359107639{margin-bottom: 70px !important;}&#8221;][vc_column width=&#8221;1\/3&#8243;][\/vc_column][vc_column width=&#8221;1\/3&#8243;][\/vc_column][vc_column width=&#8221;1\/3&#8243;][\/vc_column][\/vc_row][vc_row el_class=&#8221;fullwidth_element bottom_element&#8221;][vc_column][\/vc_column][\/vc_row]<\/p>\n","protected":false},"author":1,"featured_media":0,"parent":0,"menu_order":0,"comment_status":"closed","ping_status":"closed","template":"","meta":{"footnotes":""},"class_list":["post-4297","page","type-page","status-publish","hentry"],"_links":{"self":[{"href":"https:\/\/signumexport.com\/it\/wp-json\/wp\/v2\/pages\/4297","targetHints":{"allow":["GET"]}}],"collection":[{"href":"https:\/\/signumexport.com\/it\/wp-json\/wp\/v2\/pages"}],"about":[{"href":"https:\/\/signumexport.com\/it\/wp-json\/wp\/v2\/types\/page"}],"author":[{"embeddable":true,"href":"https:\/\/signumexport.com\/it\/wp-json\/wp\/v2\/users\/1"}],"replies":[{"embeddable":true,"href":"https:\/\/signumexport.com\/it\/wp-json\/wp\/v2\/comments?post=4297"}],"version-history":[{"count":56,"href":"https:\/\/signumexport.com\/it\/wp-json\/wp\/v2\/pages\/4297\/revisions"}],"predecessor-version":[{"id":19490,"href":"https:\/\/signumexport.com\/it\/wp-json\/wp\/v2\/pages\/4297\/revisions\/19490"}],"wp:attachment":[{"href":"https:\/\/signumexport.com\/it\/wp-json\/wp\/v2\/media?parent=4297"}],"curies":[{"name":"wp","href":"https:\/\/api.w.org\/{rel}","templated":true}]}}