{"id":4134,"date":"2017-10-02T20:51:44","date_gmt":"2017-10-02T20:51:44","guid":{"rendered":"https:\/\/signumexport.com\/pagina-di-esempio-2\/"},"modified":"2017-10-02T20:51:44","modified_gmt":"2017-10-02T20:51:44","slug":"pagina-di-esempio-2","status":"publish","type":"page","link":"https:\/\/signumexport.com\/it\/pagina-di-esempio-2\/","title":{"rendered":"Pagina di esempio"},"content":{"rendered":"<p>Questa \u00e8 una pagina di esempio. \u00c8 diversa da un articolo del blog perch\u00e9 rimarr\u00e0 in un&#8217;unica posizione e verr\u00e0 visualizzata nella navigazione del sito (nella maggior parte dei temi). Molte persone iniziano con una pagina Chi siamo che li presenta ai potenziali visitatori del sito. Potrebbe dire qualcosa del genere:   <\/p>\n<blockquote><p>Ciao! Di giorno faccio il corriere in bici, di notte aspiro a fare l&#8217;attore e questo \u00e8 il mio blog. Vivo a Montreal, ho un fantastico cane di nome Jack e mi piacciono le pi\u00f1a colada. (E farmi sorprendere dalla pioggia.)   <\/p><\/blockquote>\n<p>&#8230;o qualcosa del genere:<\/p>\n<blockquote><p>La XYZ Doohickey Company \u00e8 stata fondata nel 1971 e da allora fornisce doohickey di qualit\u00e0 al pubblico. Situata a Gotham City, XYZ impiega oltre 2.000 persone e fa ogni sorta di cose fantastiche per la comunit\u00e0 di Gotham. <\/p><\/blockquote>\n<p>Come nuovo utente di WordPress, dovresti andare alla <a href=\"http:\/\/demo.themesuite.com\/automotive-wp\/wp-admin\/\">tua dashboard<\/a> per eliminare questa pagina e creare nuove pagine per i tuoi contenuti. Buon divertimento! <\/p>\n","protected":false},"excerpt":{"rendered":"<p>Questa \u00e8 una pagina di esempio. \u00c8 diversa da un articolo del blog perch\u00e9 rimarr\u00e0 in un&#8217;unica posizione e verr\u00e0 visualizzata nella navigazione del sito (nella maggior parte dei temi). Molte persone iniziano con una pagina Chi siamo che li presenta ai potenziali visitatori del sito. Potrebbe dire qualcosa del genere: <\/p>\n<p>Ciao! Di giorno faccio il corriere in bici, di notte aspiro a fare l&#8217;attore e questo \u00e8 il mio blog. Vivo a Montreal, ho un fantastico cane di nome Jack e mi piacciono le pi\u00f1a colada. (E farmi sorprendere dalla pioggia.) <\/p>\n<p>&#8230;o qualcosa del genere:<\/p>\n<p>La XYZ Doohickey Company \u00e8 stata fondata nel 1971 e da allora fornisce doohickey di qualit\u00e0 al pubblico. Situata a Gotham City, XYZ impiega oltre 2.000 persone e fa ogni sorta di cose fantastiche per la comunit\u00e0 di Gotham. <\/p>\n<p>Come nuovo utente di WordPress, dovresti andare alla tua dashboard per eliminare questa pagina e creare nuove [&#8230;]<\/p>\n","protected":false},"author":1,"featured_media":0,"parent":0,"menu_order":0,"comment_status":"closed","ping_status":"closed","template":"","meta":{"footnotes":""},"class_list":["post-4134","page","type-page","status-publish","hentry"],"_links":{"self":[{"href":"https:\/\/signumexport.com\/it\/wp-json\/wp\/v2\/pages\/4134","targetHints":{"allow":["GET"]}}],"collection":[{"href":"https:\/\/signumexport.com\/it\/wp-json\/wp\/v2\/pages"}],"about":[{"href":"https:\/\/signumexport.com\/it\/wp-json\/wp\/v2\/types\/page"}],"author":[{"embeddable":true,"href":"https:\/\/signumexport.com\/it\/wp-json\/wp\/v2\/users\/1"}],"replies":[{"embeddable":true,"href":"https:\/\/signumexport.com\/it\/wp-json\/wp\/v2\/comments?post=4134"}],"version-history":[{"count":0,"href":"https:\/\/signumexport.com\/it\/wp-json\/wp\/v2\/pages\/4134\/revisions"}],"wp:attachment":[{"href":"https:\/\/signumexport.com\/it\/wp-json\/wp\/v2\/media?parent=4134"}],"curies":[{"name":"wp","href":"https:\/\/api.w.org\/{rel}","templated":true}]}}