{"id":4855,"date":"2025-08-14T18:37:50","date_gmt":"2025-08-14T22:37:50","guid":{"rendered":"https:\/\/signumexport.com\/e-consignation\/"},"modified":"2025-08-16T04:48:44","modified_gmt":"2025-08-16T04:48:44","slug":"e-consignation","status":"publish","type":"page","link":"https:\/\/signumexport.com\/fr\/e-consignation\/","title":{"rendered":"E-consignation"},"content":{"rendered":"<div class=\"wpb-content-wrapper\"><p>[vc_row][vc_column][vc_column_text css=\u00a0\u00bb\u00a0\u00bb]<\/p>\n<div class=\"wp-block-group\">\n\r\n<div class=\"wp-block-spacer wp-container-content-6388d5dc\" style=\"height: 100px; width: 0px;\" aria-hidden=\"true\">\u00a0<\/div>\r\n<main class=\"wp-block-group\"><div class=\"wp-block-group__inner-container is-layout-constrained wp-block-group-is-layout-constrained\"><\/div><\/main>\r\n<div class=\"wp-block-columns is-layout-flex wp-container-core-columns-is-layout-dd1945ad wp-block-columns-is-layout-flex\" style=\"padding-top: 28px; padding-bottom: 12px;\"><!-- Left: Headline + sub + CTAs -->\r\n\r\n\r\n<div class=\"wp-block-column is-layout-flow wp-block-column-is-layout-flow\">&#13;\n<h1 class=\"wp-block-heading\" style=\"margin-bottom: 8px;\">Votre division export \u2014<br\/>sans les frais g\u00e9n\u00e9raux<\/h1>&#13;\n\r\n\r\n&#13;\n<p style=\"margin-bottom: 18px;\">Listez vos v\u00e9hicules une seule fois, vendez-les dans le monde entier. Signum Group LLC s&rsquo;occupe du reste. <\/p>&#13;\n\r\n\r\n\r\n<div class=\"wp-block-buttons is-content-justification-left is-layout-flex wp-container-core-buttons-is-layout-05fd0fc5 wp-block-buttons-is-layout-flex\">&#13;\n<div class=\"wp-block-button\" style=\"border-radius: 6px;\"><a class=\"wp-block-button__link has-vivid-red-background-color has-background wp-element-button\" style=\"font-weight: bold; padding: 12px 20px 12px 20px;\" href=\"\/contact\">Rejoindre l&rsquo;e-consignation<\/a><\/div>&#13;\n\r\n\r\n&#13;\n<div class=\"wp-block-button is-style-outline is-style-outline--1\" style=\"border-radius: 6px;\"><a class=\"wp-block-button__link wp-element-button\" style=\"padding: 12px 20px 12px 20px;\" href=\"https:\/\/signumexport.com\/fr\/inventaire\/\">Parcourir l&rsquo;inventaire<\/a><\/div>&#13;\n<\/div>\r\n<\/div>\r\n<br \/><!-- Right: Concept card -->\r\n\r\n\r\n<div class=\"wp-block-column is-layout-flow wp-block-column-is-layout-flow\" style=\"border-color: #e5e7eb; border-width: 1px; border-radius: 12px; padding: 20px 22px 20px 22px;\">&#13;\n<h3 class=\"wp-block-heading\" style=\"margin-bottom: 10px;\">E-consignation \u2014 concept complet<\/h3>&#13;\n\r\n<p><strong>E stands for \u00ab\u00a0Electronic\u00a0\u00bb &amp; \u00ab\u00a0Export\u00a0\u00bb.<\/strong> Consignment refers to vehicles from our selected licensed US Dealers and Partners who have appointed Signum Group LLC as their dedicated export facilitator.&#13;\n\r\n<p>We represent, market, and sell their inventory to international buyers, managing the entire export process end-to-end \u2014 from marketing to delivery.\r\n<\/div>\r\n<\/div>\r\n\r\n\r\n\r\n<div class=\"wp-block-spacer\" style=\"height: 18px;\" aria-hidden=\"true\">\u00a0<\/div>\r\n\r\n\r\n&#13;\n<h2 class=\"wp-block-heading has-text-align-center\" style=\"margin-bottom: 14px;\">Public cible<\/h2>&#13;\n\r\n\r\n\r\n<div class=\"wp-block-columns is-layout-flex wp-container-core-columns-is-layout-e7634e34 wp-block-columns-is-layout-flex\"><!-- Card 1 -->\r\n\r\n\r\n<div class=\"wp-block-column is-layout-flow wp-block-column-is-layout-flow\" style=\"border-color: #e5e7eb; border-width: 1px; border-radius: 12px; padding: 18px 22px 18px 22px;\">&#13;\n<h4 class=\"wp-block-heading\">Partenaires concessionnaires am\u00e9ricains<\/h4>&#13;\n\r\n<p>Licensed, established dealers seeking global reach without creating an in-house export department.\r\n<\/div>\r\n<br \/><!-- Card 2 -->\r\n\r\n\r\n<div class=\"wp-block-column is-layout-flow wp-block-column-is-layout-flow\" style=\"border-color: #e5e7eb; border-width: 1px; border-radius: 12px; padding: 18px 22px 18px 22px;\">&#13;\n<h4 class=\"wp-block-heading\">Clients priv\u00e9s dans le monde entier<\/h4>&#13;\n\r\n<p>Individuals seeking to purchase high-value U.S. vehicles with trust, transparency, and complete export handling.\r\n<\/div>\r\n<br \/><!-- Card 3 -->\r\n\r\n\r\n<div class=\"wp-block-column is-layout-flow wp-block-column-is-layout-flow\" style=\"border-color: #e5e7eb; border-width: 1px; border-radius: 12px; padding: 18px 22px 18px 22px;\">&#13;\n<h4 class=\"wp-block-heading\">Acheteurs professionnels<\/h4>&#13;\n\r\n<p>Established automotive businesses looking for reliable, compliant, export-ready sourcing.\r\n<\/div>\r\n<\/div>\r\n\r\n\r\n\r\n<div class=\"wp-block-spacer\" style=\"height: 28px;\" aria-hidden=\"true\">\u00a0<\/div>\r\n\r\n\r\n&#13;\n<h2 class=\"wp-block-heading has-text-align-center\" style=\"margin-bottom: 14px;\">Proposition de valeur<\/h2>&#13;\n\r\n\r\n\r\n<div class=\"wp-block-columns is-layout-flex wp-container-core-columns-is-layout-8f6a528b wp-block-columns-is-layout-flex\"><!-- Dealers -->\r\n\r\n\r\n<div class=\"wp-block-column is-layout-flow wp-block-column-is-layout-flow\">&#13;\n<h3 class=\"wp-block-heading\">Pour les concessionnaires am\u00e9ricains<\/h3>&#13;\n\r\n\r\n&#13;\n<ul class=\"wp-block-list\">&#13;\n<li><strong>Exposition mondiale<\/strong> \u2014 atteignez des acheteurs v\u00e9rifi\u00e9s dans le monde entier via le r\u00e9seau marketing et la pr\u00e9sence sur le march\u00e9 de Signum.<\/li>&#13;\n<li><strong>Z\u00e9ro tracas \u00e0 l&rsquo;exportation<\/strong> \u2014 nous g\u00e9rons la conformit\u00e9, la logistique et la documentation.<\/li>&#13;\n<li><strong>Rotation plus rapide des stocks<\/strong> \u2014 vendez les v\u00e9hicules plus rapidement, y compris ceux qui se vendent lentement localement.<\/li>&#13;\n<li><strong>Protection de la marque<\/strong> \u2014 repr\u00e9sentation professionnelle sur la sc\u00e8ne mondiale.<\/li>&#13;\n<li><strong>Expansion des revenus<\/strong> \u2014 acc\u00e9dez \u00e0 de nouveaux segments internationaux premium.<\/li>&#13;\n<\/ul>&#13;\n<\/div>\r\n<br \/><!-- Buyers -->\r\n\r\n\r\n<div class=\"wp-block-column is-layout-flow wp-block-column-is-layout-flow\">&#13;\n<h3 class=\"wp-block-heading\">Pour les acheteurs internationaux<\/h3>&#13;\n\r\n\r\n&#13;\n<ul class=\"wp-block-list\">&#13;\n<li><strong>Inventaire pr\u00e9-v\u00e9rifi\u00e9<\/strong> \u2014 provenant de concessionnaires am\u00e9ricains agr\u00e9\u00e9s et r\u00e9put\u00e9s.<\/li>&#13;\n<li><strong>Transparence totale<\/strong> \u2014 inspections, rapports d&rsquo;historique et documentation compl\u00e8te avant l&rsquo;achat.<\/li>&#13;\n<li><strong>Transactions s\u00e9curis\u00e9es<\/strong> \u2014 protection par s\u00e9questre et conditions contractuelles claires.<\/li>&#13;\n<li><strong>Solution d&rsquo;exportation compl\u00e8te<\/strong> \u2014 douanes, exp\u00e9dition, assurance et support d&rsquo;homologation si n\u00e9cessaire.<\/li>&#13;\n<li><strong>Support multilingue<\/strong> \u2014 anglais, fran\u00e7ais, persan, russe et ukrainien.<\/li>&#13;\n<\/ul>&#13;\n<\/div>\r\n<\/div>\r\n\r\n\r\n\r\n<div class=\"wp-block-spacer\" style=\"height: 34px;\" aria-hidden=\"true\">\u00a0<\/div>\r\n\r\n\r\n&#13;\n<h2 class=\"wp-block-heading has-text-align-center\" style=\"margin-bottom: 18px;\">Flux du processus \u2014 6 \u00e9tapes<\/h2>&#13;\n\r\n\r\n\r\n<div class=\"wp-block-group\"><div class=\"wp-block-group__inner-container is-layout-constrained wp-block-group-is-layout-constrained\"><!-- Step 1 -->\r\n\r\n\r\n<div class=\"wp-block-group\" style=\"border-color: #e5e7eb; border-width: 1px; border-radius: 10px; padding: 16px 20px 16px 20px;\"><div class=\"wp-block-group__inner-container is-layout-constrained wp-container-core-group-is-layout-5fc5b802 wp-block-group-is-layout-constrained\">&#13;\n<h4 class=\"wp-block-heading\">Int\u00e9gration du concessionnaire<\/h4>&#13;\n\r\n<p>Sign E-Consignment agreement, verify compliance.\r\n<\/div><\/div>\r\n<br \/><!-- Step 2 -->\r\n\r\n\r\n<div class=\"wp-block-group\" style=\"border-color: #e5e7eb; border-width: 1px; border-radius: 10px; padding: 16px 20px 16px 20px;\"><div class=\"wp-block-group__inner-container is-layout-constrained wp-container-core-group-is-layout-5fc5b802 wp-block-group-is-layout-constrained\">&#13;\n<h4 class=\"wp-block-heading\">R\u00e9ception et r\u00e9f\u00e9rencement des v\u00e9hicules<\/h4>&#13;\n\r\n<p>Integrate dealer inventory (AutoTrader feed, CSV, XML, or manual upload).\r\n<\/div><\/div>\r\n<br \/><!-- Step 3 -->\r\n\r\n\r\n<div class=\"wp-block-group\" style=\"border-color: #e5e7eb; border-width: 1px; border-radius: 10px; padding: 16px 20px 16px 20px;\"><div class=\"wp-block-group__inner-container is-layout-constrained wp-container-core-group-is-layout-5fc5b802 wp-block-group-is-layout-constrained\">&#13;\n<h4 class=\"wp-block-heading\">Marketing international<\/h4>&#13;\n\r\n<p>Promote vehicles via Signum Group platforms and global channels.\r\n<\/div><\/div>\r\n<br \/><!-- Step 4 -->\r\n\r\n\r\n<div class=\"wp-block-group\" style=\"border-color: #e5e7eb; border-width: 1px; border-radius: 10px; padding: 16px 20px 16px 20px;\"><div class=\"wp-block-group__inner-container is-layout-constrained wp-container-core-group-is-layout-5fc5b802 wp-block-group-is-layout-constrained\">&#13;\n<h4 class=\"wp-block-heading\">Qualification des acheteurs<\/h4>&#13;\n\r\n<p>Vet inquiries, confirm authenticity and financial capacity.\r\n<\/div><\/div>\r\n<br \/><!-- Step 5 -->\r\n\r\n\r\n<div class=\"wp-block-group\" style=\"border-color: #e5e7eb; border-width: 1px; border-radius: 10px; padding: 16px 20px 16px 20px;\"><div class=\"wp-block-group__inner-container is-layout-constrained wp-container-core-group-is-layout-5fc5b802 wp-block-group-is-layout-constrained\">&#13;\n<h4 class=\"wp-block-heading\">Conformit\u00e9 et logistique<\/h4>&#13;\n\r\n<p>Prepare export docs, secure shipping, arrange insurance and homologation if required.\r\n<\/div><\/div>\r\n<br \/><!-- Step 6 -->\r\n\r\n\r\n<div class=\"wp-block-group\" style=\"border-color: #e5e7eb; border-width: 1px; border-radius: 10px; padding: 16px 20px 16px 20px;\"><div class=\"wp-block-group__inner-container is-layout-constrained wp-container-core-group-is-layout-5fc5b802 wp-block-group-is-layout-constrained\">&#13;\n<h4 class=\"wp-block-heading\">Livraison et r\u00e8glement<\/h4>&#13;\n\r\n<p>Release escrow funds; coordinate delivery to buyer\u2019s location.\r\n<\/div><\/div>\r\n<\/div><\/div>\r\n\r\n\r\n\r\n<div class=\"wp-block-spacer\" style=\"height: 100px;\" aria-hidden=\"true\">\u00a0<\/div>\r\n\r\n\r\n\r\n<div class=\"wp-block-group has-background\" style=\"background-color: #f7f9fb; padding: 30px 20px 30px 20px;\"><div class=\"wp-block-group__inner-container is-layout-constrained wp-container-core-group-is-layout-fe85669d wp-block-group-is-layout-constrained\"><!-- Title -->\r\n\r\n&#13;\n<h2 class=\"wp-block-heading has-text-align-center\" style=\"margin-bottom: 14px;\">Du concessionnaire am\u00e9ricain \u00e0 l&rsquo;acheteur international \u2014 en toute simplicit\u00e9<\/h2>&#13;\n<br \/><!-- Icons Row -->\r\n\r\n\r\n<div class=\"wp-block-columns is-layout-flex wp-container-core-columns-is-layout-0a89a818 wp-block-columns-is-layout-flex\"><!-- 1 -->\r\n\r\n\r\n<div class=\"wp-block-column is-vertically-aligned-top is-layout-flow wp-block-column-is-layout-flow\" style=\"text-align: center;\"><br\/><span style=\"display: inline-flex; align-items: center; justify-content: center; width: 72px; height: 72px; border-radius: 50%; background: #fff; box-shadow: 0 4px 16px rgba(0,0,0,.06);\"><br\/><i class=\"fas fa-handshake\" style=\"font-size: 28px; color: #567c9b;\"><\/i><br\/><\/span><br\/>\r\n\r\n&#13;\n<p class=\"has-small-font-size\" style=\"margin-top: 8px;\"><strong>Poign\u00e9e de main avec le concessionnaire<\/strong><\/p>&#13;\n<\/div>\r\n<br \/><!-- 2 -->\r\n\r\n\r\n<div class=\"wp-block-column is-vertically-aligned-top is-layout-flow wp-block-column-is-layout-flow\" style=\"text-align: center;\"><br\/><span style=\"display: inline-flex; align-items: center; justify-content: center; width: 72px; height: 72px; border-radius: 50%; background: #fff; box-shadow: 0 4px 16px rgba(0,0,0,.06);\"><br\/><i class=\"fas fa-cloud-upload-alt\" style=\"font-size: 28px; color: #567c9b;\"><\/i><br\/><\/span><br\/>\r\n\r\n&#13;\n<p class=\"has-small-font-size\" style=\"margin-top: 8px;\"><strong>T\u00e9l\u00e9chargement de l&rsquo;inventaire<\/strong><\/p>&#13;\n<\/div>\r\n<br \/><!-- 3 -->\r\n\r\n\r\n<div class=\"wp-block-column is-vertically-aligned-top is-layout-flow wp-block-column-is-layout-flow\" style=\"text-align: center;\"><br\/><span style=\"display: inline-flex; align-items: center; justify-content: center; width: 72px; height: 72px; border-radius: 50%; background: #fff; box-shadow: 0 4px 16px rgba(0,0,0,.06);\"><br\/><i class=\"fas fa-globe\" style=\"font-size: 28px; color: #567c9b;\"><\/i><br\/><\/span><br\/>\r\n\r\n&#13;\n<p class=\"has-small-font-size\" style=\"margin-top: 8px;\"><strong>Marketing international<\/strong><\/p>&#13;\n<\/div>\r\n<br \/><!-- 4 -->\r\n\r\n\r\n<div class=\"wp-block-column is-vertically-aligned-top is-layout-flow wp-block-column-is-layout-flow\" style=\"text-align: center;\"><br\/><span style=\"display: inline-flex; align-items: center; justify-content: center; width: 72px; height: 72px; border-radius: 50%; background: #fff; box-shadow: 0 4px 16px rgba(0,0,0,.06);\"><br\/><i class=\"fas fa-check-circle\" style=\"font-size: 28px; color: #567c9b;\"><\/i><br\/><\/span><br\/>\r\n\r\n&#13;\n<p class=\"has-small-font-size\" style=\"margin-top: 8px;\"><strong>Conformit\u00e9<\/strong><\/p>&#13;\n<\/div>\r\n<br \/><!-- 5 -->\r\n\r\n\r\n<div class=\"wp-block-column is-vertically-aligned-top is-layout-flow wp-block-column-is-layout-flow\" style=\"text-align: center;\"><br\/><span style=\"display: inline-flex; align-items: center; justify-content: center; width: 72px; height: 72px; border-radius: 50%; background: #fff; box-shadow: 0 4px 16px rgba(0,0,0,.06);\"><br\/><i class=\"fas fa-ship\" style=\"font-size: 28px; color: #567c9b;\"><\/i><br\/><\/span><br\/>\r\n\r\n&#13;\n<p class=\"has-small-font-size\" style=\"margin-top: 8px;\"><strong>Exp\u00e9dition s\u00e9curis\u00e9e<\/strong><\/p>&#13;\n<\/div>\r\n<br \/><!-- 6 -->\r\n\r\n\r\n<div class=\"wp-block-column is-vertically-aligned-top is-layout-flow wp-block-column-is-layout-flow\" style=\"text-align: center;\"><br\/><span style=\"display: inline-flex; align-items: center; justify-content: center; width: 72px; height: 72px; border-radius: 50%; background: #fff; box-shadow: 0 4px 16px rgba(0,0,0,.06);\"><br\/><i class=\"fas fa-box\" style=\"font-size: 28px; color: #567c9b;\"><\/i><br\/><\/span><br\/>\r\n\r\n&#13;\n<p class=\"has-small-font-size\" style=\"margin-top: 8px;\"><strong>Livraison<\/strong><\/p>&#13;\n<\/div>\r\n<\/div>\r\n<\/div><\/div>\r\n\r\n\r\n\r\n<div class=\"wp-block-spacer\" style=\"height: 50px;\" aria-hidden=\"true\">\u00a0<\/div>\r\n\r\n\r\n\r\n<div class=\"wp-block-columns\">\r\n<div class=\"wp-block-column\" style=\"border-color: #e5e7eb; border-width: 1px; border-radius: 12px; padding: 10px;\">\r\n<figure class=\"wp-block-image size-large\"><\/figure>\r\n<\/div>\r\n<\/div>\n<p><!-- \/wp:post-content --><\/p>\n<p><!-- wp:spacer {\"height\":\"36px\"} --><\/p>\n<div class=\"wp-block-spacer\" style=\"height: 36px;\" aria-hidden=\"true\"> <\/div>\n<p><!-- \/wp:spacer --><\/p>\n<p><!-- wp:heading {\"textAlign\":\"center\",\"style\":{\"spacing\":{\"margin\":{\"bottom\":\"14px\"}}}} --><\/p>\n<h2 class=\"wp-block-heading has-text-align-center\" style=\"margin-bottom: 14px;\">Avantages concurrentiels<\/h2>\n<p><!-- \/wp:heading --><\/p>\n<p><!-- wp:columns {\"style\":{\"spacing\":{\"blockGap\":{\"top\":\"22px\",\"left\":\"22px\"}}}} --><\/p>\n<div class=\"wp-block-columns\"><!-- wp:column {\"style\":{\"border\":{\"radius\":\"12px\",\"color\":\"#e5e7eb\",\"width\":\"1px\"},\"spacing\":{\"padding\":{\"top\":\"18px\",\"right\":\"20px\",\"bottom\":\"18px\",\"left\":\"20px\"}}}} --><\/p>\n<div class=\"wp-block-column\" style=\"border-color: #e5e7eb; border-width: 1px; border-radius: 12px; padding: 18px 20px 18px 20px;\"><!-- wp:heading {\"level\":4} --><\/p>\n<h4 class=\"wp-block-heading\">Focus exclusif sur l&rsquo;export<\/h4>\n<p><!-- \/wp:heading --><\/p>\n<p><!-- wp:paragraph -->Contrairement aux places de march\u00e9 g\u00e9n\u00e9riques, nous sommes sp\u00e9cialis\u00e9s dans les ventes automobiles transfrontali\u00e8res.<\/p>\n<p><!-- \/wp:paragraph --><\/div>\n<p><!-- \/wp:column --><\/p>\n<p><!-- wp:column {\"style\":{\"border\":{\"radius\":\"12px\",\"color\":\"#e5e7eb\",\"width\":\"1px\"},\"spacing\":{\"padding\":{\"top\":\"18px\",\"right\":\"20px\",\"bottom\":\"18px\",\"left\":\"20px\"}}}} --><\/p>\n<div class=\"wp-block-column\" style=\"border-color: #e5e7eb; border-width: 1px; border-radius: 12px; padding: 18px 20px 18px 20px;\"><!-- wp:heading {\"level\":4} --><\/p>\n<h4 class=\"wp-block-heading\">Double exp\u00e9rience<\/h4>\n<p><!-- \/wp:heading --><\/p>\n<p><!-- wp:paragraph -->34 ans d&rsquo;expertise en import et export pour une vision op\u00e9rationnelle in\u00e9gal\u00e9e.<\/p>\n<p><!-- \/wp:paragraph --><\/div>\n<p><!-- \/wp:column --><\/p>\n<p><!-- wp:column {\"style\":{\"border\":{\"radius\":\"12px\",\"color\":\"#e5e7eb\",\"width\":\"1px\"},\"spacing\":{\"padding\":{\"top\":\"18px\",\"right\":\"20px\",\"bottom\":\"18px\",\"left\":\"20px\"}}}} --><\/p>\n<div class=\"wp-block-column\" style=\"border-color: #e5e7eb; border-width: 1px; border-radius: 12px; padding: 18px 20px 18px 20px;\"><!-- wp:heading {\"level\":4} --><\/p>\n<h4 class=\"wp-block-heading\">N\u00e9gociation multilingue<\/h4>\n<p><!-- \/wp:heading --><\/p>\n<p><!-- wp:paragraph -->Communication efficace \u00e0 travers les barri\u00e8res culturelles et linguistiques.<\/p>\n<p><!-- \/wp:paragraph --><\/div>\n<p><!-- \/wp:column --><\/div>\n<p><!-- \/wp:columns --><\/p>\n<p><!-- wp:columns {\"style\":{\"spacing\":{\"blockGap\":{\"top\":\"22px\",\"left\":\"22px\"}}}} --><\/p>\n<div class=\"wp-block-columns\"><!-- wp:column {\"style\":{\"border\":{\"radius\":\"12px\",\"color\":\"#e5e7eb\",\"width\":\"1px\"},\"spacing\":{\"padding\":{\"top\":\"18px\",\"right\":\"20px\",\"bottom\":\"18px\",\"left\":\"20px\"}}}} --><\/p>\n<div class=\"wp-block-column\" style=\"border-color: #e5e7eb; border-width: 1px; border-radius: 12px; padding: 18px 20px 18px 20px;\"><!-- wp:heading {\"level\":4} --><\/p>\n<h4 class=\"wp-block-heading\">Ma\u00eetrise de la conformit\u00e9<\/h4>\n<p><!-- \/wp:heading --><\/p>\n<p><!-- wp:paragraph -->\u00c9vitement des retards, des amendes et des saisies d&rsquo;exp\u00e9dition.<\/p>\n<p><!-- \/wp:paragraph --><\/div>\n<p><!-- \/wp:column --><\/p>\n<p><!-- wp:column {\"style\":{\"border\":{\"radius\":\"12px\",\"color\":\"#e5e7eb\",\"width\":\"1px\"},\"spacing\":{\"padding\":{\"top\":\"18px\",\"right\":\"20px\",\"bottom\":\"18px\",\"left\":\"20px\"}}}} --><\/p>\n<div class=\"wp-block-column\" style=\"border-color: #e5e7eb; border-width: 1px; border-radius: 12px; padding: 18px 20px 18px 20px;\"><!-- wp:heading {\"level\":4} --><\/p>\n<h4 class=\"wp-block-heading\">Guichet unique cl\u00e9 en main<\/h4>\n<p><!-- \/wp:heading --><\/p>\n<p><!-- wp:paragraph -->Approvisionnement, n\u00e9gociation, conformit\u00e9, exp\u00e9dition, support apr\u00e8s-vente \u2014 tout sous un m\u00eame toit.<\/p>\n<p><!-- \/wp:paragraph --><\/div>\n<p><!-- \/wp:column --><\/p>\n<p><!-- wp:column {\"style\":{\"border\":{\"radius\":\"12px\",\"color\":\"#e5e7eb\",\"width\":\"1px\"},\"spacing\":{\"padding\":{\"top\":\"18px\",\"right\":\"20px\",\"bottom\":\"18px\",\"left\":\"20px\"}}}} --><\/p>\n<div class=\"wp-block-column\" style=\"border-color: #e5e7eb; border-width: 1px; border-radius: 12px; padding: 18px 20px 18px 20px;\"><!-- wp:heading {\"level\":4} --><\/p>\n<h4 class=\"wp-block-heading\">Confiance et s\u00e9curit\u00e9<\/h4>\n<p><!-- \/wp:heading --><\/p>\n<p><!-- wp:paragraph -->Partenaires v\u00e9rifi\u00e9s, transactions s\u00e9curis\u00e9es et repr\u00e9sentation professionnelle.<\/p>\n<p><!-- \/wp:paragraph --><\/div>\n<p><!-- \/wp:column --><\/div>\n<p><!-- \/wp:columns --><\/p>\n<p><!-- wp:spacer {\"height\":\"36px\"} --><\/p>\n<div class=\"wp-block-spacer\" style=\"height: 36px;\" aria-hidden=\"true\"> <\/div>\n<p><!-- \/wp:spacer --><\/p>\n<p><!-- wp:columns {\"style\":{\"spacing\":{\"blockGap\":{\"top\":\"24px\",\"left\":\"24px\"}}}} --><\/p>\n<div class=\"wp-block-columns\"><!-- CTA left --><\/p>\n<p><!-- wp:column {\"style\":{\"border\":{\"radius\":\"12px\",\"color\":\"#e5e7eb\",\"width\":\"1px\"},\"spacing\":{\"padding\":{\"top\":\"22px\",\"right\":\"24px\",\"bottom\":\"22px\",\"left\":\"24px\"}}}} --><\/p>\n<div class=\"wp-block-column\" style=\"border-color: #e5e7eb; border-width: 1px; border-radius: 12px; padding: 22px 24px 22px 24px;\"><!-- wp:heading {\"level\":3} --><\/p>\n<h3 class=\"wp-block-heading\">Pr\u00eat \u00e0 \u00e9tendre votre port\u00e9e ?<\/h3>\n<p><!-- \/wp:heading --><\/p>\n<p><!-- wp:paragraph -->Rejoignez notre r\u00e9seau de partenaires concessionnaires am\u00e9ricains de confiance et commencez \u00e0 vendre mondialement avec un minimum d&rsquo;effort.<\/p>\n<p><!-- \/wp:paragraph --><\/p>\n<p><!-- wp:buttons {\"layout\":{\"type\":\"flex\",\"justifyContent\":\"left\"}} --><\/p>\n<div class=\"wp-block-buttons\"><!-- wp:button {\"backgroundColor\":\"vivid-red\",\"style\":{\"border\":{\"radius\":\"6px\"},\"spacing\":{\"padding\":{\"top\":\"12px\",\"right\":\"20px\",\"bottom\":\"12px\",\"left\":\"20px\"}}}} --><\/p>\n<div class=\"wp-block-button\" style=\"border-radius: 6px;\"><a class=\"wp-block-button__link has-vivid-red-background-color has-background wp-element-button\" style=\"padding: 12px 20px 12px 20px;\" href=\"\/contact\">Rejoindre l&rsquo;e-consignation<\/a><\/div>\n<p><!-- \/wp:button --><\/div>\n<p><!-- \/wp:buttons --><\/div>\n<p><!-- \/wp:column --><br \/><!-- CTA right --><\/p>\n<p><!-- wp:column {\"style\":{\"border\":{\"radius\":\"12px\",\"color\":\"#e5e7eb\",\"width\":\"1px\"},\"spacing\":{\"padding\":{\"top\":\"22px\",\"right\":\"24px\",\"bottom\":\"22px\",\"left\":\"24px\"}}}} --><\/p>\n<div class=\"wp-block-column\" style=\"border-color: #e5e7eb; border-width: 1px; border-radius: 12px; padding: 22px 24px 22px 24px;\"><!-- wp:heading {\"level\":3} --><\/p>\n<h3 class=\"wp-block-heading\">\u00c0 la recherche de v\u00e9hicules pr\u00eats \u00e0 l&rsquo;export ?<\/h3>\n<p><!-- \/wp:heading --><\/p>\n<p><!-- wp:paragraph -->Parcourez notre s\u00e9lection de v\u00e9hicules pr\u00e9-v\u00e9rifi\u00e9s provenant de concessionnaires am\u00e9ricains agr\u00e9\u00e9s avec gestion compl\u00e8te de l&rsquo;exportation.<\/p>\n<p><!-- \/wp:paragraph --><\/p>\n<p><!-- wp:buttons {\"layout\":{\"type\":\"flex\",\"justifyContent\":\"left\"}} --><\/p>\n<div class=\"wp-block-buttons\"><!-- wp:button {\"className\":\"is-style-fill\",\"backgroundColor\":\"vivid-red\",\"style\":{\"border\":{\"radius\":\"6px\"},\"spacing\":{\"padding\":{\"top\":\"12px\",\"right\":\"20px\",\"bottom\":\"12px\",\"left\":\"20px\"}}}} --><\/p>\n<div class=\"wp-block-button is-style-fill\" style=\"border-radius: 6px;\"><a class=\"wp-block-button__link has-vivid-red-background-color has-background wp-element-button\" style=\"padding: 12px 20px 12px 20px;\" href=\"https:\/\/signumexport.com\/fr\/inventaire\/\">Parcourir l&rsquo;inventaire<\/a><\/div>\n<p><!-- \/wp:button --><\/div>\n<p><!-- \/wp:buttons --><\/div>\n<p><!-- \/wp:column --><\/div>\n<p><!-- \/wp:columns --><br \/><!-- \/wp:group --><\/div>\n<p><!-- \/wp:group --><\/p>\n<p>&nbsp;<\/p>\n<p><!-- wp:spacer --><\/p>\n<div class=\"wp-block-spacer\" style=\"height: 100px;\" aria-hidden=\"true\"> <\/div>\n<p><!-- \/wp:spacer --><\/p>\n<p>&nbsp;<\/p>\n<p>[\/vc_column_text][\/vc_column][\/vc_row]<\/p>\n<\/div>","protected":false},"excerpt":{"rendered":"<p>[vc_row][vc_column][vc_column_text css=\u00a0\u00bb\u00a0\u00bb]<\/p>\n<p> \u00a0 &#13; Votre division export \u2014<br \/>sans les frais g\u00e9n\u00e9raux&#13; &#13; <\/p>\n<p style=\"margin-bottom: 18px;\">Listez vos v\u00e9hicules une seule fois, vendez-les dans le monde entier. Signum Group LLC s&rsquo;occupe du reste. <\/p>\n<p>&#13; &#13; Rejoindre l&rsquo;e-consignation&#13; &#13; Parcourir l&rsquo;inventaire&#13; <br \/> &#13; E-consignation \u2014 concept complet&#13; <\/p>\n<p><strong>E stands for \u00ab\u00a0Electronic\u00a0\u00bb &amp; \u00ab\u00a0Export\u00a0\u00bb.<\/strong> Consignment refers to vehicles from our selected licensed US Dealers and Partners who have appointed Signum Group LLC as their dedicated export facilitator.&#13; <\/p>\n<p>We represent, market, and sell their inventory to international buyers, managing the entire export process end-to-end \u2014 from marketing to delivery. \u00a0 &#13; Public cible&#13; &#13; Partenaires concessionnaires am\u00e9ricains&#13; <\/p>\n<p>Licensed, established dealers seeking global reach without creating an in-house export department. <br \/> &#13; Clients priv\u00e9s dans le monde entier&#13; <\/p>\n<p>Individuals seeking to purchase high-value U.S. vehicles with trust, transparency, and complete export handling. <br \/> &#13; Acheteurs professionnels&#13; <\/p>\n<p>Established automotive businesses looking for reliable, compliant, export-ready sourcing. \u00a0 &#13; Proposition [&#8230;]<\/p>\n","protected":false},"author":1,"featured_media":0,"parent":0,"menu_order":0,"comment_status":"closed","ping_status":"closed","template":"","meta":{"footnotes":""},"class_list":["post-4855","page","type-page","status-publish","hentry"],"_links":{"self":[{"href":"https:\/\/signumexport.com\/fr\/wp-json\/wp\/v2\/pages\/4855","targetHints":{"allow":["GET"]}}],"collection":[{"href":"https:\/\/signumexport.com\/fr\/wp-json\/wp\/v2\/pages"}],"about":[{"href":"https:\/\/signumexport.com\/fr\/wp-json\/wp\/v2\/types\/page"}],"author":[{"embeddable":true,"href":"https:\/\/signumexport.com\/fr\/wp-json\/wp\/v2\/users\/1"}],"replies":[{"embeddable":true,"href":"https:\/\/signumexport.com\/fr\/wp-json\/wp\/v2\/comments?post=4855"}],"version-history":[{"count":13,"href":"https:\/\/signumexport.com\/fr\/wp-json\/wp\/v2\/pages\/4855\/revisions"}],"predecessor-version":[{"id":5097,"href":"https:\/\/signumexport.com\/fr\/wp-json\/wp\/v2\/pages\/4855\/revisions\/5097"}],"wp:attachment":[{"href":"https:\/\/signumexport.com\/fr\/wp-json\/wp\/v2\/media?parent=4855"}],"curies":[{"name":"wp","href":"https:\/\/api.w.org\/{rel}","templated":true}]}}