{"id":4451,"date":"2025-07-29T22:10:33","date_gmt":"2025-07-29T22:10:33","guid":{"rendered":"https:\/\/signumexport.com\/processus-dexportation\/"},"modified":"2025-09-11T18:08:10","modified_gmt":"2025-09-11T22:08:10","slug":"processus-dexportation","status":"publish","type":"page","link":"https:\/\/signumexport.com\/fr\/processus-dexportation\/","title":{"rendered":"Processus d&rsquo;exportation"},"content":{"rendered":"<div class=\"wpb-content-wrapper\"><p>[vc_row el_class=\u00a0\u00bbmargin-bottom-none padding-bottom-10 margin-top-30&Prime;][vc_column css=\u00a0\u00bb.vc_custom_1753806879340{padding-top: 50px !important;padding-bottom: 50px !important;border-radius: 1px !important;border-color: #DDDDDD !important;}\u00a0\u00bb][vc_single_image image=\u00a0\u00bb24651&Prime; img_size=\u00a0\u00bbfull\u00a0\u00bb alignment=\u00a0\u00bbright\u00a0\u00bb css=\u00a0\u00bb\u00a0\u00bb][\/vc_column][\/vc_row][vc_row css=\u00a0\u00bb.vc_custom_1515782941289{margin-bottom: 0px !important;}\u00a0\u00bb el_class=\u00a0\u00bbmargin-bottom-none\u00a0\u00bb][vc_column width=\u00a0\u00bb1\/4&Prime;][\/vc_column][vc_column width=\u00a0\u00bb1\/2&Prime;][vc_column_text css=\u00a0\u00bb.vc_custom_1757628352146{margin-bottom: 20px !important;}\u00a0\u00bb]<\/p>\n<h2 style=\"text-align: center;\"><strong>COMMENT \u00c7A MARCHE ?<\/strong><\/h2>\n<p>[\/vc_column_text][vc_column_text css=\u00a0\u00bb.vc_custom_1757628462120{margin-bottom: 20px !important;}\u00a0\u00bb]\u00a0[\/vc_column_text][vc_column_text css=\u00a0\u00bb\u00a0\u00bb el_class=\u00a0\u00bbpadding-left-none xs-padding-bottom-40&Prime;]<\/p>\n<h3 style=\"text-align: center;\" data-start=\"794\" data-end=\"816\"><span style=\"color: #993300;\"><strong data-start=\"800\" data-end=\"816\">Processus d&rsquo;exportation \u00e9tape par \u00e9tape<\/strong><\/span><\/h3>\n<p>&nbsp;<\/p>\n<ol data-start=\"467\" data-end=\"1655\">\n<li data-start=\"467\" data-end=\"556\">\n<p data-start=\"470\" data-end=\"556\"><strong data-start=\"470\" data-end=\"501\">Soumettez votre demande de v\u00e9hicule<\/strong><br data-start=\"501\" data-end=\"504\">Contactez-nous avec vos besoins et pr\u00e9f\u00e9rences exacts.<\/p>\n<\/li>\n<li data-start=\"558\" data-end=\"637\">\n<p data-start=\"561\" data-end=\"637\"><strong data-start=\"561\" data-end=\"586\">D\u00e9but de la recherche de v\u00e9hicule<\/strong><br data-start=\"586\" data-end=\"589\">Nous trouvons le ou les v\u00e9hicules qui vous correspondent le mieux.<\/p>\n<\/li>\n<li data-start=\"639\" data-end=\"720\">\n<p data-start=\"642\" data-end=\"720\"><strong data-start=\"642\" data-end=\"669\">N\u00e9gociation et meilleure offre<\/strong><br data-start=\"669\" data-end=\"672\">Nous n\u00e9gocions le prix le plus bas en votre nom.<\/p>\n<\/li>\n<li data-start=\"722\" data-end=\"806\">\n<p data-start=\"725\" data-end=\"806\"><strong data-start=\"725\" data-end=\"754\">Contrat d&rsquo;achat sign\u00e9<\/strong><br data-start=\"754\" data-end=\"757\">Nous pr\u00e9parons et finalisons le contrat d&rsquo;achat.<\/p>\n<\/li>\n<li data-start=\"808\" data-end=\"891\">\n<p data-start=\"811\" data-end=\"891\"><strong data-start=\"811\" data-end=\"836\">Acompte initial (30 %)<\/strong><br data-start=\"836\" data-end=\"839\">Vous versez un acompte de 30 % pour r\u00e9server le v\u00e9hicule.<\/p>\n<\/li>\n<li data-start=\"893\" data-end=\"974\">\n<p data-start=\"896\" data-end=\"974\"><strong data-start=\"896\" data-end=\"918\">Inspection du v\u00e9hicule<\/strong><br data-start=\"918\" data-end=\"921\">Nous organisons une inspection d\u00e9taill\u00e9e avant le transport.<\/p>\n<\/li>\n<li data-start=\"976\" data-end=\"1061\">\n<p data-start=\"979\" data-end=\"1061\"><strong data-start=\"979\" data-end=\"1004\">Transport terrestre<\/strong><br data-start=\"1004\" data-end=\"1007\">Votre v\u00e9hicule est transport\u00e9 vers le lieu d&rsquo;exportation.<\/p>\n<\/li>\n<li data-start=\"1063\" data-end=\"1139\">\n<p data-start=\"1066\" data-end=\"1139\"><strong data-start=\"1066\" data-end=\"1094\">Paiement final via s\u00e9questre<\/strong><br data-start=\"1094\" data-end=\"1097\">Vous payez le solde restant en toute s\u00e9curit\u00e9.<\/p>\n<\/li>\n<li data-start=\"1141\" data-end=\"1225\">\n<p data-start=\"1144\" data-end=\"1225\"><strong data-start=\"1144\" data-end=\"1172\">D\u00e9douanement \u00e0 l&rsquo;exportation<\/strong><br data-start=\"1172\" data-end=\"1175\">Nous nous occupons de la documentation et des formalit\u00e9s douani\u00e8res.<\/p>\n<\/li>\n<li data-start=\"1227\" data-end=\"1306\">\n<p data-start=\"1231\" data-end=\"1306\"><strong data-start=\"1231\" data-end=\"1252\">Exp\u00e9dition outre-mer<\/strong><br data-start=\"1252\" data-end=\"1255\">Le v\u00e9hicule est exp\u00e9di\u00e9 par fret maritime ou a\u00e9rien.<\/p>\n<\/li>\n<li data-start=\"1308\" data-end=\"1394\">\n<p data-start=\"1312\" data-end=\"1394\"><strong data-start=\"1312\" data-end=\"1340\">D\u00e9douanement \u00e0 l&rsquo;importation<\/strong><br data-start=\"1340\" data-end=\"1343\">Votre v\u00e9hicule passe la douane \u00e0 destination.<\/p>\n<\/li>\n<li data-start=\"1396\" data-end=\"1489\">\n<p data-start=\"1400\" data-end=\"1489\"><strong data-start=\"1400\" data-end=\"1433\">R\u00e9f\u00e9rence partenaire d&rsquo;homologation<\/strong><br data-start=\"1433\" data-end=\"1436\">Nous vous mettons en relation avec des experts en homologation de confiance.<\/p>\n<\/li>\n<li data-start=\"1491\" data-end=\"1573\">\n<p data-start=\"1495\" data-end=\"1573\"><strong data-start=\"1495\" data-end=\"1519\">Processus d&rsquo;homologation<\/strong><br data-start=\"1519\" data-end=\"1522\">Les modifications et certifications sont termin\u00e9es.<\/p>\n<\/li>\n<li data-start=\"1575\" data-end=\"1655\">\n<p data-start=\"1579\" data-end=\"1655\"><strong data-start=\"1579\" data-end=\"1597\">Livraison finale<\/strong><br data-start=\"1597\" data-end=\"1600\">Votre v\u00e9hicule est livr\u00e9 \u00e0 sa destination finale.<\/p>\n<\/li>\n<\/ol>\n<p>[\/vc_column_text][\/vc_column][vc_column width=\u00a0\u00bb1\/4&Prime;][\/vc_column][\/vc_row][vc_row el_class=\u00a0\u00bbmargin-bottom-none padding-bottom-10 margin-top-30&Prime;][vc_column css=\u00a0\u00bb.vc_custom_1753806596455{padding-top: 50px !important;padding-bottom: 50px !important;border-radius: 1px !important;border-color: #DDDDDD !important;}\u00a0\u00bb][\/vc_column][\/vc_row][vc_row el_class=\u00a0\u00bbmargin-bottom-none margin-top-30&Prime;][vc_column][vc_column_text css=\u00a0\u00bb.vc_custom_1515783708727{margin-bottom: 30px !important;}\u00a0\u00bb]<\/p>\n<h3>QUELQUES-UNES DE NOS MARQUES VEDETTES<\/h3>\n<p>[\/vc_column_text]<div class=\"featured-brand \"><div class=\"arrow2 pull-right clearfix slideControls\"><span class=\"next-btn\"><\/span><span class=\"prev-btn\"><\/span><\/div><div class=\"carousel-slider featured_slider\"><div class='slide hoverimg'><a href='#' style='background-image: url(https:\/\/signumexport.com\/wp-content\/uploads\/2024\/10\/Rolls-Royce-Small.png);' data-hoverimg='https:\/\/signumexport.com\/wp-content\/uploads\/2024\/10\/Rolls-Royce-Small.png'><\/a><\/div><div class='slide hoverimg'><a href='#' style='background-image: url(https:\/\/signumexport.com\/wp-content\/uploads\/2024\/10\/Tesla-1-e1727807381777.png);' data-hoverimg='https:\/\/signumexport.com\/wp-content\/uploads\/2024\/10\/Tesla-1-e1727807381777.png'><\/a><\/div><div class='slide hoverimg'><a href='#' style='background-image: url(https:\/\/signumexport.com\/wp-content\/uploads\/2024\/10\/BMW-e1727809752728.png);' data-hoverimg='https:\/\/signumexport.com\/wp-content\/uploads\/2024\/10\/BMW-e1727809752728.png'><\/a><\/div><div class='slide hoverimg'><a href='#' style='background-image: url(https:\/\/signumexport.com\/wp-content\/uploads\/2024\/10\/Audi-2-e1727816199648.png);' data-hoverimg='https:\/\/signumexport.com\/wp-content\/uploads\/2024\/10\/Audi-2-e1727816199648.png'><\/a><\/div><div class='slide hoverimg'><a href='#' style='background-image: url(https:\/\/signumexport.com\/wp-content\/uploads\/2024\/10\/\u0441hevrolet-logo-transparent-background-1-e1728321850823.png);' data-hoverimg='https:\/\/signumexport.com\/wp-content\/uploads\/2024\/10\/\u0441hevrolet-logo-transparent-background-1-e1728321850823.png'><\/a><\/div><div class='slide hoverimg'><a href='#' style='background-image: url(https:\/\/signumexport.com\/wp-content\/uploads\/2024\/10\/Dodge-2-Transparent-Background-e1728298471892.png);' data-hoverimg='https:\/\/signumexport.com\/wp-content\/uploads\/2024\/10\/Dodge-2-Transparent-Background-e1728298471892.png'><\/a><\/div><div class='slide hoverimg'><a href='#' style='background-image: url(https:\/\/signumexport.com\/wp-content\/uploads\/2024\/10\/Mercedes-Small-1.png);' data-hoverimg='https:\/\/signumexport.com\/wp-content\/uploads\/2024\/10\/Mercedes-Small-1.png'><\/a><\/div><div class='slide hoverimg'><a href='#' style='background-image: url(https:\/\/signumexport.com\/wp-content\/uploads\/2024\/10\/GMC-Logo-Transparent-Background-Small-e1728313060237.png);' data-hoverimg='https:\/\/signumexport.com\/wp-content\/uploads\/2024\/10\/GMC-Logo-Transparent-Background-Small-e1728313060237.png'><\/a><\/div><div class='slide hoverimg'><a href='#' style='background-image: url(https:\/\/signumexport.com\/wp-content\/uploads\/2024\/10\/Cadillac-logo-Transparent-Background-e1728304282605.png);' data-hoverimg='https:\/\/signumexport.com\/wp-content\/uploads\/2024\/10\/Cadillac-logo-Transparent-Background-e1728304282605.png'><\/a><\/div><div class='slide hoverimg'><a href='#' style='background-image: url(https:\/\/signumexport.com\/wp-content\/uploads\/2024\/10\/ford-logo-Transparent-background-2-e1728312861585.png);' data-hoverimg='https:\/\/signumexport.com\/wp-content\/uploads\/2024\/10\/ford-logo-Transparent-background-2-e1728312861585.png'><\/a><\/div><div class='slide hoverimg'><a href='#' style='background-image: url(https:\/\/signumexport.com\/wp-content\/uploads\/2024\/10\/Jaguar-logo-Transparent-background-e1728322336134.png);' data-hoverimg='https:\/\/signumexport.com\/wp-content\/uploads\/2024\/10\/Jaguar-logo-Transparent-background-e1728322336134.png'><\/a><\/div><div class='slide hoverimg'><a href='#' style='background-image: url(https:\/\/signumexport.com\/wp-content\/uploads\/2024\/10\/Porsche-Logo-Transparent-background-e1728323105771.png);' data-hoverimg='https:\/\/signumexport.com\/wp-content\/uploads\/2024\/10\/Porsche-Logo-Transparent-background-e1728323105771.png'><\/a><\/div><div class='slide hoverimg'><a href='#' style='background-image: url(https:\/\/signumexport.com\/wp-content\/uploads\/2024\/10\/Viper-Logo-Transparent-Background-e1728324876415.png);' data-hoverimg='https:\/\/signumexport.com\/wp-content\/uploads\/2024\/10\/Viper-Logo-Transparent-Background-e1728324876415.png'><\/a><\/div><div class='slide hoverimg'><a href='#' style='background-image: url(https:\/\/signumexport.com\/wp-content\/uploads\/2024\/10\/Fisker-logo-Transparent-Background-e1728324997453.png);' data-hoverimg='https:\/\/signumexport.com\/wp-content\/uploads\/2024\/10\/Fisker-logo-Transparent-Background-e1728324997453.png'><\/a><\/div><div class='slide hoverimg'><a href='#' style='background-image: url(https:\/\/signumexport.com\/wp-content\/uploads\/2024\/10\/VW-logo-Transparent-Background-e1728325631798.png);' data-hoverimg='https:\/\/signumexport.com\/wp-content\/uploads\/2024\/10\/VW-logo-Transparent-Background-e1728325631798.png'><\/a><\/div><div class='slide hoverimg'><a href='#' style='background-image: url(https:\/\/signumexport.com\/wp-content\/uploads\/2024\/10\/volvo-logo-Transparent-e1728326015445.png);' data-hoverimg='https:\/\/signumexport.com\/wp-content\/uploads\/2024\/10\/volvo-logo-Transparent-e1728326015445.png'><\/a><\/div><div class='slide hoverimg'><a href='#' style='background-image: url(https:\/\/signumexport.com\/wp-content\/uploads\/2024\/10\/Lucid-Transparent-background-e1728326224645.png);' data-hoverimg='https:\/\/signumexport.com\/wp-content\/uploads\/2024\/10\/Lucid-Transparent-background-e1728326224645.png'><\/a><\/div><\/div><\/div>[\/vc_column][\/vc_row]<\/p>\n<\/div>","protected":false},"excerpt":{"rendered":"<p>[vc_row el_class=\u00a0\u00bbmargin-bottom-none padding-bottom-10 margin-top-30&Prime;][vc_column css=\u00a0\u00bb.vc_custom_1753806879340{padding-top: 50px !important;padding-bottom: 50px !important;border-radius: 1px !important;border-color: #DDDDDD !important;}\u00a0\u00bb][vc_single_image image=\u00a0\u00bb24651&Prime; img_size=\u00a0\u00bbfull\u00a0\u00bb alignment=\u00a0\u00bbright\u00a0\u00bb css=\u00a0\u00bb\u00a0\u00bb][\/vc_column][\/vc_row][vc_row css=\u00a0\u00bb.vc_custom_1515782941289{margin-bottom: 0px !important;}\u00a0\u00bb el_class=\u00a0\u00bbmargin-bottom-none\u00a0\u00bb][vc_column width=\u00a0\u00bb1\/4&Prime;][\/vc_column][vc_column width=\u00a0\u00bb1\/2&Prime;][vc_column_text css=\u00a0\u00bb.vc_custom_1757628352146{margin-bottom: 20px !important;}\u00a0\u00bb]<\/p>\n<p> <strong>COMMENT \u00c7A MARCHE ?<\/strong> <\/p>\n<p>[\/vc_column_text][vc_column_text css=\u00a0\u00bb.vc_custom_1757628462120{margin-bottom: 20px !important;}\u00a0\u00bb]\u00a0[\/vc_column_text][vc_column_text css=\u00a0\u00bb\u00a0\u00bb el_class=\u00a0\u00bbpadding-left-none xs-padding-bottom-40&Prime;]<\/p>\n<p> <strong data-start=\"800\" data-end=\"816\">Processus d&rsquo;exportation \u00e9tape par \u00e9tape<\/strong> <\/p>\n<p>&nbsp;<\/p>\n<ol data-start=\"467\" data-end=\"1655\">\n<li data-start=\"467\" data-end=\"556\">\n<p data-start=\"470\" data-end=\"556\"><strong data-start=\"470\" data-end=\"501\">Soumettez votre demande de v\u00e9hicule<\/strong><br data-start=\"501\" data-end=\"504\"\/>Contactez-nous avec vos besoins et pr\u00e9f\u00e9rences exacts.<\/p>\n<\/li>\n<li data-start=\"558\" data-end=\"637\">\n<p data-start=\"561\" data-end=\"637\"><strong data-start=\"561\" data-end=\"586\">D\u00e9but de la recherche de v\u00e9hicule<\/strong><br data-start=\"586\" data-end=\"589\"\/>Nous trouvons le ou les v\u00e9hicules qui vous correspondent le mieux.<\/p>\n<\/li>\n<li data-start=\"639\" data-end=\"720\">\n<p data-start=\"642\" data-end=\"720\"><strong data-start=\"642\" data-end=\"669\">N\u00e9gociation et meilleure offre<\/strong><br data-start=\"669\" data-end=\"672\"\/>Nous n\u00e9gocions le prix le plus bas en votre nom.<\/p>\n<\/li>\n<li data-start=\"722\" data-end=\"806\">\n<p data-start=\"725\" data-end=\"806\"><strong data-start=\"725\" data-end=\"754\">Contrat d&rsquo;achat sign\u00e9<\/strong><br data-start=\"754\" data-end=\"757\"\/>Nous pr\u00e9parons et finalisons le contrat d&rsquo;achat.<\/p>\n<\/li>\n<li data-start=\"808\" data-end=\"891\">\n<p data-start=\"811\" data-end=\"891\"><strong data-start=\"811\" data-end=\"836\">Acompte initial (30 %)<\/strong><br data-start=\"836\" data-end=\"839\"\/>Vous versez un acompte de 30 [&#8230;]<\/p>\n<\/li>\n<\/ol>\n","protected":false},"author":1,"featured_media":0,"parent":0,"menu_order":0,"comment_status":"closed","ping_status":"closed","template":"","meta":{"footnotes":""},"class_list":["post-4451","page","type-page","status-publish","hentry"],"_links":{"self":[{"href":"https:\/\/signumexport.com\/fr\/wp-json\/wp\/v2\/pages\/4451","targetHints":{"allow":["GET"]}}],"collection":[{"href":"https:\/\/signumexport.com\/fr\/wp-json\/wp\/v2\/pages"}],"about":[{"href":"https:\/\/signumexport.com\/fr\/wp-json\/wp\/v2\/types\/page"}],"author":[{"embeddable":true,"href":"https:\/\/signumexport.com\/fr\/wp-json\/wp\/v2\/users\/1"}],"replies":[{"embeddable":true,"href":"https:\/\/signumexport.com\/fr\/wp-json\/wp\/v2\/comments?post=4451"}],"version-history":[{"count":14,"href":"https:\/\/signumexport.com\/fr\/wp-json\/wp\/v2\/pages\/4451\/revisions"}],"predecessor-version":[{"id":24747,"href":"https:\/\/signumexport.com\/fr\/wp-json\/wp\/v2\/pages\/4451\/revisions\/24747"}],"wp:attachment":[{"href":"https:\/\/signumexport.com\/fr\/wp-json\/wp\/v2\/media?parent=4451"}],"curies":[{"name":"wp","href":"https:\/\/api.w.org\/{rel}","templated":true}]}}