{"id":4430,"date":"2017-09-10T16:47:15","date_gmt":"2017-09-10T16:47:15","guid":{"rendered":"https:\/\/signumexport.com\/faq\/"},"modified":"2025-08-14T15:29:27","modified_gmt":"2025-08-14T15:29:27","slug":"faq","status":"publish","type":"page","link":"https:\/\/signumexport.com\/fr\/faq\/","title":{"rendered":"FAQ"},"content":{"rendered":"<div class=\"wpb-content-wrapper\"><p>[vc_row][vc_column]<div class=\"list_faq clearfix \"><h5>Sort FAQ By:<\/h5><ul><li><a href='#All' data-action='sort'>All<\/a><\/li><li><a href='#Electrical' data-action='sort'>Electrical<\/a><\/li><li><a href='#Engine' data-action='sort'>Engine<\/a><\/li><li><a href='#Mechanical' data-action='sort'>Mechanical<\/a><\/li><li><a href='#Navigation' data-action='sort'>Navigation<\/a><\/li><li><a href='#Sunroof' data-action='sort'>Sunroof<\/a><\/li><li><a href='#Stereo' data-action='sort'>Stereo<\/a><\/li><li><a href='#Wiring' data-action='sort'>Wiring<\/a><\/li><\/ul><\/div><div class=\"accordion_panel margin-top-30\"><div class=\"panel-group description-accordion faq-sort faq margin-bottom-none\" id=\"accordion\"> <!--description--><div class=\"panel panel-default padding-top-20 padding-bottom-15\" data-categories=\"Electrical,Navigational,Wiring\" itemscope itemtype=\"http:\/\/schema.org\/Question\"><div class=\"panel-heading padding-vertical-10 padding-horizontal-15\"><h4 class=\"panel-title padding-left-30\"> <a data-toggle=\"collapse\" data-parent=\"#accordion\" href=\"#collapse_MKczfehcal\" class=\"collapsed\"><span itemprop=\"text\">Quels services propose Signum Group ?<\/span><\/a> <\/h4><\/div><div id=\"collapse_MKczfehcal\" class=\"panel-collapse collapse\" style=\"height: 0px;\"><div class=\"panel-body\"> <!--Panel_body--><div class=\"faq_post padding-left-40\"><div class=\"post-entry clearfix margin-top-10\"itemprop=\"suggestedAnswer acceptedAnswer\" itemscope itemtype=\"http:\/\/schema.org\/Answer\"><div itemprop=\"text\">Nous fournissons des services complets de commerce automobile, notamment la recherche de v\u00e9hicules, les inspections, la documentation d&rsquo;exportation, l&rsquo;exp\u00e9dition internationale, le d\u00e9douanement et l&rsquo;assistance \u00e0 l&rsquo;homologation. Nous agissons \u00e0 la fois comme concessionnaire traditionnel et sp\u00e9cialiste de l&rsquo;exportation. <\/div><\/div><\/div><!--Panel_body--> <\/div><\/div><\/div><!--description--> <!--description--><div class=\"panel panel-default padding-top-20 padding-bottom-15\" data-categories=\"Engine,Sunroof,Wiring\" itemscope itemtype=\"http:\/\/schema.org\/Question\"><div class=\"panel-heading padding-vertical-10 padding-horizontal-15\"><h4 class=\"panel-title padding-left-30\"> <a data-toggle=\"collapse\" data-parent=\"#accordion\" href=\"#collapse_hJXymikESK\" class=\"collapsed\"><span itemprop=\"text\">Comment fonctionne l&#039;E-Consignment ?<\/span><\/a> <\/h4><\/div><div id=\"collapse_hJXymikESK\" class=\"panel-collapse collapse\" style=\"height: 0px;\"><div class=\"panel-body\"> <!--Panel_body--><div class=\"faq_post padding-left-40\"><div class=\"post-entry clearfix margin-top-10\"itemprop=\"suggestedAnswer acceptedAnswer\" itemscope itemtype=\"http:\/\/schema.org\/Answer\"><div itemprop=\"text\">L&rsquo;E-Consignment permet aux concessionnaires am\u00e9ricains de b\u00e9n\u00e9ficier de notre expertise en exportation sans frais g\u00e9n\u00e9raux. Nous r\u00e9f\u00e9ren\u00e7ons votre inventaire \u00e0 l&rsquo;international, qualifions les acheteurs, g\u00e9rons toute la logistique d&rsquo;exportation et garantissons des transactions s\u00e9curis\u00e9es. Vous recevez le paiement apr\u00e8s la livraison r\u00e9ussie.  <\/div><\/div><\/div><!--Panel_body--> <\/div><\/div><\/div><!--description--> <!--description--><div class=\"panel panel-default padding-top-20 padding-bottom-15\" data-categories=\"Electrical,Mechanical,Wiring\" itemscope itemtype=\"http:\/\/schema.org\/Question\"><div class=\"panel-heading padding-vertical-10 padding-horizontal-15\"><h4 class=\"panel-title padding-left-30\"> <a data-toggle=\"collapse\" data-parent=\"#accordion\" href=\"#collapse_EdeiCZhZrj\" class=\"in\"><span itemprop=\"text\">Quels types de v\u00e9hicules g\u00e9rez-vous ?<\/span><\/a> <\/h4><\/div><div id=\"collapse_EdeiCZhZrj\" class=\"panel-collapse in\" style=\"height: auto;\"><div class=\"panel-body\"> <!--Panel_body--><div class=\"faq_post padding-left-40\"><div class=\"post-entry clearfix margin-top-10\"itemprop=\"suggestedAnswer acceptedAnswer\" itemscope itemtype=\"http:\/\/schema.org\/Answer\"><div itemprop=\"text\">Nous sommes sp\u00e9cialis\u00e9s dans les v\u00e9hicules haut de gamme, de luxe et de grande valeur des principaux constructeurs. Cela inclut les voitures de luxe r\u00e9centes, les SUV, les voitures de sport et certains v\u00e9hicules de collection. Nous pouvons rechercher pratiquement toutes les marques et mod\u00e8les sur demande.  <\/div><\/div><\/div><!--Panel_body--> <\/div><\/div><\/div><!--description--> <!--description--><div class=\"panel panel-default padding-top-20 padding-bottom-15\" data-categories=\"Mechanical,Sunroof,Navigational\" itemscope itemtype=\"http:\/\/schema.org\/Question\"><div class=\"panel-heading padding-vertical-10 padding-horizontal-15\"><h4 class=\"panel-title padding-left-30\"> <a data-toggle=\"collapse\" data-parent=\"#accordion\" href=\"#collapse_DlYuBUZwyz\" class=\"collapsed\"><span itemprop=\"text\">Vers quels pays exportez-vous ?<\/span><\/a> <\/h4><\/div><div id=\"collapse_DlYuBUZwyz\" class=\"panel-collapse collapse\" style=\"height: 0px;\"><div class=\"panel-body\"> <!--Panel_body--><div class=\"faq_post padding-left-40\"><div class=\"post-entry clearfix margin-top-10\"itemprop=\"suggestedAnswer acceptedAnswer\" itemscope itemtype=\"http:\/\/schema.org\/Answer\"><div itemprop=\"text\">Nous avons export\u00e9 avec succ\u00e8s vers plus de 40 pays dans le monde, avec une expertise particuli\u00e8re en Europe, au Moyen-Orient, en Asie centrale et en Am\u00e9rique latine. Contactez-nous pour confirmer les exigences sp\u00e9cifiques \u00e0 votre destination. <\/div><\/div><\/div><!--Panel_body--> <\/div><\/div><\/div><!--description--> <!--description--><div class=\"panel panel-default padding-top-20 padding-bottom-15\" data-categories=\"Navigational,Stereo,Sunroof\" itemscope itemtype=\"http:\/\/schema.org\/Question\"><div class=\"panel-heading padding-vertical-10 padding-horizontal-15\"><h4 class=\"panel-title padding-left-30\"> <a data-toggle=\"collapse\" data-parent=\"#accordion\" href=\"#collapse_SoKdRuIqkM\" class=\"collapsed\"><span itemprop=\"text\">Quels sont les d\u00e9lais typiques d&#039;exportation ?<\/span><\/a> <\/h4><\/div><div id=\"collapse_SoKdRuIqkM\" class=\"panel-collapse collapse\" style=\"height: 0px;\"><div class=\"panel-body\"> <!--Panel_body--><div class=\"faq_post padding-left-40\"><div class=\"post-entry clearfix margin-top-10\"itemprop=\"suggestedAnswer acceptedAnswer\" itemscope itemtype=\"http:\/\/schema.org\/Answer\"><div itemprop=\"text\">Les d\u00e9lais varient selon la destination et le mode d&rsquo;exp\u00e9dition. En g\u00e9n\u00e9ral, comptez 2 \u00e0 4 semaines pour la recherche et la pr\u00e9paration, plus le temps d&rsquo;exp\u00e9dition (1 \u00e0 2 semaines pour le fret a\u00e9rien, 4 \u00e0 8 semaines pour le maritime). Certaines destinations peuvent n\u00e9cessiter du temps suppl\u00e9mentaire pour l&rsquo;homologation.  <\/div><\/div><\/div><!--Panel_body--> <\/div><\/div><\/div><!--description--> <!--description--><div class=\"panel panel-default padding-top-20 padding-bottom-15\" data-categories=\"Engine,Navigational,Stereo\" itemscope itemtype=\"http:\/\/schema.org\/Question\"><div class=\"panel-heading padding-vertical-10 padding-horizontal-15\"><h4 class=\"panel-title padding-left-30\"> <a data-toggle=\"collapse\" data-parent=\"#accordion\" href=\"#collapse_COgKOHfTHq\" class=\"collapsed\"><span itemprop=\"text\">Quels modes de paiement acceptez-vous&nbsp;?<\/span><\/a> <\/h4><\/div><div id=\"collapse_COgKOHfTHq\" class=\"panel-collapse collapse\" style=\"height: 0px;\"><div class=\"panel-body\"> <!--Panel_body--><div class=\"faq_post padding-left-40\"><div class=\"post-entry clearfix margin-top-10\"itemprop=\"suggestedAnswer acceptedAnswer\" itemscope itemtype=\"http:\/\/schema.org\/Answer\"><div itemprop=\"text\">Nous proposons des options de paiement s\u00e9curis\u00e9es, notamment les virements bancaires et les services d&rsquo;entiercement via Escrow.com. Pour les transactions entre concessionnaires, nous pouvons \u00e9galement accepter les virements ACH. Toutes les transactions sont enti\u00e8rement document\u00e9es.  <\/div><\/div><\/div><!--Panel_body--> <\/div><\/div><\/div><!--description--> <!--description--><div class=\"panel panel-default padding-top-20 padding-bottom-15\" data-categories=\"Engine,Navigational,Navigational\" itemscope itemtype=\"http:\/\/schema.org\/Question\"><div class=\"panel-heading padding-vertical-10 padding-horizontal-15\"><h4 class=\"panel-title padding-left-30\"> <a data-toggle=\"collapse\" data-parent=\"#accordion\" href=\"#collapse_YBftRkzPHw\" class=\"collapsed\"><span itemprop=\"text\">Comment sont g\u00e9r\u00e9es les inspections des v\u00e9hicules ?<\/span><\/a> <\/h4><\/div><div id=\"collapse_YBftRkzPHw\" class=\"panel-collapse collapse\" style=\"height: 0px;\"><div class=\"panel-body\"> <!--Panel_body--><div class=\"faq_post padding-left-40\"><div class=\"post-entry clearfix margin-top-10\"itemprop=\"suggestedAnswer acceptedAnswer\" itemscope itemtype=\"http:\/\/schema.org\/Answer\"><div itemprop=\"text\">Nous effectuons des inspections compl\u00e8tes avant l&rsquo;achat, soit en interne, soit par l&rsquo;interm\u00e9diaire de prestataires tiers de confiance. Vous recevrez des rapports d\u00e9taill\u00e9s avec photos avant de finaliser toute transaction. <\/div><\/div><\/div><!--Panel_body--> <\/div><\/div><\/div><!--description--> <!--description--><div class=\"panel panel-default padding-top-20 padding-bottom-15\" data-categories=\"Electrical,Sunroof,Wiring\" itemscope itemtype=\"http:\/\/schema.org\/Question\"><div class=\"panel-heading padding-vertical-10 padding-horizontal-15\"><h4 class=\"panel-title padding-left-30\"> <a data-toggle=\"collapse\" data-parent=\"#accordion\" href=\"#collapse_KQWhEHuwtf\" class=\"collapsed\"><span itemprop=\"text\">Qu&#039;est-ce que l&#039;homologation et est-elle requise ?<\/span><\/a> <\/h4><\/div><div id=\"collapse_KQWhEHuwtf\" class=\"panel-collapse collapse\" style=\"height: 0px;\"><div class=\"panel-body\"> <!--Panel_body--><div class=\"faq_post padding-left-40\"><div class=\"post-entry clearfix margin-top-10\"itemprop=\"suggestedAnswer acceptedAnswer\" itemscope itemtype=\"http:\/\/schema.org\/Answer\"><div itemprop=\"text\">L&rsquo;homologation est le processus de modification d&rsquo;un v\u00e9hicule pour r\u00e9pondre aux r\u00e9glementations du pays de destination. Les exigences varient consid\u00e9rablement : certains pays n\u00e9cessitent des changements minimes tandis que d&rsquo;autres exigent des modifications importantes. Nous vous guidons tout au long du processus.  <\/div><\/div><\/div><!--Panel_body--> <\/div><\/div><\/div><!--description--> <!--description--><div class=\"panel panel-default padding-top-20 padding-bottom-15\" data-categories=\"Mechanical,Engine,Stereo\" itemscope itemtype=\"http:\/\/schema.org\/Question\"><div class=\"panel-heading padding-vertical-10 padding-horizontal-15\"><h4 class=\"panel-title padding-left-30\"> <a data-toggle=\"collapse\" data-parent=\"#accordion\" href=\"#collapse_WvAmMgtWsD\" class=\"collapsed\"><span itemprop=\"text\">Comment g\u00e9rez-vous le d\u00e9douanement ?<\/span><\/a> <\/h4><\/div><div id=\"collapse_WvAmMgtWsD\" class=\"panel-collapse collapse\" style=\"height: 0px;\"><div class=\"panel-body\"> <!--Panel_body--><div class=\"faq_post padding-left-40\"><div class=\"post-entry clearfix margin-top-10\"itemprop=\"suggestedAnswer acceptedAnswer\" itemscope itemtype=\"http:\/\/schema.org\/Answer\"><div itemprop=\"text\">Nous pr\u00e9parons toute la documentation d&rsquo;exportation am\u00e9ricaine n\u00e9cessaire et coordonnons avec les courtiers en douane dans le pays de destination pour assurer un d\u00e9douanement sans probl\u00e8me. Vous recevrez des conseils sur les droits ou taxes \u00e0 payer \u00e0 l&rsquo;arriv\u00e9e. <\/div><\/div><\/div><!--Panel_body--> <\/div><\/div><\/div><!--description--> <!--description--><div class=\"panel panel-default padding-top-20 padding-bottom-15\" data-categories=\"Mechanical,Engine,Stereo\" itemscope itemtype=\"http:\/\/schema.org\/Question\"><div class=\"panel-heading padding-vertical-10 padding-horizontal-15\"><h4 class=\"panel-title padding-left-30\"> <a data-toggle=\"collapse\" data-parent=\"#accordion\" href=\"#collapse_FIPCOKgiUh\" class=\"collapsed\"><span itemprop=\"text\">Quelles langues parle votre \u00e9quipe ?<\/span><\/a> <\/h4><\/div><div id=\"collapse_FIPCOKgiUh\" class=\"panel-collapse collapse\" style=\"height: 0px;\"><div class=\"panel-body\"> <!--Panel_body--><div class=\"faq_post padding-left-40\"><div class=\"post-entry clearfix margin-top-10\"itemprop=\"suggestedAnswer acceptedAnswer\" itemscope itemtype=\"http:\/\/schema.org\/Answer\"><div itemprop=\"text\">Notre \u00e9quipe parle couramment l&rsquo;anglais, le fran\u00e7ais, le persan, le russe et l&rsquo;ukrainien. Nous pouvons organiser un support de traduction pour d&rsquo;autres langues si n\u00e9cessaire. <\/div><\/div><\/div><!--Panel_body--> <\/div><\/div><\/div><!--description--> <\/div><\/div>[\/vc_column][\/vc_row]<\/p>\n<\/div>","protected":false},"excerpt":{"rendered":"<p>[vc_row][vc_column][\/vc_column][\/vc_row]<\/p>\n","protected":false},"author":1,"featured_media":0,"parent":0,"menu_order":0,"comment_status":"closed","ping_status":"closed","template":"","meta":{"footnotes":""},"class_list":["post-4430","page","type-page","status-publish","hentry"],"_links":{"self":[{"href":"https:\/\/signumexport.com\/fr\/wp-json\/wp\/v2\/pages\/4430","targetHints":{"allow":["GET"]}}],"collection":[{"href":"https:\/\/signumexport.com\/fr\/wp-json\/wp\/v2\/pages"}],"about":[{"href":"https:\/\/signumexport.com\/fr\/wp-json\/wp\/v2\/types\/page"}],"author":[{"embeddable":true,"href":"https:\/\/signumexport.com\/fr\/wp-json\/wp\/v2\/users\/1"}],"replies":[{"embeddable":true,"href":"https:\/\/signumexport.com\/fr\/wp-json\/wp\/v2\/comments?post=4430"}],"version-history":[{"count":4,"href":"https:\/\/signumexport.com\/fr\/wp-json\/wp\/v2\/pages\/4430\/revisions"}],"predecessor-version":[{"id":4755,"href":"https:\/\/signumexport.com\/fr\/wp-json\/wp\/v2\/pages\/4430\/revisions\/4755"}],"wp:attachment":[{"href":"https:\/\/signumexport.com\/fr\/wp-json\/wp\/v2\/media?parent=4430"}],"curies":[{"name":"wp","href":"https:\/\/api.w.org\/{rel}","templated":true}]}}