{"id":4300,"date":"2017-09-11T10:42:20","date_gmt":"2017-09-11T14:42:20","guid":{"rendered":"https:\/\/signumexport.com\/notre-equipe\/"},"modified":"2025-09-08T15:24:39","modified_gmt":"2025-09-08T19:24:39","slug":"notre-equipe","status":"publish","type":"page","link":"https:\/\/signumexport.com\/fr\/notre-equipe\/","title":{"rendered":"Notre \u00e9quipe"},"content":{"rendered":"<div class=\"wpb-content-wrapper\"><p>[vc_row css=\u00a0\u00bb.vc_custom_1410358708453{margin-bottom: 10px !important;}\u00a0\u00bb][vc_column][vc_column_text css=\u00a0\u00bb.vc_custom_1727887938351{margin-bottom: 0px !important;}\u00a0\u00bb]<\/p>\n<h3>RENCONTREZ NOTRE \u00c9QUIPE<\/h3>\n<p>[\/vc_column_text][\/vc_column][\/vc_row][vc_row css=\u00a0\u00bb.vc_custom_1410359107639{margin-bottom: 70px !important;}\u00a0\u00bb][vc_column width=\u00a0\u00bb1\/3&Prime;]<div class=\"team hoverimg \"  itemscope itemtype=\"http:\/\/schema.org\/Person\"> <a href=\"https:\/\/signumexport.com\/wp-content\/uploads\/2025\/07\/IMG_3986.jpg\" class=\"fancybox\"> <img loading=\"lazy\" decoding=\"async\" src=\"https:\/\/signumexport.com\/wp-content\/uploads\/2025\/07\/IMG_3986.jpg\" class=\"aligncenter no_border\" alt=\"Karim Nabizada\" width=\"1024\" height=\"1024\" itemprop=\"image\" \/> <\/a><div class=\"name_post\"><h4 itemprop=\"name\">Karim Nabizada<\/h4><p itemprop=\"jobTitle\">Chief Executive Officer \/ CEO<\/p><\/div><div class=\"about_team\"><p>Notre fondateur a cr\u00e9\u00e9 la marque Signum Group en 1991. Fort de 16 ann\u00e9es d&rsquo;exp\u00e9rience dans l&rsquo;importation europ\u00e9enne et de 18 ann\u00e9es dans l&rsquo;exportation am\u00e9ricaine, il apporte une double expertise qui fait la force de Signum Group. Avec plus de trois d\u00e9cennies dans le commerce automobile, Karim apporte une connaissance in\u00e9gal\u00e9e des march\u00e9s europ\u00e9en et am\u00e9ricain, garantissant des transactions fluides pour les clients du monde entier.  <\/p><ul><li><i class=\"fa fa-phone\"><\/i><span itemprop=\"telephone\">941-882-8008<\/span><\/li><li><i class=\"fa fa-mobile\"><\/i><span itemprop=\"telephone\">941-882-8008<\/span><\/li><li><i class=\"fa fa-envelope-o\"><\/i><a href='mailto:karim.nabizada@signumexport.com' itemprop=\"email\">karim.nabizada@signumexport.com<\/a><\/li><\/ul><\/div><div class=\"social_team pull-left\"><ul class=\"social\"><li class='margin-bottom-none'><a href=\"#\" class=\"facebook \"><\/a><\/li>\n<li class='margin-bottom-none'><a href=\"#\" class=\"twitter \"><\/a><\/li>\n<li class='margin-bottom-none'><a href=\"#\" class=\"linkedin \"><\/a><\/li>\n<li class='margin-bottom-none'><a href=\"#\" class=\"flickr \"><\/a><\/li>\n<li class='margin-bottom-none'><a href=\"#\" class=\"google \"><\/a><\/li>\n<\/ul><\/div><div class=\"clearfix\"><\/div><\/div>[\/vc_column][vc_column width=\u00a0\u00bb1\/3&Prime;]<div class=\"team hoverimg \"  itemscope itemtype=\"http:\/\/schema.org\/Person\"> <a href=\"https:\/\/signumexport.com\/wp-content\/uploads\/2025\/07\/IMG_3961.jpg\" class=\"fancybox\"> <img loading=\"lazy\" decoding=\"async\" src=\"https:\/\/signumexport.com\/wp-content\/uploads\/2025\/07\/IMG_3961.jpg\" class=\"aligncenter no_border\" alt=\"Veronica Nabizada\" width=\"1024\" height=\"1024\" itemprop=\"image\" \/> <\/a><div class=\"name_post\"><h4 itemprop=\"name\">Veronica Nabizada<\/h4><p itemprop=\"jobTitle\">Chief Financial Officer \/ CFO<\/p><\/div><div class=\"about_team\"><p>Veronica g\u00e8re tous les aspects des transactions financi\u00e8res et de la documentation avec une rapidit\u00e9 et une pr\u00e9cision in\u00e9gal\u00e9es. Son esprit m\u00e9ticuleux et sa d\u00e9termination sans faille garantissent que m\u00eame les documents les plus complexes sont trait\u00e9s rapidement et parfaitement. Connue pour avoir toujours deux longueurs d&rsquo;avance, elle pousse activement toutes les parties \u00e0 avancer pour maintenir le processus fluide et dans les d\u00e9lais.  <\/p><ul><li><i class=\"fa fa-phone\"><\/i><span itemprop=\"telephone\">941-882-8008<\/span><\/li><li><i class=\"fa fa-mobile\"><\/i><span itemprop=\"telephone\">941-882-8008<\/span><\/li><li><i class=\"fa fa-envelope-o\"><\/i><a href='mailto:veronica.nabizada@signumexport.com' itemprop=\"email\">veronica.nabizada@signumexport.com<\/a><\/li><\/ul><\/div><div class=\"social_team pull-left\"><ul class=\"social\"><li class='margin-bottom-none'><a href=\"#\" class=\"facebook \"><\/a><\/li>\n<li class='margin-bottom-none'><a href=\"#\" class=\"twitter \"><\/a><\/li>\n<li class='margin-bottom-none'><a href=\"#\" class=\"linkedin \"><\/a><\/li>\n<\/ul><\/div><div class=\"clearfix\"><\/div><\/div>[\/vc_column][vc_column width=\u00a0\u00bb1\/3&Prime;]<div class=\"team hoverimg \"  itemscope itemtype=\"http:\/\/schema.org\/Person\"> <a href=\"https:\/\/signumexport.com\/wp-content\/uploads\/2025\/07\/IMG_4103.jpg\" class=\"fancybox\"> <img loading=\"lazy\" decoding=\"async\" src=\"https:\/\/signumexport.com\/wp-content\/uploads\/2025\/07\/IMG_4103.jpg\" class=\"aligncenter no_border\" alt=\"Fabio Nabizada\" width=\"1024\" height=\"1024\" itemprop=\"image\" \/> <\/a><div class=\"name_post\"><h4 itemprop=\"name\">Fabio Nabizada<\/h4><p itemprop=\"jobTitle\">Team Professional Race &amp; Aircraft Pilot<\/p><\/div><div class=\"about_team\"><p>Fabio apporte une concentration et des comp\u00e9tences in\u00e9gal\u00e9es dans des environnements de haute pr\u00e9cision et de grande vitesse. Sa passion de toujours pour le sport automobile et l&rsquo;aviation nourrit une pr\u00e9cision extraordinaire, une prise de d\u00e9cision rapide et une ma\u00eetrise technique bien au-del\u00e0 de son \u00e2ge. Qu&rsquo;il pilote des v\u00e9hicules ou des a\u00e9ronefs, il ex\u00e9cute des man\u0153uvres complexes avec brio, ce qui fait de lui un membre inestimable de l&rsquo;\u00e9quipe du Groupe Signum.  <\/p><ul><li><i class=\"fa fa-phone\"><\/i><span itemprop=\"telephone\">941-882-8008<\/span><\/li><li><i class=\"fa fa-mobile\"><\/i><span itemprop=\"telephone\">941-882-8008<\/span><\/li><li><i class=\"fa fa-envelope-o\"><\/i><a href='mailto:fabio.nabizada@signumexport.com' itemprop=\"email\">fabio.nabizada@signumexport.com<\/a><\/li><\/ul><\/div><div class=\"social_team pull-left\"><ul class=\"social\"><li class='margin-bottom-none'><a href=\"#\" class=\"facebook \"><\/a><\/li>\n<li class='margin-bottom-none'><a href=\"#\" class=\"twitter \"><\/a><\/li>\n<li class='margin-bottom-none'><a href=\"#\" class=\"linkedin \"><\/a><\/li>\n<li class='margin-bottom-none'><a href=\"#\" class=\"google \"><\/a><\/li>\n<\/ul><\/div><div class=\"clearfix\"><\/div><\/div>[\/vc_column][\/vc_row][vc_row css=\u00a0\u00bb.vc_custom_1410359107639{margin-bottom: 70px !important;}\u00a0\u00bb][vc_column width=\u00a0\u00bb1\/3&Prime;]<div class=\"team hoverimg \"  itemscope itemtype=\"http:\/\/schema.org\/Person\"> <a href=\"https:\/\/signumexport.com\/wp-content\/uploads\/2025\/08\/Jamie-Smith-2-e1755549311570.jpg\" class=\"fancybox\"> <img loading=\"lazy\" decoding=\"async\" src=\"https:\/\/signumexport.com\/wp-content\/uploads\/2025\/08\/Jamie-Smith-2-e1755549311570.jpg\" class=\"aligncenter no_border\" alt=\"Jamie Smith\" width=\"1024\" height=\"1024\" itemprop=\"image\" \/> <\/a><div class=\"name_post\"><h4 itemprop=\"name\">Jamie Smith<\/h4><p itemprop=\"jobTitle\">Acquisition Specialist<\/p><\/div><div class=\"about_team\"><p>Notre expert en sourcing de v\u00e9hicules dispose d&rsquo;un r\u00e9seau couvrant l&rsquo;Am\u00e9rique du Nord et l&rsquo;Europe. Jamie est sp\u00e9cialis\u00e9 dans la recherche de mod\u00e8les rares et tr\u00e8s demand\u00e9s, la n\u00e9gociation des meilleures conditions et la v\u00e9rification de l&rsquo;historique et de l&rsquo;\u00e9tat des v\u00e9hicules avant l&rsquo;achat. <\/p><ul><li><i class=\"fa fa-phone\"><\/i><span itemprop=\"telephone\">941-882-8008<\/span><\/li><li><i class=\"fa fa-mobile\"><\/i><span itemprop=\"telephone\">941-882-8008<\/span><\/li><li><i class=\"fa fa-envelope-o\"><\/i><a href='mailto:jamie.smith@signumexport.com' itemprop=\"email\">jamie.smith@signumexport.com<\/a><\/li><\/ul><\/div><div class=\"social_team pull-left\"><ul class=\"social\"><li class='margin-bottom-none'><a href=\"#\" class=\"facebook \"><\/a><\/li>\n<li class='margin-bottom-none'><a href=\"#\" class=\"twitter \"><\/a><\/li>\n<li class='margin-bottom-none'><a href=\"#\" class=\"linkedin \"><\/a><\/li>\n<li class='margin-bottom-none'><a href=\"#\" class=\"flickr \"><\/a><\/li>\n<li class='margin-bottom-none'><a href=\"#\" class=\"google \"><\/a><\/li>\n<\/ul><\/div><div class=\"clearfix\"><\/div><\/div>[\/vc_column][vc_column width=\u00a0\u00bb1\/3&Prime;]<div class=\"team hoverimg \"  itemscope itemtype=\"http:\/\/schema.org\/Person\"> <a href=\"https:\/\/signumexport.com\/wp-content\/uploads\/2025\/08\/Maria-Bennett-2-e1755550090776.jpg\" class=\"fancybox\"> <img loading=\"lazy\" decoding=\"async\" src=\"https:\/\/signumexport.com\/wp-content\/uploads\/2025\/08\/Maria-Bennett-2-e1755550090776.jpg\" class=\"aligncenter no_border\" alt=\"Maria Bennett\" width=\"1024\" height=\"1024\" itemprop=\"image\" \/> <\/a><div class=\"name_post\"><h4 itemprop=\"name\">Maria Bennett<\/h4><p itemprop=\"jobTitle\">Logistics Coordinator<\/p><\/div><div class=\"about_team\"><p>Maria supervise tous les aspects de l&rsquo;exp\u00e9dition internationale et du d\u00e9douanement. Elle assure le transport fluide de chaque v\u00e9hicule de l&rsquo;achat \u00e0 la livraison, g\u00e9rant la documentation, la conformit\u00e9 et la coordination avec notre r\u00e9seau de partenaires de transport. <\/p><ul><li><i class=\"fa fa-phone\"><\/i><span itemprop=\"telephone\">941-882-8008<\/span><\/li><li><i class=\"fa fa-mobile\"><\/i><span itemprop=\"telephone\">941-882-8008<\/span><\/li><li><i class=\"fa fa-envelope-o\"><\/i><a href='mailto:maria.bennett@signumexport.com' itemprop=\"email\">maria.bennett@signumexport.com<\/a><\/li><\/ul><\/div><div class=\"social_team pull-left\"><ul class=\"social\"><li class='margin-bottom-none'><a href=\"#\" class=\"facebook \"><\/a><\/li>\n<li class='margin-bottom-none'><a href=\"#\" class=\"twitter \"><\/a><\/li>\n<li class='margin-bottom-none'><a href=\"#\" class=\"linkedin \"><\/a><\/li>\n<\/ul><\/div><div class=\"clearfix\"><\/div><\/div>[\/vc_column][vc_column width=\u00a0\u00bb1\/3&Prime;]<div class=\"team hoverimg \"  itemscope itemtype=\"http:\/\/schema.org\/Person\"> <a href=\"https:\/\/signumexport.com\/wp-content\/uploads\/2025\/08\/Thomas-Leclerc-2-e1755550642565.jpg\" class=\"fancybox\"> <img loading=\"lazy\" decoding=\"async\" src=\"https:\/\/signumexport.com\/wp-content\/uploads\/2025\/08\/Thomas-Leclerc-2-e1755550642565.jpg\" class=\"aligncenter no_border\" alt=\"Thomas Leclerc\" width=\"1024\" height=\"1024\" itemprop=\"image\" \/> <\/a><div class=\"name_post\"><h4 itemprop=\"name\">Thomas Leclerc<\/h4><p itemprop=\"jobTitle\">Client Support<\/p><\/div><div class=\"about_team\"><p>Votre interlocuteur d\u00e9di\u00e9 tout au long du processus d&rsquo;exportation. Thomas fournit des mises \u00e0 jour r\u00e9guli\u00e8res, r\u00e9pond aux questions en plusieurs langues et s&rsquo;assure que chaque client re\u00e7oit une attention personnalis\u00e9e, de la demande initiale \u00e0 la livraison finale. <\/p><ul><li><i class=\"fa fa-phone\"><\/i><span itemprop=\"telephone\">941-882-8008<\/span><\/li><li><i class=\"fa fa-mobile\"><\/i><span itemprop=\"telephone\">941-882-8008<\/span><\/li><li><i class=\"fa fa-envelope-o\"><\/i><a href='mailto:thomas.leclerc@signumexport.com' itemprop=\"email\">thomas.leclerc@signumexport.com<\/a><\/li><\/ul><\/div><div class=\"social_team pull-left\"><ul class=\"social\"><li class='margin-bottom-none'><a href=\"#\" class=\"facebook \"><\/a><\/li>\n<li class='margin-bottom-none'><a href=\"#\" class=\"twitter \"><\/a><\/li>\n<li class='margin-bottom-none'><a href=\"#\" class=\"linkedin \"><\/a><\/li>\n<li class='margin-bottom-none'><a href=\"#\" class=\"google \"><\/a><\/li>\n<\/ul><\/div><div class=\"clearfix\"><\/div><\/div>[\/vc_column][\/vc_row][vc_row el_class=\u00a0\u00bbfullwidth_element bottom_element\u00a0\u00bb][vc_column]<div class='contact google_map_init ' data-longitude='-82.55' data-latitude='27.34' data-zoom='11' data-map-type='hybrid' style='height: 390px;' data-style='[{\"featureType\":\"landscape\",\"elementType\":\"labels\",\"stylers\":[{\"visibility\":\"off\"}]},{\"featureType\":\"transit\",\"elementType\":\"labels\",\"stylers\":[{\"visibility\":\"off\"}]},{\"featureType\":\"poi\",\"elementType\":\"labels\",\"stylers\":[{\"visibility\":\"off\"}]},{\"featureType\":\"water\",\"elementType\":\"labels\",\"stylers\":[{\"visibility\":\"off\"}]},{\"featureType\":\"road\",\"elementType\":\"labels.icon\",\"stylers\":[{\"visibility\":\"off\"}]},{\"stylers\":[{\"hue\":\"#F0F0F0\"},{\"saturation\":-100},{\"gamma\":2.15},{\"lightness\":12}]},{\"featureType\":\"road\",\"elementType\":\"labels.text.fill\",\"stylers\":[{\"visibility\":\"on\"},{\"lightness\":24}]},{\"featureType\":\"road\",\"elementType\":\"geometry\",\"stylers\":[{\"lightness\":57}]}]' data-scroll='true' data-directions_button='true' data-directions_text='Get Directions'><\/div>[\/vc_column][\/vc_row]<\/p>\n<\/div>","protected":false},"excerpt":{"rendered":"<p>[vc_row css=\u00a0\u00bb.vc_custom_1410358708453{margin-bottom: 10px !important;}\u00a0\u00bb][vc_column][vc_column_text css=\u00a0\u00bb.vc_custom_1727887938351{margin-bottom: 0px !important;}\u00a0\u00bb]<\/p>\n<p> RENCONTREZ NOTRE \u00c9QUIPE <\/p>\n<p>[\/vc_column_text][\/vc_column][\/vc_row][vc_row css=\u00a0\u00bb.vc_custom_1410359107639{margin-bottom: 70px !important;}\u00a0\u00bb][vc_column width=\u00a0\u00bb1\/3&Prime;][\/vc_column][vc_column width=\u00a0\u00bb1\/3&Prime;][\/vc_column][vc_column width=\u00a0\u00bb1\/3&Prime;][\/vc_column][\/vc_row][vc_row css=\u00a0\u00bb.vc_custom_1410359107639{margin-bottom: 70px !important;}\u00a0\u00bb][vc_column width=\u00a0\u00bb1\/3&Prime;][\/vc_column][vc_column width=\u00a0\u00bb1\/3&Prime;][\/vc_column][vc_column width=\u00a0\u00bb1\/3&Prime;][\/vc_column][\/vc_row][vc_row el_class=\u00a0\u00bbfullwidth_element bottom_element\u00a0\u00bb][vc_column][\/vc_column][\/vc_row]<\/p>\n","protected":false},"author":1,"featured_media":0,"parent":0,"menu_order":0,"comment_status":"closed","ping_status":"closed","template":"","meta":{"footnotes":""},"class_list":["post-4300","page","type-page","status-publish","hentry"],"_links":{"self":[{"href":"https:\/\/signumexport.com\/fr\/wp-json\/wp\/v2\/pages\/4300","targetHints":{"allow":["GET"]}}],"collection":[{"href":"https:\/\/signumexport.com\/fr\/wp-json\/wp\/v2\/pages"}],"about":[{"href":"https:\/\/signumexport.com\/fr\/wp-json\/wp\/v2\/types\/page"}],"author":[{"embeddable":true,"href":"https:\/\/signumexport.com\/fr\/wp-json\/wp\/v2\/users\/1"}],"replies":[{"embeddable":true,"href":"https:\/\/signumexport.com\/fr\/wp-json\/wp\/v2\/comments?post=4300"}],"version-history":[{"count":36,"href":"https:\/\/signumexport.com\/fr\/wp-json\/wp\/v2\/pages\/4300\/revisions"}],"predecessor-version":[{"id":19488,"href":"https:\/\/signumexport.com\/fr\/wp-json\/wp\/v2\/pages\/4300\/revisions\/19488"}],"wp:attachment":[{"href":"https:\/\/signumexport.com\/fr\/wp-json\/wp\/v2\/media?parent=4300"}],"curies":[{"name":"wp","href":"https:\/\/api.w.org\/{rel}","templated":true}]}}