{"id":4151,"date":"2017-11-10T19:43:39","date_gmt":"2017-11-10T19:43:39","guid":{"rendered":"https:\/\/signumexport.com\/page-dexemple-2\/"},"modified":"2017-11-10T19:43:39","modified_gmt":"2017-11-10T19:43:39","slug":"page-dexemple-2","status":"publish","type":"page","link":"https:\/\/signumexport.com\/fr\/page-dexemple-2\/","title":{"rendered":"Page d&rsquo;exemple"},"content":{"rendered":"<p>Ceci est une page d&rsquo;exemple. Elle est diff\u00e9rente d&rsquo;un article de blog car elle restera \u00e0 la m\u00eame place et appara\u00eetra dans la navigation de votre site (dans la plupart des th\u00e8mes). La plupart des gens commencent par une page \u00c0 propos qui les pr\u00e9sente aux visiteurs potentiels du site. Elle pourrait dire quelque chose comme ceci :   <\/p>\n<blockquote><p>Salut ! Je suis coursier \u00e0 v\u00e9lo le jour, aspirant acteur la nuit, et voici mon blog. Je vis \u00e0 Montr\u00e9al, j&rsquo;ai un super chien qui s&rsquo;appelle Jack, et j&rsquo;aime les pi\u00f1a coladas. (Et me faire surprendre par la pluie.)   <\/p><\/blockquote>\n<p>&#8230;ou quelque chose comme ceci :<\/p>\n<blockquote><p>La soci\u00e9t\u00e9 XYZ Doohickey a \u00e9t\u00e9 fond\u00e9e en 1971 et fournit depuis des bidules de qualit\u00e9 au public. Situ\u00e9e \u00e0 Gotham City, XYZ emploie plus de 2 000 personnes et fait toutes sortes de choses formidables pour la communaut\u00e9 de Gotham. <\/p><\/blockquote>\n<p>En tant que nouvel utilisateur WordPress, vous devriez aller dans <a href=\"http:\/\/demo.themesuite.com\/automotive-wp\/wp-admin\/\">votre tableau de bord<\/a> pour supprimer cette page et cr\u00e9er de nouvelles pages pour votre contenu. Amusez-vous bien ! <\/p>\n","protected":false},"excerpt":{"rendered":"<p>Ceci est une page d&rsquo;exemple. Elle est diff\u00e9rente d&rsquo;un article de blog car elle restera \u00e0 la m\u00eame place et appara\u00eetra dans la navigation de votre site (dans la plupart des th\u00e8mes). La plupart des gens commencent par une page \u00c0 propos qui les pr\u00e9sente aux visiteurs potentiels du site. Elle pourrait dire quelque chose comme ceci : <\/p>\n<p>Salut ! Je suis coursier \u00e0 v\u00e9lo le jour, aspirant acteur la nuit, et voici mon blog. Je vis \u00e0 Montr\u00e9al, j&rsquo;ai un super chien qui s&rsquo;appelle Jack, et j&rsquo;aime les pi\u00f1a coladas. (Et me faire surprendre par la pluie.) <\/p>\n<p>&#8230;ou quelque chose comme ceci :<\/p>\n<p>La soci\u00e9t\u00e9 XYZ Doohickey a \u00e9t\u00e9 fond\u00e9e en 1971 et fournit depuis des bidules de qualit\u00e9 au public. Situ\u00e9e \u00e0 Gotham City, XYZ emploie plus de 2 000 personnes et fait toutes sortes de choses formidables pour la communaut\u00e9 de Gotham. <\/p>\n<p>En tant que nouvel utilisateur WordPress, vous [&#8230;]<\/p>\n","protected":false},"author":1,"featured_media":0,"parent":0,"menu_order":0,"comment_status":"closed","ping_status":"closed","template":"","meta":{"footnotes":""},"class_list":["post-4151","page","type-page","status-publish","hentry"],"_links":{"self":[{"href":"https:\/\/signumexport.com\/fr\/wp-json\/wp\/v2\/pages\/4151","targetHints":{"allow":["GET"]}}],"collection":[{"href":"https:\/\/signumexport.com\/fr\/wp-json\/wp\/v2\/pages"}],"about":[{"href":"https:\/\/signumexport.com\/fr\/wp-json\/wp\/v2\/types\/page"}],"author":[{"embeddable":true,"href":"https:\/\/signumexport.com\/fr\/wp-json\/wp\/v2\/users\/1"}],"replies":[{"embeddable":true,"href":"https:\/\/signumexport.com\/fr\/wp-json\/wp\/v2\/comments?post=4151"}],"version-history":[{"count":0,"href":"https:\/\/signumexport.com\/fr\/wp-json\/wp\/v2\/pages\/4151\/revisions"}],"wp:attachment":[{"href":"https:\/\/signumexport.com\/fr\/wp-json\/wp\/v2\/media?parent=4151"}],"curies":[{"name":"wp","href":"https:\/\/api.w.org\/{rel}","templated":true}]}}