{"id":4919,"date":"2025-08-14T20:03:29","date_gmt":"2025-08-14T20:03:29","guid":{"rendered":"https:\/\/signumexport.com\/4-export-com\/"},"modified":"2025-08-14T20:16:30","modified_gmt":"2025-08-14T20:16:30","slug":"4-export-com","status":"publish","type":"page","link":"https:\/\/signumexport.com\/es\/4-export-com\/","title":{"rendered":"4-export.com"},"content":{"rendered":"<main class=\"wp-block-group\"><div class=\"wp-block-group__inner-container is-layout-constrained wp-block-group-is-layout-constrained\"><!-- =========================\r\n       HERO \/ INTRO\r\n  ========================== -->\r\n\r\n&#13;\n<h2 class=\"wp-block-heading has-text-align-center\" style=\"margin-bottom: 10px; text-align: center;\"><strong><span style=\"color: #c7081b;\">4-export.com: mercado de exportaci\u00f3n federado<\/span><\/strong><\/h2>&#13;\n\r\n\r\n&#13;\n<p class=\"has-text-align-center\" style=\"margin-bottom: 28px;\">Un portal unificado que incorpora concesionarios estadounidenses con licencia, genera minisitios, ingiere fuentes de inventario (CSV\/XML\/AutoTrader) y conecta con compradores internacionales cualificados.<\/p>&#13;\n\r\n\r\n\r\n<div class=\"wp-block-columns is-layout-flex wp-container-core-columns-is-layout-8f6a528b wp-block-columns-is-layout-flex\"><!-- LEFT: Dealer \u2192 Buyer Flow -->\r\n\r\n\r\n<div class=\"wp-block-column is-layout-flow wp-block-column-is-layout-flow\" style=\"border-color: #e5e7eb; border-width: 1px; border-radius: 10px; padding: 22px 24px 22px 24px;\">&#13;\n<h3 class=\"wp-block-heading\">Flujo concesionario \u2192 comprador<\/h3>&#13;\n\r\n\r\n\r\n<div class=\"wp-block-group\"><div class=\"wp-block-group__inner-container is-layout-constrained wp-block-group-is-layout-constrained\">&#13;\n<p><strong>Incorporaci\u00f3n<\/strong><br\/>Complete el registro y la verificaci\u00f3n del concesionario<\/p>&#13;\n\r\n\r\n&#13;\n<p><strong>Minisitio<\/strong><br\/>Obtenga su portal de exportaci\u00f3n de marca<\/p>&#13;\n\r\n\r\n&#13;\n<p><strong>Comprobaci\u00f3n previa de cumplimiento<\/strong><br\/>Verifique la elegibilidad de exportaci\u00f3n del inventario<\/p>&#13;\n\r\n\r\n&#13;\n<p><strong>Promoci\u00f3n global<\/strong><br\/>Sus veh\u00edculos comercializados a compradores cualificados en todo el mundo<\/p>&#13;\n\r\n\r\n&#13;\n<p><strong>E-Consignaci\u00f3n<\/strong><br\/>Nosotros nos encargamos de todo el proceso de exportaci\u00f3n<\/p>&#13;\n\r\n\r\n&#13;\n<p><strong>Entrega<\/strong><br\/>Veh\u00edculo entregado, pago liberado<\/p>&#13;\n<\/div><\/div>\r\n\r\n\r\n\r\n<div class=\"wp-block-spacer\" style=\"height: 12px;\" aria-hidden=\"true\">\u00a0<\/div>\r\n\r\n\r\n&#13;\n<p style=\"font-weight: bold; margin-bottom: 10px;\">Pila tecnol\u00f3gica<\/p>&#13;\n<!-- Chips as outline buttons -->\r\n\r\n\r\n<div class=\"wp-block-buttons is-content-justification-left is-layout-flex wp-container-core-buttons-is-layout-e88f6746 wp-block-buttons-is-layout-flex\">&#13;\n<div class=\"wp-block-button is-style-outline is-style-outline--1\" style=\"border-radius: 999px;\"><a class=\"wp-block-button__link wp-element-button\">Multisitio de WordPress<\/a><\/div>&#13;\n\r\n\r\n&#13;\n<div class=\"wp-block-button is-style-outline is-style-outline--2\" style=\"border-radius: 999px;\"><a class=\"wp-block-button__link wp-element-button\">React\/Next.js<\/a><\/div>&#13;\n\r\n\r\n&#13;\n<div class=\"wp-block-button is-style-outline is-style-outline--3\" style=\"border-radius: 999px;\"><a class=\"wp-block-button__link wp-element-button\">Node\/express<\/a><\/div>&#13;\n\r\n\r\n&#13;\n<div class=\"wp-block-button is-style-outline is-style-outline--4\" style=\"border-radius: 999px;\"><a class=\"wp-block-button__link wp-element-button\">PostgreSQL<\/a><\/div>&#13;\n\r\n\r\n&#13;\n<div class=\"wp-block-button is-style-outline is-style-outline--5\" style=\"border-radius: 999px;\"><a class=\"wp-block-button__link wp-element-button\">Stripe<\/a><\/div>&#13;\n\r\n\r\n&#13;\n<div class=\"wp-block-button is-style-outline is-style-outline--6\" style=\"border-radius: 999px;\"><a class=\"wp-block-button__link wp-element-button\">Escrow.com<\/a><\/div>&#13;\n\r\n\r\n&#13;\n<div class=\"wp-block-button is-style-outline is-style-outline--7\" style=\"border-radius: 999px;\"><a class=\"wp-block-button__link wp-element-button\">AWS\/vercel<\/a><\/div>&#13;\n\r\n\r\n&#13;\n<div class=\"wp-block-button is-style-outline is-style-outline--8\" style=\"border-radius: 999px;\"><a class=\"wp-block-button__link wp-element-button\">Feeds CSV\/XML<\/a><\/div>&#13;\n<\/div>\r\n<\/div>\r\n<!-- RIGHT: Benefits for Dealers -->\r\n\r\n\r\n<div class=\"wp-block-column is-layout-flow wp-block-column-is-layout-flow\" style=\"border-color: #e5e7eb; border-width: 1px; border-radius: 10px; padding: 22px 24px 22px 24px;\">&#13;\n<h3 class=\"wp-block-heading\">Ventajas para los concesionarios<\/h3>&#13;\n\r\n\r\n&#13;\n<ul class=\"wp-block-list\">&#13;\n<li>Soluci\u00f3n de exportaci\u00f3n llave en mano sin inversi\u00f3n en TI<\/li>&#13;\n<li>Feeds de inventario automatizados desde sus sistemas existentes<\/li>&#13;\n<li>Minisitio de marca que muestra su inventario de exportaci\u00f3n<\/li>&#13;\n<li>Acceso a compradores internacionales examinados<\/li>&#13;\n<li>Cumplimiento total de las exportaciones gestionado por usted<\/li>&#13;\n<li>Procesamiento seguro de pagos con liquidaci\u00f3n puntual<\/li>&#13;\n<\/ul>&#13;\n<\/div>\r\n<\/div>\r\n<!-- Benefits for Buyers -->\r\n\r\n\r\n<div class=\"wp-block-spacer\" style=\"height: 24px;\" aria-hidden=\"true\">\u00a0<\/div>\r\n\r\n\r\n\r\n<div class=\"wp-block-group\" style=\"border-color: #e5e7eb; border-width: 1px; border-radius: 10px; padding: 22px 24px 22px 24px;\"><div class=\"wp-block-group__inner-container is-layout-constrained wp-container-core-group-is-layout-b1895ab0 wp-block-group-is-layout-constrained\">&#13;\n<h3 class=\"wp-block-heading\">Ventajas para los compradores<\/h3>&#13;\n\r\n\r\n&#13;\n<ul class=\"wp-block-list\">&#13;\n<li>Portal \u00fanico para el inventario de exportaci\u00f3n de concesionarios estadounidenses<\/li>&#13;\n<li>Veh\u00edculos verificados de concesionarios con licencia<\/li>&#13;\n<li>Precios y costes de env\u00edo transparentes<\/li>&#13;\n<li>Opciones de pago en dep\u00f3sito de garant\u00eda seguras<\/li>&#13;\n<li>Documentaci\u00f3n de exportaci\u00f3n completa incluida<\/li>&#13;\n<li>Asistencia especializada durante todo el proceso<\/li>&#13;\n<\/ul>&#13;\n<\/div><\/div>\r\n<!-- CTA -->\r\n\r\n\r\n<div class=\"wp-block-spacer\" style=\"height: 26px;\" aria-hidden=\"true\">\u00a0<\/div>\r\n\r\n\r\n\r\n<div class=\"wp-block-buttons is-content-justification-center is-layout-flex wp-container-core-buttons-is-layout-16018d1d wp-block-buttons-is-layout-flex\">&#13;\n<div class=\"wp-block-button\" style=\"border-radius: 8px;\"><a class=\"wp-block-button__link has-vivid-red-background-color has-background wp-element-button\" style=\"font-weight: bold; padding: 14px 26px 14px 26px;\" href=\"\/contact\">Solicitar presupuesto de exportaci\u00f3n<\/a><\/div>&#13;\n<\/div>\r\n<!-- =========================\r\n       EXPORT PROCESS\r\n  ========================== -->\r\n\r\n\r\n<div class=\"wp-block-spacer\" style=\"height: 40px;\" aria-hidden=\"true\">\u00a0<\/div>\r\n\r\n\r\n&#13;\n<h2 class=\"wp-block-heading has-text-align-center\" style=\"margin-bottom: 16px;\">Proceso de exportaci\u00f3n: de principio a fin<\/h2>&#13;\n\r\n\r\n\r\n<div class=\"wp-block-columns is-layout-flex wp-container-core-columns-is-layout-8f6a528b wp-block-columns-is-layout-flex\"><!-- LEFT: 14-step -->\r\n\r\n\r\n<div class=\"wp-block-column is-layout-flow wp-block-column-is-layout-flow\" style=\"border-color: #e5e7eb; border-width: 1px; border-radius: 10px; padding: 22px 24px 22px 24px;\">&#13;\n<h3 class=\"wp-block-heading\">Proceso detallado de 14 pasos<\/h3>&#13;\n\r\n\r\n&#13;\n<ol class=\"wp-block-list\">&#13;\n<li><strong>Enviar solicitud<\/strong>: d\u00edganos qu\u00e9 est\u00e1 buscando<\/li>&#13;\n<li><strong>B\u00fasqueda global<\/strong>: localizamos veh\u00edculos que coincidan<\/li>&#13;\n<li><strong>Negociaci\u00f3n<\/strong>: gestionamos las negociaciones de precios<\/li>&#13;\n<li><strong>Acuerdo de compra<\/strong>: condiciones contractuales finalizadas<\/li>&#13;\n<li><strong>Dep\u00f3sito<\/strong>: comienza la transacci\u00f3n segura<\/li>&#13;\n<li><strong>Inspecci\u00f3n<\/strong>: se verifica el estado del veh\u00edculo<\/li>&#13;\n<li><strong>Transporte terrestre<\/strong>: al puerto o aeropuerto<\/li>&#13;\n<li><strong>Pago final (dep\u00f3sito de garant\u00eda)<\/strong>: fondos asegurados para el env\u00edo<\/li>&#13;\n<li><strong>Despacho de exportaci\u00f3n de EE. UU.<\/strong>: toda la documentaci\u00f3n preparada<\/li>&#13;\n<li><strong>Env\u00edo<\/strong>: contenedor\/Ro-Ro\/Aire organizado<\/li>&#13;\n<li><strong>Aduanas de llegada<\/strong>: despacho en destino gestionado<\/li>&#13;\n<li><strong>Homologaci\u00f3n<\/strong>: modificaciones de cumplimiento local<\/li>&#13;\n<li><strong>Asistencia para el registro<\/strong>: asistencia con el papeleo local<\/li>&#13;\n<li><strong>Entrega final<\/strong>: veh\u00edculo entregado a usted<\/li>&#13;\n<\/ol>&#13;\n<\/div>\r\n<!-- RIGHT: Executive Summary -->\r\n\r\n\r\n<div class=\"wp-block-column is-layout-flow wp-block-column-is-layout-flow\" style=\"border-color: #e5e7eb; border-width: 1px; border-radius: 10px; padding: 22px 24px 22px 24px;\">&#13;\n<h3 class=\"wp-block-heading\">Resumen ejecutivo (5 pasos)<\/h3>&#13;\n\r\n\r\n&#13;\n<ul class=\"wp-block-list\">&#13;\n<li><strong>D\u00edganos lo que necesita<\/strong>: especificaciones del veh\u00edculo y destino<\/li>&#13;\n<li><strong>Nosotros buscamos y verificamos<\/strong>: encuentre el veh\u00edculo adecuado y confirme su estado<\/li>&#13;\n<li><strong>Prep\u00e1rese para el env\u00edo<\/strong>: toda la documentaci\u00f3n de exportaci\u00f3n completada<\/li>&#13;\n<li><strong>Env\u00ede con confianza<\/strong>: transporte global totalmente asegurado<\/li>&#13;\n<li><strong>Reciba y conduzca<\/strong>: veh\u00edculo entregado y listo para el registro<\/li>&#13;\n<\/ul>&#13;\n\r\n\r\n\r\n<div class=\"wp-block-spacer\" style=\"height: 14px;\" aria-hidden=\"true\">\u00a0<\/div>\r\n\r\n\r\n&#13;\n<h3 class=\"wp-block-heading\">Caracter\u00edsticas del proceso<\/h3>&#13;\n\r\n\r\n&#13;\n<ul class=\"wp-block-list\">&#13;\n<li>Actualizaciones peri\u00f3dicas de hitos en cada etapa<\/li>&#13;\n<li>Soporte multiling\u00fce durante todo el proceso<\/li>&#13;\n<li>Opciones de pago seguras, incluido el dep\u00f3sito de garant\u00eda<\/li>&#13;\n<li>Gestor de cuentas dedicado para cada transacci\u00f3n<\/li>&#13;\n<li>Precios transparentes sin cargos ocultos<\/li>&#13;\n<\/ul>&#13;\n<\/div>\r\n<\/div>\r\n<!-- CTA -->\r\n\r\n\r\n<div class=\"wp-block-spacer\" style=\"height: 26px;\" aria-hidden=\"true\">\u00a0<\/div>\r\n\r\n\r\n\r\n<div class=\"wp-block-buttons is-content-justification-center is-layout-flex wp-container-core-buttons-is-layout-16018d1d wp-block-buttons-is-layout-flex\">&#13;\n<div class=\"wp-block-button\" style=\"border-radius: 8px;\"><a class=\"wp-block-button__link has-vivid-red-background-color has-background wp-element-button\" style=\"font-weight: bold; padding: 14px 26px 14px 26px;\" href=\"\/contact\">Solicitar presupuesto de exportaci\u00f3n<\/a><\/div>&#13;\n<\/div>\r\n<!-- =========================\r\n       OUR SERVICES\r\n  ========================== -->\r\n\r\n\r\n<div class=\"wp-block-spacer\" style=\"height: 44px;\" aria-hidden=\"true\">\u00a0<\/div>\r\n\r\n\r\n&#13;\n<h2 class=\"wp-block-heading has-text-align-center\" style=\"margin-bottom: 14px;\">Nuestros servicios<\/h2>&#13;\n<!-- Grid: 2 columns x 3 rows -->\r\n\r\n\r\n<div class=\"wp-block-columns is-layout-flex wp-container-core-columns-is-layout-019f8f99 wp-block-columns-is-layout-flex\"><!-- left col -->\r\n\r\n\r\n<div class=\"wp-block-column is-layout-flow wp-block-column-is-layout-flow\"><!-- Card -->\r\n\r\n\r\n<div class=\"wp-block-group\" style=\"border-color: #e5e7eb; border-width: 1px; border-radius: 12px; padding: 18px 20px 18px 20px;\"><div class=\"wp-block-group__inner-container is-layout-constrained wp-container-core-group-is-layout-8a554699 wp-block-group-is-layout-constrained\">&#13;\n<h3 class=\"wp-block-heading\">B\u00fasqueda y negociaci\u00f3n de veh\u00edculos<\/h3>&#13;\n\r\n\r\n&#13;\n<ul class=\"wp-block-list\">&#13;\n<li>Red global para localizar veh\u00edculos raros y de alto valor<\/li>&#13;\n<li>Negociaci\u00f3n experta para asegurar las mejores condiciones posibles<\/li>&#13;\n<li>Verificaci\u00f3n del historial y la procedencia del veh\u00edculo<\/li>&#13;\n<li>B\u00fasquedas personalizadas de marcas\/modelos\/caracter\u00edsticas espec\u00edficas<\/li>&#13;\n<\/ul>&#13;\n<\/div><\/div>\r\n<!-- spacer -->\r\n\r\n\r\n<div class=\"wp-block-spacer\" style=\"height: 20px;\" aria-hidden=\"true\">\u00a0<\/div>\r\n<!-- Card -->\r\n\r\n\r\n<div class=\"wp-block-group\" style=\"border-color: #e5e7eb; border-width: 1px; border-radius: 12px; padding: 18px 20px 18px 20px;\"><div class=\"wp-block-group__inner-container is-layout-constrained wp-container-core-group-is-layout-8a554699 wp-block-group-is-layout-constrained\">&#13;\n<h3 class=\"wp-block-heading\">Documentaci\u00f3n y cumplimiento<\/h3>&#13;\n\r\n\r\n&#13;\n<ul class=\"wp-block-list\">&#13;\n<li>Verificaci\u00f3n de t\u00edtulos y procesamiento de transferencias<\/li>&#13;\n<li>Documentaci\u00f3n de exportaci\u00f3n de la EPA\/DOT seg\u00fan sea necesario<\/li>&#13;\n<li>Presentaci\u00f3n de AES para el cumplimiento de las exportaciones de EE. UU.<\/li>&#13;\n<li>Conocimiento de embarque y documentaci\u00f3n de env\u00edo<\/li>&#13;\n<\/ul>&#13;\n<\/div><\/div>\r\n<!-- spacer -->\r\n\r\n\r\n<div class=\"wp-block-spacer\" style=\"height: 20px;\" aria-hidden=\"true\">\u00a0<\/div>\r\n<!-- Card -->\r\n\r\n\r\n<div class=\"wp-block-group\" style=\"border-color: #e5e7eb; border-width: 1px; border-radius: 12px; padding: 18px 20px 18px 20px;\"><div class=\"wp-block-group__inner-container is-layout-constrained wp-container-core-group-is-layout-8a554699 wp-block-group-is-layout-constrained\">&#13;\n<h3 class=\"wp-block-heading\">Aduanas y homologaci\u00f3n<\/h3>&#13;\n\r\n\r\n&#13;\n<ul class=\"wp-block-list\">&#13;\n<li>Requisitos de importaci\u00f3n del pa\u00eds de destino<\/li>&#13;\n<li>Modificaciones de cumplimiento de la homologaci\u00f3n<\/li>&#13;\n<li>Soporte de registro local<\/li>&#13;\n<li>Orientaci\u00f3n sobre el c\u00e1lculo de aranceles e impuestos<\/li>&#13;\n<\/ul>&#13;\n<\/div><\/div>\r\n<\/div>\r\n<!-- right col -->\r\n\r\n\r\n<div class=\"wp-block-column is-layout-flow wp-block-column-is-layout-flow\"><!-- Card -->\r\n\r\n\r\n<div class=\"wp-block-group\" style=\"border-color: #e5e7eb; border-width: 1px; border-radius: 12px; padding: 18px 20px 18px 20px;\"><div class=\"wp-block-group__inner-container is-layout-constrained wp-container-core-group-is-layout-8a554699 wp-block-group-is-layout-constrained\">&#13;\n<h3 class=\"wp-block-heading\">Inspecciones y verificaci\u00f3n del historial<\/h3>&#13;\n\r\n\r\n&#13;\n<ul class=\"wp-block-list\">&#13;\n<li>Inspecciones integrales previas a la compra<\/li>&#13;\n<li>Verificaci\u00f3n de los registros de servicio y el historial de accidentes<\/li>&#13;\n<li>Opciones de inspecci\u00f3n de terceros disponibles<\/li>&#13;\n<li>Informes de estado detallados con fotograf\u00edas<\/li>&#13;\n<\/ul>&#13;\n<\/div><\/div>\r\n<!-- spacer -->\r\n\r\n\r\n<div class=\"wp-block-spacer\" style=\"height: 20px;\" aria-hidden=\"true\">\u00a0<\/div>\r\n<!-- Card -->\r\n\r\n\r\n<div class=\"wp-block-group\" style=\"border-color: #e5e7eb; border-width: 1px; border-radius: 12px; padding: 18px 20px 18px 20px;\"><div class=\"wp-block-group__inner-container is-layout-constrained wp-container-core-group-is-layout-8a554699 wp-block-group-is-layout-constrained\">&#13;\n<h3 class=\"wp-block-heading\">Log\u00edstica y env\u00edo<\/h3>&#13;\n\r\n\r\n&#13;\n<ul class=\"wp-block-list\">&#13;\n<li>Soluciones de env\u00edo global puerta a puerta<\/li>&#13;\n<li>Opciones de contenedor, Ro-Ro y transporte a\u00e9reo<\/li>&#13;\n<li>Transporte totalmente asegurado<\/li>&#13;\n<li>Coordinaci\u00f3n del despacho de aduanas<\/li>&#13;\n<\/ul>&#13;\n<\/div><\/div>\r\n<!-- spacer -->\r\n\r\n\r\n<div class=\"wp-block-spacer\" style=\"height: 20px;\" aria-hidden=\"true\">\u00a0<\/div>\r\n<!-- Card -->\r\n\r\n\r\n<div class=\"wp-block-group\" style=\"border-color: #e5e7eb; border-width: 1px; border-radius: 12px; padding: 18px 20px 18px 20px;\"><div class=\"wp-block-group__inner-container is-layout-constrained wp-container-core-group-is-layout-8a554699 wp-block-group-is-layout-constrained\">&#13;\n<h3 class=\"wp-block-heading\">VIP y proyectos especiales<\/h3>&#13;\n\r\n\r\n&#13;\n<ul class=\"wp-block-list\">&#13;\n<li>Servicio de guante blanco para transacciones de alto valor<\/li>&#13;\n<li>Gesti\u00f3n discreta de compras de celebridades\/ejecutivos<\/li>&#13;\n<li>Experiencia en veh\u00edculos cl\u00e1sicos y de colecci\u00f3n<\/li>&#13;\n<li>Coordinaci\u00f3n de construcci\u00f3n y modificaci\u00f3n personalizadas<\/li>&#13;\n<\/ul>&#13;\n<\/div><\/div>\r\n<\/div>\r\n<\/div>\r\n<!-- =========================\r\n       COMPLIANCE \/ HOMOLOGATION\r\n  ========================== -->\r\n\r\n\r\n<div class=\"wp-block-spacer\" style=\"height: 44px;\" aria-hidden=\"true\">\u00a0<\/div>\r\n\r\n\r\n&#13;\n<h2 class=\"wp-block-heading has-text-align-center\" style=\"margin-bottom: 16px;\">Cumplimiento y homologaci\u00f3n: confianza por dise\u00f1o<\/h2>&#13;\n\r\n\r\n\r\n<div class=\"wp-block-columns is-layout-flex wp-container-core-columns-is-layout-019f8f99 wp-block-columns-is-layout-flex\"><!-- Card -->\r\n\r\n\r\n<div class=\"wp-block-column is-layout-flow wp-block-column-is-layout-flow\" style=\"border-color: #e5e7eb; border-width: 1px; border-radius: 12px; padding: 18px 20px 18px 20px;\">&#13;\n<h3 class=\"wp-block-heading\">Pre-exportaci\u00f3n<\/h3>&#13;\n\r\n\r\n&#13;\n<ul class=\"wp-block-list\">&#13;\n<li>Verificaci\u00f3n de t\u00edtulos y comprobaci\u00f3n de grav\u00e1menes<\/li>&#13;\n<li>Confirmaci\u00f3n de la elegibilidad para la exportaci\u00f3n<\/li>&#13;\n<li>Documentaci\u00f3n de la EPA\/DOT (seg\u00fan corresponda)<\/li>&#13;\n<li>Declaraciones de divulgaci\u00f3n del cuentakil\u00f3metros<\/li>&#13;\n<li>Procesamiento de poderes notariales<\/li>&#13;\n<\/ul>&#13;\n<\/div>\r\n<!-- Card -->\r\n\r\n\r\n<div class=\"wp-block-column is-layout-flow wp-block-column-is-layout-flow\" style=\"border-color: #e5e7eb; border-width: 1px; border-radius: 12px; padding: 18px 20px 18px 20px;\">&#13;\n<h3 class=\"wp-block-heading\">Aduanas<\/h3>&#13;\n\r\n\r\n&#13;\n<ul class=\"wp-block-list\">&#13;\n<li>Presentaci\u00f3n automatizada del sistema de exportaci\u00f3n (AES)<\/li>&#13;\n<li>Despacho de exportaci\u00f3n de CBP<\/li>&#13;\n<li>Coordinaci\u00f3n con el agente de destino<\/li>&#13;\n<li>Orientaci\u00f3n sobre aranceles e impuestos<\/li>&#13;\n<li>Asistencia temporal con bonos de importaci\u00f3n<\/li>&#13;\n<\/ul>&#13;\n<\/div>\r\n<!-- Card -->\r\n\r\n\r\n<div class=\"wp-block-column is-layout-flow wp-block-column-is-layout-flow\" style=\"border-color: #e5e7eb; border-width: 1px; border-radius: 12px; padding: 18px 20px 18px 20px;\">&#13;\n<h3 class=\"wp-block-heading\">Homologaci\u00f3n<\/h3>&#13;\n\r\n\r\n&#13;\n<ul class=\"wp-block-list\">&#13;\n<li>Modificaciones de cumplimiento a trav\u00e9s de socios<\/li>&#13;\n<li>Ajustes de iluminaci\u00f3n y seguridad<\/li>&#13;\n<li>Pruebas y certificaci\u00f3n de emisiones<\/li>&#13;\n<li>Soporte de registro<\/li>&#13;\n<li>Coordinaci\u00f3n de la homologaci\u00f3n<\/li>&#13;\n<\/ul>&#13;\n<\/div>\r\n<\/div>\r\n<!-- Note -->\r\n\r\n\r\n<div class=\"wp-block-spacer\" style=\"height: 10px;\" aria-hidden=\"true\">\u00a0<\/div>\r\n\r\n\r\n&#13;\n<p class=\"has-text-align-center has-text-color\" style=\"color: #555; font-size: 14px;\">Los requisitos var\u00edan seg\u00fan el pa\u00eds de destino. P\u00f3ngase en contacto con nosotros para obtener orientaci\u00f3n espec\u00edfica sobre su mercado objetivo. <\/p>&#13;\n<\/div><\/main><p>&nbsp;<\/p>\n","protected":false},"excerpt":{"rendered":"<p>&#13; <strong>4-export.com: mercado de exportaci\u00f3n federado<\/strong>&#13; &#13; <\/p>\n<p class=\"has-text-align-center\" style=\"margin-bottom: 28px;\">Un portal unificado que incorpora concesionarios estadounidenses con licencia, genera minisitios, ingiere fuentes de inventario (CSV\/XML\/AutoTrader) y conecta con compradores internacionales cualificados.<\/p>\n<p>&#13; &#13; Flujo concesionario \u2192 comprador&#13; &#13; <\/p>\n<p><strong>Incorporaci\u00f3n<\/strong><br \/>Complete el registro y la verificaci\u00f3n del concesionario<\/p>\n<p>&#13; &#13; <\/p>\n<p><strong>Minisitio<\/strong><br \/>Obtenga su portal de exportaci\u00f3n de marca<\/p>\n<p>&#13; &#13; <\/p>\n<p><strong>Comprobaci\u00f3n previa de cumplimiento<\/strong><br \/>Verifique la elegibilidad de exportaci\u00f3n del inventario<\/p>\n<p>&#13; &#13; <\/p>\n<p><strong>Promoci\u00f3n global<\/strong><br \/>Sus veh\u00edculos comercializados a compradores cualificados en todo el mundo<\/p>\n<p>&#13; &#13; <\/p>\n<p><strong>E-Consignaci\u00f3n<\/strong><br \/>Nosotros nos encargamos de todo el proceso de exportaci\u00f3n<\/p>\n<p>&#13; &#13; <\/p>\n<p><strong>Entrega<\/strong><br \/>Veh\u00edculo entregado, pago liberado<\/p>\n<p>&#13; \u00a0 &#13; <\/p>\n<p style=\"font-weight: bold; margin-bottom: 10px;\">Pila tecnol\u00f3gica<\/p>\n<p>&#13; &#13; Multisitio de WordPress&#13; &#13; React\/Next.js&#13; &#13; Node\/express&#13; &#13; PostgreSQL&#13; &#13; Stripe&#13; &#13; Escrow.com&#13; &#13; AWS\/vercel&#13; &#13; Feeds CSV\/XML&#13; &#13; Ventajas para los concesionarios&#13; &#13; <\/p>\n<ul class=\"wp-block-list\">&#13; <\/p>\n<li>Soluci\u00f3n de exportaci\u00f3n llave en mano sin inversi\u00f3n en TI<\/li>\n<p>&#13; <\/p>\n<li>Feeds de inventario automatizados desde sus sistemas existentes<\/li>\n<p>&#13; <\/p>\n<li>Minisitio de marca que muestra su inventario de exportaci\u00f3n<\/li>\n<p>&#13; <\/p>\n<li>Acceso [&#8230;]<\/li>\n<\/ul>\n","protected":false},"author":1,"featured_media":0,"parent":0,"menu_order":0,"comment_status":"closed","ping_status":"closed","template":"","meta":{"footnotes":""},"class_list":["post-4919","page","type-page","status-publish","hentry"],"_links":{"self":[{"href":"https:\/\/signumexport.com\/es\/wp-json\/wp\/v2\/pages\/4919","targetHints":{"allow":["GET"]}}],"collection":[{"href":"https:\/\/signumexport.com\/es\/wp-json\/wp\/v2\/pages"}],"about":[{"href":"https:\/\/signumexport.com\/es\/wp-json\/wp\/v2\/types\/page"}],"author":[{"embeddable":true,"href":"https:\/\/signumexport.com\/es\/wp-json\/wp\/v2\/users\/1"}],"replies":[{"embeddable":true,"href":"https:\/\/signumexport.com\/es\/wp-json\/wp\/v2\/comments?post=4919"}],"version-history":[{"count":2,"href":"https:\/\/signumexport.com\/es\/wp-json\/wp\/v2\/pages\/4919\/revisions"}],"predecessor-version":[{"id":4924,"href":"https:\/\/signumexport.com\/es\/wp-json\/wp\/v2\/pages\/4919\/revisions\/4924"}],"wp:attachment":[{"href":"https:\/\/signumexport.com\/es\/wp-json\/wp\/v2\/media?parent=4919"}],"curies":[{"name":"wp","href":"https:\/\/api.w.org\/{rel}","templated":true}]}}