{"id":4849,"date":"2025-08-14T18:37:50","date_gmt":"2025-08-14T22:37:50","guid":{"rendered":"https:\/\/signumexport.com\/e-consignacion\/"},"modified":"2025-08-16T04:48:45","modified_gmt":"2025-08-16T04:48:45","slug":"e-consignacion","status":"publish","type":"page","link":"https:\/\/signumexport.com\/es\/e-consignacion\/","title":{"rendered":"E-consignaci\u00f3n"},"content":{"rendered":"<div class=\"wpb-content-wrapper\"><p>[vc_row][vc_column][vc_column_text css=\u00bb\u00bb]<\/p>\n<div class=\"wp-block-group\">\n\r\n<div class=\"wp-block-spacer wp-container-content-6388d5dc\" style=\"height: 100px; width: 0px;\" aria-hidden=\"true\">\u00a0<\/div>\r\n<main class=\"wp-block-group\"><div class=\"wp-block-group__inner-container is-layout-constrained wp-block-group-is-layout-constrained\"><\/div><\/main>\r\n<div class=\"wp-block-columns is-layout-flex wp-container-core-columns-is-layout-dd1945ad wp-block-columns-is-layout-flex\" style=\"padding-top: 28px; padding-bottom: 12px;\"><!-- Left: Headline + sub + CTAs -->\r\n\r\n\r\n<div class=\"wp-block-column is-layout-flow wp-block-column-is-layout-flow\">&#13;\n<h1 class=\"wp-block-heading\" style=\"margin-bottom: 8px;\">Su departamento de exportaci\u00f3n, <br\/>sin los gastos generales<\/h1>&#13;\n\r\n\r\n&#13;\n<p style=\"margin-bottom: 18px;\">Anuncie sus veh\u00edculos una vez y v\u00e9ndalos en todo el mundo. Signum Group LLC se encarga del resto. <\/p>&#13;\n\r\n\r\n\r\n<div class=\"wp-block-buttons is-content-justification-left is-layout-flex wp-container-core-buttons-is-layout-05fd0fc5 wp-block-buttons-is-layout-flex\">&#13;\n<div class=\"wp-block-button\" style=\"border-radius: 6px;\"><a class=\"wp-block-button__link has-vivid-red-background-color has-background wp-element-button\" style=\"font-weight: bold; padding: 12px 20px 12px 20px;\" href=\"\/contact\">\u00danase a la consignaci\u00f3n electr\u00f3nica<\/a><\/div>&#13;\n\r\n\r\n&#13;\n<div class=\"wp-block-button is-style-outline is-style-outline--1\" style=\"border-radius: 6px;\"><a class=\"wp-block-button__link wp-element-button\" style=\"padding: 12px 20px 12px 20px;\" href=\"https:\/\/signumexport.com\/es\/inventario\/\">Explorar el inventario<\/a><\/div>&#13;\n<\/div>\r\n<\/div>\r\n<br \/><!-- Right: Concept card -->\r\n\r\n\r\n<div class=\"wp-block-column is-layout-flow wp-block-column-is-layout-flow\" style=\"border-color: #e5e7eb; border-width: 1px; border-radius: 12px; padding: 20px 22px 20px 22px;\">&#13;\n<h3 class=\"wp-block-heading\" style=\"margin-bottom: 10px;\">Consignaci\u00f3n electr\u00f3nica: concepto completo<\/h3>&#13;\n\r\n<p><strong>E stands for \u00abElectronic\u00bb &amp; \u00abExport\u00bb.<\/strong> Consignment refers to vehicles from our selected licensed US Dealers and Partners who have appointed Signum Group LLC as their dedicated export facilitator.&#13;\n\r\n<p>We represent, market, and sell their inventory to international buyers, managing the entire export process end-to-end \u2014 from marketing to delivery.\r\n<\/div>\r\n<\/div>\r\n\r\n\r\n\r\n<div class=\"wp-block-spacer\" style=\"height: 18px;\" aria-hidden=\"true\">\u00a0<\/div>\r\n\r\n\r\n&#13;\n<h2 class=\"wp-block-heading has-text-align-center\" style=\"margin-bottom: 14px;\">P\u00fablico objetivo<\/h2>&#13;\n\r\n\r\n\r\n<div class=\"wp-block-columns is-layout-flex wp-container-core-columns-is-layout-e7634e34 wp-block-columns-is-layout-flex\"><!-- Card 1 -->\r\n\r\n\r\n<div class=\"wp-block-column is-layout-flow wp-block-column-is-layout-flow\" style=\"border-color: #e5e7eb; border-width: 1px; border-radius: 12px; padding: 18px 22px 18px 22px;\">&#13;\n<h4 class=\"wp-block-heading\">Socios concesionarios de EE. UU.<\/h4>&#13;\n\r\n<p>Licensed, established dealers seeking global reach without creating an in-house export department.\r\n<\/div>\r\n<br \/><!-- Card 2 -->\r\n\r\n\r\n<div class=\"wp-block-column is-layout-flow wp-block-column-is-layout-flow\" style=\"border-color: #e5e7eb; border-width: 1px; border-radius: 12px; padding: 18px 22px 18px 22px;\">&#13;\n<h4 class=\"wp-block-heading\">Clientes privados en todo el mundo<\/h4>&#13;\n\r\n<p>Individuals seeking to purchase high-value U.S. vehicles with trust, transparency, and complete export handling.\r\n<\/div>\r\n<br \/><!-- Card 3 -->\r\n\r\n\r\n<div class=\"wp-block-column is-layout-flow wp-block-column-is-layout-flow\" style=\"border-color: #e5e7eb; border-width: 1px; border-radius: 12px; padding: 18px 22px 18px 22px;\">&#13;\n<h4 class=\"wp-block-heading\">Compradores profesionales<\/h4>&#13;\n\r\n<p>Established automotive businesses looking for reliable, compliant, export-ready sourcing.\r\n<\/div>\r\n<\/div>\r\n\r\n\r\n\r\n<div class=\"wp-block-spacer\" style=\"height: 28px;\" aria-hidden=\"true\">\u00a0<\/div>\r\n\r\n\r\n&#13;\n<h2 class=\"wp-block-heading has-text-align-center\" style=\"margin-bottom: 14px;\">Propuesta de valor<\/h2>&#13;\n\r\n\r\n\r\n<div class=\"wp-block-columns is-layout-flex wp-container-core-columns-is-layout-8f6a528b wp-block-columns-is-layout-flex\"><!-- Dealers -->\r\n\r\n\r\n<div class=\"wp-block-column is-layout-flow wp-block-column-is-layout-flow\">&#13;\n<h3 class=\"wp-block-heading\">Para concesionarios de EE. UU.<\/h3>&#13;\n\r\n\r\n&#13;\n<ul class=\"wp-block-list\">&#13;\n<li><strong>Exposici\u00f3n global<\/strong>: llegue a compradores examinados en todo el mundo a trav\u00e9s de la red de marketing y la presencia en el mercado de Signum.<\/li>&#13;\n<li><strong>Cero complicaciones de exportaci\u00f3n<\/strong>: gestionamos el cumplimiento, la log\u00edstica y la documentaci\u00f3n.<\/li>&#13;\n<li><strong>Rotaci\u00f3n de inventario m\u00e1s r\u00e1pida<\/strong>: mueva los veh\u00edculos m\u00e1s r\u00e1pido, incluidos aquellos que tardan en venderse localmente.<\/li>&#13;\n<li><strong>Protecci\u00f3n de marca<\/strong>: representaci\u00f3n profesional en el \u00e1mbito mundial.<\/li>&#13;\n<li><strong>Expansi\u00f3n de ingresos<\/strong>: acceda a nuevos segmentos internacionales que pagan primas.<\/li>&#13;\n<\/ul>&#13;\n<\/div>\r\n<br \/><!-- Buyers -->\r\n\r\n\r\n<div class=\"wp-block-column is-layout-flow wp-block-column-is-layout-flow\">&#13;\n<h3 class=\"wp-block-heading\">Para compradores internacionales<\/h3>&#13;\n\r\n\r\n&#13;\n<ul class=\"wp-block-list\">&#13;\n<li><strong>Inventario previamente examinado<\/strong>: procedente de concesionarios estadounidenses autorizados y de buena reputaci\u00f3n.<\/li>&#13;\n<li><strong>Transparencia total<\/strong>: inspecciones, informes de historial y documentaci\u00f3n completa antes de la compra.<\/li>&#13;\n<li><strong>Transacciones seguras<\/strong>: protecci\u00f3n de dep\u00f3sito en garant\u00eda y t\u00e9rminos contractuales claros.<\/li>&#13;\n<li><strong>Soluci\u00f3n de exportaci\u00f3n completa<\/strong>: aduanas, env\u00edo, seguro y soporte de homologaci\u00f3n si es necesario.<\/li>&#13;\n<li><strong>Soporte multiling\u00fce<\/strong>: ingl\u00e9s, franc\u00e9s, persa, ruso y ucraniano.<\/li>&#13;\n<\/ul>&#13;\n<\/div>\r\n<\/div>\r\n\r\n\r\n\r\n<div class=\"wp-block-spacer\" style=\"height: 34px;\" aria-hidden=\"true\">\u00a0<\/div>\r\n\r\n\r\n&#13;\n<h2 class=\"wp-block-heading has-text-align-center\" style=\"margin-bottom: 18px;\">Flujo del proceso: 6 pasos<\/h2>&#13;\n\r\n\r\n\r\n<div class=\"wp-block-group\"><div class=\"wp-block-group__inner-container is-layout-constrained wp-block-group-is-layout-constrained\"><!-- Step 1 -->\r\n\r\n\r\n<div class=\"wp-block-group\" style=\"border-color: #e5e7eb; border-width: 1px; border-radius: 10px; padding: 16px 20px 16px 20px;\"><div class=\"wp-block-group__inner-container is-layout-constrained wp-container-core-group-is-layout-5fc5b802 wp-block-group-is-layout-constrained\">&#13;\n<h4 class=\"wp-block-heading\">Incorporaci\u00f3n del concesionario<\/h4>&#13;\n\r\n<p>Sign E-Consignment agreement, verify compliance.\r\n<\/div><\/div>\r\n<br \/><!-- Step 2 -->\r\n\r\n\r\n<div class=\"wp-block-group\" style=\"border-color: #e5e7eb; border-width: 1px; border-radius: 10px; padding: 16px 20px 16px 20px;\"><div class=\"wp-block-group__inner-container is-layout-constrained wp-container-core-group-is-layout-5fc5b802 wp-block-group-is-layout-constrained\">&#13;\n<h4 class=\"wp-block-heading\">Recepci\u00f3n y listado de veh\u00edculos<\/h4>&#13;\n\r\n<p>Integrate dealer inventory (AutoTrader feed, CSV, XML, or manual upload).\r\n<\/div><\/div>\r\n<br \/><!-- Step 3 -->\r\n\r\n\r\n<div class=\"wp-block-group\" style=\"border-color: #e5e7eb; border-width: 1px; border-radius: 10px; padding: 16px 20px 16px 20px;\"><div class=\"wp-block-group__inner-container is-layout-constrained wp-container-core-group-is-layout-5fc5b802 wp-block-group-is-layout-constrained\">&#13;\n<h4 class=\"wp-block-heading\">Marketing internacional<\/h4>&#13;\n\r\n<p>Promote vehicles via Signum Group platforms and global channels.\r\n<\/div><\/div>\r\n<br \/><!-- Step 4 -->\r\n\r\n\r\n<div class=\"wp-block-group\" style=\"border-color: #e5e7eb; border-width: 1px; border-radius: 10px; padding: 16px 20px 16px 20px;\"><div class=\"wp-block-group__inner-container is-layout-constrained wp-container-core-group-is-layout-5fc5b802 wp-block-group-is-layout-constrained\">&#13;\n<h4 class=\"wp-block-heading\">Calificaci\u00f3n del comprador<\/h4>&#13;\n\r\n<p>Vet inquiries, confirm authenticity and financial capacity.\r\n<\/div><\/div>\r\n<br \/><!-- Step 5 -->\r\n\r\n\r\n<div class=\"wp-block-group\" style=\"border-color: #e5e7eb; border-width: 1px; border-radius: 10px; padding: 16px 20px 16px 20px;\"><div class=\"wp-block-group__inner-container is-layout-constrained wp-container-core-group-is-layout-5fc5b802 wp-block-group-is-layout-constrained\">&#13;\n<h4 class=\"wp-block-heading\">Cumplimiento y log\u00edstica<\/h4>&#13;\n\r\n<p>Prepare export docs, secure shipping, arrange insurance and homologation if required.\r\n<\/div><\/div>\r\n<br \/><!-- Step 6 -->\r\n\r\n\r\n<div class=\"wp-block-group\" style=\"border-color: #e5e7eb; border-width: 1px; border-radius: 10px; padding: 16px 20px 16px 20px;\"><div class=\"wp-block-group__inner-container is-layout-constrained wp-container-core-group-is-layout-5fc5b802 wp-block-group-is-layout-constrained\">&#13;\n<h4 class=\"wp-block-heading\">Entrega y liquidaci\u00f3n<\/h4>&#13;\n\r\n<p>Release escrow funds; coordinate delivery to buyer\u2019s location.\r\n<\/div><\/div>\r\n<\/div><\/div>\r\n\r\n\r\n\r\n<div class=\"wp-block-spacer\" style=\"height: 100px;\" aria-hidden=\"true\">\u00a0<\/div>\r\n\r\n\r\n\r\n<div class=\"wp-block-group has-background\" style=\"background-color: #f7f9fb; padding: 30px 20px 30px 20px;\"><div class=\"wp-block-group__inner-container is-layout-constrained wp-container-core-group-is-layout-fe85669d wp-block-group-is-layout-constrained\"><!-- Title -->\r\n\r\n&#13;\n<h2 class=\"wp-block-heading has-text-align-center\" style=\"margin-bottom: 14px;\">Del concesionario de EE. UU. al comprador global, sin problemas<\/h2>&#13;\n<br \/><!-- Icons Row -->\r\n\r\n\r\n<div class=\"wp-block-columns is-layout-flex wp-container-core-columns-is-layout-0a89a818 wp-block-columns-is-layout-flex\"><!-- 1 -->\r\n\r\n\r\n<div class=\"wp-block-column is-vertically-aligned-top is-layout-flow wp-block-column-is-layout-flow\" style=\"text-align: center;\"><br\/><span style=\"display: inline-flex; align-items: center; justify-content: center; width: 72px; height: 72px; border-radius: 50%; background: #fff; box-shadow: 0 4px 16px rgba(0,0,0,.06);\"><br\/><i class=\"fas fa-handshake\" style=\"font-size: 28px; color: #567c9b;\"><\/i><br\/><\/span><br\/>\r\n\r\n&#13;\n<p class=\"has-small-font-size\" style=\"margin-top: 8px;\"><strong>Acuerdo entre concesionarios<\/strong><\/p>&#13;\n<\/div>\r\n<br \/><!-- 2 -->\r\n\r\n\r\n<div class=\"wp-block-column is-vertically-aligned-top is-layout-flow wp-block-column-is-layout-flow\" style=\"text-align: center;\"><br\/><span style=\"display: inline-flex; align-items: center; justify-content: center; width: 72px; height: 72px; border-radius: 50%; background: #fff; box-shadow: 0 4px 16px rgba(0,0,0,.06);\"><br\/><i class=\"fas fa-cloud-upload-alt\" style=\"font-size: 28px; color: #567c9b;\"><\/i><br\/><\/span><br\/>\r\n\r\n&#13;\n<p class=\"has-small-font-size\" style=\"margin-top: 8px;\"><strong>Carga de inventario<\/strong><\/p>&#13;\n<\/div>\r\n<br \/><!-- 3 -->\r\n\r\n\r\n<div class=\"wp-block-column is-vertically-aligned-top is-layout-flow wp-block-column-is-layout-flow\" style=\"text-align: center;\"><br\/><span style=\"display: inline-flex; align-items: center; justify-content: center; width: 72px; height: 72px; border-radius: 50%; background: #fff; box-shadow: 0 4px 16px rgba(0,0,0,.06);\"><br\/><i class=\"fas fa-globe\" style=\"font-size: 28px; color: #567c9b;\"><\/i><br\/><\/span><br\/>\r\n\r\n&#13;\n<p class=\"has-small-font-size\" style=\"margin-top: 8px;\"><strong>Marketing global<\/strong><\/p>&#13;\n<\/div>\r\n<br \/><!-- 4 -->\r\n\r\n\r\n<div class=\"wp-block-column is-vertically-aligned-top is-layout-flow wp-block-column-is-layout-flow\" style=\"text-align: center;\"><br\/><span style=\"display: inline-flex; align-items: center; justify-content: center; width: 72px; height: 72px; border-radius: 50%; background: #fff; box-shadow: 0 4px 16px rgba(0,0,0,.06);\"><br\/><i class=\"fas fa-check-circle\" style=\"font-size: 28px; color: #567c9b;\"><\/i><br\/><\/span><br\/>\r\n\r\n&#13;\n<p class=\"has-small-font-size\" style=\"margin-top: 8px;\"><strong>Cumplimiento<\/strong><\/p>&#13;\n<\/div>\r\n<br \/><!-- 5 -->\r\n\r\n\r\n<div class=\"wp-block-column is-vertically-aligned-top is-layout-flow wp-block-column-is-layout-flow\" style=\"text-align: center;\"><br\/><span style=\"display: inline-flex; align-items: center; justify-content: center; width: 72px; height: 72px; border-radius: 50%; background: #fff; box-shadow: 0 4px 16px rgba(0,0,0,.06);\"><br\/><i class=\"fas fa-ship\" style=\"font-size: 28px; color: #567c9b;\"><\/i><br\/><\/span><br\/>\r\n\r\n&#13;\n<p class=\"has-small-font-size\" style=\"margin-top: 8px;\"><strong>Env\u00edo seguro<\/strong><\/p>&#13;\n<\/div>\r\n<br \/><!-- 6 -->\r\n\r\n\r\n<div class=\"wp-block-column is-vertically-aligned-top is-layout-flow wp-block-column-is-layout-flow\" style=\"text-align: center;\"><br\/><span style=\"display: inline-flex; align-items: center; justify-content: center; width: 72px; height: 72px; border-radius: 50%; background: #fff; box-shadow: 0 4px 16px rgba(0,0,0,.06);\"><br\/><i class=\"fas fa-box\" style=\"font-size: 28px; color: #567c9b;\"><\/i><br\/><\/span><br\/>\r\n\r\n&#13;\n<p class=\"has-small-font-size\" style=\"margin-top: 8px;\"><strong>Entrega<\/strong><\/p>&#13;\n<\/div>\r\n<\/div>\r\n<\/div><\/div>\r\n\r\n\r\n\r\n<div class=\"wp-block-spacer\" style=\"height: 50px;\" aria-hidden=\"true\">\u00a0<\/div>\r\n\r\n\r\n\r\n<div class=\"wp-block-columns\">\r\n<div class=\"wp-block-column\" style=\"border-color: #e5e7eb; border-width: 1px; border-radius: 12px; padding: 10px;\">\r\n<figure class=\"wp-block-image size-large\"><\/figure>\r\n<\/div>\r\n<\/div>\n<p><!-- \/wp:post-content --><\/p>\n<p><!-- wp:spacer {\"height\":\"36px\"} --><\/p>\n<div class=\"wp-block-spacer\" style=\"height: 36px;\" aria-hidden=\"true\"> <\/div>\n<p><!-- \/wp:spacer --><\/p>\n<p><!-- wp:heading {\"textAlign\":\"center\",\"style\":{\"spacing\":{\"margin\":{\"bottom\":\"14px\"}}}} --><\/p>\n<h2 class=\"wp-block-heading has-text-align-center\" style=\"margin-bottom: 14px;\">Ventajas competitivas<\/h2>\n<p><!-- \/wp:heading --><\/p>\n<p><!-- wp:columns {\"style\":{\"spacing\":{\"blockGap\":{\"top\":\"22px\",\"left\":\"22px\"}}}} --><\/p>\n<div class=\"wp-block-columns\"><!-- wp:column {\"style\":{\"border\":{\"radius\":\"12px\",\"color\":\"#e5e7eb\",\"width\":\"1px\"},\"spacing\":{\"padding\":{\"top\":\"18px\",\"right\":\"20px\",\"bottom\":\"18px\",\"left\":\"20px\"}}}} --><\/p>\n<div class=\"wp-block-column\" style=\"border-color: #e5e7eb; border-width: 1px; border-radius: 12px; padding: 18px 20px 18px 20px;\"><!-- wp:heading {\"level\":4} --><\/p>\n<h4 class=\"wp-block-heading\">Enfoque exclusivo en la exportaci\u00f3n<\/h4>\n<p><!-- \/wp:heading --><\/p>\n<p><!-- wp:paragraph -->A diferencia de los mercados gen\u00e9ricos, nos especializamos en ventas automotrices transfronterizas.<\/p>\n<p><!-- \/wp:paragraph --><\/div>\n<p><!-- \/wp:column --><\/p>\n<p><!-- wp:column {\"style\":{\"border\":{\"radius\":\"12px\",\"color\":\"#e5e7eb\",\"width\":\"1px\"},\"spacing\":{\"padding\":{\"top\":\"18px\",\"right\":\"20px\",\"bottom\":\"18px\",\"left\":\"20px\"}}}} --><\/p>\n<div class=\"wp-block-column\" style=\"border-color: #e5e7eb; border-width: 1px; border-radius: 12px; padding: 18px 20px 18px 20px;\"><!-- wp:heading {\"level\":4} --><\/p>\n<h4 class=\"wp-block-heading\">Doble experiencia<\/h4>\n<p><!-- \/wp:heading --><\/p>\n<p><!-- wp:paragraph -->34 a\u00f1os de experiencia tanto en importaci\u00f3n como en exportaci\u00f3n para una visi\u00f3n operativa inigualable.<\/p>\n<p><!-- \/wp:paragraph --><\/div>\n<p><!-- \/wp:column --><\/p>\n<p><!-- wp:column {\"style\":{\"border\":{\"radius\":\"12px\",\"color\":\"#e5e7eb\",\"width\":\"1px\"},\"spacing\":{\"padding\":{\"top\":\"18px\",\"right\":\"20px\",\"bottom\":\"18px\",\"left\":\"20px\"}}}} --><\/p>\n<div class=\"wp-block-column\" style=\"border-color: #e5e7eb; border-width: 1px; border-radius: 12px; padding: 18px 20px 18px 20px;\"><!-- wp:heading {\"level\":4} --><\/p>\n<h4 class=\"wp-block-heading\">Negociaci\u00f3n multiling\u00fce<\/h4>\n<p><!-- \/wp:heading --><\/p>\n<p><!-- wp:paragraph -->Comunicaci\u00f3n eficiente a trav\u00e9s de barreras culturales e idiom\u00e1ticas.<\/p>\n<p><!-- \/wp:paragraph --><\/div>\n<p><!-- \/wp:column --><\/div>\n<p><!-- \/wp:columns --><\/p>\n<p><!-- wp:columns {\"style\":{\"spacing\":{\"blockGap\":{\"top\":\"22px\",\"left\":\"22px\"}}}} --><\/p>\n<div class=\"wp-block-columns\"><!-- wp:column {\"style\":{\"border\":{\"radius\":\"12px\",\"color\":\"#e5e7eb\",\"width\":\"1px\"},\"spacing\":{\"padding\":{\"top\":\"18px\",\"right\":\"20px\",\"bottom\":\"18px\",\"left\":\"20px\"}}}} --><\/p>\n<div class=\"wp-block-column\" style=\"border-color: #e5e7eb; border-width: 1px; border-radius: 12px; padding: 18px 20px 18px 20px;\"><!-- wp:heading {\"level\":4} --><\/p>\n<h4 class=\"wp-block-heading\">Dominio del cumplimiento<\/h4>\n<p><!-- \/wp:heading --><\/p>\n<p><!-- wp:paragraph -->Evitar retrasos, multas e incautaciones de env\u00edos.<\/p>\n<p><!-- \/wp:paragraph --><\/div>\n<p><!-- \/wp:column --><\/p>\n<p><!-- wp:column {\"style\":{\"border\":{\"radius\":\"12px\",\"color\":\"#e5e7eb\",\"width\":\"1px\"},\"spacing\":{\"padding\":{\"top\":\"18px\",\"right\":\"20px\",\"bottom\":\"18px\",\"left\":\"20px\"}}}} --><\/p>\n<div class=\"wp-block-column\" style=\"border-color: #e5e7eb; border-width: 1px; border-radius: 12px; padding: 18px 20px 18px 20px;\"><!-- wp:heading {\"level\":4} --><\/p>\n<h4 class=\"wp-block-heading\">Tienda integral llave en mano<\/h4>\n<p><!-- \/wp:heading --><\/p>\n<p><!-- wp:paragraph -->Abastecimiento, negociaci\u00f3n, cumplimiento, env\u00edo, soporte postventa: todo bajo un mismo techo.<\/p>\n<p><!-- \/wp:paragraph --><\/div>\n<p><!-- \/wp:column --><\/p>\n<p><!-- wp:column {\"style\":{\"border\":{\"radius\":\"12px\",\"color\":\"#e5e7eb\",\"width\":\"1px\"},\"spacing\":{\"padding\":{\"top\":\"18px\",\"right\":\"20px\",\"bottom\":\"18px\",\"left\":\"20px\"}}}} --><\/p>\n<div class=\"wp-block-column\" style=\"border-color: #e5e7eb; border-width: 1px; border-radius: 12px; padding: 18px 20px 18px 20px;\"><!-- wp:heading {\"level\":4} --><\/p>\n<h4 class=\"wp-block-heading\">Confianza y seguridad<\/h4>\n<p><!-- \/wp:heading --><\/p>\n<p><!-- wp:paragraph -->Socios verificados, transacciones seguras y representaci\u00f3n profesional.<\/p>\n<p><!-- \/wp:paragraph --><\/div>\n<p><!-- \/wp:column --><\/div>\n<p><!-- \/wp:columns --><\/p>\n<p><!-- wp:spacer {\"height\":\"36px\"} --><\/p>\n<div class=\"wp-block-spacer\" style=\"height: 36px;\" aria-hidden=\"true\"> <\/div>\n<p><!-- \/wp:spacer --><\/p>\n<p><!-- wp:columns {\"style\":{\"spacing\":{\"blockGap\":{\"top\":\"24px\",\"left\":\"24px\"}}}} --><\/p>\n<div class=\"wp-block-columns\"><!-- CTA left --><\/p>\n<p><!-- wp:column {\"style\":{\"border\":{\"radius\":\"12px\",\"color\":\"#e5e7eb\",\"width\":\"1px\"},\"spacing\":{\"padding\":{\"top\":\"22px\",\"right\":\"24px\",\"bottom\":\"22px\",\"left\":\"24px\"}}}} --><\/p>\n<div class=\"wp-block-column\" style=\"border-color: #e5e7eb; border-width: 1px; border-radius: 12px; padding: 22px 24px 22px 24px;\"><!-- wp:heading {\"level\":3} --><\/p>\n<h3 class=\"wp-block-heading\">\u00bfListo para ampliar su alcance?<\/h3>\n<p><!-- \/wp:heading --><\/p>\n<p><!-- wp:paragraph -->\u00danase a nuestra red de socios concesionarios estadounidenses de confianza y comience a vender a nivel mundial con un m\u00ednimo esfuerzo.<\/p>\n<p><!-- \/wp:paragraph --><\/p>\n<p><!-- wp:buttons {\"layout\":{\"type\":\"flex\",\"justifyContent\":\"left\"}} --><\/p>\n<div class=\"wp-block-buttons\"><!-- wp:button {\"backgroundColor\":\"vivid-red\",\"style\":{\"border\":{\"radius\":\"6px\"},\"spacing\":{\"padding\":{\"top\":\"12px\",\"right\":\"20px\",\"bottom\":\"12px\",\"left\":\"20px\"}}}} --><\/p>\n<div class=\"wp-block-button\" style=\"border-radius: 6px;\"><a class=\"wp-block-button__link has-vivid-red-background-color has-background wp-element-button\" style=\"padding: 12px 20px 12px 20px;\" href=\"\/contact\">\u00danase a la consignaci\u00f3n electr\u00f3nica<\/a><\/div>\n<p><!-- \/wp:button --><\/div>\n<p><!-- \/wp:buttons --><\/div>\n<p><!-- \/wp:column --><br \/><!-- CTA right --><\/p>\n<p><!-- wp:column {\"style\":{\"border\":{\"radius\":\"12px\",\"color\":\"#e5e7eb\",\"width\":\"1px\"},\"spacing\":{\"padding\":{\"top\":\"22px\",\"right\":\"24px\",\"bottom\":\"22px\",\"left\":\"24px\"}}}} --><\/p>\n<div class=\"wp-block-column\" style=\"border-color: #e5e7eb; border-width: 1px; border-radius: 12px; padding: 22px 24px 22px 24px;\"><!-- wp:heading {\"level\":3} --><\/p>\n<h3 class=\"wp-block-heading\">\u00bfBusca veh\u00edculos listos para la exportaci\u00f3n?<\/h3>\n<p><!-- \/wp:heading --><\/p>\n<p><!-- wp:paragraph -->Explore nuestra selecci\u00f3n de veh\u00edculos previamente examinados de concesionarios estadounidenses autorizados con gesti\u00f3n completa de la exportaci\u00f3n.<\/p>\n<p><!-- \/wp:paragraph --><\/p>\n<p><!-- wp:buttons {\"layout\":{\"type\":\"flex\",\"justifyContent\":\"left\"}} --><\/p>\n<div class=\"wp-block-buttons\"><!-- wp:button {\"className\":\"is-style-fill\",\"backgroundColor\":\"vivid-red\",\"style\":{\"border\":{\"radius\":\"6px\"},\"spacing\":{\"padding\":{\"top\":\"12px\",\"right\":\"20px\",\"bottom\":\"12px\",\"left\":\"20px\"}}}} --><\/p>\n<div class=\"wp-block-button is-style-fill\" style=\"border-radius: 6px;\"><a class=\"wp-block-button__link has-vivid-red-background-color has-background wp-element-button\" style=\"padding: 12px 20px 12px 20px;\" href=\"https:\/\/signumexport.com\/es\/inventario\/\">Explorar el inventario<\/a><\/div>\n<p><!-- \/wp:button --><\/div>\n<p><!-- \/wp:buttons --><\/div>\n<p><!-- \/wp:column --><\/div>\n<p><!-- \/wp:columns --><br \/><!-- \/wp:group --><\/div>\n<p><!-- \/wp:group --><\/p>\n<p>&nbsp;<\/p>\n<p><!-- wp:spacer --><\/p>\n<div class=\"wp-block-spacer\" style=\"height: 100px;\" aria-hidden=\"true\"> <\/div>\n<p><!-- \/wp:spacer --><\/p>\n<p>&nbsp;<\/p>\n<p>[\/vc_column_text][\/vc_column][\/vc_row]<\/p>\n<\/div>","protected":false},"excerpt":{"rendered":"<p>[vc_row][vc_column][vc_column_text css=\u00bb\u00bb]<\/p>\n<p> \u00a0 &#13; Su departamento de exportaci\u00f3n, <br \/>sin los gastos generales&#13; &#13; <\/p>\n<p style=\"margin-bottom: 18px;\">Anuncie sus veh\u00edculos una vez y v\u00e9ndalos en todo el mundo. Signum Group LLC se encarga del resto. <\/p>\n<p>&#13; &#13; \u00danase a la consignaci\u00f3n electr\u00f3nica&#13; &#13; Explorar el inventario&#13; <br \/> &#13; Consignaci\u00f3n electr\u00f3nica: concepto completo&#13; <\/p>\n<p><strong>E stands for \u00abElectronic\u00bb &amp; \u00abExport\u00bb.<\/strong> Consignment refers to vehicles from our selected licensed US Dealers and Partners who have appointed Signum Group LLC as their dedicated export facilitator.&#13; <\/p>\n<p>We represent, market, and sell their inventory to international buyers, managing the entire export process end-to-end \u2014 from marketing to delivery. \u00a0 &#13; P\u00fablico objetivo&#13; &#13; Socios concesionarios de EE. UU.&#13; <\/p>\n<p>Licensed, established dealers seeking global reach without creating an in-house export department. <br \/> &#13; Clientes privados en todo el mundo&#13; <\/p>\n<p>Individuals seeking to purchase high-value U.S. vehicles with trust, transparency, and complete export handling. <br \/> &#13; Compradores profesionales&#13; <\/p>\n<p>Established automotive businesses looking [&#8230;]<\/p>\n","protected":false},"author":1,"featured_media":0,"parent":0,"menu_order":0,"comment_status":"closed","ping_status":"closed","template":"","meta":{"footnotes":""},"class_list":["post-4849","page","type-page","status-publish","hentry"],"_links":{"self":[{"href":"https:\/\/signumexport.com\/es\/wp-json\/wp\/v2\/pages\/4849","targetHints":{"allow":["GET"]}}],"collection":[{"href":"https:\/\/signumexport.com\/es\/wp-json\/wp\/v2\/pages"}],"about":[{"href":"https:\/\/signumexport.com\/es\/wp-json\/wp\/v2\/types\/page"}],"author":[{"embeddable":true,"href":"https:\/\/signumexport.com\/es\/wp-json\/wp\/v2\/users\/1"}],"replies":[{"embeddable":true,"href":"https:\/\/signumexport.com\/es\/wp-json\/wp\/v2\/comments?post=4849"}],"version-history":[{"count":13,"href":"https:\/\/signumexport.com\/es\/wp-json\/wp\/v2\/pages\/4849\/revisions"}],"predecessor-version":[{"id":5098,"href":"https:\/\/signumexport.com\/es\/wp-json\/wp\/v2\/pages\/4849\/revisions\/5098"}],"wp:attachment":[{"href":"https:\/\/signumexport.com\/es\/wp-json\/wp\/v2\/media?parent=4849"}],"curies":[{"name":"wp","href":"https:\/\/api.w.org\/{rel}","templated":true}]}}