{"id":4441,"date":"2025-07-29T22:10:33","date_gmt":"2025-07-29T22:10:33","guid":{"rendered":"https:\/\/signumexport.com\/proceso-de-exportacion\/"},"modified":"2025-09-11T18:08:10","modified_gmt":"2025-09-11T22:08:10","slug":"proceso-de-exportacion","status":"publish","type":"page","link":"https:\/\/signumexport.com\/es\/proceso-de-exportacion\/","title":{"rendered":"Proceso de exportaci\u00f3n"},"content":{"rendered":"<div class=\"wpb-content-wrapper\"><p>[vc_row el_class=\u00bbmargin-bottom-none padding-bottom-10 margin-top-30&#8243;][vc_column css=\u00bb.vc_custom_1753806879340{padding-top: 50px !important;padding-bottom: 50px !important;border-radius: 1px !important;border-color: #DDDDDD !important;}\u00bb][vc_single_image image=\u00bb24651&#8243; img_size=\u00bbfull\u00bb alignment=\u00bbright\u00bb css=\u00bb\u00bb][\/vc_column][\/vc_row][vc_row css=\u00bb.vc_custom_1515782941289{margin-bottom: 0px !important;}\u00bb el_class=\u00bbmargin-bottom-none\u00bb][vc_column width=\u00bb1\/4&#8243;][\/vc_column][vc_column width=\u00bb1\/2&#8243;][vc_column_text css=\u00bb.vc_custom_1757628352146{margin-bottom: 20px !important;}\u00bb]<\/p>\n<h2 style=\"text-align: center;\"><strong>\u00bfC\u00d3MO FUNCIONA?<\/strong><\/h2>\n<p>[\/vc_column_text][vc_column_text css=\u00bb.vc_custom_1757628462120{margin-bottom: 20px !important;}\u00bb]\u00a0[\/vc_column_text][vc_column_text css=\u00bb\u00bb el_class=\u00bbpadding-left-none xs-padding-bottom-40&#8243;]<\/p>\n<h3 style=\"text-align: center;\" data-start=\"794\" data-end=\"816\"><span style=\"color: #993300;\"><strong data-start=\"800\" data-end=\"816\">Proceso de exportaci\u00f3n paso a paso<\/strong><\/span><\/h3>\n<p>&nbsp;<\/p>\n<ol data-start=\"467\" data-end=\"1655\">\n<li data-start=\"467\" data-end=\"556\">\n<p data-start=\"470\" data-end=\"556\"><strong data-start=\"470\" data-end=\"501\">Env\u00ede su solicitud de veh\u00edculo<\/strong><br data-start=\"501\" data-end=\"504\">P\u00f3ngase en contacto con nosotros con sus necesidades y preferencias exactas.<\/p>\n<\/li>\n<li data-start=\"558\" data-end=\"637\">\n<p data-start=\"561\" data-end=\"637\"><strong data-start=\"561\" data-end=\"586\">Comienza la b\u00fasqueda de veh\u00edculos<\/strong><br data-start=\"586\" data-end=\"589\">Encontramos los veh\u00edculos que mejor se adaptan a sus necesidades.<\/p>\n<\/li>\n<li data-start=\"639\" data-end=\"720\">\n<p data-start=\"642\" data-end=\"720\"><strong data-start=\"642\" data-end=\"669\">Negociaci\u00f3n y mejor oferta<\/strong><br data-start=\"669\" data-end=\"672\">Negociamos el precio m\u00e1s bajo en su nombre.<\/p>\n<\/li>\n<li data-start=\"722\" data-end=\"806\">\n<p data-start=\"725\" data-end=\"806\"><strong data-start=\"725\" data-end=\"754\">Acuerdo de compra firmado<\/strong><br data-start=\"754\" data-end=\"757\">Preparamos y finalizamos el contrato de compra.<\/p>\n<\/li>\n<li data-start=\"808\" data-end=\"891\">\n<p data-start=\"811\" data-end=\"891\"><strong data-start=\"811\" data-end=\"836\">Dep\u00f3sito inicial (30%)<\/strong><br data-start=\"836\" data-end=\"839\">Realiza un pago inicial del 30% para asegurar el veh\u00edculo.<\/p>\n<\/li>\n<li data-start=\"893\" data-end=\"974\">\n<p data-start=\"896\" data-end=\"974\"><strong data-start=\"896\" data-end=\"918\">Inspecci\u00f3n del veh\u00edculo<\/strong><br data-start=\"918\" data-end=\"921\">Organizamos una inspecci\u00f3n detallada antes del transporte.<\/p>\n<\/li>\n<li data-start=\"976\" data-end=\"1061\">\n<p data-start=\"979\" data-end=\"1061\"><strong data-start=\"979\" data-end=\"1004\">Transporte terrestre<\/strong><br data-start=\"1004\" data-end=\"1007\">Su veh\u00edculo se transporta al lugar de exportaci\u00f3n.<\/p>\n<\/li>\n<li data-start=\"1063\" data-end=\"1139\">\n<p data-start=\"1066\" data-end=\"1139\"><strong data-start=\"1066\" data-end=\"1094\">Pago final a trav\u00e9s de Escrow<\/strong><br data-start=\"1094\" data-end=\"1097\">Paga el saldo restante de forma segura.<\/p>\n<\/li>\n<li data-start=\"1141\" data-end=\"1225\">\n<p data-start=\"1144\" data-end=\"1225\"><strong data-start=\"1144\" data-end=\"1172\">Despacho de aduanas de exportaci\u00f3n<\/strong><br data-start=\"1172\" data-end=\"1175\">Nos encargamos de la documentaci\u00f3n y la presentaci\u00f3n de aduanas.<\/p>\n<\/li>\n<li data-start=\"1227\" data-end=\"1306\">\n<p data-start=\"1231\" data-end=\"1306\"><strong data-start=\"1231\" data-end=\"1252\">Env\u00edo al extranjero<\/strong><br data-start=\"1252\" data-end=\"1255\">El veh\u00edculo se env\u00eda por transporte mar\u00edtimo o a\u00e9reo.<\/p>\n<\/li>\n<li data-start=\"1308\" data-end=\"1394\">\n<p data-start=\"1312\" data-end=\"1394\"><strong data-start=\"1312\" data-end=\"1340\">Despacho de aduanas de importaci\u00f3n<\/strong><br data-start=\"1340\" data-end=\"1343\">Su veh\u00edculo pasa la aduana en el destino.<\/p>\n<\/li>\n<li data-start=\"1396\" data-end=\"1489\">\n<p data-start=\"1400\" data-end=\"1489\"><strong data-start=\"1400\" data-end=\"1433\">Remisi\u00f3n a un socio de homologaci\u00f3n<\/strong><br data-start=\"1433\" data-end=\"1436\">Le conectamos con expertos en homologaci\u00f3n de confianza.<\/p>\n<\/li>\n<li data-start=\"1491\" data-end=\"1573\">\n<p data-start=\"1495\" data-end=\"1573\"><strong data-start=\"1495\" data-end=\"1519\">Proceso de homologaci\u00f3n<\/strong><br data-start=\"1519\" data-end=\"1522\">Se completan las modificaciones y certificaciones.<\/p>\n<\/li>\n<li data-start=\"1575\" data-end=\"1655\">\n<p data-start=\"1579\" data-end=\"1655\"><strong data-start=\"1579\" data-end=\"1597\">Entrega final<\/strong><br data-start=\"1597\" data-end=\"1600\">Su veh\u00edculo se entrega a su destino final.<\/p>\n<\/li>\n<\/ol>\n<p>[\/vc_column_text][\/vc_column][vc_column width=\u00bb1\/4&#8243;][\/vc_column][\/vc_row][vc_row el_class=\u00bbmargin-bottom-none padding-bottom-10 margin-top-30&#8243;][vc_column css=\u00bb.vc_custom_1753806596455{padding-top: 50px !important;padding-bottom: 50px !important;border-radius: 1px !important;border-color: #DDDDDD !important;}\u00bb][\/vc_column][\/vc_row][vc_row el_class=\u00bbmargin-bottom-none margin-top-30&#8243;][vc_column][vc_column_text css=\u00bb.vc_custom_1515783708727{margin-bottom: 30px !important;}\u00bb]<\/p>\n<h3>ALGUNAS DE NUESTRAS MARCAS DESTACADAS<\/h3>\n<p>[\/vc_column_text]<div class=\"featured-brand \"><div class=\"arrow2 pull-right clearfix slideControls\"><span class=\"next-btn\"><\/span><span class=\"prev-btn\"><\/span><\/div><div class=\"carousel-slider featured_slider\"><div class='slide hoverimg'><a href='#' style='background-image: url(https:\/\/signumexport.com\/wp-content\/uploads\/2024\/10\/Rolls-Royce-Small.png);' data-hoverimg='https:\/\/signumexport.com\/wp-content\/uploads\/2024\/10\/Rolls-Royce-Small.png'><\/a><\/div><div class='slide hoverimg'><a href='#' style='background-image: url(https:\/\/signumexport.com\/wp-content\/uploads\/2024\/10\/Tesla-1-e1727807381777.png);' data-hoverimg='https:\/\/signumexport.com\/wp-content\/uploads\/2024\/10\/Tesla-1-e1727807381777.png'><\/a><\/div><div class='slide hoverimg'><a href='#' style='background-image: url(https:\/\/signumexport.com\/wp-content\/uploads\/2024\/10\/BMW-e1727809752728.png);' data-hoverimg='https:\/\/signumexport.com\/wp-content\/uploads\/2024\/10\/BMW-e1727809752728.png'><\/a><\/div><div class='slide hoverimg'><a href='#' style='background-image: url(https:\/\/signumexport.com\/wp-content\/uploads\/2024\/10\/Audi-2-e1727816199648.png);' data-hoverimg='https:\/\/signumexport.com\/wp-content\/uploads\/2024\/10\/Audi-2-e1727816199648.png'><\/a><\/div><div class='slide hoverimg'><a href='#' style='background-image: url(https:\/\/signumexport.com\/wp-content\/uploads\/2024\/10\/\u0441hevrolet-logo-transparent-background-1-e1728321850823.png);' data-hoverimg='https:\/\/signumexport.com\/wp-content\/uploads\/2024\/10\/\u0441hevrolet-logo-transparent-background-1-e1728321850823.png'><\/a><\/div><div class='slide hoverimg'><a href='#' style='background-image: url(https:\/\/signumexport.com\/wp-content\/uploads\/2024\/10\/Dodge-2-Transparent-Background-e1728298471892.png);' data-hoverimg='https:\/\/signumexport.com\/wp-content\/uploads\/2024\/10\/Dodge-2-Transparent-Background-e1728298471892.png'><\/a><\/div><div class='slide hoverimg'><a href='#' style='background-image: url(https:\/\/signumexport.com\/wp-content\/uploads\/2024\/10\/Mercedes-Small-1.png);' data-hoverimg='https:\/\/signumexport.com\/wp-content\/uploads\/2024\/10\/Mercedes-Small-1.png'><\/a><\/div><div class='slide hoverimg'><a href='#' style='background-image: url(https:\/\/signumexport.com\/wp-content\/uploads\/2024\/10\/GMC-Logo-Transparent-Background-Small-e1728313060237.png);' data-hoverimg='https:\/\/signumexport.com\/wp-content\/uploads\/2024\/10\/GMC-Logo-Transparent-Background-Small-e1728313060237.png'><\/a><\/div><div class='slide hoverimg'><a href='#' style='background-image: url(https:\/\/signumexport.com\/wp-content\/uploads\/2024\/10\/Cadillac-logo-Transparent-Background-e1728304282605.png);' data-hoverimg='https:\/\/signumexport.com\/wp-content\/uploads\/2024\/10\/Cadillac-logo-Transparent-Background-e1728304282605.png'><\/a><\/div><div class='slide hoverimg'><a href='#' style='background-image: url(https:\/\/signumexport.com\/wp-content\/uploads\/2024\/10\/ford-logo-Transparent-background-2-e1728312861585.png);' data-hoverimg='https:\/\/signumexport.com\/wp-content\/uploads\/2024\/10\/ford-logo-Transparent-background-2-e1728312861585.png'><\/a><\/div><div class='slide hoverimg'><a href='#' style='background-image: url(https:\/\/signumexport.com\/wp-content\/uploads\/2024\/10\/Jaguar-logo-Transparent-background-e1728322336134.png);' data-hoverimg='https:\/\/signumexport.com\/wp-content\/uploads\/2024\/10\/Jaguar-logo-Transparent-background-e1728322336134.png'><\/a><\/div><div class='slide hoverimg'><a href='#' style='background-image: url(https:\/\/signumexport.com\/wp-content\/uploads\/2024\/10\/Porsche-Logo-Transparent-background-e1728323105771.png);' data-hoverimg='https:\/\/signumexport.com\/wp-content\/uploads\/2024\/10\/Porsche-Logo-Transparent-background-e1728323105771.png'><\/a><\/div><div class='slide hoverimg'><a href='#' style='background-image: url(https:\/\/signumexport.com\/wp-content\/uploads\/2024\/10\/Viper-Logo-Transparent-Background-e1728324876415.png);' data-hoverimg='https:\/\/signumexport.com\/wp-content\/uploads\/2024\/10\/Viper-Logo-Transparent-Background-e1728324876415.png'><\/a><\/div><div class='slide hoverimg'><a href='#' style='background-image: url(https:\/\/signumexport.com\/wp-content\/uploads\/2024\/10\/Fisker-logo-Transparent-Background-e1728324997453.png);' data-hoverimg='https:\/\/signumexport.com\/wp-content\/uploads\/2024\/10\/Fisker-logo-Transparent-Background-e1728324997453.png'><\/a><\/div><div class='slide hoverimg'><a href='#' style='background-image: url(https:\/\/signumexport.com\/wp-content\/uploads\/2024\/10\/VW-logo-Transparent-Background-e1728325631798.png);' data-hoverimg='https:\/\/signumexport.com\/wp-content\/uploads\/2024\/10\/VW-logo-Transparent-Background-e1728325631798.png'><\/a><\/div><div class='slide hoverimg'><a href='#' style='background-image: url(https:\/\/signumexport.com\/wp-content\/uploads\/2024\/10\/volvo-logo-Transparent-e1728326015445.png);' data-hoverimg='https:\/\/signumexport.com\/wp-content\/uploads\/2024\/10\/volvo-logo-Transparent-e1728326015445.png'><\/a><\/div><div class='slide hoverimg'><a href='#' style='background-image: url(https:\/\/signumexport.com\/wp-content\/uploads\/2024\/10\/Lucid-Transparent-background-e1728326224645.png);' data-hoverimg='https:\/\/signumexport.com\/wp-content\/uploads\/2024\/10\/Lucid-Transparent-background-e1728326224645.png'><\/a><\/div><\/div><\/div>[\/vc_column][\/vc_row]<\/p>\n<\/div>","protected":false},"excerpt":{"rendered":"<p>[vc_row el_class=\u00bbmargin-bottom-none padding-bottom-10 margin-top-30&#8243;][vc_column css=\u00bb.vc_custom_1753806879340{padding-top: 50px !important;padding-bottom: 50px !important;border-radius: 1px !important;border-color: #DDDDDD !important;}\u00bb][vc_single_image image=\u00bb24651&#8243; img_size=\u00bbfull\u00bb alignment=\u00bbright\u00bb css=\u00bb\u00bb][\/vc_column][\/vc_row][vc_row css=\u00bb.vc_custom_1515782941289{margin-bottom: 0px !important;}\u00bb el_class=\u00bbmargin-bottom-none\u00bb][vc_column width=\u00bb1\/4&#8243;][\/vc_column][vc_column width=\u00bb1\/2&#8243;][vc_column_text css=\u00bb.vc_custom_1757628352146{margin-bottom: 20px !important;}\u00bb]<\/p>\n<p> <strong>\u00bfC\u00d3MO FUNCIONA?<\/strong> <\/p>\n<p>[\/vc_column_text][vc_column_text css=\u00bb.vc_custom_1757628462120{margin-bottom: 20px !important;}\u00bb]\u00a0[\/vc_column_text][vc_column_text css=\u00bb\u00bb el_class=\u00bbpadding-left-none xs-padding-bottom-40&#8243;]<\/p>\n<p> <strong data-start=\"800\" data-end=\"816\">Proceso de exportaci\u00f3n paso a paso<\/strong> <\/p>\n<p>&nbsp;<\/p>\n<ol data-start=\"467\" data-end=\"1655\">\n<li data-start=\"467\" data-end=\"556\">\n<p data-start=\"470\" data-end=\"556\"><strong data-start=\"470\" data-end=\"501\">Env\u00ede su solicitud de veh\u00edculo<\/strong><br data-start=\"501\" data-end=\"504\"\/>P\u00f3ngase en contacto con nosotros con sus necesidades y preferencias exactas.<\/p>\n<\/li>\n<li data-start=\"558\" data-end=\"637\">\n<p data-start=\"561\" data-end=\"637\"><strong data-start=\"561\" data-end=\"586\">Comienza la b\u00fasqueda de veh\u00edculos<\/strong><br data-start=\"586\" data-end=\"589\"\/>Encontramos los veh\u00edculos que mejor se adaptan a sus necesidades.<\/p>\n<\/li>\n<li data-start=\"639\" data-end=\"720\">\n<p data-start=\"642\" data-end=\"720\"><strong data-start=\"642\" data-end=\"669\">Negociaci\u00f3n y mejor oferta<\/strong><br data-start=\"669\" data-end=\"672\"\/>Negociamos el precio m\u00e1s bajo en su nombre.<\/p>\n<\/li>\n<li data-start=\"722\" data-end=\"806\">\n<p data-start=\"725\" data-end=\"806\"><strong data-start=\"725\" data-end=\"754\">Acuerdo de compra firmado<\/strong><br data-start=\"754\" data-end=\"757\"\/>Preparamos y finalizamos el contrato de compra.<\/p>\n<\/li>\n<li data-start=\"808\" data-end=\"891\">\n<p data-start=\"811\" data-end=\"891\"><strong data-start=\"811\" data-end=\"836\">Dep\u00f3sito inicial (30%)<\/strong><br data-start=\"836\" data-end=\"839\"\/>Realiza un pago inicial del 30% para [&#8230;]<\/p>\n<\/li>\n<\/ol>\n","protected":false},"author":1,"featured_media":0,"parent":0,"menu_order":0,"comment_status":"closed","ping_status":"closed","template":"","meta":{"footnotes":""},"class_list":["post-4441","page","type-page","status-publish","hentry"],"_links":{"self":[{"href":"https:\/\/signumexport.com\/es\/wp-json\/wp\/v2\/pages\/4441","targetHints":{"allow":["GET"]}}],"collection":[{"href":"https:\/\/signumexport.com\/es\/wp-json\/wp\/v2\/pages"}],"about":[{"href":"https:\/\/signumexport.com\/es\/wp-json\/wp\/v2\/types\/page"}],"author":[{"embeddable":true,"href":"https:\/\/signumexport.com\/es\/wp-json\/wp\/v2\/users\/1"}],"replies":[{"embeddable":true,"href":"https:\/\/signumexport.com\/es\/wp-json\/wp\/v2\/comments?post=4441"}],"version-history":[{"count":38,"href":"https:\/\/signumexport.com\/es\/wp-json\/wp\/v2\/pages\/4441\/revisions"}],"predecessor-version":[{"id":24745,"href":"https:\/\/signumexport.com\/es\/wp-json\/wp\/v2\/pages\/4441\/revisions\/24745"}],"wp:attachment":[{"href":"https:\/\/signumexport.com\/es\/wp-json\/wp\/v2\/media?parent=4441"}],"curies":[{"name":"wp","href":"https:\/\/api.w.org\/{rel}","templated":true}]}}