{"id":4390,"date":"2017-09-10T16:47:15","date_gmt":"2017-09-10T16:47:15","guid":{"rendered":"https:\/\/signumexport.com\/preguntas-frecuentes\/"},"modified":"2025-08-14T15:29:12","modified_gmt":"2025-08-14T15:29:12","slug":"preguntas-frecuentes","status":"publish","type":"page","link":"https:\/\/signumexport.com\/es\/preguntas-frecuentes\/","title":{"rendered":"Preguntas frecuentes"},"content":{"rendered":"<div class=\"wpb-content-wrapper\"><p>[vc_row][vc_column]<div class=\"list_faq clearfix \"><h5>Sort FAQ By:<\/h5><ul><li><a href='#All' data-action='sort'>All<\/a><\/li><li><a href='#Electrical' data-action='sort'>Electrical<\/a><\/li><li><a href='#Engine' data-action='sort'>Engine<\/a><\/li><li><a href='#Mechanical' data-action='sort'>Mechanical<\/a><\/li><li><a href='#Navigation' data-action='sort'>Navigation<\/a><\/li><li><a href='#Sunroof' data-action='sort'>Sunroof<\/a><\/li><li><a href='#Stereo' data-action='sort'>Stereo<\/a><\/li><li><a href='#Wiring' data-action='sort'>Wiring<\/a><\/li><\/ul><\/div><div class=\"accordion_panel margin-top-30\"><div class=\"panel-group description-accordion faq-sort faq margin-bottom-none\" id=\"accordion\"> <!--description--><div class=\"panel panel-default padding-top-20 padding-bottom-15\" data-categories=\"Electrical,Navigational,Wiring\" itemscope itemtype=\"http:\/\/schema.org\/Question\"><div class=\"panel-heading padding-vertical-10 padding-horizontal-15\"><h4 class=\"panel-title padding-left-30\"> <a data-toggle=\"collapse\" data-parent=\"#accordion\" href=\"#collapse_ZbBOgNpijH\" class=\"collapsed\"><span itemprop=\"text\">\u00bfQu\u00e9 servicios ofrece Signum Group?<\/span><\/a> <\/h4><\/div><div id=\"collapse_ZbBOgNpijH\" class=\"panel-collapse collapse\" style=\"height: 0px;\"><div class=\"panel-body\"> <!--Panel_body--><div class=\"faq_post padding-left-40\"><div class=\"post-entry clearfix margin-top-10\"itemprop=\"suggestedAnswer acceptedAnswer\" itemscope itemtype=\"http:\/\/schema.org\/Answer\"><div itemprop=\"text\">Ofrecemos servicios integrales de comercio automotriz que incluyen la b\u00fasqueda de veh\u00edculos, inspecciones, documentaci\u00f3n de exportaci\u00f3n, env\u00edo global, despacho de aduanas y soporte de homologaci\u00f3n. Servimos como concesionario tradicional y especialista en exportaci\u00f3n. <\/div><\/div><\/div><!--Panel_body--> <\/div><\/div><\/div><!--description--> <!--description--><div class=\"panel panel-default padding-top-20 padding-bottom-15\" data-categories=\"Engine,Sunroof,Wiring\" itemscope itemtype=\"http:\/\/schema.org\/Question\"><div class=\"panel-heading padding-vertical-10 padding-horizontal-15\"><h4 class=\"panel-title padding-left-30\"> <a data-toggle=\"collapse\" data-parent=\"#accordion\" href=\"#collapse_xcazMWgNPC\" class=\"collapsed\"><span itemprop=\"text\">\u00bfC\u00f3mo funciona E-Consignment?<\/span><\/a> <\/h4><\/div><div id=\"collapse_xcazMWgNPC\" class=\"panel-collapse collapse\" style=\"height: 0px;\"><div class=\"panel-body\"> <!--Panel_body--><div class=\"faq_post padding-left-40\"><div class=\"post-entry clearfix margin-top-10\"itemprop=\"suggestedAnswer acceptedAnswer\" itemscope itemtype=\"http:\/\/schema.org\/Answer\"><div itemprop=\"text\">E-Consignment permite a los concesionarios de EE. UU. aprovechar nuestra experiencia en exportaci\u00f3n sin los gastos generales. Listamos su inventario internacionalmente, calificamos a los compradores, gestionamos toda la log\u00edstica de exportaci\u00f3n y garantizamos transacciones seguras. Usted recibe el pago al realizar la entrega con \u00e9xito.  <\/div><\/div><\/div><!--Panel_body--> <\/div><\/div><\/div><!--description--> <!--description--><div class=\"panel panel-default padding-top-20 padding-bottom-15\" data-categories=\"Electrical,Mechanical,Wiring\" itemscope itemtype=\"http:\/\/schema.org\/Question\"><div class=\"panel-heading padding-vertical-10 padding-horizontal-15\"><h4 class=\"panel-title padding-left-30\"> <a data-toggle=\"collapse\" data-parent=\"#accordion\" href=\"#collapse_bggrhLDHci\" class=\"in\"><span itemprop=\"text\">\u00bfQu\u00e9 tipos de veh\u00edculos gestionan?<\/span><\/a> <\/h4><\/div><div id=\"collapse_bggrhLDHci\" class=\"panel-collapse in\" style=\"height: auto;\"><div class=\"panel-body\"> <!--Panel_body--><div class=\"faq_post padding-left-40\"><div class=\"post-entry clearfix margin-top-10\"itemprop=\"suggestedAnswer acceptedAnswer\" itemscope itemtype=\"http:\/\/schema.org\/Answer\"><div itemprop=\"text\">Nos especializamos en veh\u00edculos premium, de lujo y de alto valor de los principales fabricantes. Esto incluye coches de lujo de modelos recientes, SUV, coches deportivos y veh\u00edculos cl\u00e1sicos\/de colecci\u00f3n selectos. Podemos buscar pr\u00e1cticamente cualquier marca\/modelo bajo petici\u00f3n.  <\/div><\/div><\/div><!--Panel_body--> <\/div><\/div><\/div><!--description--> <!--description--><div class=\"panel panel-default padding-top-20 padding-bottom-15\" data-categories=\"Mechanical,Sunroof,Navigational\" itemscope itemtype=\"http:\/\/schema.org\/Question\"><div class=\"panel-heading padding-vertical-10 padding-horizontal-15\"><h4 class=\"panel-title padding-left-30\"> <a data-toggle=\"collapse\" data-parent=\"#accordion\" href=\"#collapse_bHSDGruqIc\" class=\"collapsed\"><span itemprop=\"text\">\u00bfA qu\u00e9 pa\u00edses exportan?<\/span><\/a> <\/h4><\/div><div id=\"collapse_bHSDGruqIc\" class=\"panel-collapse collapse\" style=\"height: 0px;\"><div class=\"panel-body\"> <!--Panel_body--><div class=\"faq_post padding-left-40\"><div class=\"post-entry clearfix margin-top-10\"itemprop=\"suggestedAnswer acceptedAnswer\" itemscope itemtype=\"http:\/\/schema.org\/Answer\"><div itemprop=\"text\">Hemos exportado con \u00e9xito a m\u00e1s de 40 pa\u00edses en todo el mundo, con especial experiencia en Europa, Oriente Medio, Asia Central y Am\u00e9rica Latina. P\u00f3ngase en contacto con nosotros para confirmar los requisitos para su destino espec\u00edfico. <\/div><\/div><\/div><!--Panel_body--> <\/div><\/div><\/div><!--description--> <!--description--><div class=\"panel panel-default padding-top-20 padding-bottom-15\" data-categories=\"Navigational,Stereo,Sunroof\" itemscope itemtype=\"http:\/\/schema.org\/Question\"><div class=\"panel-heading padding-vertical-10 padding-horizontal-15\"><h4 class=\"panel-title padding-left-30\"> <a data-toggle=\"collapse\" data-parent=\"#accordion\" href=\"#collapse_QrJngAvPut\" class=\"collapsed\"><span itemprop=\"text\">\u00bfCu\u00e1les son los plazos de exportaci\u00f3n t\u00edpicos?<\/span><\/a> <\/h4><\/div><div id=\"collapse_QrJngAvPut\" class=\"panel-collapse collapse\" style=\"height: 0px;\"><div class=\"panel-body\"> <!--Panel_body--><div class=\"faq_post padding-left-40\"><div class=\"post-entry clearfix margin-top-10\"itemprop=\"suggestedAnswer acceptedAnswer\" itemscope itemtype=\"http:\/\/schema.org\/Answer\"><div itemprop=\"text\">Los plazos var\u00edan seg\u00fan el destino y el m\u00e9todo de env\u00edo. Generalmente, espere de 2 a 4 semanas para la b\u00fasqueda y preparaci\u00f3n, m\u00e1s el tiempo de env\u00edo (de 1 a 2 semanas para el transporte a\u00e9reo, de 4 a 8 semanas para el transporte mar\u00edtimo). Algunos destinos pueden requerir tiempo adicional para la homologaci\u00f3n.  <\/div><\/div><\/div><!--Panel_body--> <\/div><\/div><\/div><!--description--> <!--description--><div class=\"panel panel-default padding-top-20 padding-bottom-15\" data-categories=\"Engine,Navigational,Stereo\" itemscope itemtype=\"http:\/\/schema.org\/Question\"><div class=\"panel-heading padding-vertical-10 padding-horizontal-15\"><h4 class=\"panel-title padding-left-30\"> <a data-toggle=\"collapse\" data-parent=\"#accordion\" href=\"#collapse_GUvYcrYaDp\" class=\"collapsed\"><span itemprop=\"text\">\u00bfQu\u00e9 m\u00e9todos de pago aceptan?<\/span><\/a> <\/h4><\/div><div id=\"collapse_GUvYcrYaDp\" class=\"panel-collapse collapse\" style=\"height: 0px;\"><div class=\"panel-body\"> <!--Panel_body--><div class=\"faq_post padding-left-40\"><div class=\"post-entry clearfix margin-top-10\"itemprop=\"suggestedAnswer acceptedAnswer\" itemscope itemtype=\"http:\/\/schema.org\/Answer\"><div itemprop=\"text\">Ofrecemos opciones de pago seguras que incluyen transferencias bancarias y servicios de dep\u00f3sito en garant\u00eda a trav\u00e9s de Escrow.com. Para las transacciones de los concesionarios, tambi\u00e9n podemos aceptar transferencias ACH. Todas las transacciones est\u00e1n totalmente documentadas.  <\/div><\/div><\/div><!--Panel_body--> <\/div><\/div><\/div><!--description--> <!--description--><div class=\"panel panel-default padding-top-20 padding-bottom-15\" data-categories=\"Engine,Navigational,Navigational\" itemscope itemtype=\"http:\/\/schema.org\/Question\"><div class=\"panel-heading padding-vertical-10 padding-horizontal-15\"><h4 class=\"panel-title padding-left-30\"> <a data-toggle=\"collapse\" data-parent=\"#accordion\" href=\"#collapse_NcvzPoCVhB\" class=\"collapsed\"><span itemprop=\"text\">\u00bfC\u00f3mo se gestionan las inspecciones de veh\u00edculos?<\/span><\/a> <\/h4><\/div><div id=\"collapse_NcvzPoCVhB\" class=\"panel-collapse collapse\" style=\"height: 0px;\"><div class=\"panel-body\"> <!--Panel_body--><div class=\"faq_post padding-left-40\"><div class=\"post-entry clearfix margin-top-10\"itemprop=\"suggestedAnswer acceptedAnswer\" itemscope itemtype=\"http:\/\/schema.org\/Answer\"><div itemprop=\"text\">Realizamos inspecciones integrales previas a la compra, ya sea internamente o a trav\u00e9s de proveedores externos de confianza. Recibir\u00e1 informes detallados con fotograf\u00edas antes de finalizar cualquier transacci\u00f3n. <\/div><\/div><\/div><!--Panel_body--> <\/div><\/div><\/div><!--description--> <!--description--><div class=\"panel panel-default padding-top-20 padding-bottom-15\" data-categories=\"Electrical,Sunroof,Wiring\" itemscope itemtype=\"http:\/\/schema.org\/Question\"><div class=\"panel-heading padding-vertical-10 padding-horizontal-15\"><h4 class=\"panel-title padding-left-30\"> <a data-toggle=\"collapse\" data-parent=\"#accordion\" href=\"#collapse_UpLfVfyVzD\" class=\"collapsed\"><span itemprop=\"text\">\u00bfQu\u00e9 es la homologaci\u00f3n y es necesaria?<\/span><\/a> <\/h4><\/div><div id=\"collapse_UpLfVfyVzD\" class=\"panel-collapse collapse\" style=\"height: 0px;\"><div class=\"panel-body\"> <!--Panel_body--><div class=\"faq_post padding-left-40\"><div class=\"post-entry clearfix margin-top-10\"itemprop=\"suggestedAnswer acceptedAnswer\" itemscope itemtype=\"http:\/\/schema.org\/Answer\"><div itemprop=\"text\">La homologaci\u00f3n es el proceso de modificaci\u00f3n de un veh\u00edculo para cumplir con las regulaciones del pa\u00eds de destino. Los requisitos var\u00edan mucho: algunos pa\u00edses necesitan cambios m\u00ednimos, mientras que otros requieren modificaciones significativas. Le guiaremos a trav\u00e9s del proceso.  <\/div><\/div><\/div><!--Panel_body--> <\/div><\/div><\/div><!--description--> <!--description--><div class=\"panel panel-default padding-top-20 padding-bottom-15\" data-categories=\"Mechanical,Engine,Stereo\" itemscope itemtype=\"http:\/\/schema.org\/Question\"><div class=\"panel-heading padding-vertical-10 padding-horizontal-15\"><h4 class=\"panel-title padding-left-30\"> <a data-toggle=\"collapse\" data-parent=\"#accordion\" href=\"#collapse_vBjHIZaieS\" class=\"collapsed\"><span itemprop=\"text\">\u00bfC\u00f3mo gestionan el despacho de aduanas?<\/span><\/a> <\/h4><\/div><div id=\"collapse_vBjHIZaieS\" class=\"panel-collapse collapse\" style=\"height: 0px;\"><div class=\"panel-body\"> <!--Panel_body--><div class=\"faq_post padding-left-40\"><div class=\"post-entry clearfix margin-top-10\"itemprop=\"suggestedAnswer acceptedAnswer\" itemscope itemtype=\"http:\/\/schema.org\/Answer\"><div itemprop=\"text\">Preparamos toda la documentaci\u00f3n de exportaci\u00f3n necesaria de EE. UU. y coordinamos con los agentes de aduanas en el pa\u00eds de destino para garantizar un despacho sin problemas. Recibir\u00e1 orientaci\u00f3n sobre cualquier arancel o impuesto pagadero a la llegada. <\/div><\/div><\/div><!--Panel_body--> <\/div><\/div><\/div><!--description--> <!--description--><div class=\"panel panel-default padding-top-20 padding-bottom-15\" data-categories=\"Mechanical,Engine,Stereo\" itemscope itemtype=\"http:\/\/schema.org\/Question\"><div class=\"panel-heading padding-vertical-10 padding-horizontal-15\"><h4 class=\"panel-title padding-left-30\"> <a data-toggle=\"collapse\" data-parent=\"#accordion\" href=\"#collapse_uLMIasCaXu\" class=\"collapsed\"><span itemprop=\"text\">\u00bfQu\u00e9 idiomas habla su equipo?<\/span><\/a> <\/h4><\/div><div id=\"collapse_uLMIasCaXu\" class=\"panel-collapse collapse\" style=\"height: 0px;\"><div class=\"panel-body\"> <!--Panel_body--><div class=\"faq_post padding-left-40\"><div class=\"post-entry clearfix margin-top-10\"itemprop=\"suggestedAnswer acceptedAnswer\" itemscope itemtype=\"http:\/\/schema.org\/Answer\"><div itemprop=\"text\">Nuestro equipo habla ingl\u00e9s, franc\u00e9s, persa, ruso y ucraniano con fluidez. Podemos organizar el apoyo de traducci\u00f3n para otros idiomas seg\u00fan sea necesario. <\/div><\/div><\/div><!--Panel_body--> <\/div><\/div><\/div><!--description--> <\/div><\/div>[\/vc_column][\/vc_row]<\/p>\n<\/div>","protected":false},"excerpt":{"rendered":"<p>[vc_row][vc_column][\/vc_column][\/vc_row]<\/p>\n","protected":false},"author":1,"featured_media":0,"parent":0,"menu_order":0,"comment_status":"closed","ping_status":"closed","template":"","meta":{"footnotes":""},"class_list":["post-4390","page","type-page","status-publish","hentry"],"_links":{"self":[{"href":"https:\/\/signumexport.com\/es\/wp-json\/wp\/v2\/pages\/4390","targetHints":{"allow":["GET"]}}],"collection":[{"href":"https:\/\/signumexport.com\/es\/wp-json\/wp\/v2\/pages"}],"about":[{"href":"https:\/\/signumexport.com\/es\/wp-json\/wp\/v2\/types\/page"}],"author":[{"embeddable":true,"href":"https:\/\/signumexport.com\/es\/wp-json\/wp\/v2\/users\/1"}],"replies":[{"embeddable":true,"href":"https:\/\/signumexport.com\/es\/wp-json\/wp\/v2\/comments?post=4390"}],"version-history":[{"count":8,"href":"https:\/\/signumexport.com\/es\/wp-json\/wp\/v2\/pages\/4390\/revisions"}],"predecessor-version":[{"id":4751,"href":"https:\/\/signumexport.com\/es\/wp-json\/wp\/v2\/pages\/4390\/revisions\/4751"}],"wp:attachment":[{"href":"https:\/\/signumexport.com\/es\/wp-json\/wp\/v2\/media?parent=4390"}],"curies":[{"name":"wp","href":"https:\/\/api.w.org\/{rel}","templated":true}]}}