{"id":4294,"date":"2017-09-11T10:42:20","date_gmt":"2017-09-11T14:42:20","guid":{"rendered":"https:\/\/signumexport.com\/nuestro-equipo\/"},"modified":"2025-09-08T15:24:39","modified_gmt":"2025-09-08T19:24:39","slug":"nuestro-equipo","status":"publish","type":"page","link":"https:\/\/signumexport.com\/es\/nuestro-equipo\/","title":{"rendered":"Nuestro equipo"},"content":{"rendered":"<div class=\"wpb-content-wrapper\"><p>[vc_row css=\u00bb.vc_custom_1410358708453{margin-bottom: 10px !important;}\u00bb][vc_column][vc_column_text css=\u00bb.vc_custom_1727887938351{margin-bottom: 0px !important;}\u00bb]<\/p>\n<h3>CONOZCA A NUESTRO EQUIPO<\/h3>\n<p>[\/vc_column_text][\/vc_column][\/vc_row][vc_row css=\u00bb.vc_custom_1410359107639{margin-bottom: 70px !important;}\u00bb][vc_column width=\u00bb1\/3&#8243;]<div class=\"team hoverimg \"  itemscope itemtype=\"http:\/\/schema.org\/Person\"> <a href=\"https:\/\/signumexport.com\/wp-content\/uploads\/2025\/07\/IMG_3986.jpg\" class=\"fancybox\"> <img loading=\"lazy\" decoding=\"async\" src=\"https:\/\/signumexport.com\/wp-content\/uploads\/2025\/07\/IMG_3986.jpg\" class=\"aligncenter no_border\" alt=\"Karim Nabizada\" width=\"1024\" height=\"1024\" itemprop=\"image\" \/> <\/a><div class=\"name_post\"><h4 itemprop=\"name\">Karim Nabizada<\/h4><p itemprop=\"jobTitle\">Chief Executive Officer \/ CEO<\/p><\/div><div class=\"about_team\"><p>Nuestro fundador cre\u00f3 la marca Signum Group en 1991. Con 16 a\u00f1os de experiencia en importaci\u00f3n en la UE y 18 a\u00f1os en exportaci\u00f3n en EE. UU., aporta una doble experiencia para impulsar Signum Group. Con m\u00e1s de tres d\u00e9cadas en el comercio automotriz, Karim aporta un conocimiento incomparable de los mercados europeo y estadounidense, lo que garantiza transacciones fluidas para clientes de todo el mundo.  <\/p><ul><li><i class=\"fa fa-phone\"><\/i><span itemprop=\"telephone\">941-882-8008<\/span><\/li><li><i class=\"fa fa-mobile\"><\/i><span itemprop=\"telephone\">941-882-8008<\/span><\/li><li><i class=\"fa fa-envelope-o\"><\/i><a href='mailto:karim.nabizada@signumexport.com' itemprop=\"email\">karim.nabizada@signumexport.com<\/a><\/li><\/ul><\/div><div class=\"social_team pull-left\"><ul class=\"social\"><li class='margin-bottom-none'><a href=\"#\" class=\"facebook \"><\/a><\/li>\n<li class='margin-bottom-none'><a href=\"#\" class=\"twitter \"><\/a><\/li>\n<li class='margin-bottom-none'><a href=\"#\" class=\"linkedin \"><\/a><\/li>\n<li class='margin-bottom-none'><a href=\"#\" class=\"flickr \"><\/a><\/li>\n<li class='margin-bottom-none'><a href=\"#\" class=\"google \"><\/a><\/li>\n<\/ul><\/div><div class=\"clearfix\"><\/div><\/div>[\/vc_column][vc_column width=\u00bb1\/3&#8243;]<div class=\"team hoverimg \"  itemscope itemtype=\"http:\/\/schema.org\/Person\"> <a href=\"https:\/\/signumexport.com\/wp-content\/uploads\/2025\/07\/IMG_3961.jpg\" class=\"fancybox\"> <img loading=\"lazy\" decoding=\"async\" src=\"https:\/\/signumexport.com\/wp-content\/uploads\/2025\/07\/IMG_3961.jpg\" class=\"aligncenter no_border\" alt=\"Veronica Nabizada\" width=\"1024\" height=\"1024\" itemprop=\"image\" \/> <\/a><div class=\"name_post\"><h4 itemprop=\"name\">Veronica Nabizada<\/h4><p itemprop=\"jobTitle\">Chief Financial Officer \/ CFO<\/p><\/div><div class=\"about_team\"><p>Ver\u00f3nica gestiona todos los aspectos de las transacciones financieras y la documentaci\u00f3n con una velocidad y precisi\u00f3n inigualables. Su mentalidad orientada a los detalles y su implacable impulso garantizan que incluso el papeleo m\u00e1s complejo se gestione de forma r\u00e1pida e impecable. Conocida por ir siempre dos pasos por delante, impulsa activamente a todas las partes para mantener el proceso fluido y dentro de lo previsto.  <\/p><ul><li><i class=\"fa fa-phone\"><\/i><span itemprop=\"telephone\">941-882-8008<\/span><\/li><li><i class=\"fa fa-mobile\"><\/i><span itemprop=\"telephone\">941-882-8008<\/span><\/li><li><i class=\"fa fa-envelope-o\"><\/i><a href='mailto:veronica.nabizada@signumexport.com' itemprop=\"email\">veronica.nabizada@signumexport.com<\/a><\/li><\/ul><\/div><div class=\"social_team pull-left\"><ul class=\"social\"><li class='margin-bottom-none'><a href=\"#\" class=\"facebook \"><\/a><\/li>\n<li class='margin-bottom-none'><a href=\"#\" class=\"twitter \"><\/a><\/li>\n<li class='margin-bottom-none'><a href=\"#\" class=\"linkedin \"><\/a><\/li>\n<\/ul><\/div><div class=\"clearfix\"><\/div><\/div>[\/vc_column][vc_column width=\u00bb1\/3&#8243;]<div class=\"team hoverimg \"  itemscope itemtype=\"http:\/\/schema.org\/Person\"> <a href=\"https:\/\/signumexport.com\/wp-content\/uploads\/2025\/07\/IMG_4103.jpg\" class=\"fancybox\"> <img loading=\"lazy\" decoding=\"async\" src=\"https:\/\/signumexport.com\/wp-content\/uploads\/2025\/07\/IMG_4103.jpg\" class=\"aligncenter no_border\" alt=\"Fabio Nabizada\" width=\"1024\" height=\"1024\" itemprop=\"image\" \/> <\/a><div class=\"name_post\"><h4 itemprop=\"name\">Fabio Nabizada<\/h4><p itemprop=\"jobTitle\">Team Professional Race &amp; Aircraft Pilot<\/p><\/div><div class=\"about_team\"><p>Fabio aporta un enfoque y una habilidad inigualables a entornos de alta velocidad y precisi\u00f3n. Su pasi\u00f3n de toda la vida por los deportes de motor y la aviaci\u00f3n alimenta una precisi\u00f3n extraordinaria, una r\u00e1pida toma de decisiones y un dominio t\u00e9cnico muy superior a su edad. Ya sea pilotando veh\u00edculos o aeronaves, ejecuta maniobras complejas a la perfecci\u00f3n, lo que le convierte en un miembro inestimable del equipo de Signum Group.  <\/p><ul><li><i class=\"fa fa-phone\"><\/i><span itemprop=\"telephone\">941-882-8008<\/span><\/li><li><i class=\"fa fa-mobile\"><\/i><span itemprop=\"telephone\">941-882-8008<\/span><\/li><li><i class=\"fa fa-envelope-o\"><\/i><a href='mailto:fabio.nabizada@signumexport.com' itemprop=\"email\">fabio.nabizada@signumexport.com<\/a><\/li><\/ul><\/div><div class=\"social_team pull-left\"><ul class=\"social\"><li class='margin-bottom-none'><a href=\"#\" class=\"facebook \"><\/a><\/li>\n<li class='margin-bottom-none'><a href=\"#\" class=\"twitter \"><\/a><\/li>\n<li class='margin-bottom-none'><a href=\"#\" class=\"linkedin \"><\/a><\/li>\n<li class='margin-bottom-none'><a href=\"#\" class=\"google \"><\/a><\/li>\n<\/ul><\/div><div class=\"clearfix\"><\/div><\/div>[\/vc_column][\/vc_row][vc_row css=\u00bb.vc_custom_1410359107639{margin-bottom: 70px !important;}\u00bb][vc_column width=\u00bb1\/3&#8243;]<div class=\"team hoverimg \"  itemscope itemtype=\"http:\/\/schema.org\/Person\"> <a href=\"https:\/\/signumexport.com\/wp-content\/uploads\/2025\/08\/Jamie-Smith-2-e1755549311570.jpg\" class=\"fancybox\"> <img loading=\"lazy\" decoding=\"async\" src=\"https:\/\/signumexport.com\/wp-content\/uploads\/2025\/08\/Jamie-Smith-2-e1755549311570.jpg\" class=\"aligncenter no_border\" alt=\"Jamie Smith\" width=\"1024\" height=\"1024\" itemprop=\"image\" \/> <\/a><div class=\"name_post\"><h4 itemprop=\"name\">Jamie Smith<\/h4><p itemprop=\"jobTitle\">Acquisition Specialist<\/p><\/div><div class=\"about_team\"><p>Nuestro experto en la b\u00fasqueda de veh\u00edculos con una red que abarca Norteam\u00e9rica y Europa. Jamie se especializa en la localizaci\u00f3n de modelos raros y de alta demanda, la negociaci\u00f3n de las mejores condiciones y la verificaci\u00f3n del historial y el estado del veh\u00edculo antes de la compra. <\/p><ul><li><i class=\"fa fa-phone\"><\/i><span itemprop=\"telephone\">941-882-8008<\/span><\/li><li><i class=\"fa fa-mobile\"><\/i><span itemprop=\"telephone\">941-882-8008<\/span><\/li><li><i class=\"fa fa-envelope-o\"><\/i><a href='mailto:jamie.smith@signumexport.com' itemprop=\"email\">jamie.smith@signumexport.com<\/a><\/li><\/ul><\/div><div class=\"social_team pull-left\"><ul class=\"social\"><li class='margin-bottom-none'><a href=\"#\" class=\"facebook \"><\/a><\/li>\n<li class='margin-bottom-none'><a href=\"#\" class=\"twitter \"><\/a><\/li>\n<li class='margin-bottom-none'><a href=\"#\" class=\"linkedin \"><\/a><\/li>\n<li class='margin-bottom-none'><a href=\"#\" class=\"flickr \"><\/a><\/li>\n<li class='margin-bottom-none'><a href=\"#\" class=\"google \"><\/a><\/li>\n<\/ul><\/div><div class=\"clearfix\"><\/div><\/div>[\/vc_column][vc_column width=\u00bb1\/3&#8243;]<div class=\"team hoverimg \"  itemscope itemtype=\"http:\/\/schema.org\/Person\"> <a href=\"https:\/\/signumexport.com\/wp-content\/uploads\/2025\/08\/Maria-Bennett-2-e1755550090776.jpg\" class=\"fancybox\"> <img loading=\"lazy\" decoding=\"async\" src=\"https:\/\/signumexport.com\/wp-content\/uploads\/2025\/08\/Maria-Bennett-2-e1755550090776.jpg\" class=\"aligncenter no_border\" alt=\"Maria Bennett\" width=\"1024\" height=\"1024\" itemprop=\"image\" \/> <\/a><div class=\"name_post\"><h4 itemprop=\"name\">Maria Bennett<\/h4><p itemprop=\"jobTitle\">Logistics Coordinator<\/p><\/div><div class=\"about_team\"><p>Mar\u00eda supervisa todos los aspectos del env\u00edo global y el despacho de aduanas. Mar\u00eda se asegura de que cada veh\u00edculo se traslade sin problemas desde la compra hasta la entrega, gestionando la documentaci\u00f3n, el cumplimiento y la coordinaci\u00f3n con nuestra red de socios de transporte. <\/p><ul><li><i class=\"fa fa-phone\"><\/i><span itemprop=\"telephone\">941-882-8008<\/span><\/li><li><i class=\"fa fa-mobile\"><\/i><span itemprop=\"telephone\">941-882-8008<\/span><\/li><li><i class=\"fa fa-envelope-o\"><\/i><a href='mailto:maria.bennett@signumexport.com' itemprop=\"email\">maria.bennett@signumexport.com<\/a><\/li><\/ul><\/div><div class=\"social_team pull-left\"><ul class=\"social\"><li class='margin-bottom-none'><a href=\"#\" class=\"facebook \"><\/a><\/li>\n<li class='margin-bottom-none'><a href=\"#\" class=\"twitter \"><\/a><\/li>\n<li class='margin-bottom-none'><a href=\"#\" class=\"linkedin \"><\/a><\/li>\n<\/ul><\/div><div class=\"clearfix\"><\/div><\/div>[\/vc_column][vc_column width=\u00bb1\/3&#8243;]<div class=\"team hoverimg \"  itemscope itemtype=\"http:\/\/schema.org\/Person\"> <a href=\"https:\/\/signumexport.com\/wp-content\/uploads\/2025\/08\/Thomas-Leclerc-2-e1755550642565.jpg\" class=\"fancybox\"> <img loading=\"lazy\" decoding=\"async\" src=\"https:\/\/signumexport.com\/wp-content\/uploads\/2025\/08\/Thomas-Leclerc-2-e1755550642565.jpg\" class=\"aligncenter no_border\" alt=\"Thomas Leclerc\" width=\"1024\" height=\"1024\" itemprop=\"image\" \/> <\/a><div class=\"name_post\"><h4 itemprop=\"name\">Thomas Leclerc<\/h4><p itemprop=\"jobTitle\">Client Support<\/p><\/div><div class=\"about_team\"><p>Su punto de contacto exclusivo durante todo el proceso de exportaci\u00f3n. Thomas proporciona actualizaciones peri\u00f3dicas, responde a preguntas en varios idiomas y se asegura de que cada cliente reciba una atenci\u00f3n personalizada desde la consulta inicial hasta la entrega final. <\/p><ul><li><i class=\"fa fa-phone\"><\/i><span itemprop=\"telephone\">941-882-8008<\/span><\/li><li><i class=\"fa fa-mobile\"><\/i><span itemprop=\"telephone\">941-882-8008<\/span><\/li><li><i class=\"fa fa-envelope-o\"><\/i><a href='mailto:thomas.leclerc@signumexport.com' itemprop=\"email\">thomas.leclerc@signumexport.com<\/a><\/li><\/ul><\/div><div class=\"social_team pull-left\"><ul class=\"social\"><li class='margin-bottom-none'><a href=\"#\" class=\"facebook \"><\/a><\/li>\n<li class='margin-bottom-none'><a href=\"#\" class=\"twitter \"><\/a><\/li>\n<li class='margin-bottom-none'><a href=\"#\" class=\"linkedin \"><\/a><\/li>\n<li class='margin-bottom-none'><a href=\"#\" class=\"google \"><\/a><\/li>\n<\/ul><\/div><div class=\"clearfix\"><\/div><\/div>[\/vc_column][\/vc_row][vc_row el_class=\u00bbfullwidth_element bottom_element\u00bb][vc_column]<div class='contact google_map_init ' data-longitude='-82.55' data-latitude='27.34' data-zoom='11' data-map-type='hybrid' style='height: 390px;' data-style='[{\"featureType\":\"landscape\",\"elementType\":\"labels\",\"stylers\":[{\"visibility\":\"off\"}]},{\"featureType\":\"transit\",\"elementType\":\"labels\",\"stylers\":[{\"visibility\":\"off\"}]},{\"featureType\":\"poi\",\"elementType\":\"labels\",\"stylers\":[{\"visibility\":\"off\"}]},{\"featureType\":\"water\",\"elementType\":\"labels\",\"stylers\":[{\"visibility\":\"off\"}]},{\"featureType\":\"road\",\"elementType\":\"labels.icon\",\"stylers\":[{\"visibility\":\"off\"}]},{\"stylers\":[{\"hue\":\"#F0F0F0\"},{\"saturation\":-100},{\"gamma\":2.15},{\"lightness\":12}]},{\"featureType\":\"road\",\"elementType\":\"labels.text.fill\",\"stylers\":[{\"visibility\":\"on\"},{\"lightness\":24}]},{\"featureType\":\"road\",\"elementType\":\"geometry\",\"stylers\":[{\"lightness\":57}]}]' data-scroll='true' data-directions_button='true' data-directions_text='Get Directions'><\/div>[\/vc_column][\/vc_row]<\/p>\n<\/div>","protected":false},"excerpt":{"rendered":"<p>[vc_row css=\u00bb.vc_custom_1410358708453{margin-bottom: 10px !important;}\u00bb][vc_column][vc_column_text css=\u00bb.vc_custom_1727887938351{margin-bottom: 0px !important;}\u00bb]<\/p>\n<p> CONOZCA A NUESTRO EQUIPO <\/p>\n<p>[\/vc_column_text][\/vc_column][\/vc_row][vc_row css=\u00bb.vc_custom_1410359107639{margin-bottom: 70px !important;}\u00bb][vc_column width=\u00bb1\/3&#8243;][\/vc_column][vc_column width=\u00bb1\/3&#8243;][\/vc_column][vc_column width=\u00bb1\/3&#8243;][\/vc_column][\/vc_row][vc_row css=\u00bb.vc_custom_1410359107639{margin-bottom: 70px !important;}\u00bb][vc_column width=\u00bb1\/3&#8243;][\/vc_column][vc_column width=\u00bb1\/3&#8243;][\/vc_column][vc_column width=\u00bb1\/3&#8243;][\/vc_column][\/vc_row][vc_row el_class=\u00bbfullwidth_element bottom_element\u00bb][vc_column][\/vc_column][\/vc_row]<\/p>\n","protected":false},"author":1,"featured_media":0,"parent":0,"menu_order":0,"comment_status":"closed","ping_status":"closed","template":"","meta":{"footnotes":""},"class_list":["post-4294","page","type-page","status-publish","hentry"],"_links":{"self":[{"href":"https:\/\/signumexport.com\/es\/wp-json\/wp\/v2\/pages\/4294","targetHints":{"allow":["GET"]}}],"collection":[{"href":"https:\/\/signumexport.com\/es\/wp-json\/wp\/v2\/pages"}],"about":[{"href":"https:\/\/signumexport.com\/es\/wp-json\/wp\/v2\/types\/page"}],"author":[{"embeddable":true,"href":"https:\/\/signumexport.com\/es\/wp-json\/wp\/v2\/users\/1"}],"replies":[{"embeddable":true,"href":"https:\/\/signumexport.com\/es\/wp-json\/wp\/v2\/comments?post=4294"}],"version-history":[{"count":84,"href":"https:\/\/signumexport.com\/es\/wp-json\/wp\/v2\/pages\/4294\/revisions"}],"predecessor-version":[{"id":19486,"href":"https:\/\/signumexport.com\/es\/wp-json\/wp\/v2\/pages\/4294\/revisions\/19486"}],"wp:attachment":[{"href":"https:\/\/signumexport.com\/es\/wp-json\/wp\/v2\/media?parent=4294"}],"curies":[{"name":"wp","href":"https:\/\/api.w.org\/{rel}","templated":true}]}}