{"id":4135,"date":"2017-11-10T19:43:39","date_gmt":"2017-11-10T19:43:39","guid":{"rendered":"https:\/\/signumexport.com\/pagina-de-ejemplo-2\/"},"modified":"2017-11-10T19:43:39","modified_gmt":"2017-11-10T19:43:39","slug":"pagina-de-ejemplo-2","status":"publish","type":"page","link":"https:\/\/signumexport.com\/es\/pagina-de-ejemplo-2\/","title":{"rendered":"P\u00e1gina de ejemplo"},"content":{"rendered":"<p>Esta es una p\u00e1gina de ejemplo. Es diferente de una entrada de blog porque permanecer\u00e1 en un lugar y aparecer\u00e1 en la navegaci\u00f3n de tu sitio (en la mayor\u00eda de los temas). La mayor\u00eda de la gente empieza con una p\u00e1gina \u00abAcerca de\u00bb que les presenta a los visitantes potenciales del sitio. Podr\u00eda decir algo como esto:<\/p>\n<blockquote><p>\u00a1Hola! Soy mensajero en bicicleta de d\u00eda, aspirante a actor de noche, y este es mi blog. Vivo en Montreal, tengo un perro genial que se llama Jack y me gustan las pi\u00f1as coladas. (Y que me pille la lluvia).<\/p><\/blockquote>\n<p>&#8230;o algo como esto:<\/p>\n<blockquote><p>La empresa XYZ Doohickey se fund\u00f3 en 1971 y ha estado proporcionando doohickeys de calidad al p\u00fablico desde entonces. Ubicada en Gotham City, XYZ emplea a m\u00e1s de 2000 personas y hace todo tipo de cosas incre\u00edbles para la comunidad de Gotham.<\/p><\/blockquote>\n<p>Como nuevo usuario de WordPress, deber\u00edas ir a <a href=\"http:\/\/demo.themesuite.com\/automotive-wp\/wp-admin\/\">tu escritorio<\/a> para eliminar esta p\u00e1gina y crear nuevas p\u00e1ginas para tu contenido. \u00a1Que te diviertas!<\/p>\n","protected":false},"excerpt":{"rendered":"<p>Esta es una p\u00e1gina de ejemplo. Es diferente de una entrada de blog porque permanecer\u00e1 en un lugar y aparecer\u00e1 en la navegaci\u00f3n de tu sitio (en la mayor\u00eda de los temas). La mayor\u00eda de la gente empieza con una p\u00e1gina \u00abAcerca de\u00bb que les presenta a los visitantes potenciales del sitio. Podr\u00eda decir algo como esto:<\/p>\n<p>\u00a1Hola! Soy mensajero en bicicleta de d\u00eda, aspirante a actor de noche, y este es mi blog. Vivo en Montreal, tengo un perro genial que se llama Jack y me gustan las pi\u00f1as coladas. (Y que me pille la lluvia).<\/p>\n<p>&#8230;o algo como esto:<\/p>\n<p>La empresa XYZ Doohickey se fund\u00f3 en 1971 y ha estado proporcionando doohickeys de calidad al p\u00fablico desde entonces. Ubicada en Gotham City, XYZ emplea a m\u00e1s de 2000 personas y hace todo tipo de cosas incre\u00edbles para la comunidad de Gotham.<\/p>\n<p>Como nuevo usuario de WordPress, deber\u00edas ir a tu escritorio para eliminar [&#8230;]<\/p>\n","protected":false},"author":1,"featured_media":0,"parent":0,"menu_order":0,"comment_status":"closed","ping_status":"closed","template":"","meta":{"footnotes":""},"class_list":["post-4135","page","type-page","status-publish","hentry"],"_links":{"self":[{"href":"https:\/\/signumexport.com\/es\/wp-json\/wp\/v2\/pages\/4135","targetHints":{"allow":["GET"]}}],"collection":[{"href":"https:\/\/signumexport.com\/es\/wp-json\/wp\/v2\/pages"}],"about":[{"href":"https:\/\/signumexport.com\/es\/wp-json\/wp\/v2\/types\/page"}],"author":[{"embeddable":true,"href":"https:\/\/signumexport.com\/es\/wp-json\/wp\/v2\/users\/1"}],"replies":[{"embeddable":true,"href":"https:\/\/signumexport.com\/es\/wp-json\/wp\/v2\/comments?post=4135"}],"version-history":[{"count":0,"href":"https:\/\/signumexport.com\/es\/wp-json\/wp\/v2\/pages\/4135\/revisions"}],"wp:attachment":[{"href":"https:\/\/signumexport.com\/es\/wp-json\/wp\/v2\/media?parent=4135"}],"curies":[{"name":"wp","href":"https:\/\/api.w.org\/{rel}","templated":true}]}}