{"id":28428,"date":"2017-09-10T16:47:15","date_gmt":"2017-09-10T20:47:15","guid":{"rendered":"https:\/\/signumexport.com\/faq\/"},"modified":"2025-10-02T14:39:46","modified_gmt":"2025-10-02T18:39:46","slug":"faq","status":"publish","type":"page","link":"https:\/\/signumexport.com\/de\/faq\/","title":{"rendered":"FAQ"},"content":{"rendered":"<div class=\"wpb-content-wrapper\"><p>[vc_row][vc_column]<div class=\"list_faq clearfix \"><h5>Sort FAQ By:<\/h5><ul><li><a href='#All' data-action='sort'>All<\/a><\/li><li><a href='#Electrical' data-action='sort'>Electrical<\/a><\/li><li><a href='#Engine' data-action='sort'>Engine<\/a><\/li><li><a href='#Mechanical' data-action='sort'>Mechanical<\/a><\/li><li><a href='#Navigation' data-action='sort'>Navigation<\/a><\/li><li><a href='#Sunroof' data-action='sort'>Sunroof<\/a><\/li><li><a href='#Stereo' data-action='sort'>Stereo<\/a><\/li><li><a href='#Wiring' data-action='sort'>Wiring<\/a><\/li><\/ul><\/div><div class=\"accordion_panel margin-top-30\"><div class=\"panel-group description-accordion faq-sort faq margin-bottom-none\" id=\"accordion\"> <!--description--><div class=\"panel panel-default padding-top-20 padding-bottom-15\" data-categories=\"Electrical,Navigational,Wiring\" itemscope itemtype=\"http:\/\/schema.org\/Question\"><div class=\"panel-heading padding-vertical-10 padding-horizontal-15\"><h4 class=\"panel-title padding-left-30\"> <a data-toggle=\"collapse\" data-parent=\"#accordion\" href=\"#collapse_nnPfTwcxhJ\" class=\"collapsed\"><span itemprop=\"text\">Welche Dienstleistungen bietet die Signum Group an?<\/span><\/a> <\/h4><\/div><div id=\"collapse_nnPfTwcxhJ\" class=\"panel-collapse collapse\" style=\"height: 0px;\"><div class=\"panel-body\"> <!--Panel_body--><div class=\"faq_post padding-left-40\"><div class=\"post-entry clearfix margin-top-10\"itemprop=\"suggestedAnswer acceptedAnswer\" itemscope itemtype=\"http:\/\/schema.org\/Answer\"><div itemprop=\"text\">Wir bieten umfassende Dienstleistungen f\u00fcr den Automobilhandel an, einschlie\u00dflich Fahrzeugbeschaffung, Inspektionen, Exportdokumentation, globalem Versand, Zollabfertigung und Homologationsunterst\u00fctzung. Wir fungieren sowohl als traditionelles Autohaus als auch als Exportspezialist. <\/div><\/div><\/div><!--Panel_body--> <\/div><\/div><\/div><!--description--> <!--description--><div class=\"panel panel-default padding-top-20 padding-bottom-15\" data-categories=\"Engine,Sunroof,Wiring\" itemscope itemtype=\"http:\/\/schema.org\/Question\"><div class=\"panel-heading padding-vertical-10 padding-horizontal-15\"><h4 class=\"panel-title padding-left-30\"> <a data-toggle=\"collapse\" data-parent=\"#accordion\" href=\"#collapse_jPMiaOohUF\" class=\"collapsed\"><span itemprop=\"text\">Wie funktioniert E-Consignment?<\/span><\/a> <\/h4><\/div><div id=\"collapse_jPMiaOohUF\" class=\"panel-collapse collapse\" style=\"height: 0px;\"><div class=\"panel-body\"> <!--Panel_body--><div class=\"faq_post padding-left-40\"><div class=\"post-entry clearfix margin-top-10\"itemprop=\"suggestedAnswer acceptedAnswer\" itemscope itemtype=\"http:\/\/schema.org\/Answer\"><div itemprop=\"text\">E-Consignment erm\u00f6glicht es US-H\u00e4ndlern, unser Export-Know-how ohne Overhead zu nutzen. Wir listen Ihr Inventar international auf, qualifizieren K\u00e4ufer, wickeln die gesamte Exportlogistik ab und gew\u00e4hrleisten sichere Transaktionen. Sie erhalten die Zahlung nach erfolgreicher Lieferung.  <\/div><\/div><\/div><!--Panel_body--> <\/div><\/div><\/div><!--description--> <!--description--><div class=\"panel panel-default padding-top-20 padding-bottom-15\" data-categories=\"Electrical,Mechanical,Wiring\" itemscope itemtype=\"http:\/\/schema.org\/Question\"><div class=\"panel-heading padding-vertical-10 padding-horizontal-15\"><h4 class=\"panel-title padding-left-30\"> <a data-toggle=\"collapse\" data-parent=\"#accordion\" href=\"#collapse_FcspuaqsmO\" class=\"in\"><span itemprop=\"text\">Welche Fahrzeugtypen bearbeiten Sie?<\/span><\/a> <\/h4><\/div><div id=\"collapse_FcspuaqsmO\" class=\"panel-collapse in\" style=\"height: auto;\"><div class=\"panel-body\"> <!--Panel_body--><div class=\"faq_post padding-left-40\"><div class=\"post-entry clearfix margin-top-10\"itemprop=\"suggestedAnswer acceptedAnswer\" itemscope itemtype=\"http:\/\/schema.org\/Answer\"><div itemprop=\"text\">Wir sind auf Premium-, Luxus- und hochwertige Fahrzeuge von gro\u00dfen Herstellern spezialisiert. Dazu geh\u00f6ren neuwertige Luxusautos, SUVs, Sportwagen und ausgew\u00e4hlte Oldtimer\/Sammlerfahrzeuge. Auf Anfrage k\u00f6nnen wir praktisch jede Marke\/jedes Modell beschaffen.  <\/div><\/div><\/div><!--Panel_body--> <\/div><\/div><\/div><!--description--> <!--description--><div class=\"panel panel-default padding-top-20 padding-bottom-15\" data-categories=\"Mechanical,Sunroof,Navigational\" itemscope itemtype=\"http:\/\/schema.org\/Question\"><div class=\"panel-heading padding-vertical-10 padding-horizontal-15\"><h4 class=\"panel-title padding-left-30\"> <a data-toggle=\"collapse\" data-parent=\"#accordion\" href=\"#collapse_TIWSrBXXKS\" class=\"collapsed\"><span itemprop=\"text\">In welche L\u00e4nder exportieren Sie?<\/span><\/a> <\/h4><\/div><div id=\"collapse_TIWSrBXXKS\" class=\"panel-collapse collapse\" style=\"height: 0px;\"><div class=\"panel-body\"> <!--Panel_body--><div class=\"faq_post padding-left-40\"><div class=\"post-entry clearfix margin-top-10\"itemprop=\"suggestedAnswer acceptedAnswer\" itemscope itemtype=\"http:\/\/schema.org\/Answer\"><div itemprop=\"text\">Wir haben erfolgreich in \u00fcber 40 L\u00e4nder weltweit exportiert, mit besonderem Know-how in Europa, dem Nahen Osten, Zentralasien und Lateinamerika. Kontaktieren Sie uns, um die Anforderungen f\u00fcr Ihr spezifisches Ziel zu best\u00e4tigen. <\/div><\/div><\/div><!--Panel_body--> <\/div><\/div><\/div><!--description--> <!--description--><div class=\"panel panel-default padding-top-20 padding-bottom-15\" data-categories=\"Navigational,Stereo,Sunroof\" itemscope itemtype=\"http:\/\/schema.org\/Question\"><div class=\"panel-heading padding-vertical-10 padding-horizontal-15\"><h4 class=\"panel-title padding-left-30\"> <a data-toggle=\"collapse\" data-parent=\"#accordion\" href=\"#collapse_DGnwbSHgQg\" class=\"collapsed\"><span itemprop=\"text\">Was sind typische Export-Zeitpl\u00e4ne?<\/span><\/a> <\/h4><\/div><div id=\"collapse_DGnwbSHgQg\" class=\"panel-collapse collapse\" style=\"height: 0px;\"><div class=\"panel-body\"> <!--Panel_body--><div class=\"faq_post padding-left-40\"><div class=\"post-entry clearfix margin-top-10\"itemprop=\"suggestedAnswer acceptedAnswer\" itemscope itemtype=\"http:\/\/schema.org\/Answer\"><div itemprop=\"text\">Die Zeitpl\u00e4ne variieren je nach Zielort und Versandart. Im Allgemeinen sollten Sie mit 2-4 Wochen f\u00fcr die Beschaffung und Vorbereitung sowie der Versandzeit rechnen (1-2 Wochen f\u00fcr Luftfracht, 4-8 Wochen f\u00fcr Seefracht). Einige Ziele erfordern m\u00f6glicherweise zus\u00e4tzliche Zeit f\u00fcr die Homologation.  <\/div><\/div><\/div><!--Panel_body--> <\/div><\/div><\/div><!--description--> <!--description--><div class=\"panel panel-default padding-top-20 padding-bottom-15\" data-categories=\"Engine,Navigational,Stereo\" itemscope itemtype=\"http:\/\/schema.org\/Question\"><div class=\"panel-heading padding-vertical-10 padding-horizontal-15\"><h4 class=\"panel-title padding-left-30\"> <a data-toggle=\"collapse\" data-parent=\"#accordion\" href=\"#collapse_CfUdYsdZDH\" class=\"collapsed\"><span itemprop=\"text\">Welche Zahlungsmethoden akzeptieren Sie?<\/span><\/a> <\/h4><\/div><div id=\"collapse_CfUdYsdZDH\" class=\"panel-collapse collapse\" style=\"height: 0px;\"><div class=\"panel-body\"> <!--Panel_body--><div class=\"faq_post padding-left-40\"><div class=\"post-entry clearfix margin-top-10\"itemprop=\"suggestedAnswer acceptedAnswer\" itemscope itemtype=\"http:\/\/schema.org\/Answer\"><div itemprop=\"text\">Wir bieten sichere Zahlungsoptionen an, einschlie\u00dflich Bank\u00fcberweisungen und Treuhandservices \u00fcber Escrow.com. F\u00fcr H\u00e4ndlertransaktionen k\u00f6nnen wir auch ACH-\u00dcberweisungen anbieten. Alle Transaktionen werden vollst\u00e4ndig dokumentiert.  <\/div><\/div><\/div><!--Panel_body--> <\/div><\/div><\/div><!--description--> <!--description--><div class=\"panel panel-default padding-top-20 padding-bottom-15\" data-categories=\"Engine,Navigational,Navigational\" itemscope itemtype=\"http:\/\/schema.org\/Question\"><div class=\"panel-heading padding-vertical-10 padding-horizontal-15\"><h4 class=\"panel-title padding-left-30\"> <a data-toggle=\"collapse\" data-parent=\"#accordion\" href=\"#collapse_HZHDOrBdpH\" class=\"collapsed\"><span itemprop=\"text\">Wie werden Fahrzeuginspektionen durchgef\u00fchrt?<\/span><\/a> <\/h4><\/div><div id=\"collapse_HZHDOrBdpH\" class=\"panel-collapse collapse\" style=\"height: 0px;\"><div class=\"panel-body\"> <!--Panel_body--><div class=\"faq_post padding-left-40\"><div class=\"post-entry clearfix margin-top-10\"itemprop=\"suggestedAnswer acceptedAnswer\" itemscope itemtype=\"http:\/\/schema.org\/Answer\"><div itemprop=\"text\">Wir f\u00fchren umfassende Vorab-Inspektionen entweder intern oder durch vertrauensw\u00fcrdige Drittanbieter durch. Sie erhalten detaillierte Berichte mit Fotos, bevor Sie eine Transaktion abschlie\u00dfen. <\/div><\/div><\/div><!--Panel_body--> <\/div><\/div><\/div><!--description--> <!--description--><div class=\"panel panel-default padding-top-20 padding-bottom-15\" data-categories=\"Electrical,Sunroof,Wiring\" itemscope itemtype=\"http:\/\/schema.org\/Question\"><div class=\"panel-heading padding-vertical-10 padding-horizontal-15\"><h4 class=\"panel-title padding-left-30\"> <a data-toggle=\"collapse\" data-parent=\"#accordion\" href=\"#collapse_hhGjzAIKNS\" class=\"collapsed\"><span itemprop=\"text\">Was ist Homologation und ist sie erforderlich?<\/span><\/a> <\/h4><\/div><div id=\"collapse_hhGjzAIKNS\" class=\"panel-collapse collapse\" style=\"height: 0px;\"><div class=\"panel-body\"> <!--Panel_body--><div class=\"faq_post padding-left-40\"><div class=\"post-entry clearfix margin-top-10\"itemprop=\"suggestedAnswer acceptedAnswer\" itemscope itemtype=\"http:\/\/schema.org\/Answer\"><div itemprop=\"text\">Die Homologation ist der Prozess der Modifizierung eines Fahrzeugs, um die Vorschriften des Ziellandes zu erf\u00fcllen. Die Anforderungen sind sehr unterschiedlich \u2013 einige L\u00e4nder ben\u00f6tigen minimale \u00c4nderungen, w\u00e4hrend andere erhebliche Modifikationen erfordern. Wir begleiten Sie durch den Prozess.  <\/div><\/div><\/div><!--Panel_body--> <\/div><\/div><\/div><!--description--> <!--description--><div class=\"panel panel-default padding-top-20 padding-bottom-15\" data-categories=\"Mechanical,Engine,Stereo\" itemscope itemtype=\"http:\/\/schema.org\/Question\"><div class=\"panel-heading padding-vertical-10 padding-horizontal-15\"><h4 class=\"panel-title padding-left-30\"> <a data-toggle=\"collapse\" data-parent=\"#accordion\" href=\"#collapse_muVNwqWJUc\" class=\"collapsed\"><span itemprop=\"text\">Wie handhaben Sie die Zollabfertigung?<\/span><\/a> <\/h4><\/div><div id=\"collapse_muVNwqWJUc\" class=\"panel-collapse collapse\" style=\"height: 0px;\"><div class=\"panel-body\"> <!--Panel_body--><div class=\"faq_post padding-left-40\"><div class=\"post-entry clearfix margin-top-10\"itemprop=\"suggestedAnswer acceptedAnswer\" itemscope itemtype=\"http:\/\/schema.org\/Answer\"><div itemprop=\"text\">Wir erstellen alle erforderlichen US-Exportdokumente und koordinieren uns mit Zollagenten im Zielland, um eine reibungslose Abfertigung zu gew\u00e4hrleisten. Sie erhalten Anleitungen zu allen Z\u00f6llen oder Steuern, die bei der Ankunft zu zahlen sind. <\/div><\/div><\/div><!--Panel_body--> <\/div><\/div><\/div><!--description--> <!--description--><div class=\"panel panel-default padding-top-20 padding-bottom-15\" data-categories=\"Mechanical,Engine,Stereo\" itemscope itemtype=\"http:\/\/schema.org\/Question\"><div class=\"panel-heading padding-vertical-10 padding-horizontal-15\"><h4 class=\"panel-title padding-left-30\"> <a data-toggle=\"collapse\" data-parent=\"#accordion\" href=\"#collapse_hnkXqWeiPb\" class=\"collapsed\"><span itemprop=\"text\">Welche Sprachen spricht Ihr Team?<\/span><\/a> <\/h4><\/div><div id=\"collapse_hnkXqWeiPb\" class=\"panel-collapse collapse\" style=\"height: 0px;\"><div class=\"panel-body\"> <!--Panel_body--><div class=\"faq_post padding-left-40\"><div class=\"post-entry clearfix margin-top-10\"itemprop=\"suggestedAnswer acceptedAnswer\" itemscope itemtype=\"http:\/\/schema.org\/Answer\"><div itemprop=\"text\">Unser Team spricht flie\u00dfend Englisch, Franz\u00f6sisch, Persisch, Russisch und Ukrainisch. Bei Bedarf k\u00f6nnen wir \u00dcbersetzungsunterst\u00fctzung f\u00fcr andere Sprachen arrangieren. <\/div><\/div><\/div><!--Panel_body--> <\/div><\/div><\/div><!--description--> <\/div><\/div>[\/vc_column][\/vc_row]<\/p>\n<\/div>","protected":false},"excerpt":{"rendered":"<p>[vc_row][vc_column][\/vc_column][\/vc_row]<\/p>\n","protected":false},"author":1,"featured_media":0,"parent":0,"menu_order":0,"comment_status":"closed","ping_status":"closed","template":"","meta":{"footnotes":""},"class_list":["post-28428","page","type-page","status-publish","hentry"],"_links":{"self":[{"href":"https:\/\/signumexport.com\/de\/wp-json\/wp\/v2\/pages\/28428","targetHints":{"allow":["GET"]}}],"collection":[{"href":"https:\/\/signumexport.com\/de\/wp-json\/wp\/v2\/pages"}],"about":[{"href":"https:\/\/signumexport.com\/de\/wp-json\/wp\/v2\/types\/page"}],"author":[{"embeddable":true,"href":"https:\/\/signumexport.com\/de\/wp-json\/wp\/v2\/users\/1"}],"replies":[{"embeddable":true,"href":"https:\/\/signumexport.com\/de\/wp-json\/wp\/v2\/comments?post=28428"}],"version-history":[{"count":1,"href":"https:\/\/signumexport.com\/de\/wp-json\/wp\/v2\/pages\/28428\/revisions"}],"predecessor-version":[{"id":28432,"href":"https:\/\/signumexport.com\/de\/wp-json\/wp\/v2\/pages\/28428\/revisions\/28432"}],"wp:attachment":[{"href":"https:\/\/signumexport.com\/de\/wp-json\/wp\/v2\/media?parent=28428"}],"curies":[{"name":"wp","href":"https:\/\/api.w.org\/{rel}","templated":true}]}}