{"id":28414,"date":"2025-08-14T20:03:29","date_gmt":"2025-08-15T00:03:29","guid":{"rendered":"https:\/\/signumexport.com\/4-export-com\/"},"modified":"2025-10-02T14:39:44","modified_gmt":"2025-10-02T18:39:44","slug":"4-export-com","status":"publish","type":"page","link":"https:\/\/signumexport.com\/de\/4-export-com\/","title":{"rendered":"4-export.com"},"content":{"rendered":"<main class=\"wp-block-group\"><div class=\"wp-block-group__inner-container is-layout-constrained wp-block-group-is-layout-constrained\"><!-- =========================\r\n       HERO \/ INTRO\r\n  ========================== -->\r\n\r\n&#13;\n<h2 class=\"wp-block-heading has-text-align-center\" style=\"margin-bottom: 10px; text-align: center;\"><strong><span style=\"color: #c7081b;\">4-export.com \u2014 F\u00f6derierter Exportmarktplatz<\/span><\/strong><\/h2>&#13;\n\r\n\r\n&#13;\n<p class=\"has-text-align-center\" style=\"margin-bottom: 28px;\">Ein einheitliches Portal, das lizenzierte US-H\u00e4ndler aufnimmt, Mini-Sites generiert, Bestandsfeeds (CSV\/XML\/AutoTrader) aufnimmt und sich mit qualifizierten internationalen K\u00e4ufern verbindet.<\/p>&#13;\n\r\n\r\n\r\n<div class=\"wp-block-columns is-layout-flex wp-container-core-columns-is-layout-8f6a528b wp-block-columns-is-layout-flex\"><!-- LEFT: Dealer \u2192 Buyer Flow -->\r\n\r\n\r\n<div class=\"wp-block-column is-layout-flow wp-block-column-is-layout-flow\" style=\"border-color: #e5e7eb; border-width: 1px; border-radius: 10px; padding: 22px 24px 22px 24px;\">&#13;\n<h3 class=\"wp-block-heading\">H\u00e4ndler \u2192 K\u00e4ufer-Flow<\/h3>&#13;\n\r\n\r\n\r\n<div class=\"wp-block-group\"><div class=\"wp-block-group__inner-container is-layout-constrained wp-block-group-is-layout-constrained\">&#13;\n<p><strong>Onboard<\/strong><br\/>Vollst\u00e4ndige H\u00e4ndlerregistrierung und -verifizierung<\/p>&#13;\n\r\n\r\n&#13;\n<p><strong>Mini-Site<\/strong><br\/>Erhalten Sie Ihr eigenes Exportportal mit Branding<\/p>&#13;\n\r\n\r\n&#13;\n<p><strong>Compliance Pre-Check<\/strong><br\/>\u00dcberpr\u00fcfen Sie die Exportf\u00e4higkeit des Inventars<\/p>&#13;\n\r\n\r\n&#13;\n<p><strong>Globale Werbung<\/strong><br\/>Ihre Fahrzeuge werden an qualifizierte K\u00e4ufer weltweit vermarktet<\/p>&#13;\n\r\n\r\n&#13;\n<p><strong>E-Consignment<\/strong><br\/>Wir \u00fcbernehmen den gesamten Exportprozess<\/p>&#13;\n\r\n\r\n&#13;\n<p><strong>Lieferung<\/strong><br\/>Fahrzeug geliefert, Zahlung freigegeben<\/p>&#13;\n<\/div><\/div>\r\n\r\n\r\n\r\n<div class=\"wp-block-spacer\" style=\"height: 12px;\" aria-hidden=\"true\">\u00a0<\/div>\r\n\r\n\r\n&#13;\n<p style=\"font-weight: bold; margin-bottom: 10px;\">Tech Stack<\/p>&#13;\n<!-- Chips as outline buttons -->\r\n\r\n\r\n<div class=\"wp-block-buttons is-content-justification-left is-layout-flex wp-container-core-buttons-is-layout-e88f6746 wp-block-buttons-is-layout-flex\">&#13;\n<div class=\"wp-block-button is-style-outline is-style-outline--1\" style=\"border-radius: 999px;\"><a class=\"wp-block-button__link wp-element-button\">WordPress-Multisite<\/a><\/div>&#13;\n\r\n\r\n&#13;\n<div class=\"wp-block-button is-style-outline is-style-outline--2\" style=\"border-radius: 999px;\"><a class=\"wp-block-button__link wp-element-button\">React\/Next.js<\/a><\/div>&#13;\n\r\n\r\n&#13;\n<div class=\"wp-block-button is-style-outline is-style-outline--3\" style=\"border-radius: 999px;\"><a class=\"wp-block-button__link wp-element-button\">Node\/express<\/a><\/div>&#13;\n\r\n\r\n&#13;\n<div class=\"wp-block-button is-style-outline is-style-outline--4\" style=\"border-radius: 999px;\"><a class=\"wp-block-button__link wp-element-button\">PostgreSQL<\/a><\/div>&#13;\n\r\n\r\n&#13;\n<div class=\"wp-block-button is-style-outline is-style-outline--5\" style=\"border-radius: 999px;\"><a class=\"wp-block-button__link wp-element-button\">Stripe<\/a><\/div>&#13;\n\r\n\r\n&#13;\n<div class=\"wp-block-button is-style-outline is-style-outline--6\" style=\"border-radius: 999px;\"><a class=\"wp-block-button__link wp-element-button\">Escrow.com<\/a><\/div>&#13;\n\r\n\r\n&#13;\n<div class=\"wp-block-button is-style-outline is-style-outline--7\" style=\"border-radius: 999px;\"><a class=\"wp-block-button__link wp-element-button\">AWS\/vercel<\/a><\/div>&#13;\n\r\n\r\n&#13;\n<div class=\"wp-block-button is-style-outline is-style-outline--8\" style=\"border-radius: 999px;\"><a class=\"wp-block-button__link wp-element-button\">CSV\/XML-Feeds<\/a><\/div>&#13;\n<\/div>\r\n<\/div>\r\n<!-- RIGHT: Benefits for Dealers -->\r\n\r\n\r\n<div class=\"wp-block-column is-layout-flow wp-block-column-is-layout-flow\" style=\"border-color: #e5e7eb; border-width: 1px; border-radius: 10px; padding: 22px 24px 22px 24px;\">&#13;\n<h3 class=\"wp-block-heading\">Vorteile f\u00fcr H\u00e4ndler<\/h3>&#13;\n\r\n\r\n&#13;\n<ul class=\"wp-block-list\">&#13;\n<li>Schl\u00fcsselfertige Exportl\u00f6sung ohne IT-Investitionen<\/li>&#13;\n<li>Automatisierte Bestandsfeeds aus Ihren bestehenden Systemen<\/li>&#13;\n<li>Mini-Site mit Branding, die Ihr Exportinventar pr\u00e4sentiert<\/li>&#13;\n<li>Zugang zu gepr\u00fcften internationalen K\u00e4ufern<\/li>&#13;\n<li>Vollst\u00e4ndige Export-Compliance f\u00fcr Sie abgewickelt<\/li>&#13;\n<li>Sichere Zahlungsabwicklung mit zeitnaher Abrechnung<\/li>&#13;\n<\/ul>&#13;\n<\/div>\r\n<\/div>\r\n<!-- Benefits for Buyers -->\r\n\r\n\r\n<div class=\"wp-block-spacer\" style=\"height: 24px;\" aria-hidden=\"true\">\u00a0<\/div>\r\n\r\n\r\n\r\n<div class=\"wp-block-group\" style=\"border-color: #e5e7eb; border-width: 1px; border-radius: 10px; padding: 22px 24px 22px 24px;\"><div class=\"wp-block-group__inner-container is-layout-constrained wp-container-core-group-is-layout-b1895ab0 wp-block-group-is-layout-constrained\">&#13;\n<h3 class=\"wp-block-heading\">Vorteile f\u00fcr K\u00e4ufer<\/h3>&#13;\n\r\n\r\n&#13;\n<ul class=\"wp-block-list\">&#13;\n<li>Einziges Portal f\u00fcr US-H\u00e4ndler-Exportinventar<\/li>&#13;\n<li>Verifizierte Fahrzeuge von lizenzierten H\u00e4ndlern<\/li>&#13;\n<li>Transparente Preisgestaltung und Versandkosten<\/li>&#13;\n<li>Sichere Treuhandzahlungsoptionen<\/li>&#13;\n<li>Vollst\u00e4ndige Exportdokumentation enthalten<\/li>&#13;\n<li>Engagierter Support w\u00e4hrend des gesamten Prozesses<\/li>&#13;\n<\/ul>&#13;\n<\/div><\/div>\r\n<!-- CTA -->\r\n\r\n\r\n<div class=\"wp-block-spacer\" style=\"height: 26px;\" aria-hidden=\"true\">\u00a0<\/div>\r\n\r\n\r\n\r\n<div class=\"wp-block-buttons is-content-justification-center is-layout-flex wp-container-core-buttons-is-layout-16018d1d wp-block-buttons-is-layout-flex\">&#13;\n<div class=\"wp-block-button\" style=\"border-radius: 8px;\"><a class=\"wp-block-button__link has-vivid-red-background-color has-background wp-element-button\" style=\"font-weight: bold; padding: 14px 26px 14px 26px;\" href=\"\/contact\">Exportangebot anfordern<\/a><\/div>&#13;\n<\/div>\r\n<!-- =========================\r\n       EXPORT PROCESS\r\n  ========================== -->\r\n\r\n\r\n<div class=\"wp-block-spacer\" style=\"height: 40px;\" aria-hidden=\"true\">\u00a0<\/div>\r\n\r\n\r\n&#13;\n<h2 class=\"wp-block-heading has-text-align-center\" style=\"margin-bottom: 16px;\">Exportprozess \u2013 End-to-End<\/h2>&#13;\n\r\n\r\n\r\n<div class=\"wp-block-columns is-layout-flex wp-container-core-columns-is-layout-8f6a528b wp-block-columns-is-layout-flex\"><!-- LEFT: 14-step -->\r\n\r\n\r\n<div class=\"wp-block-column is-layout-flow wp-block-column-is-layout-flow\" style=\"border-color: #e5e7eb; border-width: 1px; border-radius: 10px; padding: 22px 24px 22px 24px;\">&#13;\n<h3 class=\"wp-block-heading\">14-stufiger detaillierter Prozess<\/h3>&#13;\n\r\n\r\n&#13;\n<ol class=\"wp-block-list\">&#13;\n<li><strong>Anfrage einreichen<\/strong> \u2014 Teilen Sie uns mit, wonach Sie suchen<\/li>&#13;\n<li><strong>Globale Suche<\/strong> \u2014 Wir finden passende Fahrzeuge<\/li>&#13;\n<li><strong>Verhandlung<\/strong> \u2014 Wir \u00fcbernehmen Preisdiskussionen<\/li>&#13;\n<li><strong>Kaufvertrag<\/strong> \u2014 Vertragsbedingungen finalisiert<\/li>&#13;\n<li><strong>Anzahlung<\/strong> \u2014 Sichere Transaktion beginnt<\/li>&#13;\n<li><strong>Inspektion<\/strong> \u2014 Fahrzeugzustand verifiziert<\/li>&#13;\n<li><strong>Bodentransport<\/strong> \u2014 Zum Hafen oder Flughafen<\/li>&#13;\n<li><strong>Restzahlung (Treuhand)<\/strong> \u2014 Gelder f\u00fcr den Versand gesichert<\/li>&#13;\n<li><strong>US-Exportfreigabe<\/strong> \u2014 Alle Dokumente vorbereitet<\/li>&#13;\n<li><strong>Versand<\/strong> \u2014 Container\/Ro-Ro\/Luftfracht arrangiert<\/li>&#13;\n<li><strong>Ankunft Zoll<\/strong> \u2014 Zielabfertigung abgewickelt<\/li>&#13;\n<li><strong>Homologation<\/strong> \u2014 Lokale Compliance-Modifikationen<\/li>&#13;\n<li><strong>Registrierungsunterst\u00fctzung<\/strong> \u2014 Unterst\u00fctzung bei lokalen Formalit\u00e4ten<\/li>&#13;\n<li><strong>Endg\u00fcltige Lieferung<\/strong> \u2014 Fahrzeug an Sie \u00fcbergeben<\/li>&#13;\n<\/ol>&#13;\n<\/div>\r\n<!-- RIGHT: Executive Summary -->\r\n\r\n\r\n<div class=\"wp-block-column is-layout-flow wp-block-column-is-layout-flow\" style=\"border-color: #e5e7eb; border-width: 1px; border-radius: 10px; padding: 22px 24px 22px 24px;\">&#13;\n<h3 class=\"wp-block-heading\">Zusammenfassung (5 Schritte)<\/h3>&#13;\n\r\n\r\n&#13;\n<ul class=\"wp-block-list\">&#13;\n<li><strong>Teilen Sie uns Ihre Bed\u00fcrfnisse mit<\/strong> \u2014 Fahrzeugspezifikationen und Zielort<\/li>&#13;\n<li><strong>Wir beschaffen &amp; verifizieren<\/strong> \u2014 Finden Sie das richtige Fahrzeug und best\u00e4tigen Sie den Zustand<\/li>&#13;\n<li><strong>F\u00fcr den Versand vorbereiten<\/strong> \u2014 Alle Exportdokumente fertiggestellt<\/li>&#13;\n<li><strong>Sicher versenden<\/strong> \u2014 Vollst\u00e4ndig versicherter globaler Transport<\/li>&#13;\n<li><strong>Empfangen &amp; Fahren<\/strong> \u2014 Fahrzeug geliefert und bereit zur Zulassung<\/li>&#13;\n<\/ul>&#13;\n\r\n\r\n\r\n<div class=\"wp-block-spacer\" style=\"height: 14px;\" aria-hidden=\"true\">\u00a0<\/div>\r\n\r\n\r\n&#13;\n<h3 class=\"wp-block-heading\">Prozessmerkmale<\/h3>&#13;\n\r\n\r\n&#13;\n<ul class=\"wp-block-list\">&#13;\n<li>Regelm\u00e4\u00dfige Meilenstein-Updates in jeder Phase<\/li>&#13;\n<li>Mehrsprachiger Support w\u00e4hrend des gesamten Prozesses<\/li>&#13;\n<li>Sichere Zahlungsoptionen einschlie\u00dflich Treuhand<\/li>&#13;\n<li>Engagierter Account Manager f\u00fcr jede Transaktion<\/li>&#13;\n<li>Transparente Preisgestaltung ohne versteckte Geb\u00fchren<\/li>&#13;\n<\/ul>&#13;\n<\/div>\r\n<\/div>\r\n<!-- CTA -->\r\n\r\n\r\n<div class=\"wp-block-spacer\" style=\"height: 26px;\" aria-hidden=\"true\">\u00a0<\/div>\r\n\r\n\r\n\r\n<div class=\"wp-block-buttons is-content-justification-center is-layout-flex wp-container-core-buttons-is-layout-16018d1d wp-block-buttons-is-layout-flex\">&#13;\n<div class=\"wp-block-button\" style=\"border-radius: 8px;\"><a class=\"wp-block-button__link has-vivid-red-background-color has-background wp-element-button\" style=\"font-weight: bold; padding: 14px 26px 14px 26px;\" href=\"\/contact\">Exportangebot anfordern<\/a><\/div>&#13;\n<\/div>\r\n<!-- =========================\r\n       OUR SERVICES\r\n  ========================== -->\r\n\r\n\r\n<div class=\"wp-block-spacer\" style=\"height: 44px;\" aria-hidden=\"true\">\u00a0<\/div>\r\n\r\n\r\n&#13;\n<h2 class=\"wp-block-heading has-text-align-center\" style=\"margin-bottom: 14px;\">Unsere Dienstleistungen<\/h2>&#13;\n<!-- Grid: 2 columns x 3 rows -->\r\n\r\n\r\n<div class=\"wp-block-columns is-layout-flex wp-container-core-columns-is-layout-019f8f99 wp-block-columns-is-layout-flex\"><!-- left col -->\r\n\r\n\r\n<div class=\"wp-block-column is-layout-flow wp-block-column-is-layout-flow\"><!-- Card -->\r\n\r\n\r\n<div class=\"wp-block-group\" style=\"border-color: #e5e7eb; border-width: 1px; border-radius: 12px; padding: 18px 20px 18px 20px;\"><div class=\"wp-block-group__inner-container is-layout-constrained wp-container-core-group-is-layout-8a554699 wp-block-group-is-layout-constrained\">&#13;\n<h3 class=\"wp-block-heading\">Fahrzeugbeschaffung &amp; Verhandlung<\/h3>&#13;\n\r\n\r\n&#13;\n<ul class=\"wp-block-list\">&#13;\n<li>Globales Netzwerk zur Lokalisierung seltener und hochwertiger Fahrzeuge<\/li>&#13;\n<li>Expertenverhandlungen zur Sicherung der bestm\u00f6glichen Konditionen<\/li>&#13;\n<li>\u00dcberpr\u00fcfung der Fahrzeughistorie und -herkunft<\/li>&#13;\n<li>Benutzerdefinierte Suchen nach bestimmten Marken\/Modellen\/Funktionen<\/li>&#13;\n<\/ul>&#13;\n<\/div><\/div>\r\n<!-- spacer -->\r\n\r\n\r\n<div class=\"wp-block-spacer\" style=\"height: 20px;\" aria-hidden=\"true\">\u00a0<\/div>\r\n<!-- Card -->\r\n\r\n\r\n<div class=\"wp-block-group\" style=\"border-color: #e5e7eb; border-width: 1px; border-radius: 12px; padding: 18px 20px 18px 20px;\"><div class=\"wp-block-group__inner-container is-layout-constrained wp-container-core-group-is-layout-8a554699 wp-block-group-is-layout-constrained\">&#13;\n<h3 class=\"wp-block-heading\">Dokumentation &amp; Compliance<\/h3>&#13;\n\r\n\r\n&#13;\n<ul class=\"wp-block-list\">&#13;\n<li>\u00dcberpr\u00fcfung des Eigentumsnachweises und Bearbeitung der \u00dcbertragung<\/li>&#13;\n<li>EPA\/DOT-Exportdokumentation nach Bedarf<\/li>&#13;\n<li>AES-Anmeldung f\u00fcr US-Export-Compliance<\/li>&#13;\n<li>Konnossement und Versanddokumentation<\/li>&#13;\n<\/ul>&#13;\n<\/div><\/div>\r\n<!-- spacer -->\r\n\r\n\r\n<div class=\"wp-block-spacer\" style=\"height: 20px;\" aria-hidden=\"true\">\u00a0<\/div>\r\n<!-- Card -->\r\n\r\n\r\n<div class=\"wp-block-group\" style=\"border-color: #e5e7eb; border-width: 1px; border-radius: 12px; padding: 18px 20px 18px 20px;\"><div class=\"wp-block-group__inner-container is-layout-constrained wp-container-core-group-is-layout-8a554699 wp-block-group-is-layout-constrained\">&#13;\n<h3 class=\"wp-block-heading\">Zoll &amp; Homologation<\/h3>&#13;\n\r\n\r\n&#13;\n<ul class=\"wp-block-list\">&#13;\n<li>Importbestimmungen des Ziellandes<\/li>&#13;\n<li>Homologations-Compliance-Modifikationen<\/li>&#13;\n<li>Lokale Registrierungsunterst\u00fctzung<\/li>&#13;\n<li>Leitfaden zur Berechnung von Z\u00f6llen und Steuern<\/li>&#13;\n<\/ul>&#13;\n<\/div><\/div>\r\n<\/div>\r\n<!-- right col -->\r\n\r\n\r\n<div class=\"wp-block-column is-layout-flow wp-block-column-is-layout-flow\"><!-- Card -->\r\n\r\n\r\n<div class=\"wp-block-group\" style=\"border-color: #e5e7eb; border-width: 1px; border-radius: 12px; padding: 18px 20px 18px 20px;\"><div class=\"wp-block-group__inner-container is-layout-constrained wp-container-core-group-is-layout-8a554699 wp-block-group-is-layout-constrained\">&#13;\n<h3 class=\"wp-block-heading\">Inspektionen &amp; Historien\u00fcberpr\u00fcfung<\/h3>&#13;\n\r\n\r\n&#13;\n<ul class=\"wp-block-list\">&#13;\n<li>Umfassende Inspektionen vor dem Kauf<\/li>&#13;\n<li>\u00dcberpr\u00fcfung von Wartungsunterlagen und Unfallhistorie<\/li>&#13;\n<li>Inspektionsoptionen durch Dritte verf\u00fcgbar<\/li>&#13;\n<li>Detaillierte Zustandsberichte mit Fotos<\/li>&#13;\n<\/ul>&#13;\n<\/div><\/div>\r\n<!-- spacer -->\r\n\r\n\r\n<div class=\"wp-block-spacer\" style=\"height: 20px;\" aria-hidden=\"true\">\u00a0<\/div>\r\n<!-- Card -->\r\n\r\n\r\n<div class=\"wp-block-group\" style=\"border-color: #e5e7eb; border-width: 1px; border-radius: 12px; padding: 18px 20px 18px 20px;\"><div class=\"wp-block-group__inner-container is-layout-constrained wp-container-core-group-is-layout-8a554699 wp-block-group-is-layout-constrained\">&#13;\n<h3 class=\"wp-block-heading\">Logistik &amp; Versand<\/h3>&#13;\n\r\n\r\n&#13;\n<ul class=\"wp-block-list\">&#13;\n<li>Globale T\u00fcr-zu-T\u00fcr-Versandl\u00f6sungen<\/li>&#13;\n<li>Container-, Ro-Ro- und Luftfrachtoptionen<\/li>&#13;\n<li>Vollst\u00e4ndig versicherter Transport<\/li>&#13;\n<li>Koordination der Zollabfertigung<\/li>&#13;\n<\/ul>&#13;\n<\/div><\/div>\r\n<!-- spacer -->\r\n\r\n\r\n<div class=\"wp-block-spacer\" style=\"height: 20px;\" aria-hidden=\"true\">\u00a0<\/div>\r\n<!-- Card -->\r\n\r\n\r\n<div class=\"wp-block-group\" style=\"border-color: #e5e7eb; border-width: 1px; border-radius: 12px; padding: 18px 20px 18px 20px;\"><div class=\"wp-block-group__inner-container is-layout-constrained wp-container-core-group-is-layout-8a554699 wp-block-group-is-layout-constrained\">&#13;\n<h3 class=\"wp-block-heading\">VIP &amp; Sonderprojekte<\/h3>&#13;\n\r\n\r\n&#13;\n<ul class=\"wp-block-list\">&#13;\n<li>White-Glove-Service f\u00fcr hochwertige Transaktionen<\/li>&#13;\n<li>Diskrete Abwicklung von K\u00e4ufen durch Prominente\/F\u00fchrungskr\u00e4fte<\/li>&#13;\n<li>Expertise f\u00fcr Oldtimer und Sammlerfahrzeuge<\/li>&#13;\n<li>Benutzerdefinierte Bau- und Modifikationskoordination<\/li>&#13;\n<\/ul>&#13;\n<\/div><\/div>\r\n<\/div>\r\n<\/div>\r\n<!-- =========================\r\n       COMPLIANCE \/ HOMOLOGATION\r\n  ========================== -->\r\n\r\n\r\n<div class=\"wp-block-spacer\" style=\"height: 44px;\" aria-hidden=\"true\">\u00a0<\/div>\r\n\r\n\r\n&#13;\n<h2 class=\"wp-block-heading has-text-align-center\" style=\"margin-bottom: 16px;\">Compliance &amp; Homologation \u2013 Sicherheit durch Design<\/h2>&#13;\n\r\n\r\n\r\n<div class=\"wp-block-columns is-layout-flex wp-container-core-columns-is-layout-019f8f99 wp-block-columns-is-layout-flex\"><!-- Card -->\r\n\r\n\r\n<div class=\"wp-block-column is-layout-flow wp-block-column-is-layout-flow\" style=\"border-color: #e5e7eb; border-width: 1px; border-radius: 12px; padding: 18px 20px 18px 20px;\">&#13;\n<h3 class=\"wp-block-heading\">Vor dem Export<\/h3>&#13;\n\r\n\r\n&#13;\n<ul class=\"wp-block-list\">&#13;\n<li>\u00dcberpr\u00fcfung des Eigentumsnachweises und \u00dcberpr\u00fcfung von Pfandrechten<\/li>&#13;\n<li>Best\u00e4tigung der Exportf\u00e4higkeit<\/li>&#13;\n<li>EPA\/DOT-Dokumentation (falls zutreffend)<\/li>&#13;\n<li>Erkl\u00e4rungen zum Kilometerstand<\/li>&#13;\n<li>Bearbeitung von Vollmachten<\/li>&#13;\n<\/ul>&#13;\n<\/div>\r\n<!-- Card -->\r\n\r\n\r\n<div class=\"wp-block-column is-layout-flow wp-block-column-is-layout-flow\" style=\"border-color: #e5e7eb; border-width: 1px; border-radius: 12px; padding: 18px 20px 18px 20px;\">&#13;\n<h3 class=\"wp-block-heading\">Zoll<\/h3>&#13;\n\r\n\r\n&#13;\n<ul class=\"wp-block-list\">&#13;\n<li>Automated Export System (AES) Anmeldung<\/li>&#13;\n<li>CBP-Exportfreigabe<\/li>&#13;\n<li>Koordination des Zielbrokers<\/li>&#13;\n<li>Leitfaden zu Z\u00f6llen und Steuern<\/li>&#13;\n<li>Unterst\u00fctzung bei vor\u00fcbergehenden Importkautionen<\/li>&#13;\n<\/ul>&#13;\n<\/div>\r\n<!-- Card -->\r\n\r\n\r\n<div class=\"wp-block-column is-layout-flow wp-block-column-is-layout-flow\" style=\"border-color: #e5e7eb; border-width: 1px; border-radius: 12px; padding: 18px 20px 18px 20px;\">&#13;\n<h3 class=\"wp-block-heading\">Homologation<\/h3>&#13;\n\r\n\r\n&#13;\n<ul class=\"wp-block-list\">&#13;\n<li>Compliance-Modifikationen \u00fcber Partner<\/li>&#13;\n<li>Beleuchtungs- und Sicherheitsanpassungen<\/li>&#13;\n<li>Emissionspr\u00fcfung und -zertifizierung<\/li>&#13;\n<li>Registrierungsunterst\u00fctzung<\/li>&#13;\n<li>Koordination der Typgenehmigung<\/li>&#13;\n<\/ul>&#13;\n<\/div>\r\n<\/div>\r\n<!-- Note -->\r\n\r\n\r\n<div class=\"wp-block-spacer\" style=\"height: 10px;\" aria-hidden=\"true\">\u00a0<\/div>\r\n\r\n\r\n&#13;\n<p class=\"has-text-align-center has-text-color\" style=\"color: #555; font-size: 14px;\">Die Anforderungen variieren je nach Zielland. Kontaktieren Sie uns f\u00fcr spezifische Informationen zu Ihrem Zielmarkt. <\/p>&#13;\n<\/div><\/main><p>&nbsp;<\/p>\n","protected":false},"excerpt":{"rendered":"<p>&#13; <strong>4-export.com \u2014 F\u00f6derierter Exportmarktplatz<\/strong>&#13; &#13; <\/p>\n<p class=\"has-text-align-center\" style=\"margin-bottom: 28px;\">Ein einheitliches Portal, das lizenzierte US-H\u00e4ndler aufnimmt, Mini-Sites generiert, Bestandsfeeds (CSV\/XML\/AutoTrader) aufnimmt und sich mit qualifizierten internationalen K\u00e4ufern verbindet.<\/p>\n<p>&#13; &#13; H\u00e4ndler \u2192 K\u00e4ufer-Flow&#13; &#13; <\/p>\n<p><strong>Onboard<\/strong><br \/>Vollst\u00e4ndige H\u00e4ndlerregistrierung und -verifizierung<\/p>\n<p>&#13; &#13; <\/p>\n<p><strong>Mini-Site<\/strong><br \/>Erhalten Sie Ihr eigenes Exportportal mit Branding<\/p>\n<p>&#13; &#13; <\/p>\n<p><strong>Compliance Pre-Check<\/strong><br \/>\u00dcberpr\u00fcfen Sie die Exportf\u00e4higkeit des Inventars<\/p>\n<p>&#13; &#13; <\/p>\n<p><strong>Globale Werbung<\/strong><br \/>Ihre Fahrzeuge werden an qualifizierte K\u00e4ufer weltweit vermarktet<\/p>\n<p>&#13; &#13; <\/p>\n<p><strong>E-Consignment<\/strong><br \/>Wir \u00fcbernehmen den gesamten Exportprozess<\/p>\n<p>&#13; &#13; <\/p>\n<p><strong>Lieferung<\/strong><br \/>Fahrzeug geliefert, Zahlung freigegeben<\/p>\n<p>&#13; \u00a0 &#13; <\/p>\n<p style=\"font-weight: bold; margin-bottom: 10px;\">Tech Stack<\/p>\n<p>&#13; &#13; WordPress-Multisite&#13; &#13; React\/Next.js&#13; &#13; Node\/express&#13; &#13; PostgreSQL&#13; &#13; Stripe&#13; &#13; Escrow.com&#13; &#13; AWS\/vercel&#13; &#13; CSV\/XML-Feeds&#13; &#13; Vorteile f\u00fcr H\u00e4ndler&#13; &#13; <\/p>\n<ul class=\"wp-block-list\">&#13; <\/p>\n<li>Schl\u00fcsselfertige Exportl\u00f6sung ohne IT-Investitionen<\/li>\n<p>&#13; <\/p>\n<li>Automatisierte Bestandsfeeds aus Ihren bestehenden Systemen<\/li>\n<p>&#13; <\/p>\n<li>Mini-Site mit Branding, die Ihr Exportinventar pr\u00e4sentiert<\/li>\n<p>&#13; <\/p>\n<li>Zugang zu gepr\u00fcften internationalen K\u00e4ufern<\/li>\n<p>&#13; <\/p>\n<li>Vollst\u00e4ndige Export-Compliance f\u00fcr Sie abgewickelt<\/li>\n<p>&#13; <\/p>\n<li>Sichere Zahlungsabwicklung mit zeitnaher Abrechnung<\/li>\n<p>&#13; <\/ul>\n<p>&#13; \u00a0 &#13; Vorteile f\u00fcr K\u00e4ufer&#13; &#13; <\/p>\n<ul class=\"wp-block-list\">&#13; <\/p>\n<li>Einziges Portal f\u00fcr US-H\u00e4ndler-Exportinventar<\/li>\n<p>&#13; <\/p>\n<li>Verifizierte Fahrzeuge von lizenzierten H\u00e4ndlern<\/li>\n<p>&#13; [&#8230;]<\/ul>\n","protected":false},"author":1,"featured_media":0,"parent":0,"menu_order":0,"comment_status":"closed","ping_status":"closed","template":"","meta":{"footnotes":""},"class_list":["post-28414","page","type-page","status-publish","hentry"],"_links":{"self":[{"href":"https:\/\/signumexport.com\/de\/wp-json\/wp\/v2\/pages\/28414","targetHints":{"allow":["GET"]}}],"collection":[{"href":"https:\/\/signumexport.com\/de\/wp-json\/wp\/v2\/pages"}],"about":[{"href":"https:\/\/signumexport.com\/de\/wp-json\/wp\/v2\/types\/page"}],"author":[{"embeddable":true,"href":"https:\/\/signumexport.com\/de\/wp-json\/wp\/v2\/users\/1"}],"replies":[{"embeddable":true,"href":"https:\/\/signumexport.com\/de\/wp-json\/wp\/v2\/comments?post=28414"}],"version-history":[{"count":1,"href":"https:\/\/signumexport.com\/de\/wp-json\/wp\/v2\/pages\/28414\/revisions"}],"predecessor-version":[{"id":28415,"href":"https:\/\/signumexport.com\/de\/wp-json\/wp\/v2\/pages\/28414\/revisions\/28415"}],"wp:attachment":[{"href":"https:\/\/signumexport.com\/de\/wp-json\/wp\/v2\/media?parent=28414"}],"curies":[{"name":"wp","href":"https:\/\/api.w.org\/{rel}","templated":true}]}}