{"id":26507,"date":"2017-11-10T19:43:39","date_gmt":"2017-11-11T00:43:39","guid":{"rendered":"https:\/\/signumexport.com\/beispielseite-3\/"},"modified":"2017-11-10T19:43:39","modified_gmt":"2017-11-11T00:43:39","slug":"beispielseite-3","status":"publish","type":"page","link":"https:\/\/signumexport.com\/de\/beispielseite-3\/","title":{"rendered":"Beispielseite"},"content":{"rendered":"<p>Dies ist eine Beispielseite. Sie unterscheidet sich von einem Blog-Beitrag, da sie an einer Stelle bleibt und in der Navigation Ihrer Website angezeigt wird (in den meisten Themes). Die meisten Leute beginnen mit einer &#8222;\u00dcber uns&#8220;-Seite, die sie potenziellen Besuchern der Website vorstellt. Sie k\u00f6nnte etwa so aussehen:   <\/p>\n<blockquote><p>Hallo! Ich bin tags\u00fcber Fahrradkurier, nachts aufstrebender Schauspieler, und das ist mein Blog. Ich lebe in Montreal, habe einen tollen Hund namens Jack und mag Pi\u00f1a Coladas. (Und im Regen erwischt werden.)   <\/p><\/blockquote>\n<p>&#8230;oder so \u00e4hnlich:<\/p>\n<blockquote><p>Die XYZ Doohickey Company wurde 1971 gegr\u00fcndet und bietet seitdem der \u00d6ffentlichkeit hochwertige Doohickeys an. Das in Gotham City ans\u00e4ssige Unternehmen XYZ besch\u00e4ftigt \u00fcber 2.000 Mitarbeiter und tut allerlei tolle Dinge f\u00fcr die Gotham Community. <\/p><\/blockquote>\n<p>Als neuer WordPress-Benutzer sollten Sie zu <a href=\"http:\/\/demo.themesuite.com\/automotive-wp\/wp-admin\/\">Ihrem Dashboard<\/a> gehen, um diese Seite zu l\u00f6schen und neue Seiten f\u00fcr Ihre Inhalte zu erstellen. Viel Spa\u00df! <\/p>\n","protected":false},"excerpt":{"rendered":"<p>Dies ist eine Beispielseite. Sie unterscheidet sich von einem Blog-Beitrag, da sie an einer Stelle bleibt und in der Navigation Ihrer Website angezeigt wird (in den meisten Themes). Die meisten Leute beginnen mit einer &#8222;\u00dcber uns&#8220;-Seite, die sie potenziellen Besuchern der Website vorstellt. Sie k\u00f6nnte etwa so aussehen: <\/p>\n<p>Hallo! Ich bin tags\u00fcber Fahrradkurier, nachts aufstrebender Schauspieler, und das ist mein Blog. Ich lebe in Montreal, habe einen tollen Hund namens Jack und mag Pi\u00f1a Coladas. (Und im Regen erwischt werden.) <\/p>\n<p>&#8230;oder so \u00e4hnlich:<\/p>\n<p>Die XYZ Doohickey Company wurde 1971 gegr\u00fcndet und bietet seitdem der \u00d6ffentlichkeit hochwertige Doohickeys an. Das in Gotham City ans\u00e4ssige Unternehmen XYZ besch\u00e4ftigt \u00fcber 2.000 Mitarbeiter und tut allerlei tolle Dinge f\u00fcr die Gotham Community. <\/p>\n<p>Als neuer WordPress-Benutzer sollten Sie zu Ihrem Dashboard gehen, um diese Seite zu l\u00f6schen und neue Seiten f\u00fcr Ihre Inhalte zu erstellen. Viel Spa\u00df! <\/p>\n","protected":false},"author":1,"featured_media":0,"parent":0,"menu_order":0,"comment_status":"closed","ping_status":"closed","template":"","meta":{"footnotes":""},"class_list":["post-26507","page","type-page","status-publish","hentry"],"_links":{"self":[{"href":"https:\/\/signumexport.com\/de\/wp-json\/wp\/v2\/pages\/26507","targetHints":{"allow":["GET"]}}],"collection":[{"href":"https:\/\/signumexport.com\/de\/wp-json\/wp\/v2\/pages"}],"about":[{"href":"https:\/\/signumexport.com\/de\/wp-json\/wp\/v2\/types\/page"}],"author":[{"embeddable":true,"href":"https:\/\/signumexport.com\/de\/wp-json\/wp\/v2\/users\/1"}],"replies":[{"embeddable":true,"href":"https:\/\/signumexport.com\/de\/wp-json\/wp\/v2\/comments?post=26507"}],"version-history":[{"count":0,"href":"https:\/\/signumexport.com\/de\/wp-json\/wp\/v2\/pages\/26507\/revisions"}],"wp:attachment":[{"href":"https:\/\/signumexport.com\/de\/wp-json\/wp\/v2\/media?parent=26507"}],"curies":[{"name":"wp","href":"https:\/\/api.w.org\/{rel}","templated":true}]}}