{"id":26506,"date":"2024-09-02T23:19:51","date_gmt":"2024-09-03T03:19:51","guid":{"rendered":"https:\/\/signumexport.com\/beispielseite-2\/"},"modified":"2025-10-02T12:38:37","modified_gmt":"2025-10-02T16:38:37","slug":"beispielseite-2","status":"publish","type":"page","link":"https:\/\/signumexport.com\/de\/beispielseite-2\/","title":{"rendered":"Beispielseite"},"content":{"rendered":"\n<p>Dies ist eine Beispielseite. Sie unterscheidet sich von einem Blog-Beitrag, da sie an einer Stelle bleibt und in der Navigation Ihrer Website angezeigt wird (in den meisten Themes). Die meisten Leute beginnen mit einer &#8222;\u00dcber uns&#8220;-Seite, die sie potenziellen Besuchern der Website vorstellt. Sie k\u00f6nnte etwa so aussehen:   <\/p>\n\n<blockquote class=\"wp-block-quote is-layout-flow wp-block-quote-is-layout-flow\"><p>Hallo! Ich bin tags\u00fcber Fahrradkurier, nachts angehender Schauspieler, und das ist meine Website. Ich lebe in Los Angeles, habe einen tollen Hund namens Jack und mag Pi\u00f1a Coladas. (Und es, vom Regen \u00fcberrascht zu werden.)   <\/p><\/blockquote>\n\n<p>&#8230;oder so \u00e4hnlich:<\/p>\n\n<blockquote class=\"wp-block-quote is-layout-flow wp-block-quote-is-layout-flow\"><p>Die XYZ Doohickey Company wurde 1971 gegr\u00fcndet und bietet seitdem der \u00d6ffentlichkeit hochwertige Doohickeys an. Das in Gotham City ans\u00e4ssige Unternehmen XYZ besch\u00e4ftigt \u00fcber 2.000 Mitarbeiter und tut allerlei tolle Dinge f\u00fcr die Gotham Community. <\/p><\/blockquote>\n\n<p>Als neuer WordPress-Benutzer sollten Sie zu <a href=\"https:\/\/127.0.0.1:8088\/wp-admin\/\">Ihrem Dashboard<\/a> gehen, um diese Seite zu l\u00f6schen und neue Seiten f\u00fcr Ihre Inhalte zu erstellen. Viel Spa\u00df! <\/p>\n","protected":false},"excerpt":{"rendered":"<p>Dies ist eine Beispielseite. Sie unterscheidet sich von einem Blog-Beitrag, da sie an einer Stelle bleibt und in der Navigation Ihrer Website angezeigt wird (in den meisten Themes). Die meisten Leute beginnen mit einer &#8222;\u00dcber uns&#8220;-Seite, die sie potenziellen Besuchern der Website vorstellt. Sie k\u00f6nnte etwa so aussehen: <\/p>\n<p>Hallo! Ich bin tags\u00fcber Fahrradkurier, nachts angehender Schauspieler, und das ist meine Website. Ich lebe in Los Angeles, habe einen tollen Hund namens Jack und mag Pi\u00f1a Coladas. (Und es, vom Regen \u00fcberrascht zu werden.) <\/p>\n<p>&#8230;oder so \u00e4hnlich:<\/p>\n<p>Die XYZ Doohickey Company wurde 1971 gegr\u00fcndet und bietet seitdem der \u00d6ffentlichkeit hochwertige Doohickeys an. Das in Gotham City ans\u00e4ssige Unternehmen XYZ besch\u00e4ftigt \u00fcber 2.000 Mitarbeiter und tut allerlei tolle Dinge f\u00fcr die Gotham Community. <\/p>\n<p>Als neuer WordPress-Benutzer sollten Sie zu Ihrem Dashboard gehen, um diese Seite zu l\u00f6schen und neue Seiten f\u00fcr Ihre Inhalte zu erstellen. Viel Spa\u00df! <\/p>\n","protected":false},"author":1,"featured_media":0,"parent":0,"menu_order":0,"comment_status":"closed","ping_status":"open","template":"","meta":{"footnotes":""},"class_list":["post-26506","page","type-page","status-publish","hentry"],"_links":{"self":[{"href":"https:\/\/signumexport.com\/de\/wp-json\/wp\/v2\/pages\/26506","targetHints":{"allow":["GET"]}}],"collection":[{"href":"https:\/\/signumexport.com\/de\/wp-json\/wp\/v2\/pages"}],"about":[{"href":"https:\/\/signumexport.com\/de\/wp-json\/wp\/v2\/types\/page"}],"author":[{"embeddable":true,"href":"https:\/\/signumexport.com\/de\/wp-json\/wp\/v2\/users\/1"}],"replies":[{"embeddable":true,"href":"https:\/\/signumexport.com\/de\/wp-json\/wp\/v2\/comments?post=26506"}],"version-history":[{"count":1,"href":"https:\/\/signumexport.com\/de\/wp-json\/wp\/v2\/pages\/26506\/revisions"}],"predecessor-version":[{"id":26508,"href":"https:\/\/signumexport.com\/de\/wp-json\/wp\/v2\/pages\/26506\/revisions\/26508"}],"wp:attachment":[{"href":"https:\/\/signumexport.com\/de\/wp-json\/wp\/v2\/media?parent=26506"}],"curies":[{"name":"wp","href":"https:\/\/api.w.org\/{rel}","templated":true}]}}