{"id":26497,"date":"2017-10-02T20:51:44","date_gmt":"2017-10-03T00:51:44","guid":{"rendered":"https:\/\/signumexport.com\/beispielseite\/"},"modified":"2017-10-02T20:51:44","modified_gmt":"2017-10-03T00:51:44","slug":"beispielseite","status":"publish","type":"page","link":"https:\/\/signumexport.com\/de\/beispielseite\/","title":{"rendered":"Beispielseite"},"content":{"rendered":"<p>Dies ist eine Beispielseite. Sie unterscheidet sich von einem Blogbeitrag, da sie an einem festen Ort bleibt und (in den meisten Themes) in Ihrer Website-Navigation angezeigt wird. Die meisten Leute beginnen mit einer \u201e\u00dcber uns\u201c-Seite, die sie potenziellen Website-Besuchern vorstellt. Es k\u00f6nnte etwa so lauten:   <\/p>\n<blockquote><p>Hallo! Tags\u00fcber bin ich Fahrradkurier, nachts angehender Schauspieler, und dies ist mein Blog. Ich lebe in Montreal, habe einen tollen Hund namens Jack und mag Pi\u00f1a Coladas. (Und im Regen erwischt zu werden.)   <\/p><\/blockquote>\n<p>&#8230;oder so \u00e4hnlich:<\/p>\n<blockquote><p>Das XYZ Doohickey-Unternehmen wurde 1971 gegr\u00fcndet und stellt seitdem hochwertige Doohickeys f\u00fcr die \u00d6ffentlichkeit bereit. Mit Sitz in Gotham City besch\u00e4ftigt XYZ \u00fcber 2.000 Mitarbeiter und leistet allerlei Gro\u00dfartiges f\u00fcr die Gemeinschaft von Gotham. <\/p><\/blockquote>\n<p>Als neuer WordPress-Benutzer sollten Sie zu <a href=\"http:\/\/demo.themesuite.com\/automotive-wp\/wp-admin\/\">Ihrem Dashboard<\/a> gehen, um diese Seite zu l\u00f6schen und neue Seiten f\u00fcr Ihre Inhalte zu erstellen. Viel Spa\u00df! <\/p>\n","protected":false},"excerpt":{"rendered":"<p>Dies ist eine Beispielseite. Sie unterscheidet sich von einem Blogbeitrag, da sie an einem festen Ort bleibt und (in den meisten Themes) in Ihrer Website-Navigation angezeigt wird. Die meisten Leute beginnen mit einer \u201e\u00dcber uns\u201c-Seite, die sie potenziellen Website-Besuchern vorstellt. Es k\u00f6nnte etwa so lauten: <\/p>\n<p>Hallo! Tags\u00fcber bin ich Fahrradkurier, nachts angehender Schauspieler, und dies ist mein Blog. Ich lebe in Montreal, habe einen tollen Hund namens Jack und mag Pi\u00f1a Coladas. (Und im Regen erwischt zu werden.) <\/p>\n<p>&#8230;oder so \u00e4hnlich:<\/p>\n<p>Das XYZ Doohickey-Unternehmen wurde 1971 gegr\u00fcndet und stellt seitdem hochwertige Doohickeys f\u00fcr die \u00d6ffentlichkeit bereit. Mit Sitz in Gotham City besch\u00e4ftigt XYZ \u00fcber 2.000 Mitarbeiter und leistet allerlei Gro\u00dfartiges f\u00fcr die Gemeinschaft von Gotham. <\/p>\n<p>Als neuer WordPress-Benutzer sollten Sie zu Ihrem Dashboard gehen, um diese Seite zu l\u00f6schen und neue Seiten f\u00fcr Ihre Inhalte zu erstellen. Viel Spa\u00df! <\/p>\n","protected":false},"author":1,"featured_media":0,"parent":0,"menu_order":0,"comment_status":"closed","ping_status":"closed","template":"","meta":{"footnotes":""},"class_list":["post-26497","page","type-page","status-publish","hentry"],"_links":{"self":[{"href":"https:\/\/signumexport.com\/de\/wp-json\/wp\/v2\/pages\/26497","targetHints":{"allow":["GET"]}}],"collection":[{"href":"https:\/\/signumexport.com\/de\/wp-json\/wp\/v2\/pages"}],"about":[{"href":"https:\/\/signumexport.com\/de\/wp-json\/wp\/v2\/types\/page"}],"author":[{"embeddable":true,"href":"https:\/\/signumexport.com\/de\/wp-json\/wp\/v2\/users\/1"}],"replies":[{"embeddable":true,"href":"https:\/\/signumexport.com\/de\/wp-json\/wp\/v2\/comments?post=26497"}],"version-history":[{"count":0,"href":"https:\/\/signumexport.com\/de\/wp-json\/wp\/v2\/pages\/26497\/revisions"}],"wp:attachment":[{"href":"https:\/\/signumexport.com\/de\/wp-json\/wp\/v2\/media?parent=26497"}],"curies":[{"name":"wp","href":"https:\/\/api.w.org\/{rel}","templated":true}]}}