{"id":26414,"date":"2017-09-11T10:42:20","date_gmt":"2017-09-11T14:42:20","guid":{"rendered":"https:\/\/signumexport.com\/unser-team\/"},"modified":"2025-10-02T12:38:30","modified_gmt":"2025-10-02T16:38:30","slug":"unser-team","status":"publish","type":"page","link":"https:\/\/signumexport.com\/de\/unser-team\/","title":{"rendered":"Unser Team"},"content":{"rendered":"<div class=\"wpb-content-wrapper\"><p>[vc_row css=&#8220;.vc_custom_1410358708453{margin-bottom: 10px !important;}&#8220;][vc_column][vc_column_text css=&#8220;.vc_custom_1727887938351{margin-bottom: 0px !important;}&#8220;]<\/p>\n<h3>LERNEN SIE UNSER TEAM KENNEN<\/h3>\n<p>[\/vc_column_text][\/vc_column][\/vc_row][vc_row css=&#8220;.vc_custom_1410359107639{margin-bottom: 70px !important;}&#8220;][vc_column width=&#8220;1\/3&#8243;]<div class=\"team hoverimg \"  itemscope itemtype=\"http:\/\/schema.org\/Person\"> <a href=\"https:\/\/signumexport.com\/wp-content\/uploads\/2025\/07\/IMG_3986.jpg\" class=\"fancybox\"> <img loading=\"lazy\" decoding=\"async\" src=\"https:\/\/signumexport.com\/wp-content\/uploads\/2025\/07\/IMG_3986.jpg\" class=\"aligncenter no_border\" alt=\"Karim Nabizada\" width=\"1024\" height=\"1024\" itemprop=\"image\" \/> <\/a><div class=\"name_post\"><h4 itemprop=\"name\">Karim Nabizada<\/h4><p itemprop=\"jobTitle\">Chief Executive Officer \/ CEO<\/p><\/div><div class=\"about_team\"><p>Unser Gr\u00fcnder schuf die Marke Signum Group im Jahr 1991. Mit 16 Jahren Erfahrung im EU-Import und 18 Jahren im US-Export bringt er eine doppelte Expertise mit, um die Signum Group voranzutreiben. Mit \u00fcber drei Jahrzehnten im Automobilhandel verf\u00fcgt Karim \u00fcber ein un\u00fcbertroffenes Wissen sowohl der europ\u00e4ischen als auch der amerikanischen M\u00e4rkte und gew\u00e4hrleistet reibungslose Transaktionen f\u00fcr Kunden weltweit.  <\/p><ul><li><i class=\"fa fa-phone\"><\/i><span itemprop=\"telephone\">941-882-8008<\/span><\/li><li><i class=\"fa fa-mobile\"><\/i><span itemprop=\"telephone\">941-882-8008<\/span><\/li><li><i class=\"fa fa-envelope-o\"><\/i><a href='mailto:karim.nabizada@signumexport.com' itemprop=\"email\">karim.nabizada@signumexport.com<\/a><\/li><\/ul><\/div><div class=\"social_team pull-left\"><ul class=\"social\"><li class='margin-bottom-none'><a href=\"#\" class=\"facebook \"><\/a><\/li>\n<li class='margin-bottom-none'><a href=\"#\" class=\"twitter \"><\/a><\/li>\n<li class='margin-bottom-none'><a href=\"#\" class=\"linkedin \"><\/a><\/li>\n<li class='margin-bottom-none'><a href=\"#\" class=\"flickr \"><\/a><\/li>\n<li class='margin-bottom-none'><a href=\"#\" class=\"google \"><\/a><\/li>\n<\/ul><\/div><div class=\"clearfix\"><\/div><\/div>[\/vc_column][vc_column width=&#8220;1\/3&#8243;]<div class=\"team hoverimg \"  itemscope itemtype=\"http:\/\/schema.org\/Person\"> <a href=\"https:\/\/signumexport.com\/wp-content\/uploads\/2025\/07\/IMG_3961.jpg\" class=\"fancybox\"> <img loading=\"lazy\" decoding=\"async\" src=\"https:\/\/signumexport.com\/wp-content\/uploads\/2025\/07\/IMG_3961.jpg\" class=\"aligncenter no_border\" alt=\"Veronica Nabizada\" width=\"1024\" height=\"1024\" itemprop=\"image\" \/> <\/a><div class=\"name_post\"><h4 itemprop=\"name\">Veronica Nabizada<\/h4><p itemprop=\"jobTitle\">Chief Financial Officer \/ CFO<\/p><\/div><div class=\"about_team\"><p>Veronica verwaltet alle Aspekte der Finanztransaktionen und Dokumentation mit un\u00fcbertroffener Geschwindigkeit und Genauigkeit. Ihre detailorientierte Denkweise und ihr unerm\u00fcdlicher Einsatz stellen sicher, dass selbst die komplexesten Unterlagen schnell und fehlerfrei bearbeitet werden. Bekannt daf\u00fcr, immer zwei Schritte voraus zu sein, treibt sie alle Beteiligten aktiv voran, um den Prozess reibungslos und termingerecht zu gestalten.  <\/p><ul><li><i class=\"fa fa-phone\"><\/i><span itemprop=\"telephone\">941-882-8008<\/span><\/li><li><i class=\"fa fa-mobile\"><\/i><span itemprop=\"telephone\">941-882-8008<\/span><\/li><li><i class=\"fa fa-envelope-o\"><\/i><a href='mailto:veronica.nabizada@signumexport.com' itemprop=\"email\">veronica.nabizada@signumexport.com<\/a><\/li><\/ul><\/div><div class=\"social_team pull-left\"><ul class=\"social\"><li class='margin-bottom-none'><a href=\"#\" class=\"facebook \"><\/a><\/li>\n<li class='margin-bottom-none'><a href=\"#\" class=\"twitter \"><\/a><\/li>\n<li class='margin-bottom-none'><a href=\"#\" class=\"linkedin \"><\/a><\/li>\n<\/ul><\/div><div class=\"clearfix\"><\/div><\/div>[\/vc_column][vc_column width=&#8220;1\/3&#8243;]<div class=\"team hoverimg \"  itemscope itemtype=\"http:\/\/schema.org\/Person\"> <a href=\"https:\/\/signumexport.com\/wp-content\/uploads\/2025\/07\/IMG_4103.jpg\" class=\"fancybox\"> <img loading=\"lazy\" decoding=\"async\" src=\"https:\/\/signumexport.com\/wp-content\/uploads\/2025\/07\/IMG_4103.jpg\" class=\"aligncenter no_border\" alt=\"Fabio Nabizada\" width=\"1024\" height=\"1024\" itemprop=\"image\" \/> <\/a><div class=\"name_post\"><h4 itemprop=\"name\">Fabio Nabizada<\/h4><p itemprop=\"jobTitle\">Team Professional Race &amp; Aircraft Pilot<\/p><\/div><div class=\"about_team\"><p>Fabio bringt un\u00fcbertroffene Konzentration und F\u00e4higkeiten in Umgebungen, die hohe Geschwindigkeit und Pr\u00e4zision erfordern. Seine lebenslange Leidenschaft f\u00fcr Motorsport und Luftfahrt f\u00f6rdert au\u00dfergew\u00f6hnliche Genauigkeit, schnelle Entscheidungsfindung und technische Meisterschaft, die weit \u00fcber sein Alter hinausgeht. Ob beim Steuern von Fahrzeugen oder Flugzeugen, er f\u00fchrt komplexe Man\u00f6ver fehlerfrei aus, was ihn zu einem unsch\u00e4tzbaren Mitglied des Signum Group Teams macht.  <\/p><ul><li><i class=\"fa fa-phone\"><\/i><span itemprop=\"telephone\">941-882-8008<\/span><\/li><li><i class=\"fa fa-mobile\"><\/i><span itemprop=\"telephone\">941-882-8008<\/span><\/li><li><i class=\"fa fa-envelope-o\"><\/i><a href='mailto:fabio.nabizada@signumexport.com' itemprop=\"email\">fabio.nabizada@signumexport.com<\/a><\/li><\/ul><\/div><div class=\"social_team pull-left\"><ul class=\"social\"><li class='margin-bottom-none'><a href=\"#\" class=\"facebook \"><\/a><\/li>\n<li class='margin-bottom-none'><a href=\"#\" class=\"twitter \"><\/a><\/li>\n<li class='margin-bottom-none'><a href=\"#\" class=\"linkedin \"><\/a><\/li>\n<li class='margin-bottom-none'><a href=\"#\" class=\"google \"><\/a><\/li>\n<\/ul><\/div><div class=\"clearfix\"><\/div><\/div>[\/vc_column][\/vc_row][vc_row css=&#8220;.vc_custom_1410359107639{margin-bottom: 70px !important;}&#8220;][vc_column width=&#8220;1\/3&#8243;]<div class=\"team hoverimg \"  itemscope itemtype=\"http:\/\/schema.org\/Person\"> <a href=\"https:\/\/signumexport.com\/wp-content\/uploads\/2025\/08\/Jamie-Smith-2-e1755549311570.jpg\" class=\"fancybox\"> <img loading=\"lazy\" decoding=\"async\" src=\"https:\/\/signumexport.com\/wp-content\/uploads\/2025\/08\/Jamie-Smith-2-e1755549311570.jpg\" class=\"aligncenter no_border\" alt=\"Jamie Smith\" width=\"1024\" height=\"1024\" itemprop=\"image\" \/> <\/a><div class=\"name_post\"><h4 itemprop=\"name\">Jamie Smith<\/h4><p itemprop=\"jobTitle\">Acquisition Specialist<\/p><\/div><div class=\"about_team\"><p>Unser Experte f\u00fcr Fahrzeugbeschaffung mit einem Netzwerk, das Nordamerika und Europa umspannt. Jamie ist darauf spezialisiert, seltene und stark nachgefragte Modelle zu finden, die besten Konditionen auszuhandeln und die Fahrzeughistorie sowie den Zustand vor dem Kauf zu \u00fcberpr\u00fcfen. <\/p><ul><li><i class=\"fa fa-phone\"><\/i><span itemprop=\"telephone\">941-882-8008<\/span><\/li><li><i class=\"fa fa-mobile\"><\/i><span itemprop=\"telephone\">941-882-8008<\/span><\/li><li><i class=\"fa fa-envelope-o\"><\/i><a href='mailto:jamie.smith@signumexport.com' itemprop=\"email\">jamie.smith@signumexport.com<\/a><\/li><\/ul><\/div><div class=\"social_team pull-left\"><ul class=\"social\"><li class='margin-bottom-none'><a href=\"#\" class=\"facebook \"><\/a><\/li>\n<li class='margin-bottom-none'><a href=\"#\" class=\"twitter \"><\/a><\/li>\n<li class='margin-bottom-none'><a href=\"#\" class=\"linkedin \"><\/a><\/li>\n<li class='margin-bottom-none'><a href=\"#\" class=\"flickr \"><\/a><\/li>\n<li class='margin-bottom-none'><a href=\"#\" class=\"google \"><\/a><\/li>\n<\/ul><\/div><div class=\"clearfix\"><\/div><\/div>[\/vc_column][vc_column width=&#8220;1\/3&#8243;]<div class=\"team hoverimg \"  itemscope itemtype=\"http:\/\/schema.org\/Person\"> <a href=\"https:\/\/signumexport.com\/wp-content\/uploads\/2025\/08\/Maria-Bennett-2-e1755550090776.jpg\" class=\"fancybox\"> <img loading=\"lazy\" decoding=\"async\" src=\"https:\/\/signumexport.com\/wp-content\/uploads\/2025\/08\/Maria-Bennett-2-e1755550090776.jpg\" class=\"aligncenter no_border\" alt=\"Maria Bennett\" width=\"1024\" height=\"1024\" itemprop=\"image\" \/> <\/a><div class=\"name_post\"><h4 itemprop=\"name\">Maria Bennett<\/h4><p itemprop=\"jobTitle\">Logistics Coordinator<\/p><\/div><div class=\"about_team\"><p>Maria \u00fcberwacht alle Aspekte des weltweiten Versands und der Zollabfertigung. Maria stellt sicher, dass jedes Fahrzeug reibungslos vom Kauf bis zur Lieferung gelangt, indem sie die Dokumentation, die Einhaltung von Vorschriften und die Koordination mit unserem Netzwerk von Transportpartnern \u00fcbernimmt. <\/p><ul><li><i class=\"fa fa-phone\"><\/i><span itemprop=\"telephone\">941-882-8008<\/span><\/li><li><i class=\"fa fa-mobile\"><\/i><span itemprop=\"telephone\">941-882-8008<\/span><\/li><li><i class=\"fa fa-envelope-o\"><\/i><a href='mailto:maria.bennett@signumexport.com' itemprop=\"email\">maria.bennett@signumexport.com<\/a><\/li><\/ul><\/div><div class=\"social_team pull-left\"><ul class=\"social\"><li class='margin-bottom-none'><a href=\"#\" class=\"facebook \"><\/a><\/li>\n<li class='margin-bottom-none'><a href=\"#\" class=\"twitter \"><\/a><\/li>\n<li class='margin-bottom-none'><a href=\"#\" class=\"linkedin \"><\/a><\/li>\n<\/ul><\/div><div class=\"clearfix\"><\/div><\/div>[\/vc_column][vc_column width=&#8220;1\/3&#8243;]<div class=\"team hoverimg \"  itemscope itemtype=\"http:\/\/schema.org\/Person\"> <a href=\"https:\/\/signumexport.com\/wp-content\/uploads\/2025\/08\/Thomas-Leclerc-2-e1755550642565.jpg\" class=\"fancybox\"> <img loading=\"lazy\" decoding=\"async\" src=\"https:\/\/signumexport.com\/wp-content\/uploads\/2025\/08\/Thomas-Leclerc-2-e1755550642565.jpg\" class=\"aligncenter no_border\" alt=\"Thomas Leclerc\" width=\"1024\" height=\"1024\" itemprop=\"image\" \/> <\/a><div class=\"name_post\"><h4 itemprop=\"name\">Thomas Leclerc<\/h4><p itemprop=\"jobTitle\">Client Support<\/p><\/div><div class=\"about_team\"><p>Ihr engagierter Ansprechpartner w\u00e4hrend des gesamten Exportprozesses. Thomas liefert regelm\u00e4\u00dfige Updates, beantwortet Fragen in mehreren Sprachen und stellt sicher, dass jeder Kunde von der ersten Anfrage bis zur endg\u00fcltigen Lieferung pers\u00f6nliche Betreuung erh\u00e4lt. <\/p><ul><li><i class=\"fa fa-phone\"><\/i><span itemprop=\"telephone\">941-882-8008<\/span><\/li><li><i class=\"fa fa-mobile\"><\/i><span itemprop=\"telephone\">941-882-8008<\/span><\/li><li><i class=\"fa fa-envelope-o\"><\/i><a href='mailto:thomas.leclerc@signumexport.com' itemprop=\"email\">thomas.leclerc@signumexport.com<\/a><\/li><\/ul><\/div><div class=\"social_team pull-left\"><ul class=\"social\"><li class='margin-bottom-none'><a href=\"#\" class=\"facebook \"><\/a><\/li>\n<li class='margin-bottom-none'><a href=\"#\" class=\"twitter \"><\/a><\/li>\n<li class='margin-bottom-none'><a href=\"#\" class=\"linkedin \"><\/a><\/li>\n<li class='margin-bottom-none'><a href=\"#\" class=\"google \"><\/a><\/li>\n<\/ul><\/div><div class=\"clearfix\"><\/div><\/div>[\/vc_column][\/vc_row][vc_row el_class=&#8220;fullwidth_element bottom_element&#8220;][vc_column]<div class='contact google_map_init ' data-longitude='-82.55' data-latitude='27.34' data-zoom='11' data-map-type='hybrid' style='height: 390px;' data-style='[{\"featureType\":\"landscape\",\"elementType\":\"labels\",\"stylers\":[{\"visibility\":\"off\"}]},{\"featureType\":\"transit\",\"elementType\":\"labels\",\"stylers\":[{\"visibility\":\"off\"}]},{\"featureType\":\"poi\",\"elementType\":\"labels\",\"stylers\":[{\"visibility\":\"off\"}]},{\"featureType\":\"water\",\"elementType\":\"labels\",\"stylers\":[{\"visibility\":\"off\"}]},{\"featureType\":\"road\",\"elementType\":\"labels.icon\",\"stylers\":[{\"visibility\":\"off\"}]},{\"stylers\":[{\"hue\":\"#F0F0F0\"},{\"saturation\":-100},{\"gamma\":2.15},{\"lightness\":12}]},{\"featureType\":\"road\",\"elementType\":\"labels.text.fill\",\"stylers\":[{\"visibility\":\"on\"},{\"lightness\":24}]},{\"featureType\":\"road\",\"elementType\":\"geometry\",\"stylers\":[{\"lightness\":57}]}]' data-scroll='true' data-directions_button='true' data-directions_text='Get Directions'><\/div>[\/vc_column][\/vc_row]<\/p>\n<\/div>","protected":false},"excerpt":{"rendered":"<p>[vc_row css=&#8220;.vc_custom_1410358708453{margin-bottom: 10px !important;}&#8220;][vc_column][vc_column_text css=&#8220;.vc_custom_1727887938351{margin-bottom: 0px !important;}&#8220;]<\/p>\n<p> LERNEN SIE UNSER TEAM KENNEN <\/p>\n<p>[\/vc_column_text][\/vc_column][\/vc_row][vc_row css=&#8220;.vc_custom_1410359107639{margin-bottom: 70px !important;}&#8220;][vc_column width=&#8220;1\/3&#8243;][\/vc_column][vc_column width=&#8220;1\/3&#8243;][\/vc_column][vc_column width=&#8220;1\/3&#8243;][\/vc_column][\/vc_row][vc_row css=&#8220;.vc_custom_1410359107639{margin-bottom: 70px !important;}&#8220;][vc_column width=&#8220;1\/3&#8243;][\/vc_column][vc_column width=&#8220;1\/3&#8243;][\/vc_column][vc_column width=&#8220;1\/3&#8243;][\/vc_column][\/vc_row][vc_row el_class=&#8220;fullwidth_element bottom_element&#8220;][vc_column][\/vc_column][\/vc_row]<\/p>\n","protected":false},"author":1,"featured_media":0,"parent":0,"menu_order":0,"comment_status":"closed","ping_status":"closed","template":"","meta":{"footnotes":""},"class_list":["post-26414","page","type-page","status-publish","hentry"],"_links":{"self":[{"href":"https:\/\/signumexport.com\/de\/wp-json\/wp\/v2\/pages\/26414","targetHints":{"allow":["GET"]}}],"collection":[{"href":"https:\/\/signumexport.com\/de\/wp-json\/wp\/v2\/pages"}],"about":[{"href":"https:\/\/signumexport.com\/de\/wp-json\/wp\/v2\/types\/page"}],"author":[{"embeddable":true,"href":"https:\/\/signumexport.com\/de\/wp-json\/wp\/v2\/users\/1"}],"replies":[{"embeddable":true,"href":"https:\/\/signumexport.com\/de\/wp-json\/wp\/v2\/comments?post=26414"}],"version-history":[{"count":1,"href":"https:\/\/signumexport.com\/de\/wp-json\/wp\/v2\/pages\/26414\/revisions"}],"predecessor-version":[{"id":26437,"href":"https:\/\/signumexport.com\/de\/wp-json\/wp\/v2\/pages\/26414\/revisions\/26437"}],"wp:attachment":[{"href":"https:\/\/signumexport.com\/de\/wp-json\/wp\/v2\/media?parent=26414"}],"curies":[{"name":"wp","href":"https:\/\/api.w.org\/{rel}","templated":true}]}}